{"id":24058,"date":"2020-04-12T09:17:32","date_gmt":"2020-04-12T09:17:32","guid":{"rendered":"https:\/\/bambopads.com\/product\/bambo-pads\/"},"modified":"2022-01-19T16:06:03","modified_gmt":"2022-01-19T16:06:03","slug":"bambo-pads","status":"publish","type":"product","link":"https:\/\/bambopads.com\/sv\/product\/bambo-pads\/","title":{"rendered":"Bambo Pads"},"content":{"rendered":"\t\t<div data-elementor-type=\"wp-post\" data-elementor-id=\"24058\" class=\"elementor elementor-24058\" data-elementor-settings=\"[]\">\n\t\t\t\t\t\t<div class=\"elementor-inner\">\n\t\t\t\t\t\t\t<div class=\"elementor-section-wrap\">\n\t\t\t\t\t\t\t<section class=\"elementor-section elementor-top-section elementor-element elementor-element-bfa41a6 elementor-section-stretched elementor-section-full_width elementor-section-height-default elementor-section-height-default\" data-id=\"bfa41a6\" data-element_type=\"section\" data-settings=\"{&quot;stretch_section&quot;:&quot;section-stretched&quot;}\">\n\t\t\t\t\t\t<div class=\"elementor-container elementor-column-gap-default\">\n\t\t\t\t\t\t\t<div class=\"elementor-row\">\n\t\t\t\t\t<div class=\"elementor-column elementor-col-100 elementor-top-column elementor-element elementor-element-b60c6c8\" data-id=\"b60c6c8\" data-element_type=\"column\">\n\t\t\t<div class=\"elementor-column-wrap elementor-element-populated\">\n\t\t\t\t\t\t\t<div class=\"elementor-widget-wrap\">\n\t\t\t\t\t\t<div class=\"elementor-element elementor-element-d133065 product-nav-type1 elementor-widget elementor-widget-dtshop-widget-product-single-summary-nav-bar\" data-id=\"d133065\" data-element_type=\"widget\" data-widget_type=\"dtshop-widget-product-single-summary-nav-bar.default\">\n\t\t\t\t<div class=\"elementor-widget-container\">\n\t\t\tPlease provide product id to display corresponding data!\t\t<\/div>\n\t\t\t\t<\/div>\n\t\t\t\t\t\t<\/div>\n\t\t\t\t\t<\/div>\n\t\t<\/div>\n\t\t\t\t\t\t\t\t<\/div>\n\t\t\t\t\t<\/div>\n\t\t<\/section>\n\t\t\t\t<section class=\"elementor-section elementor-top-section elementor-element elementor-element-5f5e3d22 elementor-section-stretched elementor-section-full_width elementor-section-height-default elementor-section-height-default\" data-id=\"5f5e3d22\" data-element_type=\"section\" data-settings=\"{&quot;stretch_section&quot;:&quot;section-stretched&quot;}\">\n\t\t\t\t\t\t<div class=\"elementor-container elementor-column-gap-default\">\n\t\t\t\t\t\t\t<div class=\"elementor-row\">\n\t\t\t\t\t<div class=\"elementor-column elementor-col-50 elementor-top-column elementor-element elementor-element-34ea6de6\" data-id=\"34ea6de6\" data-element_type=\"column\">\n\t\t\t<div class=\"elementor-column-wrap elementor-element-populated\">\n\t\t\t\t\t\t\t<div class=\"elementor-widget-wrap\">\n\t\t\t\t\t\t\t\t<\/div>\n\t\t\t\t\t<\/div>\n\t\t<\/div>\n\t\t\t\t<div class=\"elementor-column elementor-col-50 elementor-top-column elementor-element elementor-element-59b242b5\" data-id=\"59b242b5\" data-element_type=\"column\">\n\t\t\t<div class=\"elementor-column-wrap elementor-element-populated\">\n\t\t\t\t\t\t\t<div class=\"elementor-widget-wrap\">\n\t\t\t\t\t\t<div class=\"elementor-element elementor-element-52ba46a9 beaux-shop-summary elementor-widget elementor-widget-dtshop-widget-product-single-summary\" data-id=\"52ba46a9\" data-element_type=\"widget\" data-widget_type=\"dtshop-widget-product-single-summary.default\">\n\t\t\t\t<div class=\"elementor-widget-container\">\n\t\t\t<div class=\"dt-sc-product-summary summary entry-summary  \"><div class=\"dt-sc-single-product-title\"><h1 class=\"product_title entry-title\">Bambo Pads<\/h1><\/div><div class=\"dt-sc-single-product-price\"><p class=\"price\"><span class=\"woocs_price_code\" data-product-id=\"24058\"><span class=\"woocommerce-Price-amount amount\"><bdi>299&nbsp;<span class=\"woocommerce-Price-currencySymbol\">&#107;&#114;<\/span><\/bdi><\/span><\/span><\/p><\/div><div class=\"woocommerce-product-details__short-description\">\n\t<p>Vi tillhandah\u00e5ller milj\u00f6v\u00e4nliga och humana alternativ till eng\u00e5ngsartiklar. Byt ut dina bomullsdynor f\u00f6r eng\u00e5ngsbruk till v\u00e5ra \u00e5teranv\u00e4ndbara Bambo-kuddar. Du \u00e4r inte bara sn\u00e4ll mot milj\u00f6n och din pl\u00e5nbok genom att anv\u00e4nda v\u00e5ra \u00e5teranv\u00e4ndbara Bambo Pads, utan du \u00e4r ocks\u00e5 bra mot det viktigaste, din k\u00e4nsliga hud! V\u00e5ra Bamboo Pads \u00e4r helt gjorda av bambu och inneh\u00e5ller inga andra komponenter. De \u00e4r lika bra p\u00e5 att ta bort smink och v\u00e5rda huden som p\u00e5 att reng\u00f6ra k\u00e4nslig babyhud. Andra anv\u00e4nder viskos, spandex, polyester och bomull; vi anv\u00e4nder 100 % ekologisk och naturlig bambu.<\/p>\n<p><strong>Specifikation<\/strong><\/p>\n<ul>\n<li>Storlek: 10 x 10 cm<\/li>\n<li>Antal: 10 stycken<\/li>\n<li>Tillbeh\u00f6r: Vid k\u00f6p av 1:a 10-pack-kuddar (299) ing\u00e5r en bambup\u00e5se<\/li>\n<li>F\u00e4rger: vit<\/li>\n<li>Material: 100 % bambu<\/li>\n<li>Tillverkare: Bambopads Sweden Ab TM<\/li>\n<\/ul>\n<p><strong>Tv\u00e4ttr\u00e5d Bambopads<\/strong><\/p>\n<ul>\n<li>Tv\u00e4tta i 40\u00b0C<\/li>\n<li>Anv\u00e4nd Bambobag.<\/li>\n<li>Vid daglig anv\u00e4ndning, sk\u00f6lj med ljummet rinnande vatten<\/li>\n<li>Anv\u00e4nd alla bambup\u00e5sar innan du tv\u00e4ttar dem i tv\u00e4ttmaskin<\/li>\n<\/ul>\n<\/div>\n<div class=\"product-buttons-wrapper product-button product-button-cart style-simple  \"><div class=\"wc_inline_buttons\"><div class=\"wcwl_btn_wrapper wc_btn_inline\"><\/div><\/div><\/div><\/div>\t\t<\/div>\n\t\t\t\t<\/div>\n\t\t\t\t<div class=\"elementor-element elementor-element-a298bd2 elementor-widget elementor-widget-jet-images-layout\" data-id=\"a298bd2\" data-element_type=\"widget\" data-widget_type=\"jet-images-layout.default\">\n\t\t\t\t<div class=\"elementor-widget-container\">\n\t\t\t<div class=\"elementor-jet-images-layout jet-elements\">\n<div class=\"jet-images-layout layout-type-masonry\" data-settings='{\"layoutType\":\"masonry\",\"columns\":3,\"columnsTablet\":\"\",\"columnsMobile\":\"\",\"justifyHeight\":300}'>\n\t<div class=\"jet-images-layout__list column-desktop-3 column-tablet-2 column-mobile-1\" data-columns>\n<div class=\"jet-images-layout__item \">\n\t<div class=\"jet-images-layout__inner\">\n\t\t<div class=\"jet-images-layout__image-loader\"><span><\/span><\/div>\n\t\t<div class=\"jet-images-layout__link \">\n\t\t\t<div class=\"jet-images-layout__image\">\n\t\t\t\t<img decoding=\"async\" class=\"jet-images-layout__image-instance\" src=\"https:\/\/bambopads.com\/wp-content\/uploads\/2021\/09\/Klarna-Logo.wine_.png\" alt=\"Klarna-Logo.wine\" loading=\"lazy\">\t\t\t<\/div>\n\t\t\t<div class=\"jet-images-layout__content\"><\/div>\n\t\t<\/div>\n\t<\/div>\n<\/div>\n<div class=\"jet-images-layout__item \">\n\t<div class=\"jet-images-layout__inner\">\n\t\t<div class=\"jet-images-layout__image-loader\"><span><\/span><\/div>\n\t\t<div class=\"jet-images-layout__link \">\n\t\t\t<div class=\"jet-images-layout__image\">\n\t\t\t\t<img decoding=\"async\" class=\"jet-images-layout__image-instance\" src=\"https:\/\/bambopads.com\/wp-content\/uploads\/2021\/09\/Swish_payment-Logo.wine_.png\" alt=\"Swish_(payment)-Logo.wine\" loading=\"lazy\">\t\t\t<\/div>\n\t\t\t<div class=\"jet-images-layout__content\"><\/div>\n\t\t<\/div>\n\t<\/div>\n<\/div>\n<div class=\"jet-images-layout__item \">\n\t<div class=\"jet-images-layout__inner\">\n\t\t<div class=\"jet-images-layout__image-loader\"><span><\/span><\/div>\n\t\t<div class=\"jet-images-layout__link \">\n\t\t\t<div class=\"jet-images-layout__image\">\n\t\t\t\t<img decoding=\"async\" class=\"jet-images-layout__image-instance\" src=\"https:\/\/bambopads.com\/wp-content\/uploads\/2021\/09\/paypal_mb8k.png\" alt=\"paypal_mb8k\" loading=\"lazy\">\t\t\t<\/div>\n\t\t\t<div class=\"jet-images-layout__content\"><\/div>\n\t\t<\/div>\n\t<\/div>\n<\/div>\n<\/div><\/div>\n<\/div>\t\t<\/div>\n\t\t\t\t<\/div>\n\t\t\t\t\t\t<\/div>\n\t\t\t\t\t<\/div>\n\t\t<\/div>\n\t\t\t\t\t\t\t\t<\/div>\n\t\t\t\t\t<\/div>\n\t\t<\/section>\n\t\t\t\t<section class=\"elementor-section elementor-top-section elementor-element elementor-element-6744239 elementor-section-boxed elementor-section-height-default elementor-section-height-default\" data-id=\"6744239\" data-element_type=\"section\">\n\t\t\t\t\t\t<div class=\"elementor-container elementor-column-gap-default\">\n\t\t\t\t\t\t\t<div class=\"elementor-row\">\n\t\t\t\t\t<div class=\"elementor-column elementor-col-100 elementor-top-column elementor-element elementor-element-d8ba054\" data-id=\"d8ba054\" data-element_type=\"column\">\n\t\t\t<div class=\"elementor-column-wrap elementor-element-populated\">\n\t\t\t\t\t\t\t<div class=\"elementor-widget-wrap\">\n\t\t\t\t\t\t<div class=\"elementor-element elementor-element-c74c9c0 elementor-widget elementor-widget-text-editor\" data-id=\"c74c9c0\" data-element_type=\"widget\" data-widget_type=\"text-editor.default\">\n\t\t\t\t<div class=\"elementor-widget-container\">\n\t\t\t\t\t\t\t\t<div class=\"elementor-text-editor elementor-clearfix\">\n\t\t\t\t<p class=\"MsoNormal\"><b>Bambu \u00e4r h\u00e5llbar<o:p><\/o:p><\/b><\/p>\n<p class=\"MsoNormal\"><span lang=\"EN-US\">Kanske<br \/>\nDen starkaste egenskapen hos bambu \u00e4r dess h\u00e5llbarhet. Faktum \u00e4r att bambu \u00e4r v\u00e4rldens<br \/>\nsnabbast v\u00e4xande v\u00e4xt. Detta i kombination med att undvika konstgjorda metoder<br \/>\ng\u00f6r produktionen av bambu s\u00e4rskilt h\u00e5llbar. Som en bonus, bambu<br \/>\nv\u00e4xt beh\u00f6ver inte heller planteras om d\u00e5 nya skott v\u00e4xer fram ur de gamla<br \/>\nskott. Bra f\u00f6r dig och riktigt bra f\u00f6r v\u00e5r planet.<\/p>\n<p><b><o:p><\/o:p><\/b><\/span><\/p>\n<p class=\"MsoNormal\"><b>Bambu motverkar svamp<o:p><\/o:p><\/b><\/p>\n<p class=\"MsoNormal\"><span lang=\"EN-US\">Men du kan<br \/>\nundra, varf\u00f6r passar bambu s\u00e5 bra i textilier? Svaret finns i<br \/>\nsm\u00e5 fibrer. Bambuv\u00e4xtens fibrer har antibakteriella egenskaper, vilket<br \/>\nbetyder att de hindrar svamp fr\u00e5n att v\u00e4xa inuti materialet. Detta l\u00e5ter dig<br \/>\nanv\u00e4nd dina Bambo Pads flera dagar i rad utan att beh\u00f6va tv\u00e4tta dem.<o:p><\/o:p><\/span><\/p>\n<p class=\"MsoNormal\"><span lang=\"EN-US\">Bambopads<br \/>\n\u00e4r extra mjuka och len!<\/p>\n<p><o:p><\/o:p><\/span><\/p>\n<p class=\"MsoNormal\"><b>Bambu<o:p><\/o:p><\/b><\/p>\n<p class=\"MsoNormal\"><span lang=\"EN-US\">Men<br \/>\nBambus coola egenskaper slutar inte d\u00e4r. Bambu \u00e4r s\u00e4rskilt anv\u00e4ndbart<br \/>\neftersom det absorberar fukt mycket b\u00e4ttre \u00e4n andra material. <o:p><\/o:p><\/span><\/p>\n<p class=\"MsoNormal\"><span lang=\"EN-US\">En annan<br \/>\ntilltalande kvalitet p\u00e5 bambu \u00e4r hur varmt det k\u00e4nns n\u00e4r det anv\u00e4nds i textilier. Den<br \/>\ncellulosa i bambu har en silkeslen yta som l\u00e5ter luften fl\u00f6da fritt<br \/>\nin och ut. Enkelt uttryckt \u00e4r det en ren behandling f\u00f6r din hud.<\/p>\n<p><o:p><\/o:p><\/span><\/p>\n<p class=\"MsoNormal\"><b>Allergi- och hudv\u00e4nlig<o:p><\/o:p><\/b><\/p>\n<\/p>\n<p class=\"MsoNormal\"><span lang=\"EN-US\">Om du,<br \/>\nsom s\u00e5 m\u00e5nga andra i v\u00e5rt kalla land, ha k\u00e4nslig hud, v\u00e5ra Bambo Pads<br \/>\n\u00e4r ett klokt val. P\u00e5 grund av att de \u00e4r naturligt mjuka g\u00f6r du inte<br \/>\nbeh\u00f6ver skrubba huden s\u00e5 h\u00e5rt, n\u00e5got som tenderar att skapa irritation och<br \/>\ni l\u00e4ngden torr hud. Om du dessutom \u00e4r k\u00e4nslig f\u00f6r syntetmaterial s\u00e5<br \/>\nbeh\u00f6ver inte oroa dig f\u00f6r bambu.<o:p><\/o:p><\/span><\/p>\n\t\t\t\t\t<\/div>\n\t\t\t\t\t\t<\/div>\n\t\t\t\t<\/div>\n\t\t\t\t\t\t<\/div>\n\t\t\t\t\t<\/div>\n\t\t<\/div>\n\t\t\t\t\t\t\t\t<\/div>\n\t\t\t\t\t<\/div>\n\t\t<\/section>\n\t\t\t\t<section class=\"elementor-section elementor-top-section elementor-element elementor-element-173c6c68 elementor-section-boxed elementor-section-height-default elementor-section-height-default\" data-id=\"173c6c68\" data-element_type=\"section\">\n\t\t\t\t\t\t<div class=\"elementor-container elementor-column-gap-default\">\n\t\t\t\t\t\t\t<div class=\"elementor-row\">\n\t\t\t\t\t<div class=\"elementor-column elementor-col-100 elementor-top-column elementor-element elementor-element-4d156091\" data-id=\"4d156091\" data-element_type=\"column\">\n\t\t\t<div class=\"elementor-column-wrap elementor-element-populated\">\n\t\t\t\t\t\t\t<div class=\"elementor-widget-wrap\">\n\t\t\t\t\t\t<div class=\"elementor-element elementor-element-5afb020a elementor-widget elementor-widget-spacer\" data-id=\"5afb020a\" data-element_type=\"widget\" data-widget_type=\"spacer.default\">\n\t\t\t\t<div class=\"elementor-widget-container\">\n\t\t\t\t\t<div class=\"elementor-spacer\">\n\t\t\t<div class=\"elementor-spacer-inner\"><\/div>\n\t\t<\/div>\n\t\t\t\t<\/div>\n\t\t\t\t<\/div>\n\t\t\t\t\t\t<\/div>\n\t\t\t\t\t<\/div>\n\t\t<\/div>\n\t\t\t\t\t\t\t\t<\/div>\n\t\t\t\t\t<\/div>\n\t\t<\/section>\n\t\t\t\t<section class=\"elementor-section elementor-top-section elementor-element elementor-element-2beb2f2b elementor-section-boxed elementor-section-height-default elementor-section-height-default\" data-id=\"2beb2f2b\" data-element_type=\"section\">\n\t\t\t\t\t\t<div class=\"elementor-container elementor-column-gap-default\">\n\t\t\t\t\t\t\t<div class=\"elementor-row\">\n\t\t\t\t\t<div class=\"elementor-column elementor-col-100 elementor-top-column elementor-element elementor-element-3133a8fe\" data-id=\"3133a8fe\" data-element_type=\"column\">\n\t\t\t<div class=\"elementor-column-wrap elementor-element-populated\">\n\t\t\t\t\t\t\t<div class=\"elementor-widget-wrap\">\n\t\t\t\t\t\t<div class=\"elementor-element elementor-element-5d1004b1 elementor-widget elementor-widget-spacer\" data-id=\"5d1004b1\" data-element_type=\"widget\" data-widget_type=\"spacer.default\">\n\t\t\t\t<div class=\"elementor-widget-container\">\n\t\t\t\t\t<div class=\"elementor-spacer\">\n\t\t\t<div class=\"elementor-spacer-inner\"><\/div>\n\t\t<\/div>\n\t\t\t\t<\/div>\n\t\t\t\t<\/div>\n\t\t\t\t<div class=\"elementor-element elementor-element-2e53c21c elementor-widget elementor-widget-dtshop-widget-related-products\" data-id=\"2e53c21c\" data-element_type=\"widget\" data-widget_type=\"dtshop-widget-related-products.default\">\n\t\t\t\t<div class=\"elementor-widget-container\">\n\t\t\tPlease provide product id to display corresponding data!\t\t<\/div>\n\t\t\t\t<\/div>\n\t\t\t\t\t\t<\/div>\n\t\t\t\t\t<\/div>\n\t\t<\/div>\n\t\t\t\t\t\t\t\t<\/div>\n\t\t\t\t\t<\/div>\n\t\t<\/section>\n\t\t\t\t\t\t<\/div>\n\t\t\t\t\t\t<\/div>\n\t\t\t\t\t<\/div>\n\t\t","protected":false},"excerpt":{"rendered":"<p>Vi tillhandah\u00e5ller milj\u00f6v\u00e4nliga och humana alternativ till eng\u00e5ngsartiklar. Byt ut dina bomullsdynor f\u00f6r eng\u00e5ngsbruk till v\u00e5ra \u00e5teranv\u00e4ndbara Bambo-kuddar. Du \u00e4r inte bara sn\u00e4ll mot milj\u00f6n och din pl\u00e5nbok genom att anv\u00e4nda v\u00e5ra \u00e5teranv\u00e4ndbara Bambo Pads, utan du \u00e4r ocks\u00e5 bra mot det viktigaste, din k\u00e4nsliga hud! V\u00e5ra Bamboo Pads \u00e4r helt gjorda av bambu och inneh\u00e5ller inga andra komponenter. De \u00e4r lika bra p\u00e5 att ta bort smink och v\u00e5rda huden som p\u00e5 att reng\u00f6ra k\u00e4nslig babyhud. Andra anv\u00e4nder viskos, spandex, polyester och bomull; vi anv\u00e4nder 100 % ekologisk och naturlig bambu.<\/p>\n<p><strong>Specifikation<\/strong><\/p>\n<ul>\n<li>Storlek: 10 x 10 cm<\/li>\n<li>Antal: 10 stycken<\/li>\n<li>Tillbeh\u00f6r: Vid k\u00f6p av 1:a 10-pack-kuddar (299) ing\u00e5r en bambup\u00e5se<\/li>\n<li>F\u00e4rger: vit<\/li>\n<li>Material: 100 % bambu<\/li>\n<li>Tillverkare: Bambopads Sweden Ab TM<\/li>\n<\/ul>\n<p><strong>Tv\u00e4ttr\u00e5d Bambopads<\/strong><\/p>\n<ul>\n<li>Tv\u00e4tta i 40\u00b0C<\/li>\n<li>Anv\u00e4nd Bambobag.<\/li>\n<li>Vid daglig anv\u00e4ndning, sk\u00f6lj med ljummet rinnande vatten<\/li>\n<li>Anv\u00e4nd alla bambup\u00e5sar innan du tv\u00e4ttar dem i tv\u00e4ttmaskin<\/li>\n<\/ul>\n","protected":false},"featured_media":23998,"comment_status":"open","ping_status":"closed","template":"","meta":[],"product_cat":[93],"product_tag":[94,95],"_links":{"self":[{"href":"https:\/\/bambopads.com\/sv\/wp-json\/wp\/v2\/product\/24058"}],"collection":[{"href":"https:\/\/bambopads.com\/sv\/wp-json\/wp\/v2\/product"}],"about":[{"href":"https:\/\/bambopads.com\/sv\/wp-json\/wp\/v2\/types\/product"}],"replies":[{"embeddable":true,"href":"https:\/\/bambopads.com\/sv\/wp-json\/wp\/v2\/comments?post=24058"}],"version-history":[{"count":8,"href":"https:\/\/bambopads.com\/sv\/wp-json\/wp\/v2\/product\/24058\/revisions"}],"predecessor-version":[{"id":25634,"href":"https:\/\/bambopads.com\/sv\/wp-json\/wp\/v2\/product\/24058\/revisions\/25634"}],"wp:featuredmedia":[{"embeddable":true,"href":"https:\/\/bambopads.com\/sv\/wp-json\/wp\/v2\/media\/23998"}],"wp:attachment":[{"href":"https:\/\/bambopads.com\/sv\/wp-json\/wp\/v2\/media?parent=24058"}],"wp:term":[{"taxonomy":"product_cat","embeddable":true,"href":"https:\/\/bambopads.com\/sv\/wp-json\/wp\/v2\/product_cat?post=24058"},{"taxonomy":"product_tag","embeddable":true,"href":"https:\/\/bambopads.com\/sv\/wp-json\/wp\/v2\/product_tag?post=24058"}],"curies":[{"name":"wp","href":"https:\/\/api.w.org\/{rel}","templated":true}]}}