{"id":24051,"date":"2021-10-29T07:31:02","date_gmt":"2021-10-29T07:31:02","guid":{"rendered":"https:\/\/bambopads.com\/product\/bambo-kits\/"},"modified":"2022-01-18T02:16:48","modified_gmt":"2022-01-18T02:16:48","slug":"bambo-kits","status":"publish","type":"product","link":"https:\/\/bambopads.com\/sv\/product\/bambo-kits\/","title":{"rendered":"Bambo Kits"},"content":{"rendered":"\t\t<div data-elementor-type=\"wp-post\" data-elementor-id=\"24051\" class=\"elementor elementor-24051\" data-elementor-settings=\"[]\">\n\t\t\t\t\t\t<div class=\"elementor-inner\">\n\t\t\t\t\t\t\t<div class=\"elementor-section-wrap\">\n\t\t\t\t\t\t\t<section class=\"elementor-section elementor-top-section elementor-element elementor-element-bfa41a6 elementor-section-stretched elementor-section-full_width elementor-section-height-default elementor-section-height-default\" data-id=\"bfa41a6\" data-element_type=\"section\" data-settings=\"{&quot;stretch_section&quot;:&quot;section-stretched&quot;}\">\n\t\t\t\t\t\t<div class=\"elementor-container elementor-column-gap-default\">\n\t\t\t\t\t\t\t<div class=\"elementor-row\">\n\t\t\t\t\t<div class=\"elementor-column elementor-col-100 elementor-top-column elementor-element elementor-element-b60c6c8\" data-id=\"b60c6c8\" data-element_type=\"column\">\n\t\t\t<div class=\"elementor-column-wrap elementor-element-populated\">\n\t\t\t\t\t\t\t<div class=\"elementor-widget-wrap\">\n\t\t\t\t\t\t<div class=\"elementor-element elementor-element-d133065 product-nav-type1 elementor-widget elementor-widget-dtshop-widget-product-single-summary-nav-bar\" data-id=\"d133065\" data-element_type=\"widget\" data-widget_type=\"dtshop-widget-product-single-summary-nav-bar.default\">\n\t\t\t\t<div class=\"elementor-widget-container\">\n\t\t\tPlease provide product id to display corresponding data!\t\t<\/div>\n\t\t\t\t<\/div>\n\t\t\t\t\t\t<\/div>\n\t\t\t\t\t<\/div>\n\t\t<\/div>\n\t\t\t\t\t\t\t\t<\/div>\n\t\t\t\t\t<\/div>\n\t\t<\/section>\n\t\t\t\t<section class=\"elementor-section elementor-top-section elementor-element elementor-element-5f5e3d22 elementor-section-stretched elementor-section-boxed elementor-section-height-default elementor-section-height-default\" data-id=\"5f5e3d22\" data-element_type=\"section\" data-settings=\"{&quot;stretch_section&quot;:&quot;section-stretched&quot;}\">\n\t\t\t\t\t\t<div class=\"elementor-container elementor-column-gap-default\">\n\t\t\t\t\t\t\t<div class=\"elementor-row\">\n\t\t\t\t\t<div class=\"elementor-column elementor-col-50 elementor-top-column elementor-element elementor-element-34ea6de6\" data-id=\"34ea6de6\" data-element_type=\"column\">\n\t\t\t<div class=\"elementor-column-wrap elementor-element-populated\">\n\t\t\t\t\t\t\t<div class=\"elementor-widget-wrap\">\n\t\t\t\t\t\t\t\t<\/div>\n\t\t\t\t\t<\/div>\n\t\t<\/div>\n\t\t\t\t<div class=\"elementor-column elementor-col-50 elementor-top-column elementor-element elementor-element-59b242b5\" data-id=\"59b242b5\" data-element_type=\"column\">\n\t\t\t<div class=\"elementor-column-wrap elementor-element-populated\">\n\t\t\t\t\t\t\t<div class=\"elementor-widget-wrap\">\n\t\t\t\t\t\t<div class=\"elementor-element elementor-element-52ba46a9 beaux-shop-summary elementor-widget elementor-widget-dtshop-widget-product-single-summary\" data-id=\"52ba46a9\" data-element_type=\"widget\" data-widget_type=\"dtshop-widget-product-single-summary.default\">\n\t\t\t\t<div class=\"elementor-widget-container\">\n\t\t\t<div class=\"dt-sc-product-summary summary entry-summary bambokitbtn \"><div class=\"dt-sc-single-product-title\"><h1 class=\"product_title entry-title\">Bambo Kits<\/h1><\/div><div class=\"dt-sc-single-product-price\"><p class=\"price\"><span class=\"woocs_price_code\" data-product-id=\"24051\"><span class=\"woocommerce-Price-amount amount\"><bdi>399&nbsp;<span class=\"woocommerce-Price-currencySymbol\">&#107;&#114;<\/span><\/bdi><\/span><\/span><\/p><\/div><div class=\"woocommerce-product-details__short-description\">\n\t<p>Vi tillhandah\u00e5ller milj\u00f6v\u00e4nliga och humana alternativ till eng\u00e5ngsartiklar. Med Bambo Pads, Bambo Pannband, Bambo Towel och Bambo Bag tillhandah\u00e5ller vi en komplett l\u00f6sning f\u00f6r att g\u00f6ra din hudv\u00e5rdsrutin mer milj\u00f6v\u00e4nlig och skonsam mot din hud. V\u00e5ra tv\u00e4ttbara Bambo Pads \u00e4r ett bra alternativ till eng\u00e5ngspads. Du \u00e4r inte bara sn\u00e4ll mot milj\u00f6n och din pl\u00e5nbok genom att anv\u00e4nda v\u00e5ra \u00e5teranv\u00e4ndbara Bambo Pads, utan du \u00e4r ocks\u00e5 bra mot det viktigaste, din k\u00e4nsliga hud! V\u00e5ra Bamboo Pads \u00e4r helt gjorda av bambu och inneh\u00e5ller inga andra komponenter. De \u00e4r lika bra p\u00e5 att ta bort smink och v\u00e5rda huden som p\u00e5 att reng\u00f6ra k\u00e4nslig babyhud. Andra anv\u00e4nder viskos, spandex, polyester och bomull; vi anv\u00e4nder 100 % ekologisk och naturlig bambu.<\/p>\n<p><strong>Specifikation BamboKit<\/strong><\/p>\n<ul>\n<li>10 st BamboPads 10 X 10 cm<\/li>\n<li>F\u00f6rsta BamboHeadband One size<\/li>\n<li>F\u00f6rsta Bambohandduk 25X25cm<\/li>\n<li>F\u00f6rsta BamboBag 18X15cm<\/li>\n<li>Antal: 1 st kit<\/li>\n<li>F\u00e4rger: Vit<\/li>\n<li>Material: 100 % bambu<\/li>\n<li>Tillverkare: Bambopads Sweden Ab TM<\/li>\n<\/ul>\n<\/div>\n<div class=\"product-buttons-wrapper product-button product-button-cart style-simple  align-inline\"><div class=\"wc_inline_buttons\"><div class=\"wcwl_btn_wrapper wc_btn_inline\"><\/div><\/div><\/div><\/div>\t\t<\/div>\n\t\t\t\t<\/div>\n\t\t\t\t<div class=\"elementor-element elementor-element-fda42dd elementor-widget elementor-widget-jet-images-layout\" data-id=\"fda42dd\" data-element_type=\"widget\" data-widget_type=\"jet-images-layout.default\">\n\t\t\t\t<div class=\"elementor-widget-container\">\n\t\t\t<div class=\"elementor-jet-images-layout jet-elements\">\n<div class=\"jet-images-layout layout-type-masonry\" data-settings='{\"layoutType\":\"masonry\",\"columns\":3,\"columnsTablet\":\"3\",\"columnsMobile\":\"2\",\"justifyHeight\":300}'>\n\t<div class=\"jet-images-layout__list column-desktop-3 column-tablet-3 column-mobile-2\" data-columns>\n<div class=\"jet-images-layout__item \">\n\t<div class=\"jet-images-layout__inner\">\n\t\t<div class=\"jet-images-layout__image-loader\"><span><\/span><\/div>\n\t\t<div class=\"jet-images-layout__link \">\n\t\t\t<div class=\"jet-images-layout__image\">\n\t\t\t\t<img decoding=\"async\" class=\"jet-images-layout__image-instance\" src=\"https:\/\/bambopads.com\/wp-content\/uploads\/2021\/09\/Klarna-Logo.wine_.png\" alt=\"Klarna-Logo.wine\" loading=\"lazy\">\t\t\t<\/div>\n\t\t\t<div class=\"jet-images-layout__content\"><\/div>\n\t\t<\/div>\n\t<\/div>\n<\/div>\n<div class=\"jet-images-layout__item \">\n\t<div class=\"jet-images-layout__inner\">\n\t\t<div class=\"jet-images-layout__image-loader\"><span><\/span><\/div>\n\t\t<div class=\"jet-images-layout__link \">\n\t\t\t<div class=\"jet-images-layout__image\">\n\t\t\t\t<img decoding=\"async\" class=\"jet-images-layout__image-instance\" src=\"https:\/\/bambopads.com\/wp-content\/uploads\/2021\/09\/Swish_payment-Logo.wine_.png\" alt=\"Swish_(payment)-Logo.wine\" loading=\"lazy\">\t\t\t<\/div>\n\t\t\t<div class=\"jet-images-layout__content\"><\/div>\n\t\t<\/div>\n\t<\/div>\n<\/div>\n<div class=\"jet-images-layout__item \">\n\t<div class=\"jet-images-layout__inner\">\n\t\t<div class=\"jet-images-layout__image-loader\"><span><\/span><\/div>\n\t\t<div class=\"jet-images-layout__link \">\n\t\t\t<div class=\"jet-images-layout__image\">\n\t\t\t\t<img decoding=\"async\" class=\"jet-images-layout__image-instance\" src=\"https:\/\/bambopads.com\/wp-content\/uploads\/2021\/09\/paypal_mb8k.png\" alt=\"paypal_mb8k\" loading=\"lazy\">\t\t\t<\/div>\n\t\t\t<div class=\"jet-images-layout__content\"><\/div>\n\t\t<\/div>\n\t<\/div>\n<\/div>\n<\/div><\/div>\n<\/div>\t\t<\/div>\n\t\t\t\t<\/div>\n\t\t\t\t\t\t<\/div>\n\t\t\t\t\t<\/div>\n\t\t<\/div>\n\t\t\t\t\t\t\t\t<\/div>\n\t\t\t\t\t<\/div>\n\t\t<\/section>\n\t\t\t\t<section class=\"elementor-section elementor-top-section elementor-element elementor-element-85319c5 elementor-section-full_width elementor-section-height-default elementor-section-height-default\" data-id=\"85319c5\" data-element_type=\"section\">\n\t\t\t\t\t\t<div class=\"elementor-container elementor-column-gap-default\">\n\t\t\t\t\t\t\t<div class=\"elementor-row\">\n\t\t\t\t\t<div class=\"elementor-column elementor-col-100 elementor-top-column elementor-element elementor-element-6fd1979\" data-id=\"6fd1979\" data-element_type=\"column\">\n\t\t\t<div class=\"elementor-column-wrap elementor-element-populated\">\n\t\t\t\t\t\t\t<div class=\"elementor-widget-wrap\">\n\t\t\t\t\t\t<div class=\"elementor-element elementor-element-32da49d elementor-widget elementor-widget-text-editor\" data-id=\"32da49d\" data-element_type=\"widget\" data-widget_type=\"text-editor.default\">\n\t\t\t\t<div class=\"elementor-widget-container\">\n\t\t\t\t\t\t\t\t<div class=\"elementor-text-editor elementor-clearfix\">\n\t\t\t\t<p><b>Bamboo \u00e4r h\u00e5llbart<\/b><\/p>\n<p>Bambus kanske starkaste egenskap \u00e4r dess h\u00e5llbarhet. Faktum \u00e4r att bambu \u00e4r v\u00e4rldens snabbast v\u00e4xande v\u00e4xt. Detta i kombination med att man undviker konstgjorda metoder g\u00f6r tillverkningen av bambu s\u00e4rskilt h\u00e5llbar. Som en bonus beh\u00f6ver inte heller bambuplantan planteras om d\u00e5 nya skott v\u00e4xer fram ur de gamla skotten. Bra f\u00f6r dig och riktigt bra f\u00f6r v\u00e5r planet.<\/p>\n<\/p>\n<p><b>Bambu motverkar svamp<\/b><\/p>\n<p>Men du kanske undrar varf\u00f6r bambu passar s\u00e5 bra i textilier? Svaret kan hittas i sm\u00e5 fibrer. Bambuv\u00e4xtens fibrer har antibakteriella egenskaper, vilket inneb\u00e4r att de hindrar svamp fr\u00e5n att v\u00e4xa inuti materialet. Detta g\u00f6r att du kan anv\u00e4nda dina Bambo Pads flera dagar i rad utan att beh\u00f6va tv\u00e4tta dem.<\/p>\n<p>Bambopads \u00e4r extra mjuka och smidiga!<\/p>\n<\/p>\n<p><b>Bambu<\/b><\/p>\n<p>Men bambuns coola egenskaper slutar inte d\u00e4r. Bambu \u00e4r s\u00e4rskilt anv\u00e4ndbart eftersom det absorberar fukt mycket b\u00e4ttre \u00e4n andra material.&nbsp;<\/p>\n<p>En annan tilltalande egenskap hos bambu \u00e4r hur varm den k\u00e4nns n\u00e4r den anv\u00e4nds i textilier. Cellulosan i bambu har en silkeslen yta som l\u00e5ter luft str\u00f6mma fritt in och ut. Enkelt uttryckt \u00e4r det en ren behandling f\u00f6r din hud.<\/p>\n<\/p>\n<p><b>Allergi- och hudv\u00e4nlig<\/b><\/p>\n<p>Om du, som s\u00e5 m\u00e5nga andra i v\u00e5rt kalla land, har k\u00e4nslig hud \u00e4r v\u00e5ra Bambo Pads ett klokt val. P\u00e5 grund av att de \u00e4r naturligt mjuka beh\u00f6ver du inte skrubba huden s\u00e5 h\u00e5rt, n\u00e5got som tenderar att skapa irritation och i f\u00f6rl\u00e4ngningen torr hud. Om du dessutom \u00e4r k\u00e4nslig f\u00f6r syntetmaterial beh\u00f6ver du inte oroa dig f\u00f6r bambu.<\/p>\n<\/p>\n<p><b>Tv\u00e4ttr\u00e5d BamboKit<\/b><\/p>\n<p>\u2022 Tv\u00e4ttas i 40 \u00b0C<\/p>\n<p>\u2022 Lufttork (Bambopads)<\/p>\n<p>\u2022 Torktumla l\u00e5g (BamboTowel, BamboHeadband)<\/p>\n<div><\/div>\n\t\t\t\t\t<\/div>\n\t\t\t\t\t\t<\/div>\n\t\t\t\t<\/div>\n\t\t\t\t\t\t<\/div>\n\t\t\t\t\t<\/div>\n\t\t<\/div>\n\t\t\t\t\t\t\t\t<\/div>\n\t\t\t\t\t<\/div>\n\t\t<\/section>\n\t\t\t\t<section class=\"elementor-section elementor-top-section elementor-element elementor-element-173c6c68 elementor-section-boxed elementor-section-height-default elementor-section-height-default\" data-id=\"173c6c68\" data-element_type=\"section\">\n\t\t\t\t\t\t<div class=\"elementor-container elementor-column-gap-default\">\n\t\t\t\t\t\t\t<div class=\"elementor-row\">\n\t\t\t\t\t<div class=\"elementor-column elementor-col-100 elementor-top-column elementor-element elementor-element-4d156091\" data-id=\"4d156091\" data-element_type=\"column\">\n\t\t\t<div class=\"elementor-column-wrap elementor-element-populated\">\n\t\t\t\t\t\t\t<div class=\"elementor-widget-wrap\">\n\t\t\t\t\t\t<div class=\"elementor-element elementor-element-5afb020a elementor-widget elementor-widget-spacer\" data-id=\"5afb020a\" data-element_type=\"widget\" data-widget_type=\"spacer.default\">\n\t\t\t\t<div class=\"elementor-widget-container\">\n\t\t\t\t\t<div class=\"elementor-spacer\">\n\t\t\t<div class=\"elementor-spacer-inner\"><\/div>\n\t\t<\/div>\n\t\t\t\t<\/div>\n\t\t\t\t<\/div>\n\t\t\t\t\t\t<\/div>\n\t\t\t\t\t<\/div>\n\t\t<\/div>\n\t\t\t\t\t\t\t\t<\/div>\n\t\t\t\t\t<\/div>\n\t\t<\/section>\n\t\t\t\t<section class=\"elementor-section elementor-top-section elementor-element elementor-element-2beb2f2b elementor-section-boxed elementor-section-height-default elementor-section-height-default\" data-id=\"2beb2f2b\" data-element_type=\"section\">\n\t\t\t\t\t\t<div class=\"elementor-container elementor-column-gap-default\">\n\t\t\t\t\t\t\t<div class=\"elementor-row\">\n\t\t\t\t\t<div class=\"elementor-column elementor-col-100 elementor-top-column elementor-element elementor-element-3133a8fe\" data-id=\"3133a8fe\" data-element_type=\"column\">\n\t\t\t<div class=\"elementor-column-wrap elementor-element-populated\">\n\t\t\t\t\t\t\t<div class=\"elementor-widget-wrap\">\n\t\t\t\t\t\t<div class=\"elementor-element elementor-element-5d1004b1 elementor-widget elementor-widget-spacer\" data-id=\"5d1004b1\" data-element_type=\"widget\" data-widget_type=\"spacer.default\">\n\t\t\t\t<div class=\"elementor-widget-container\">\n\t\t\t\t\t<div class=\"elementor-spacer\">\n\t\t\t<div class=\"elementor-spacer-inner\"><\/div>\n\t\t<\/div>\n\t\t\t\t<\/div>\n\t\t\t\t<\/div>\n\t\t\t\t<div class=\"elementor-element elementor-element-2e53c21c elementor-widget elementor-widget-dtshop-widget-related-products\" data-id=\"2e53c21c\" data-element_type=\"widget\" data-widget_type=\"dtshop-widget-related-products.default\">\n\t\t\t\t<div class=\"elementor-widget-container\">\n\t\t\tPlease provide product id to display corresponding data!\t\t<\/div>\n\t\t\t\t<\/div>\n\t\t\t\t\t\t<\/div>\n\t\t\t\t\t<\/div>\n\t\t<\/div>\n\t\t\t\t\t\t\t\t<\/div>\n\t\t\t\t\t<\/div>\n\t\t<\/section>\n\t\t\t\t\t\t<\/div>\n\t\t\t\t\t\t<\/div>\n\t\t\t\t\t<\/div>\n\t\t","protected":false},"excerpt":{"rendered":"<p>Vi tillhandah\u00e5ller milj\u00f6v\u00e4nliga och humana alternativ till eng\u00e5ngsartiklar. Med Bambo Pads, Bambo Pannband, Bambo Towel och Bambo Bag tillhandah\u00e5ller vi en komplett l\u00f6sning f\u00f6r att g\u00f6ra din hudv\u00e5rdsrutin mer milj\u00f6v\u00e4nlig och skonsam mot din hud. V\u00e5ra tv\u00e4ttbara Bambo Pads \u00e4r ett bra alternativ till eng\u00e5ngspads. Du \u00e4r inte bara sn\u00e4ll mot milj\u00f6n och din pl\u00e5nbok genom att anv\u00e4nda v\u00e5ra \u00e5teranv\u00e4ndbara Bambo Pads, utan du \u00e4r ocks\u00e5 bra mot det viktigaste, din k\u00e4nsliga hud! V\u00e5ra Bamboo Pads \u00e4r helt gjorda av bambu och inneh\u00e5ller inga andra komponenter. De \u00e4r lika bra p\u00e5 att ta bort smink och v\u00e5rda huden som p\u00e5 att reng\u00f6ra k\u00e4nslig babyhud. Andra anv\u00e4nder viskos, spandex, polyester och bomull; vi anv\u00e4nder 100 % ekologisk och naturlig bambu.<\/p>\n<p><strong>Specifikation BamboKit<\/strong><\/p>\n<ul>\n<li>10 st BamboPads 10 X 10 cm<\/li>\n<li>F\u00f6rsta BamboHeadband One size<\/li>\n<li>F\u00f6rsta Bambohandduk 25X25cm<\/li>\n<li>F\u00f6rsta BamboBag 18X15cm<\/li>\n<li>Antal: 1 st kit<\/li>\n<li>F\u00e4rger: Vit<\/li>\n<li>Material: 100 % bambu<\/li>\n<li>Tillverkare: Bambopads Sweden Ab TM<\/li>\n<\/ul>\n","protected":false},"featured_media":24007,"comment_status":"open","ping_status":"closed","template":"","meta":[],"product_cat":[93],"product_tag":[94,95],"_links":{"self":[{"href":"https:\/\/bambopads.com\/sv\/wp-json\/wp\/v2\/product\/24051"}],"collection":[{"href":"https:\/\/bambopads.com\/sv\/wp-json\/wp\/v2\/product"}],"about":[{"href":"https:\/\/bambopads.com\/sv\/wp-json\/wp\/v2\/types\/product"}],"replies":[{"embeddable":true,"href":"https:\/\/bambopads.com\/sv\/wp-json\/wp\/v2\/comments?post=24051"}],"version-history":[{"count":6,"href":"https:\/\/bambopads.com\/sv\/wp-json\/wp\/v2\/product\/24051\/revisions"}],"predecessor-version":[{"id":25594,"href":"https:\/\/bambopads.com\/sv\/wp-json\/wp\/v2\/product\/24051\/revisions\/25594"}],"wp:featuredmedia":[{"embeddable":true,"href":"https:\/\/bambopads.com\/sv\/wp-json\/wp\/v2\/media\/24007"}],"wp:attachment":[{"href":"https:\/\/bambopads.com\/sv\/wp-json\/wp\/v2\/media?parent=24051"}],"wp:term":[{"taxonomy":"product_cat","embeddable":true,"href":"https:\/\/bambopads.com\/sv\/wp-json\/wp\/v2\/product_cat?post=24051"},{"taxonomy":"product_tag","embeddable":true,"href":"https:\/\/bambopads.com\/sv\/wp-json\/wp\/v2\/product_tag?post=24051"}],"curies":[{"name":"wp","href":"https:\/\/api.w.org\/{rel}","templated":true}]}}