{"id":24026,"date":"2021-10-26T11:13:06","date_gmt":"2021-10-26T11:13:06","guid":{"rendered":"https:\/\/bambopads.com\/product\/bambo-headband\/"},"modified":"2022-01-18T02:24:47","modified_gmt":"2022-01-18T02:24:47","slug":"bambo-headband","status":"publish","type":"product","link":"https:\/\/bambopads.com\/sv\/product\/bambo-headband\/","title":{"rendered":"Bambo headband"},"content":{"rendered":"\t\t<div data-elementor-type=\"wp-post\" data-elementor-id=\"24026\" class=\"elementor elementor-24026\" data-elementor-settings=\"[]\">\n\t\t\t\t\t\t<div class=\"elementor-inner\">\n\t\t\t\t\t\t\t<div class=\"elementor-section-wrap\">\n\t\t\t\t\t\t\t<section class=\"elementor-section elementor-top-section elementor-element elementor-element-bfa41a6 elementor-section-stretched elementor-section-full_width elementor-section-height-default elementor-section-height-default\" data-id=\"bfa41a6\" data-element_type=\"section\" data-settings=\"{&quot;stretch_section&quot;:&quot;section-stretched&quot;}\">\n\t\t\t\t\t\t<div class=\"elementor-container elementor-column-gap-default\">\n\t\t\t\t\t\t\t<div class=\"elementor-row\">\n\t\t\t\t\t<div class=\"elementor-column elementor-col-100 elementor-top-column elementor-element elementor-element-b60c6c8\" data-id=\"b60c6c8\" data-element_type=\"column\">\n\t\t\t<div class=\"elementor-column-wrap elementor-element-populated\">\n\t\t\t\t\t\t\t<div class=\"elementor-widget-wrap\">\n\t\t\t\t\t\t<div class=\"elementor-element elementor-element-d133065 product-nav-type1 elementor-widget elementor-widget-dtshop-widget-product-single-summary-nav-bar\" data-id=\"d133065\" data-element_type=\"widget\" data-widget_type=\"dtshop-widget-product-single-summary-nav-bar.default\">\n\t\t\t\t<div class=\"elementor-widget-container\">\n\t\t\tPlease provide product id to display corresponding data!\t\t<\/div>\n\t\t\t\t<\/div>\n\t\t\t\t\t\t<\/div>\n\t\t\t\t\t<\/div>\n\t\t<\/div>\n\t\t\t\t\t\t\t\t<\/div>\n\t\t\t\t\t<\/div>\n\t\t<\/section>\n\t\t\t\t<section class=\"elementor-section elementor-top-section elementor-element elementor-element-5f5e3d22 elementor-section-stretched elementor-section-full_width elementor-section-height-default elementor-section-height-default\" data-id=\"5f5e3d22\" data-element_type=\"section\" data-settings=\"{&quot;stretch_section&quot;:&quot;section-stretched&quot;}\">\n\t\t\t\t\t\t<div class=\"elementor-container elementor-column-gap-default\">\n\t\t\t\t\t\t\t<div class=\"elementor-row\">\n\t\t\t\t\t<div class=\"elementor-column elementor-col-50 elementor-top-column elementor-element elementor-element-34ea6de6\" data-id=\"34ea6de6\" data-element_type=\"column\">\n\t\t\t<div class=\"elementor-column-wrap elementor-element-populated\">\n\t\t\t\t\t\t\t<div class=\"elementor-widget-wrap\">\n\t\t\t\t\t\t\t\t<\/div>\n\t\t\t\t\t<\/div>\n\t\t<\/div>\n\t\t\t\t<div class=\"elementor-column elementor-col-50 elementor-top-column elementor-element elementor-element-59b242b5\" data-id=\"59b242b5\" data-element_type=\"column\">\n\t\t\t<div class=\"elementor-column-wrap elementor-element-populated\">\n\t\t\t\t\t\t\t<div class=\"elementor-widget-wrap\">\n\t\t\t\t\t\t<div class=\"elementor-element elementor-element-52ba46a9 beaux-shop-summary elementor-widget elementor-widget-dtshop-widget-product-single-summary\" data-id=\"52ba46a9\" data-element_type=\"widget\" data-widget_type=\"dtshop-widget-product-single-summary.default\">\n\t\t\t\t<div class=\"elementor-widget-container\">\n\t\t\t<div class=\"dt-sc-product-summary summary entry-summary  \"><div class=\"dt-sc-single-product-title\"><h1 class=\"product_title entry-title\">Bambo headband<\/h1><\/div><div class=\"dt-sc-single-product-price\"><p class=\"price\"><span class=\"woocs_price_code\" data-product-id=\"24026\"><span class=\"woocommerce-Price-amount amount\"><bdi>109&nbsp;<span class=\"woocommerce-Price-currencySymbol\">&#107;&#114;<\/span><\/bdi><\/span><\/span><\/p><\/div><div class=\"woocommerce-product-details__short-description\">\n\t<p>\u00c4ven om du \u00e4r nyb\u00f6rjare inom hudv\u00e5rd, \u00e4r chansen stor att du redan vet hur viktigt det \u00e4r att tv\u00e4tta ansiktet och implementera en solid hudv\u00e5rdsrutin. \u00c4ven om du inte n\u00f6dv\u00e4ndigtvis skulle kategorisera dessa till synes enkla, sm\u00e5 uppgifter som roliga, kan ett s\u00f6tt och milj\u00f6v\u00e4nligt BamboHeadband  g\u00f6ra upplevelsen mycket roligare.<br \/>\nV\u00e5r BamboHeadband ger det optimala komforten och st\u00f6det f\u00f6r att skydda dina kanter och h\u00e5lla h\u00e5ret borta fr\u00e5n ansiktet n\u00e4r du applicerar dina produkter och reng\u00f6r din hud.<br \/>\nDessutom \u00e4r v\u00e5ra BamboHeadband gjorda p\u00e5 100% bambu och \u00e4r supermjuka, stretchiga och maskintv\u00e4ttbara<\/p>\n<p><strong>Specifikation<\/strong><br \/>\n\u2022\tStorlek: One Size<br \/>\n\u2022\tAntal : 1 st<br \/>\n\u2022\tF\u00e4rger: Vit<br \/>\n\u2022\tMaterial: 100% bambu<br \/>\n\u2022\tTillverkare: Bambopads Sweden Ab TM<\/p>\n<p><strong>Tv\u00e4ttr\u00e5d BamboPads<\/strong><br \/>\n\u2022\tTv\u00e4ttas i 40\u00b0C<br \/>\n\u2022\tTorktumlas l\u00e5g effekt<\/p>\n<\/div>\n<div class=\"product-buttons-wrapper product-button product-button-cart style-simple  \"><div class=\"wc_inline_buttons\"><div class=\"wcwl_btn_wrapper wc_btn_inline\"><\/div><\/div><\/div><\/div>\t\t<\/div>\n\t\t\t\t<\/div>\n\t\t\t\t<div class=\"elementor-element elementor-element-bfaf6cf elementor-widget elementor-widget-jet-images-layout\" data-id=\"bfaf6cf\" data-element_type=\"widget\" data-widget_type=\"jet-images-layout.default\">\n\t\t\t\t<div class=\"elementor-widget-container\">\n\t\t\t<div class=\"elementor-jet-images-layout jet-elements\">\n<div class=\"jet-images-layout layout-type-masonry\" data-settings='{\"layoutType\":\"masonry\",\"columns\":3,\"columnsTablet\":\"3\",\"columnsMobile\":\"2\",\"justifyHeight\":300}'>\n\t<div class=\"jet-images-layout__list column-desktop-3 column-tablet-3 column-mobile-2\" data-columns>\n<div class=\"jet-images-layout__item \">\n\t<div class=\"jet-images-layout__inner\">\n\t\t<div class=\"jet-images-layout__image-loader\"><span><\/span><\/div>\n\t\t<div class=\"jet-images-layout__link \">\n\t\t\t<div class=\"jet-images-layout__image\">\n\t\t\t\t<img decoding=\"async\" class=\"jet-images-layout__image-instance\" src=\"https:\/\/bambopads.com\/wp-content\/uploads\/2021\/09\/Klarna-Logo.wine_.png\" alt=\"Klarna-Logo.wine\" loading=\"lazy\">\t\t\t<\/div>\n\t\t\t<div class=\"jet-images-layout__content\"><\/div>\n\t\t<\/div>\n\t<\/div>\n<\/div>\n<div class=\"jet-images-layout__item \">\n\t<div class=\"jet-images-layout__inner\">\n\t\t<div class=\"jet-images-layout__image-loader\"><span><\/span><\/div>\n\t\t<div class=\"jet-images-layout__link \">\n\t\t\t<div class=\"jet-images-layout__image\">\n\t\t\t\t<img decoding=\"async\" class=\"jet-images-layout__image-instance\" src=\"https:\/\/bambopads.com\/wp-content\/uploads\/2021\/09\/Swish_payment-Logo.wine_.png\" alt=\"Swish_(payment)-Logo.wine\" loading=\"lazy\">\t\t\t<\/div>\n\t\t\t<div class=\"jet-images-layout__content\"><\/div>\n\t\t<\/div>\n\t<\/div>\n<\/div>\n<div class=\"jet-images-layout__item \">\n\t<div class=\"jet-images-layout__inner\">\n\t\t<div class=\"jet-images-layout__image-loader\"><span><\/span><\/div>\n\t\t<div class=\"jet-images-layout__link \">\n\t\t\t<div class=\"jet-images-layout__image\">\n\t\t\t\t<img decoding=\"async\" class=\"jet-images-layout__image-instance\" src=\"https:\/\/bambopads.com\/wp-content\/uploads\/2021\/09\/paypal_mb8k.png\" alt=\"paypal_mb8k\" loading=\"lazy\">\t\t\t<\/div>\n\t\t\t<div class=\"jet-images-layout__content\"><\/div>\n\t\t<\/div>\n\t<\/div>\n<\/div>\n<\/div><\/div>\n<\/div>\t\t<\/div>\n\t\t\t\t<\/div>\n\t\t\t\t\t\t<\/div>\n\t\t\t\t\t<\/div>\n\t\t<\/div>\n\t\t\t\t\t\t\t\t<\/div>\n\t\t\t\t\t<\/div>\n\t\t<\/section>\n\t\t\t\t<section class=\"elementor-section elementor-top-section elementor-element elementor-element-173c6c68 elementor-section-boxed elementor-section-height-default elementor-section-height-default\" data-id=\"173c6c68\" data-element_type=\"section\">\n\t\t\t\t\t\t<div class=\"elementor-container elementor-column-gap-default\">\n\t\t\t\t\t\t\t<div class=\"elementor-row\">\n\t\t\t\t\t<div class=\"elementor-column elementor-col-100 elementor-top-column elementor-element elementor-element-4d156091\" data-id=\"4d156091\" data-element_type=\"column\">\n\t\t\t<div class=\"elementor-column-wrap elementor-element-populated\">\n\t\t\t\t\t\t\t<div class=\"elementor-widget-wrap\">\n\t\t\t\t\t\t<div class=\"elementor-element elementor-element-5afb020a elementor-widget elementor-widget-spacer\" data-id=\"5afb020a\" data-element_type=\"widget\" data-widget_type=\"spacer.default\">\n\t\t\t\t<div class=\"elementor-widget-container\">\n\t\t\t\t\t<div class=\"elementor-spacer\">\n\t\t\t<div class=\"elementor-spacer-inner\"><\/div>\n\t\t<\/div>\n\t\t\t\t<\/div>\n\t\t\t\t<\/div>\n\t\t\t\t\t\t<\/div>\n\t\t\t\t\t<\/div>\n\t\t<\/div>\n\t\t\t\t\t\t\t\t<\/div>\n\t\t\t\t\t<\/div>\n\t\t<\/section>\n\t\t\t\t<section class=\"elementor-section elementor-top-section elementor-element elementor-element-2beb2f2b elementor-section-boxed elementor-section-height-default elementor-section-height-default\" data-id=\"2beb2f2b\" data-element_type=\"section\">\n\t\t\t\t\t\t<div class=\"elementor-container elementor-column-gap-default\">\n\t\t\t\t\t\t\t<div class=\"elementor-row\">\n\t\t\t\t\t<div class=\"elementor-column elementor-col-100 elementor-top-column elementor-element elementor-element-3133a8fe\" data-id=\"3133a8fe\" data-element_type=\"column\">\n\t\t\t<div class=\"elementor-column-wrap elementor-element-populated\">\n\t\t\t\t\t\t\t<div class=\"elementor-widget-wrap\">\n\t\t\t\t\t\t<div class=\"elementor-element elementor-element-5d1004b1 elementor-widget elementor-widget-spacer\" data-id=\"5d1004b1\" data-element_type=\"widget\" data-widget_type=\"spacer.default\">\n\t\t\t\t<div class=\"elementor-widget-container\">\n\t\t\t\t\t<div class=\"elementor-spacer\">\n\t\t\t<div class=\"elementor-spacer-inner\"><\/div>\n\t\t<\/div>\n\t\t\t\t<\/div>\n\t\t\t\t<\/div>\n\t\t\t\t<div class=\"elementor-element elementor-element-2e53c21c elementor-widget elementor-widget-dtshop-widget-related-products\" data-id=\"2e53c21c\" data-element_type=\"widget\" data-widget_type=\"dtshop-widget-related-products.default\">\n\t\t\t\t<div class=\"elementor-widget-container\">\n\t\t\tPlease provide product id to display corresponding data!\t\t<\/div>\n\t\t\t\t<\/div>\n\t\t\t\t\t\t<\/div>\n\t\t\t\t\t<\/div>\n\t\t<\/div>\n\t\t\t\t\t\t\t\t<\/div>\n\t\t\t\t\t<\/div>\n\t\t<\/section>\n\t\t\t\t\t\t<\/div>\n\t\t\t\t\t\t<\/div>\n\t\t\t\t\t<\/div>\n\t\t","protected":false},"excerpt":{"rendered":"<p>\u00c4ven om du \u00e4r nyb\u00f6rjare inom hudv\u00e5rd, \u00e4r chansen stor att du redan vet hur viktigt det \u00e4r att tv\u00e4tta ansiktet och implementera en solid hudv\u00e5rdsrutin. \u00c4ven om du inte n\u00f6dv\u00e4ndigtvis skulle kategorisera dessa till synes enkla, sm\u00e5 uppgifter som roliga, kan ett s\u00f6tt och milj\u00f6v\u00e4nligt BamboHeadband  g\u00f6ra upplevelsen mycket roligare.<br \/>\nV\u00e5r BamboHeadband ger det optimala komforten och st\u00f6det f\u00f6r att skydda dina kanter och h\u00e5lla h\u00e5ret borta fr\u00e5n ansiktet n\u00e4r du applicerar dina produkter och reng\u00f6r din hud.<br \/>\nDessutom \u00e4r v\u00e5ra BamboHeadband gjorda p\u00e5 100% bambu och \u00e4r supermjuka, stretchiga och maskintv\u00e4ttbara<\/p>\n<p><strong>Specifikation<\/strong><br \/>\n\u2022\tStorlek: One Size<br \/>\n\u2022\tAntal : 1 st<br \/>\n\u2022\tF\u00e4rger: Vit<br \/>\n\u2022\tMaterial: 100% bambu<br \/>\n\u2022\tTillverkare: Bambopads Sweden Ab TM<\/p>\n<p><strong>Tv\u00e4ttr\u00e5d BamboPads<\/strong><br \/>\n\u2022\tTv\u00e4ttas i 40\u00b0C<br \/>\n\u2022\tTorktumlas l\u00e5g effekt<\/p>\n","protected":false},"featured_media":23992,"comment_status":"open","ping_status":"closed","template":"","meta":[],"product_cat":[93],"product_tag":[94,95],"_links":{"self":[{"href":"https:\/\/bambopads.com\/sv\/wp-json\/wp\/v2\/product\/24026"}],"collection":[{"href":"https:\/\/bambopads.com\/sv\/wp-json\/wp\/v2\/product"}],"about":[{"href":"https:\/\/bambopads.com\/sv\/wp-json\/wp\/v2\/types\/product"}],"replies":[{"embeddable":true,"href":"https:\/\/bambopads.com\/sv\/wp-json\/wp\/v2\/comments?post=24026"}],"version-history":[{"count":9,"href":"https:\/\/bambopads.com\/sv\/wp-json\/wp\/v2\/product\/24026\/revisions"}],"predecessor-version":[{"id":25599,"href":"https:\/\/bambopads.com\/sv\/wp-json\/wp\/v2\/product\/24026\/revisions\/25599"}],"wp:featuredmedia":[{"embeddable":true,"href":"https:\/\/bambopads.com\/sv\/wp-json\/wp\/v2\/media\/23992"}],"wp:attachment":[{"href":"https:\/\/bambopads.com\/sv\/wp-json\/wp\/v2\/media?parent=24026"}],"wp:term":[{"taxonomy":"product_cat","embeddable":true,"href":"https:\/\/bambopads.com\/sv\/wp-json\/wp\/v2\/product_cat?post=24026"},{"taxonomy":"product_tag","embeddable":true,"href":"https:\/\/bambopads.com\/sv\/wp-json\/wp\/v2\/product_tag?post=24026"}],"curies":[{"name":"wp","href":"https:\/\/api.w.org\/{rel}","templated":true}]}}