{"id":24019,"date":"2021-10-26T11:02:26","date_gmt":"2021-10-26T11:02:26","guid":{"rendered":"https:\/\/bambopads.com\/product\/bambo-towel\/"},"modified":"2022-01-18T03:11:31","modified_gmt":"2022-01-18T03:11:31","slug":"bambo-towel","status":"publish","type":"product","link":"https:\/\/bambopads.com\/sv\/product\/bambo-towel\/","title":{"rendered":"Bambo Towel"},"content":{"rendered":"\t\t<div data-elementor-type=\"wp-post\" data-elementor-id=\"24019\" class=\"elementor elementor-24019\" data-elementor-settings=\"[]\">\n\t\t\t\t\t\t<div class=\"elementor-inner\">\n\t\t\t\t\t\t\t<div class=\"elementor-section-wrap\">\n\t\t\t\t\t\t\t<section class=\"elementor-section elementor-top-section elementor-element elementor-element-bfa41a6 elementor-section-stretched elementor-section-full_width elementor-section-height-default elementor-section-height-default\" data-id=\"bfa41a6\" data-element_type=\"section\" data-settings=\"{&quot;stretch_section&quot;:&quot;section-stretched&quot;}\">\n\t\t\t\t\t\t<div class=\"elementor-container elementor-column-gap-default\">\n\t\t\t\t\t\t\t<div class=\"elementor-row\">\n\t\t\t\t\t<div class=\"elementor-column elementor-col-100 elementor-top-column elementor-element elementor-element-b60c6c8\" data-id=\"b60c6c8\" data-element_type=\"column\">\n\t\t\t<div class=\"elementor-column-wrap elementor-element-populated\">\n\t\t\t\t\t\t\t<div class=\"elementor-widget-wrap\">\n\t\t\t\t\t\t<div class=\"elementor-element elementor-element-d133065 product-nav-type1 elementor-widget elementor-widget-dtshop-widget-product-single-summary-nav-bar\" data-id=\"d133065\" data-element_type=\"widget\" data-widget_type=\"dtshop-widget-product-single-summary-nav-bar.default\">\n\t\t\t\t<div class=\"elementor-widget-container\">\n\t\t\tPlease provide product id to display corresponding data!\t\t<\/div>\n\t\t\t\t<\/div>\n\t\t\t\t\t\t<\/div>\n\t\t\t\t\t<\/div>\n\t\t<\/div>\n\t\t\t\t\t\t\t\t<\/div>\n\t\t\t\t\t<\/div>\n\t\t<\/section>\n\t\t\t\t<section class=\"elementor-section elementor-top-section elementor-element elementor-element-5f5e3d22 elementor-section-stretched elementor-section-full_width elementor-section-height-default elementor-section-height-default\" data-id=\"5f5e3d22\" data-element_type=\"section\" data-settings=\"{&quot;stretch_section&quot;:&quot;section-stretched&quot;}\">\n\t\t\t\t\t\t<div class=\"elementor-container elementor-column-gap-default\">\n\t\t\t\t\t\t\t<div class=\"elementor-row\">\n\t\t\t\t\t<div class=\"elementor-column elementor-col-50 elementor-top-column elementor-element elementor-element-34ea6de6\" data-id=\"34ea6de6\" data-element_type=\"column\">\n\t\t\t<div class=\"elementor-column-wrap elementor-element-populated\">\n\t\t\t\t\t\t\t<div class=\"elementor-widget-wrap\">\n\t\t\t\t\t\t\t\t<\/div>\n\t\t\t\t\t<\/div>\n\t\t<\/div>\n\t\t\t\t<div class=\"elementor-column elementor-col-50 elementor-top-column elementor-element elementor-element-59b242b5\" data-id=\"59b242b5\" data-element_type=\"column\">\n\t\t\t<div class=\"elementor-column-wrap elementor-element-populated\">\n\t\t\t\t\t\t\t<div class=\"elementor-widget-wrap\">\n\t\t\t\t\t\t<div class=\"elementor-element elementor-element-52ba46a9 beaux-shop-summary elementor-widget elementor-widget-dtshop-widget-product-single-summary\" data-id=\"52ba46a9\" data-element_type=\"widget\" data-widget_type=\"dtshop-widget-product-single-summary.default\">\n\t\t\t\t<div class=\"elementor-widget-container\">\n\t\t\t<div class=\"dt-sc-product-summary summary entry-summary  \"><div class=\"dt-sc-single-product-title\"><h1 class=\"product_title entry-title\">Bambo Towel<\/h1><\/div><div class=\"dt-sc-single-product-price\"><p class=\"price\"><span class=\"woocs_price_code\" data-product-id=\"24019\"><span class=\"woocommerce-Price-amount amount\"><bdi>79&nbsp;<span class=\"woocommerce-Price-currencySymbol\">&#107;&#114;<\/span><\/bdi><\/span><\/span><\/p><\/div><div class=\"woocommerce-product-details__short-description\">\n\t<p>Har du fortfarande bomullshanddukar i ditt badrum hemma? Det blir allt viktigare att t\u00e4nka innovativt i takt med att det blir viktigare att leva en h\u00e5llbar livsstil. N\u00e4r du handlar efter textilier, h\u00e4r \u00e4r n\u00e5gra anledningar till varf\u00f6r du b\u00f6r v\u00e4lja v\u00e5r bambuhandduk framf\u00f6r en gjord av bomull, viskos, spandex eller polyester.<\/p>\n<p><strong>Specifikation<\/strong><\/p>\n<ul>\n<li>Storlek: 25 x 25 cm f\u00f6r ansiktet<\/li>\n<li>F\u00e4rger: Vit<\/li>\n<li>Material: 100 % bambu<\/li>\n<li>Tillverkare: Bambopads Sweden Ab TM<\/li>\n<\/ul>\n<p><strong>Tv\u00e4ttr\u00e5d Bambohandduk<\/strong><\/p>\n<ul>\n<li>Tv\u00e4tta i 40\u00b0C<\/li>\n<li>Tv\u00e4tta f\u00f6re f\u00f6rsta anv\u00e4ndningen<\/li>\n<li>L\u00e5g torktumling<\/li>\n<\/ul>\n<\/div>\n<div class=\"product-buttons-wrapper product-button product-button-cart style-simple  \"><div class=\"wc_inline_buttons\"><div class=\"wcwl_btn_wrapper wc_btn_inline\"><\/div><\/div><\/div><\/div>\t\t<\/div>\n\t\t\t\t<\/div>\n\t\t\t\t<div class=\"elementor-element elementor-element-f97f6cf elementor-widget elementor-widget-jet-images-layout\" data-id=\"f97f6cf\" data-element_type=\"widget\" data-widget_type=\"jet-images-layout.default\">\n\t\t\t\t<div class=\"elementor-widget-container\">\n\t\t\t<div class=\"elementor-jet-images-layout jet-elements\">\n<div class=\"jet-images-layout layout-type-masonry\" data-settings='{\"layoutType\":\"masonry\",\"columns\":3,\"columnsTablet\":\"3\",\"columnsMobile\":\"2\",\"justifyHeight\":300}'>\n\t<div class=\"jet-images-layout__list column-desktop-3 column-tablet-3 column-mobile-2\" data-columns>\n<div class=\"jet-images-layout__item \">\n\t<div class=\"jet-images-layout__inner\">\n\t\t<div class=\"jet-images-layout__image-loader\"><span><\/span><\/div>\n\t\t<div class=\"jet-images-layout__link \">\n\t\t\t<div class=\"jet-images-layout__image\">\n\t\t\t\t<img decoding=\"async\" class=\"jet-images-layout__image-instance\" src=\"https:\/\/bambopads.com\/wp-content\/uploads\/2021\/09\/Klarna-Logo.wine_.png\" alt=\"Klarna-Logo.wine\" loading=\"lazy\">\t\t\t<\/div>\n\t\t\t<div class=\"jet-images-layout__content\"><\/div>\n\t\t<\/div>\n\t<\/div>\n<\/div>\n<div class=\"jet-images-layout__item \">\n\t<div class=\"jet-images-layout__inner\">\n\t\t<div class=\"jet-images-layout__image-loader\"><span><\/span><\/div>\n\t\t<div class=\"jet-images-layout__link \">\n\t\t\t<div class=\"jet-images-layout__image\">\n\t\t\t\t<img decoding=\"async\" class=\"jet-images-layout__image-instance\" src=\"https:\/\/bambopads.com\/wp-content\/uploads\/2021\/09\/Swish_payment-Logo.wine_.png\" alt=\"Swish_(payment)-Logo.wine\" loading=\"lazy\">\t\t\t<\/div>\n\t\t\t<div class=\"jet-images-layout__content\"><\/div>\n\t\t<\/div>\n\t<\/div>\n<\/div>\n<div class=\"jet-images-layout__item \">\n\t<div class=\"jet-images-layout__inner\">\n\t\t<div class=\"jet-images-layout__image-loader\"><span><\/span><\/div>\n\t\t<div class=\"jet-images-layout__link \">\n\t\t\t<div class=\"jet-images-layout__image\">\n\t\t\t\t<img decoding=\"async\" class=\"jet-images-layout__image-instance\" src=\"https:\/\/bambopads.com\/wp-content\/uploads\/2021\/09\/paypal_mb8k.png\" alt=\"paypal_mb8k\" loading=\"lazy\">\t\t\t<\/div>\n\t\t\t<div class=\"jet-images-layout__content\"><\/div>\n\t\t<\/div>\n\t<\/div>\n<\/div>\n<\/div><\/div>\n<\/div>\t\t<\/div>\n\t\t\t\t<\/div>\n\t\t\t\t\t\t<\/div>\n\t\t\t\t\t<\/div>\n\t\t<\/div>\n\t\t\t\t\t\t\t\t<\/div>\n\t\t\t\t\t<\/div>\n\t\t<\/section>\n\t\t\t\t<section class=\"elementor-section elementor-top-section elementor-element elementor-element-3a2fe47 elementor-section-boxed elementor-section-height-default elementor-section-height-default\" data-id=\"3a2fe47\" data-element_type=\"section\">\n\t\t\t\t\t\t<div class=\"elementor-container elementor-column-gap-default\">\n\t\t\t\t\t\t\t<div class=\"elementor-row\">\n\t\t\t\t\t<div class=\"elementor-column elementor-col-100 elementor-top-column elementor-element elementor-element-707ac30\" data-id=\"707ac30\" data-element_type=\"column\">\n\t\t\t<div class=\"elementor-column-wrap elementor-element-populated\">\n\t\t\t\t\t\t\t<div class=\"elementor-widget-wrap\">\n\t\t\t\t\t\t<div class=\"elementor-element elementor-element-5c1eeba elementor-widget elementor-widget-text-editor\" data-id=\"5c1eeba\" data-element_type=\"widget\" data-widget_type=\"text-editor.default\">\n\t\t\t\t<div class=\"elementor-widget-container\">\n\t\t\t\t\t\t\t\t<div class=\"elementor-text-editor elementor-clearfix\">\n\t\t\t\t<p class=\"MsoNormal\"><b>Bambu \u00e4r h\u00e5llbart<o:p><\/o:p><\/b><\/p>\n<p class=\"MsoNormal\"><span lang=\"EN-US\">H\u00e5llbarhet<br \/>\n\u00e4r utan tvekan Bamboos viktigaste egenskap. Faktum \u00e4r att bambu \u00e4r snabbast<br \/>\nv\u00e4xande v\u00e4xt p\u00e5 planeten. Detta, tillsammans med undvikande av konstgjorda processer,<br \/>\ng\u00f6r produktionen av bambuhanddukar mycket h\u00e5llbar. Som ett extra plus \u00e4r bambu<br \/>\nv\u00e4xt beh\u00f6ver inte planteras om eftersom nya skott spirar ur de gamla<br \/>\nettor. Det \u00e4r bra f\u00f6r dig och det \u00e4r \u00e4nnu b\u00e4ttre f\u00f6r milj\u00f6n.<\/p>\n<p><o:p><\/o:p><\/span><\/p>\n<p class=\"MsoNormal\"><b>Bambu motverkar svamp<o:p><\/o:p><\/b><\/p>\n<p class=\"MsoNormal\"><span lang=\"EN-US\">Men<br \/>\nman kan undra varf\u00f6r Bamboo fungerar s\u00e5 bra i textilier. Svaret finns i<br \/>\nsm\u00e5 fibrer. Bambuv\u00e4xtens fibrer har antibakteriella egenskaper, vilket<br \/>\nbetyder att de hindrar svamp fr\u00e5n att v\u00e4xa inuti tyget. Detta l\u00e5ter dig anv\u00e4nda<br \/>\ndin bambuhandduk i flera dagar utan att beh\u00f6va tv\u00e4tta den s\u00e5 ofta som<br \/>\nvanliga handdukar. Det \u00e4r en win-win-situation f\u00f6r b\u00e5de dig och milj\u00f6n.<\/p>\n<p><b><o:p><\/o:p><\/b><\/span><\/p>\n<p class=\"MsoNormal\"><b>Bambuhanddukar torkar snabbare<o:p><\/o:p><\/b><\/p>\n<p class=\"MsoNormal\"><span lang=\"EN-US\">Men<br \/>\nf\u00f6rdelarna med bambu slutar inte d\u00e4r. Bambu, i synnerhet, \u00e4r \u00f6verl\u00e4gsen<br \/>\nbomull vad g\u00e4ller fuktupptagning. Du beh\u00f6ver inte oroa dig f\u00f6r en bambu<br \/>\nhandduken luktar fruktansv\u00e4rt efter n\u00e5gra timmar eftersom den torkar s\u00e5 snabbt.<\/p>\n<p><o:p><\/o:p><\/span><\/p>\n<p class=\"MsoNormal\"><b>Mjukare \u00e4n vanliga handdukar<o:p><\/o:p><\/b><\/p>\n<p class=\"MsoNormal\"><span lang=\"EN-US\">En annan<br \/>\nBambu som tilltalar \u00e4r hur mjuk och gosig den blir n\u00e4r den anv\u00e4nds i textilier.<br \/>\nCellulosan i bambu har en sl\u00e4t yta som g\u00f6r att luften l\u00e4tt kan f\u00e4rdas<br \/>\ngenom och in. Enkelt uttryckt \u00e4r det en ren behandling f\u00f6r din hud. P\u00e5 grund av dess<br \/>\nmjukhet, \u00e4r den l\u00e4mplig f\u00f6r att v\u00e4va in i olika sorters tyger, s\u00e5som<br \/>\nbarnkl\u00e4der eller s\u00e4ngkl\u00e4der. F\u00f6r att g\u00f6ra dem s\u00e5 mjuka som m\u00f6jligt, m\u00e5nga eko<br \/>\nbambuhanddukar \u00e4r skapade av en kombination av bambu och bomull.<\/p>\n<p><o:p><\/o:p><\/span><\/p>\n<p class=\"MsoNormal\"><b>Allergi- och hudv\u00e4nlig<o:p><\/o:p><\/b><\/p>\n<\/p>\n<p class=\"MsoNormal\"><span lang=\"EN-US\">Om du,<br \/>\nsom s\u00e5 m\u00e5nga andra i v\u00e5rt kalla land, ha k\u00e4nslig hud, v\u00e5ra Bambo Pads<br \/>\n\u00e4r ett klokt val. P\u00e5 grund av att de \u00e4r naturligt mjuka g\u00f6r du inte<br \/>\nbeh\u00f6ver skrubba huden s\u00e5 h\u00e5rt, n\u00e5got som tenderar att skapa irritation och<br \/>\ni l\u00e4ngden torr hud. Om du dessutom \u00e4r k\u00e4nslig f\u00f6r syntetmaterial s\u00e5<br \/>\nbeh\u00f6ver inte oroa dig f\u00f6r bambu.<o:p><\/o:p><\/span><\/p>\n\t\t\t\t\t<\/div>\n\t\t\t\t\t\t<\/div>\n\t\t\t\t<\/div>\n\t\t\t\t\t\t<\/div>\n\t\t\t\t\t<\/div>\n\t\t<\/div>\n\t\t\t\t\t\t\t\t<\/div>\n\t\t\t\t\t<\/div>\n\t\t<\/section>\n\t\t\t\t<section class=\"elementor-section elementor-top-section elementor-element elementor-element-173c6c68 elementor-section-boxed elementor-section-height-default elementor-section-height-default\" data-id=\"173c6c68\" data-element_type=\"section\">\n\t\t\t\t\t\t<div class=\"elementor-container elementor-column-gap-default\">\n\t\t\t\t\t\t\t<div class=\"elementor-row\">\n\t\t\t\t\t<div class=\"elementor-column elementor-col-100 elementor-top-column elementor-element elementor-element-4d156091\" data-id=\"4d156091\" data-element_type=\"column\">\n\t\t\t<div class=\"elementor-column-wrap elementor-element-populated\">\n\t\t\t\t\t\t\t<div class=\"elementor-widget-wrap\">\n\t\t\t\t\t\t<div class=\"elementor-element elementor-element-5afb020a elementor-widget elementor-widget-spacer\" data-id=\"5afb020a\" data-element_type=\"widget\" data-widget_type=\"spacer.default\">\n\t\t\t\t<div class=\"elementor-widget-container\">\n\t\t\t\t\t<div class=\"elementor-spacer\">\n\t\t\t<div class=\"elementor-spacer-inner\"><\/div>\n\t\t<\/div>\n\t\t\t\t<\/div>\n\t\t\t\t<\/div>\n\t\t\t\t\t\t<\/div>\n\t\t\t\t\t<\/div>\n\t\t<\/div>\n\t\t\t\t\t\t\t\t<\/div>\n\t\t\t\t\t<\/div>\n\t\t<\/section>\n\t\t\t\t<section class=\"elementor-section elementor-top-section elementor-element elementor-element-2beb2f2b elementor-section-boxed elementor-section-height-default elementor-section-height-default\" data-id=\"2beb2f2b\" data-element_type=\"section\">\n\t\t\t\t\t\t<div class=\"elementor-container elementor-column-gap-default\">\n\t\t\t\t\t\t\t<div class=\"elementor-row\">\n\t\t\t\t\t<div class=\"elementor-column elementor-col-100 elementor-top-column elementor-element elementor-element-3133a8fe\" data-id=\"3133a8fe\" data-element_type=\"column\">\n\t\t\t<div class=\"elementor-column-wrap elementor-element-populated\">\n\t\t\t\t\t\t\t<div class=\"elementor-widget-wrap\">\n\t\t\t\t\t\t<div class=\"elementor-element elementor-element-5d1004b1 elementor-widget elementor-widget-spacer\" data-id=\"5d1004b1\" data-element_type=\"widget\" data-widget_type=\"spacer.default\">\n\t\t\t\t<div class=\"elementor-widget-container\">\n\t\t\t\t\t<div class=\"elementor-spacer\">\n\t\t\t<div class=\"elementor-spacer-inner\"><\/div>\n\t\t<\/div>\n\t\t\t\t<\/div>\n\t\t\t\t<\/div>\n\t\t\t\t<div class=\"elementor-element elementor-element-2e53c21c elementor-widget elementor-widget-dtshop-widget-related-products\" data-id=\"2e53c21c\" data-element_type=\"widget\" data-widget_type=\"dtshop-widget-related-products.default\">\n\t\t\t\t<div class=\"elementor-widget-container\">\n\t\t\tPlease provide product id to display corresponding data!\t\t<\/div>\n\t\t\t\t<\/div>\n\t\t\t\t\t\t<\/div>\n\t\t\t\t\t<\/div>\n\t\t<\/div>\n\t\t\t\t\t\t\t\t<\/div>\n\t\t\t\t\t<\/div>\n\t\t<\/section>\n\t\t\t\t\t\t<\/div>\n\t\t\t\t\t\t<\/div>\n\t\t\t\t\t<\/div>\n\t\t","protected":false},"excerpt":{"rendered":"<p>Har du fortfarande bomullshanddukar i ditt badrum hemma? Det blir allt viktigare att t\u00e4nka innovativt i takt med att det blir viktigare att leva en h\u00e5llbar livsstil. N\u00e4r du handlar efter textilier, h\u00e4r \u00e4r n\u00e5gra anledningar till varf\u00f6r du b\u00f6r v\u00e4lja v\u00e5r bambuhandduk framf\u00f6r en gjord av bomull, viskos, spandex eller polyester.<\/p>\n<p><strong>Specifikation<\/strong><\/p>\n<ul>\n<li>Storlek: 25 x 25 cm f\u00f6r ansiktet<\/li>\n<li>F\u00e4rger: Vit<\/li>\n<li>Material: 100 % bambu<\/li>\n<li>Tillverkare: Bambopads Sweden Ab TM<\/li>\n<\/ul>\n<p><strong>Tv\u00e4ttr\u00e5d Bambohandduk<\/strong><\/p>\n<ul>\n<li>Tv\u00e4tta i 40\u00b0C<\/li>\n<li>Tv\u00e4tta f\u00f6re f\u00f6rsta anv\u00e4ndningen<\/li>\n<li>L\u00e5g torktumling<\/li>\n<\/ul>\n","protected":false},"featured_media":23996,"comment_status":"open","ping_status":"closed","template":"","meta":[],"product_cat":[93],"product_tag":[94,95],"_links":{"self":[{"href":"https:\/\/bambopads.com\/sv\/wp-json\/wp\/v2\/product\/24019"}],"collection":[{"href":"https:\/\/bambopads.com\/sv\/wp-json\/wp\/v2\/product"}],"about":[{"href":"https:\/\/bambopads.com\/sv\/wp-json\/wp\/v2\/types\/product"}],"replies":[{"embeddable":true,"href":"https:\/\/bambopads.com\/sv\/wp-json\/wp\/v2\/comments?post=24019"}],"version-history":[{"count":8,"href":"https:\/\/bambopads.com\/sv\/wp-json\/wp\/v2\/product\/24019\/revisions"}],"predecessor-version":[{"id":25605,"href":"https:\/\/bambopads.com\/sv\/wp-json\/wp\/v2\/product\/24019\/revisions\/25605"}],"wp:featuredmedia":[{"embeddable":true,"href":"https:\/\/bambopads.com\/sv\/wp-json\/wp\/v2\/media\/23996"}],"wp:attachment":[{"href":"https:\/\/bambopads.com\/sv\/wp-json\/wp\/v2\/media?parent=24019"}],"wp:term":[{"taxonomy":"product_cat","embeddable":true,"href":"https:\/\/bambopads.com\/sv\/wp-json\/wp\/v2\/product_cat?post=24019"},{"taxonomy":"product_tag","embeddable":true,"href":"https:\/\/bambopads.com\/sv\/wp-json\/wp\/v2\/product_tag?post=24019"}],"curies":[{"name":"wp","href":"https:\/\/api.w.org\/{rel}","templated":true}]}}