{"id":24013,"date":"2021-09-22T12:58:03","date_gmt":"2021-09-22T12:58:03","guid":{"rendered":"https:\/\/bambopads.com\/product\/bambo-bag\/"},"modified":"2022-01-18T03:56:15","modified_gmt":"2022-01-18T03:56:15","slug":"bambo-bag","status":"publish","type":"product","link":"https:\/\/bambopads.com\/sv\/product\/bambo-bag\/","title":{"rendered":"Bambo bag"},"content":{"rendered":"\t\t<div data-elementor-type=\"wp-post\" data-elementor-id=\"24013\" class=\"elementor elementor-24013\" data-elementor-settings=\"[]\">\n\t\t\t\t\t\t<div class=\"elementor-inner\">\n\t\t\t\t\t\t\t<div class=\"elementor-section-wrap\">\n\t\t\t\t\t\t\t<section class=\"elementor-section elementor-top-section elementor-element elementor-element-bfa41a6 elementor-section-stretched elementor-section-full_width elementor-section-height-default elementor-section-height-default\" data-id=\"bfa41a6\" data-element_type=\"section\" data-settings=\"{&quot;stretch_section&quot;:&quot;section-stretched&quot;}\">\n\t\t\t\t\t\t<div class=\"elementor-container elementor-column-gap-default\">\n\t\t\t\t\t\t\t<div class=\"elementor-row\">\n\t\t\t\t\t<div class=\"elementor-column elementor-col-100 elementor-top-column elementor-element elementor-element-b60c6c8\" data-id=\"b60c6c8\" data-element_type=\"column\">\n\t\t\t<div class=\"elementor-column-wrap elementor-element-populated\">\n\t\t\t\t\t\t\t<div class=\"elementor-widget-wrap\">\n\t\t\t\t\t\t<div class=\"elementor-element elementor-element-d133065 product-nav-type1 elementor-widget elementor-widget-dtshop-widget-product-single-summary-nav-bar\" data-id=\"d133065\" data-element_type=\"widget\" data-widget_type=\"dtshop-widget-product-single-summary-nav-bar.default\">\n\t\t\t\t<div class=\"elementor-widget-container\">\n\t\t\tPlease provide product id to display corresponding data!\t\t<\/div>\n\t\t\t\t<\/div>\n\t\t\t\t\t\t<\/div>\n\t\t\t\t\t<\/div>\n\t\t<\/div>\n\t\t\t\t\t\t\t\t<\/div>\n\t\t\t\t\t<\/div>\n\t\t<\/section>\n\t\t\t\t<section class=\"elementor-section elementor-top-section elementor-element elementor-element-5f5e3d22 elementor-section-stretched elementor-section-full_width elementor-section-height-default elementor-section-height-default\" data-id=\"5f5e3d22\" data-element_type=\"section\" data-settings=\"{&quot;stretch_section&quot;:&quot;section-stretched&quot;}\">\n\t\t\t\t\t\t<div class=\"elementor-container elementor-column-gap-default\">\n\t\t\t\t\t\t\t<div class=\"elementor-row\">\n\t\t\t\t\t<div class=\"elementor-column elementor-col-50 elementor-top-column elementor-element elementor-element-34ea6de6\" data-id=\"34ea6de6\" data-element_type=\"column\">\n\t\t\t<div class=\"elementor-column-wrap elementor-element-populated\">\n\t\t\t\t\t\t\t<div class=\"elementor-widget-wrap\">\n\t\t\t\t\t\t\t\t<\/div>\n\t\t\t\t\t<\/div>\n\t\t<\/div>\n\t\t\t\t<div class=\"elementor-column elementor-col-50 elementor-top-column elementor-element elementor-element-59b242b5\" data-id=\"59b242b5\" data-element_type=\"column\">\n\t\t\t<div class=\"elementor-column-wrap elementor-element-populated\">\n\t\t\t\t\t\t\t<div class=\"elementor-widget-wrap\">\n\t\t\t\t\t\t<div class=\"elementor-element elementor-element-52ba46a9 beaux-shop-summary elementor-widget elementor-widget-dtshop-widget-product-single-summary\" data-id=\"52ba46a9\" data-element_type=\"widget\" data-widget_type=\"dtshop-widget-product-single-summary.default\">\n\t\t\t\t<div class=\"elementor-widget-container\">\n\t\t\t<div class=\"dt-sc-product-summary summary entry-summary  \"><div class=\"dt-sc-single-product-title\"><h1 class=\"product_title entry-title\">Bambo bag<\/h1><\/div><div class=\"dt-sc-single-product-price\"><p class=\"price\"><span class=\"woocs_price_code\" data-product-id=\"24013\"><span class=\"woocommerce-Price-amount amount\"><bdi>89&nbsp;<span class=\"woocommerce-Price-currencySymbol\">&#107;&#114;<\/span><\/bdi><\/span><\/span><\/p><\/div><div class=\"woocommerce-product-details__short-description\">\n\t<p>Vi tillhandah\u00e5ller milj\u00f6v\u00e4nliga och humana alternativ till eng\u00e5ngsartiklar. Byt ut dina bomullsdynor f\u00f6r eng\u00e5ngsbruk till v\u00e5ra \u00e5teranv\u00e4ndbara Bambo-kuddar. Du \u00e4r inte bara sn\u00e4ll mot milj\u00f6n och din pl\u00e5nbok genom att anv\u00e4nda v\u00e5ra \u00e5teranv\u00e4ndbara Bambo Pads, utan du \u00e4r ocks\u00e5 bra mot det viktigaste, din k\u00e4nsliga hud! V\u00e5ra Bamboo Pads \u00e4r helt gjorda av bambu och inneh\u00e5ller inga andra komponenter. De \u00e4r lika bra p\u00e5 att ta bort smink och v\u00e5rda huden som p\u00e5 att reng\u00f6ra k\u00e4nslig babyhud. Andra anv\u00e4nder viskos, spandex, polyester och bomull; vi anv\u00e4nder 100 % ekologisk och naturlig bambu.<\/p>\n<p><strong>Specifikation<\/strong><\/p>\n<ul>\n<li>Storlek: 18X15cm<\/li>\n<li>Antal: 1 st<\/li>\n<li>F\u00e4rger: Natur<\/li>\n<li>Material: 100 % bambu<\/li>\n<li>Tillverkare: Bambopads Sweden Ab TM<\/li>\n<li>Ing\u00e5r vid k\u00f6p av BamboKit (399)<\/li>\n<li>Ing\u00e5r vid k\u00f6p av 1 10pack BamboPads (299)<\/li>\n<\/ul>\n<p><strong>Tv\u00e4ttr\u00e5d BamboPads<\/strong><\/p>\n<ul>\n<li>Tv\u00e4tta i 40\u00b0C<\/li>\n<li>L\u00e5g torktumling<\/li>\n<\/ul>\n<\/div>\n<div class=\"product-buttons-wrapper product-button product-button-cart style-simple  \"><div class=\"wc_inline_buttons\"><div class=\"wcwl_btn_wrapper wc_btn_inline\"><\/div><\/div><\/div><\/div>\t\t<\/div>\n\t\t\t\t<\/div>\n\t\t\t\t<div class=\"elementor-element elementor-element-0f629f8 elementor-widget elementor-widget-jet-images-layout\" data-id=\"0f629f8\" data-element_type=\"widget\" data-widget_type=\"jet-images-layout.default\">\n\t\t\t\t<div class=\"elementor-widget-container\">\n\t\t\t<div class=\"elementor-jet-images-layout jet-elements\">\n<div class=\"jet-images-layout layout-type-masonry\" data-settings='{\"layoutType\":\"masonry\",\"columns\":3,\"columnsTablet\":\"3\",\"columnsMobile\":\"2\",\"justifyHeight\":300}'>\n\t<div class=\"jet-images-layout__list column-desktop-3 column-tablet-3 column-mobile-2\" data-columns>\n<div class=\"jet-images-layout__item \">\n\t<div class=\"jet-images-layout__inner\">\n\t\t<div class=\"jet-images-layout__image-loader\"><span><\/span><\/div>\n\t\t<div class=\"jet-images-layout__link \">\n\t\t\t<div class=\"jet-images-layout__image\">\n\t\t\t\t<img decoding=\"async\" class=\"jet-images-layout__image-instance\" src=\"https:\/\/bambopads.com\/wp-content\/uploads\/2021\/09\/Klarna-Logo.wine_.png\" alt=\"Klarna-Logo.wine\" loading=\"lazy\">\t\t\t<\/div>\n\t\t\t<div class=\"jet-images-layout__content\"><\/div>\n\t\t<\/div>\n\t<\/div>\n<\/div>\n<div class=\"jet-images-layout__item \">\n\t<div class=\"jet-images-layout__inner\">\n\t\t<div class=\"jet-images-layout__image-loader\"><span><\/span><\/div>\n\t\t<div class=\"jet-images-layout__link \">\n\t\t\t<div class=\"jet-images-layout__image\">\n\t\t\t\t<img decoding=\"async\" class=\"jet-images-layout__image-instance\" src=\"https:\/\/bambopads.com\/wp-content\/uploads\/2021\/09\/Swish_payment-Logo.wine_.png\" alt=\"Swish_(payment)-Logo.wine\" loading=\"lazy\">\t\t\t<\/div>\n\t\t\t<div class=\"jet-images-layout__content\"><\/div>\n\t\t<\/div>\n\t<\/div>\n<\/div>\n<div class=\"jet-images-layout__item \">\n\t<div class=\"jet-images-layout__inner\">\n\t\t<div class=\"jet-images-layout__image-loader\"><span><\/span><\/div>\n\t\t<div class=\"jet-images-layout__link \">\n\t\t\t<div class=\"jet-images-layout__image\">\n\t\t\t\t<img decoding=\"async\" class=\"jet-images-layout__image-instance\" src=\"https:\/\/bambopads.com\/wp-content\/uploads\/2021\/09\/paypal_mb8k.png\" alt=\"paypal_mb8k\" loading=\"lazy\">\t\t\t<\/div>\n\t\t\t<div class=\"jet-images-layout__content\"><\/div>\n\t\t<\/div>\n\t<\/div>\n<\/div>\n<\/div><\/div>\n<\/div>\t\t<\/div>\n\t\t\t\t<\/div>\n\t\t\t\t\t\t<\/div>\n\t\t\t\t\t<\/div>\n\t\t<\/div>\n\t\t\t\t\t\t\t\t<\/div>\n\t\t\t\t\t<\/div>\n\t\t<\/section>\n\t\t\t\t<section class=\"elementor-section elementor-top-section elementor-element elementor-element-8432830 elementor-section-boxed elementor-section-height-default elementor-section-height-default\" data-id=\"8432830\" data-element_type=\"section\">\n\t\t\t\t\t\t<div class=\"elementor-container elementor-column-gap-default\">\n\t\t\t\t\t\t\t<div class=\"elementor-row\">\n\t\t\t\t\t<div class=\"elementor-column elementor-col-100 elementor-top-column elementor-element elementor-element-60b2f7a\" data-id=\"60b2f7a\" data-element_type=\"column\">\n\t\t\t<div class=\"elementor-column-wrap elementor-element-populated\">\n\t\t\t\t\t\t\t<div class=\"elementor-widget-wrap\">\n\t\t\t\t\t\t<div class=\"elementor-element elementor-element-e2f3796 elementor-widget elementor-widget-text-editor\" data-id=\"e2f3796\" data-element_type=\"widget\" data-widget_type=\"text-editor.default\">\n\t\t\t\t<div class=\"elementor-widget-container\">\n\t\t\t\t\t\t\t\t<div class=\"elementor-text-editor elementor-clearfix\">\n\t\t\t\t<p style=\"margin-bottom: 0cm; line-height: normal; background-color: white;\"><b><span lang=\"NL\" style=\"font-size:11.5pt;font-family:&#038;quot ;Segoe UI&quot;,sans-serif;mso-fareast-font-family:\n&quot;Times New Roman&quot;;f\u00e4rg:#201F1E;mso-fareast-language:NL\">Bambu \u00e4r h\u00e5llbar<o:p><\/o:p><\/span><\/b><\/p>\n<p style=\"margin-bottom: 0cm; line-height: normal; background-color: white;\"><span lang=\"NL\" style=\"font-size:11.5pt;font-family:\n&quot;Segoe UI&quot;,sans-serif;mso-fareast-font-family:&quot;Times New Roman&quot;;f\u00e4rg:#201F1E;\nmso-fareast-language:NL\">Bambus kanske starkaste egenskap \u00e4r dess<br \/>\nvaraktighet. Faktum \u00e4r att bambu \u00e4r v\u00e4rldens snabbast v\u00e4xande v\u00e4xt. Detta i<br \/>\nkombination med att undvika konstgjorda metoder g\u00f6r produktionen av bambu<br \/>\ns\u00e4rskilt h\u00e5llbart. Som en bonus beh\u00f6ver bambuplantan inte heller vara<br \/>\nplanteras om n\u00e4r nya skott v\u00e4xer ur de gamla skotten. Bra f\u00f6r dig och verkligen<br \/>\nbra f\u00f6r v\u00e5r planet.<o:p><\/o:p><\/span><\/p>\n<p style=\"margin-bottom: 0cm; line-height: normal; background-color: white;\"><span lang=\"NL\" style=\"font-size:11.5pt;font-family:\n&quot;Segoe UI&quot;,sans-serif;mso-fareast-font-family:&quot;Times New Roman&quot;;f\u00e4rg:#201F1E;\nmso-fareast-language:NL\">Bambu motverkar svamp<o:p><\/o:p><\/span><\/p>\n<p style=\"margin-bottom: 0cm; line-height: normal; background-color: white;\"><span lang=\"NL\" style=\"font-size:11.5pt;font-family:\n&quot;Segoe UI&quot;,sans-serif;mso-fareast-font-family:&quot;Times New Roman&quot;;f\u00e4rg:#201F1E;\nmso-fareast-language:NL\">Men du kanske undrar varf\u00f6r bambu passar s\u00e5 bra i<br \/>\ntextilier? Svaret kan hittas i sm\u00e5 fibrer. Bambuens fibrer<br \/>\nv\u00e4xten har antibakteriella egenskaper, vilket inneb\u00e4r att de hindrar svampar fr\u00e5n att v\u00e4xa<br \/>\ninuti materialet. Detta g\u00f6r att du kan anv\u00e4nda dina Bambo Pads i flera dagar i<br \/>\nen rad utan att beh\u00f6va tv\u00e4tta dem. Bambo Pads \u00e4r extra mjuka och smidiga!<o:p><\/o:p><\/span><\/p>\n<p style=\"margin-bottom: 0cm; line-height: normal; background-color: white;\"><b><span lang=\"NL\" style=\"font-size:11.5pt;font-family:&#038;quot ;Segoe UI&quot;,sans-serif;mso-fareast-font-family:\n&quot;Times New Roman&quot;;f\u00e4rg:#201F1E;mso-fareast-language:NL\">&nbsp;<\/span><\/b><\/p>\n<p style=\"margin-bottom: 0cm; line-height: normal; background-color: white;\"><b><span lang=\"NL\" style=\"font-size:11.5pt;font-family:&#038;quot ;Segoe UI&quot;,sans-serif;mso-fareast-font-family:\n&quot;Times New Roman&quot;;f\u00e4rg:#201F1E;mso-fareast-language:NL\">Bambu<o:p><\/o:p><\/span><\/b><\/p>\n<p style=\"margin-bottom: 0cm; line-height: normal; background-color: white;\"><span lang=\"NL\" style=\"font-size:11.5pt;font-family:\n&quot;Segoe UI&quot;,sans-serif;mso-fareast-font-family:&quot;Times New Roman&quot;;f\u00e4rg:#201F1E;\nmso-fareast-language:NL\">Men bambus coola egenskaper slutar inte d\u00e4r.<br \/>\nBambu \u00e4r s\u00e4rskilt anv\u00e4ndbart eftersom det absorberar fukt mycket b\u00e4ttre \u00e4n andra<br \/>\nmaterial.<o:p><\/o:p><\/span><\/p>\n<p style=\"margin-bottom: 0cm; line-height: normal; background-color: white;\"><span lang=\"NL\" style=\"font-size:11.5pt;font-family:\n&quot;Segoe UI&quot;,sans-serif;mso-fareast-font-family:&quot;Times New Roman&quot;;f\u00e4rg:#201F1E;\nmso-fareast-language:NL\">En annan tilltalande egenskap hos bambu \u00e4r hur varmt det \u00e4r<br \/>\nk\u00e4nns n\u00e4r det anv\u00e4nds i textilier. Cellulosan i bambu har en silkeslen yta<br \/>\nsom l\u00e5ter luft str\u00f6mma fritt in och ut. Enkelt uttryckt \u00e4r det en ren njutning f\u00f6r<br \/>\ndin hud.<o:p><\/o:p><\/span><\/p>\n<p style=\"margin-bottom: 0cm; line-height: normal; background-color: white;\"><span lang=\"NL\" style=\"font-size:11.5pt;font-family:\n&quot;Segoe UI&quot;,sans-serif;mso-fareast-font-family:&quot;Times New Roman&quot;;f\u00e4rg:#201F1E;\nmso-fareast-language:NL\"><br \/><\/span><\/p>\n<p style=\"margin-bottom: 0cm; line-height: normal; background-color: white;\"><span lang=\"NL\" style=\"font-size:11.5pt;font-family:\n&quot;Segoe UI&quot;,sans-serif;mso-fareast-font-family:&quot;Times New Roman&quot;;f\u00e4rg:#201F1E;\nmso-fareast-language:NL\">Allergi- och hudv\u00e4nlig<o:p><\/o:p><\/span><\/p>\n<\/p>\n<p style=\"margin-bottom: 0cm; line-height: normal; background-color: white;\"><span lang=\"NL\" style=\"font-size:11.5pt;font-family:\n&quot;Segoe UI&quot;,sans-serif;mso-fareast-font-family:&quot;Times New Roman&quot;;f\u00e4rg:#201F1E;\nmso-fareast-language:NL\">Om du, som s\u00e5 m\u00e5nga andra i v\u00e5rt kalla land, har<br \/>\nk\u00e4nslig hud \u00e4r v\u00e5ra Bambo Pads ett klokt val. P\u00e5 grund av att de \u00e4r<br \/>\nnaturligt mjuk, du beh\u00f6ver inte skrubba huden s\u00e5 h\u00e5rt, n\u00e5got som tenderar<br \/>\nf\u00f6r att skapa irritation och p\u00e5 sikt torr hud. Om du ocks\u00e5 \u00e4r k\u00e4nslig f\u00f6r<br \/>\nsyntetiskt material, du beh\u00f6ver inte oroa dig f\u00f6r bambu.<o:p><\/o:p><\/span><\/p>\n\t\t\t\t\t<\/div>\n\t\t\t\t\t\t<\/div>\n\t\t\t\t<\/div>\n\t\t\t\t\t\t<\/div>\n\t\t\t\t\t<\/div>\n\t\t<\/div>\n\t\t\t\t\t\t\t\t<\/div>\n\t\t\t\t\t<\/div>\n\t\t<\/section>\n\t\t\t\t<section class=\"elementor-section elementor-top-section elementor-element elementor-element-173c6c68 elementor-section-boxed elementor-section-height-default elementor-section-height-default\" data-id=\"173c6c68\" data-element_type=\"section\">\n\t\t\t\t\t\t<div class=\"elementor-container elementor-column-gap-default\">\n\t\t\t\t\t\t\t<div class=\"elementor-row\">\n\t\t\t\t\t<div class=\"elementor-column elementor-col-100 elementor-top-column elementor-element elementor-element-4d156091\" data-id=\"4d156091\" data-element_type=\"column\">\n\t\t\t<div class=\"elementor-column-wrap elementor-element-populated\">\n\t\t\t\t\t\t\t<div class=\"elementor-widget-wrap\">\n\t\t\t\t\t\t<div class=\"elementor-element elementor-element-5afb020a elementor-widget elementor-widget-spacer\" data-id=\"5afb020a\" data-element_type=\"widget\" data-widget_type=\"spacer.default\">\n\t\t\t\t<div class=\"elementor-widget-container\">\n\t\t\t\t\t<div class=\"elementor-spacer\">\n\t\t\t<div class=\"elementor-spacer-inner\"><\/div>\n\t\t<\/div>\n\t\t\t\t<\/div>\n\t\t\t\t<\/div>\n\t\t\t\t\t\t<\/div>\n\t\t\t\t\t<\/div>\n\t\t<\/div>\n\t\t\t\t\t\t\t\t<\/div>\n\t\t\t\t\t<\/div>\n\t\t<\/section>\n\t\t\t\t<section class=\"elementor-section elementor-top-section elementor-element elementor-element-2beb2f2b elementor-section-boxed elementor-section-height-default elementor-section-height-default\" data-id=\"2beb2f2b\" data-element_type=\"section\">\n\t\t\t\t\t\t<div class=\"elementor-container elementor-column-gap-default\">\n\t\t\t\t\t\t\t<div class=\"elementor-row\">\n\t\t\t\t\t<div class=\"elementor-column elementor-col-100 elementor-top-column elementor-element elementor-element-3133a8fe\" data-id=\"3133a8fe\" data-element_type=\"column\">\n\t\t\t<div class=\"elementor-column-wrap elementor-element-populated\">\n\t\t\t\t\t\t\t<div class=\"elementor-widget-wrap\">\n\t\t\t\t\t\t<div class=\"elementor-element elementor-element-5d1004b1 elementor-widget elementor-widget-spacer\" data-id=\"5d1004b1\" data-element_type=\"widget\" data-widget_type=\"spacer.default\">\n\t\t\t\t<div class=\"elementor-widget-container\">\n\t\t\t\t\t<div class=\"elementor-spacer\">\n\t\t\t<div class=\"elementor-spacer-inner\"><\/div>\n\t\t<\/div>\n\t\t\t\t<\/div>\n\t\t\t\t<\/div>\n\t\t\t\t<div class=\"elementor-element elementor-element-2e53c21c elementor-widget elementor-widget-dtshop-widget-related-products\" data-id=\"2e53c21c\" data-element_type=\"widget\" data-widget_type=\"dtshop-widget-related-products.default\">\n\t\t\t\t<div class=\"elementor-widget-container\">\n\t\t\tPlease provide product id to display corresponding data!\t\t<\/div>\n\t\t\t\t<\/div>\n\t\t\t\t\t\t<\/div>\n\t\t\t\t\t<\/div>\n\t\t<\/div>\n\t\t\t\t\t\t\t\t<\/div>\n\t\t\t\t\t<\/div>\n\t\t<\/section>\n\t\t\t\t\t\t<\/div>\n\t\t\t\t\t\t<\/div>\n\t\t\t\t\t<\/div>\n\t\t","protected":false},"excerpt":{"rendered":"<p>Vi tillhandah\u00e5ller milj\u00f6v\u00e4nliga och humana alternativ till eng\u00e5ngsartiklar. Byt ut dina bomullsdynor f\u00f6r eng\u00e5ngsbruk till v\u00e5ra \u00e5teranv\u00e4ndbara Bambo-kuddar. Du \u00e4r inte bara sn\u00e4ll mot milj\u00f6n och din pl\u00e5nbok genom att anv\u00e4nda v\u00e5ra \u00e5teranv\u00e4ndbara Bambo Pads, utan du \u00e4r ocks\u00e5 bra mot det viktigaste, din k\u00e4nsliga hud! V\u00e5ra Bamboo Pads \u00e4r helt gjorda av bambu och inneh\u00e5ller inga andra komponenter. De \u00e4r lika bra p\u00e5 att ta bort smink och v\u00e5rda huden som p\u00e5 att reng\u00f6ra k\u00e4nslig babyhud. Andra anv\u00e4nder viskos, spandex, polyester och bomull; vi anv\u00e4nder 100 % ekologisk och naturlig bambu.<\/p>\n<p><strong>Specifikation<\/strong><\/p>\n<ul>\n<li>Storlek: 18X15cm<\/li>\n<li>Antal: 1 st<\/li>\n<li>F\u00e4rger: Natur<\/li>\n<li>Material: 100 % bambu<\/li>\n<li>Tillverkare: Bambopads Sweden Ab TM<\/li>\n<li>Ing\u00e5r vid k\u00f6p av BamboKit (399)<\/li>\n<li>Ing\u00e5r vid k\u00f6p av 1 10pack BamboPads (299)<\/li>\n<\/ul>\n<p><strong>Tv\u00e4ttr\u00e5d BamboPads<\/strong><\/p>\n<ul>\n<li>Tv\u00e4tta i 40\u00b0C<\/li>\n<li>L\u00e5g torktumling<\/li>\n<\/ul>\n","protected":false},"featured_media":24003,"comment_status":"open","ping_status":"closed","template":"","meta":[],"product_cat":[93],"product_tag":[94,95],"_links":{"self":[{"href":"https:\/\/bambopads.com\/sv\/wp-json\/wp\/v2\/product\/24013"}],"collection":[{"href":"https:\/\/bambopads.com\/sv\/wp-json\/wp\/v2\/product"}],"about":[{"href":"https:\/\/bambopads.com\/sv\/wp-json\/wp\/v2\/types\/product"}],"replies":[{"embeddable":true,"href":"https:\/\/bambopads.com\/sv\/wp-json\/wp\/v2\/comments?post=24013"}],"version-history":[{"count":9,"href":"https:\/\/bambopads.com\/sv\/wp-json\/wp\/v2\/product\/24013\/revisions"}],"predecessor-version":[{"id":25617,"href":"https:\/\/bambopads.com\/sv\/wp-json\/wp\/v2\/product\/24013\/revisions\/25617"}],"wp:featuredmedia":[{"embeddable":true,"href":"https:\/\/bambopads.com\/sv\/wp-json\/wp\/v2\/media\/24003"}],"wp:attachment":[{"href":"https:\/\/bambopads.com\/sv\/wp-json\/wp\/v2\/media?parent=24013"}],"wp:term":[{"taxonomy":"product_cat","embeddable":true,"href":"https:\/\/bambopads.com\/sv\/wp-json\/wp\/v2\/product_cat?post=24013"},{"taxonomy":"product_tag","embeddable":true,"href":"https:\/\/bambopads.com\/sv\/wp-json\/wp\/v2\/product_tag?post=24013"}],"curies":[{"name":"wp","href":"https:\/\/api.w.org\/{rel}","templated":true}]}}