{"id":24315,"date":"2020-04-13T06:28:57","date_gmt":"2020-04-13T06:28:57","guid":{"rendered":"https:\/\/bambopads.com\/refund-policy\/"},"modified":"2020-04-13T06:28:57","modified_gmt":"2020-04-13T06:28:57","slug":"refund-policy","status":"publish","type":"page","link":"https:\/\/bambopads.com\/sv\/refund-policy\/","title":{"rendered":"Refund policy"},"content":{"rendered":"\t\t<div data-elementor-type=\"wp-page\" data-elementor-id=\"24315\" class=\"elementor elementor-24315\" data-elementor-settings=\"[]\">\n\t\t\t\t\t\t<div class=\"elementor-inner\">\n\t\t\t\t\t\t\t<div class=\"elementor-section-wrap\">\n\t\t\t\t\t\t\t<section class=\"elementor-section elementor-top-section elementor-element elementor-element-0647c1a elementor-section-boxed elementor-section-height-default elementor-section-height-default\" data-id=\"0647c1a\" data-element_type=\"section\">\n\t\t\t\t\t\t<div class=\"elementor-container elementor-column-gap-default\">\n\t\t\t\t\t\t\t<div class=\"elementor-row\">\n\t\t\t\t\t<div class=\"elementor-column elementor-col-100 elementor-top-column elementor-element elementor-element-ad2825d\" data-id=\"ad2825d\" data-element_type=\"column\">\n\t\t\t<div class=\"elementor-column-wrap elementor-element-populated\">\n\t\t\t\t\t\t\t<div class=\"elementor-widget-wrap\">\n\t\t\t\t\t\t<div class=\"elementor-element elementor-element-9e7a993 elementor-widget elementor-widget-text-editor\" data-id=\"9e7a993\" data-element_type=\"widget\" data-widget_type=\"text-editor.default\">\n\t\t\t\t<div class=\"elementor-widget-container\">\n\t\t\t\t\t\t\t\t<div class=\"elementor-text-editor elementor-clearfix\">\n\t\t\t\t<p><strong>Allm\u00e4nt<\/strong><br \/>Samtliga priser inkluderar vid f\u00f6rs\u00e4ljningstillf\u00e4llet g\u00e4llande merv\u00e4rdesskatt, f\u00f6r n\u00e4rvarande 25%.\u00a0Frakt tillkommer p\u00e5 alla priser om inte annat anges.\u00a0F\u00f6r att genomf\u00f6ra ett k\u00f6p p\u00e5 BamboPads Sweden Ab kr\u00e4vs det att du \u00e4r \u00f6ver 18 \u00e5r. \u00c4r du under 18 \u00e5r kr\u00e4vs enligt F\u00f6r\u00e4ldrabalken m\u00e5lsmans medgivande. Genom best\u00e4llning p\u00e5 Bambopads Sweden Ab godk\u00e4nner du de vid tiden publicerade villkor som anges nedan och intygar att de uppgifter du l\u00e4mnar om dig sj\u00e4lv \u00e4r korrekta.<\/p><p><strong>Leverans<\/strong><br \/>V\u00e5ra normala leveranstider \u00e4r 2-7 arbetsdagar beroende p\u00e5 valt fraktalternativ. Best\u00e4llningar lagda p\u00e5 helger skickas tidigast m\u00e5ndagen efter. Om f\u00f6rseningar i leveransen skulle uppst\u00e5 (utan att vi har meddelat dig om l\u00e4ngre leveranstid) ber vi dig kontakta v\u00e5r kundtj\u00e4nst.<\/p><p><strong>\u00c5ngerr\u00e4tt<\/strong><\/p><p>Hos BamboPads Sweden Ab har du alltid 30 dagars \u00e5ngerr\u00e4tt. Fraktkostnaden st\u00e5r du sj\u00e4lv f\u00f6r och det \u00e4r viktigt att produkten inte anv\u00e4nds innan en retur sker,<br \/>Frakt kostnaden st\u00e5r du sj\u00e4lv f\u00f6r och det \u00e4r viktigt att produkten inte anv\u00e4nds innan en retur sker, f\u00f6rpackningen m\u00e5ste allts\u00e5 vara obruten.<\/p><p>N\u00e4r din retur mottagits beh\u00f6ver den godk\u00e4nnas av BamboPads Sweden Ab , vid en ogiltig retur \u00e5terkopplar vi till dig via mail.<\/p><p>Vid retur st\u00e5r du f\u00f6r risken f\u00f6r varan och det \u00e4r d\u00e4rf\u00f6r mycket viktigt att varan returneras i en oskadad originalf\u00f6rpackning och att alla eventuella tillbeh\u00f6r och manualer ocks\u00e5 skickas med. Anv\u00e4nd g\u00e4rna originalkartongen din order kom i som yttre emballage vid retur. F\u00f6rpacka din retur v\u00e4l och skicka ditt paket sp\u00e5rbart. Det \u00e4r du sj\u00e4lv som ansvarar att den kommer fram till oss.<\/p><p>M\u00e4rk returen tydligt med BamboPads, l\u00e4gg med en notering d\u00e4r ditt namn och mailadress framg\u00e5r och skicka paketet till:<\/p><p>BamboPads Sweden AB<br \/>Klostergatan 9<br \/>75321 Uppsala<\/p><p>\u00c5terbetalning av mottagen och godk\u00e4nd retur sker inom 30 dagar.<\/p><p><strong><span class=\"VIiyi\" lang=\"en\"><span class=\"JLqJ4b\" data-language-for-alternatives=\"en\" data-language-to-translate-into=\"sv\" data-phrase-index=\"0\" data-number-of-phrases=\"1\">Generally <\/span><\/span><\/strong><\/p><p><span class=\"VIiyi\" lang=\"en\"><span class=\"JLqJ4b\" data-language-for-alternatives=\"en\" data-language-to-translate-into=\"sv\" data-phrase-index=\"0\" data-number-of-phrases=\"1\">All prices include VAT applicable at the time of sale, currently 25%. Shipping will be added to all prices unless otherwise stated. To make a purchase at BamboPads Sweden Ab, you must be over 18 years old. If you are under 18 years of age, according to the Parental Code, the guardian&#8217;s consent is required. By ordering from Bambopads Sweden Ab, you accept the terms and conditions published at the time stated below and certify that the information you provide about yourself is correct.<\/span><\/span><\/p><p><strong><span class=\"VIiyi\" lang=\"en\"><span class=\"JLqJ4b\" data-language-for-alternatives=\"en\" data-language-to-translate-into=\"sv\" data-phrase-index=\"0\" data-number-of-phrases=\"1\">Delivery <\/span><\/span><\/strong><\/p><p><span class=\"VIiyi\" lang=\"en\"><span class=\"JLqJ4b\" data-language-for-alternatives=\"en\" data-language-to-translate-into=\"sv\" data-phrase-index=\"0\" data-number-of-phrases=\"1\">Our normal delivery times are 2-7 working days depending on the chosen shipping option. Orders placed on weekends are sent no later than the following Monday. Should delays in delivery occur (without us notifying you of a longer delivery time), please contact our customer service.<\/span><\/span><\/p><p><span class=\"VIiyi\" lang=\"en\"><span class=\"JLqJ4b\" data-language-for-alternatives=\"en\" data-language-to-translate-into=\"sv\" data-phrase-index=\"0\" data-number-of-phrases=\"1\"><strong>Right of withdrawal<\/strong> <\/span><\/span><\/p><p><span class=\"VIiyi\" lang=\"en\"><span class=\"JLqJ4b\" data-language-for-alternatives=\"en\" data-language-to-translate-into=\"sv\" data-phrase-index=\"0\" data-number-of-phrases=\"1\">At BamboPads Sweden Ab, you always have a 30-day right of withdrawal. You bear the shipping cost yourself and it is important that the product is not used before a return takes place, You bear the shipping cost yourself and it is important that the product is not used before a return takes place, so the packaging must be unbroken.<\/span><\/span><\/p><p><span class=\"VIiyi\" lang=\"en\"><span class=\"JLqJ4b\" data-language-for-alternatives=\"en\" data-language-to-translate-into=\"sv\" data-phrase-index=\"0\" data-number-of-phrases=\"1\">When your return has been received, it needs to be approved by BamboPads Sweden Ab, in the event of an invalid return, we will get back to you via email.<\/span><\/span><\/p><p><span class=\"VIiyi\" lang=\"en\"><span class=\"JLqJ4b\" data-language-for-alternatives=\"en\" data-language-to-translate-into=\"sv\" data-phrase-index=\"0\" data-number-of-phrases=\"1\">Upon return, you are responsible for the risk of the product and it is therefore very important that the product is returned in an undamaged original packaging and that all possible accessories and manuals are also sent with. Feel free to use the original box your order came in as outer packaging when returning. Pack your return well and send your package traceable. You are responsible for getting it to us.<\/span><\/span><\/p><p><span class=\"VIiyi\" lang=\"en\"><span class=\"JLqJ4b\" data-language-for-alternatives=\"en\" data-language-to-translate-into=\"sv\" data-phrase-index=\"0\" data-number-of-phrases=\"1\">Mark the return clearly with BamboPads, add a note where your name and email address appear and send the package to:<\/span><\/span><\/p><p><span class=\"VIiyi\" lang=\"en\"><span class=\"JLqJ4b\" data-language-for-alternatives=\"en\" data-language-to-translate-into=\"sv\" data-phrase-index=\"0\" data-number-of-phrases=\"1\">BamboPads Sweden AB<\/span><\/span><\/p><p><span class=\"VIiyi\" lang=\"en\"><span class=\"JLqJ4b\" data-language-for-alternatives=\"en\" data-language-to-translate-into=\"sv\" data-phrase-index=\"0\" data-number-of-phrases=\"1\">Klostergatan 9 <\/span><\/span><span class=\"VIiyi\" lang=\"en\"><span class=\"JLqJ4b\" data-language-for-alternatives=\"en\" data-language-to-translate-into=\"sv\" data-phrase-index=\"0\" data-number-of-phrases=\"1\">75321 <\/span><\/span><\/p><p><span class=\"VIiyi\" lang=\"en\"><span class=\"JLqJ4b\" data-language-for-alternatives=\"en\" data-language-to-translate-into=\"sv\" data-phrase-index=\"0\" data-number-of-phrases=\"1\">Uppsala <\/span><\/span><\/p><p><span class=\"VIiyi\" lang=\"en\"><span class=\"JLqJ4b\" data-language-for-alternatives=\"en\" data-language-to-translate-into=\"sv\" data-phrase-index=\"0\" data-number-of-phrases=\"1\">Refund of received and approved return takes place within 30 days.<\/span><\/span><\/p>\t\t\t\t\t<\/div>\n\t\t\t\t\t\t<\/div>\n\t\t\t\t<\/div>\n\t\t\t\t\t\t<\/div>\n\t\t\t\t\t<\/div>\n\t\t<\/div>\n\t\t\t\t\t\t\t\t<\/div>\n\t\t\t\t\t<\/div>\n\t\t<\/section>\n\t\t\t\t\t\t<\/div>\n\t\t\t\t\t\t<\/div>\n\t\t\t\t\t<\/div>\n\t\t","protected":false},"excerpt":{"rendered":"<p>Allm\u00e4ntSamtliga priser inkluderar vid f\u00f6rs\u00e4ljningstillf\u00e4llet g\u00e4llande merv\u00e4rdesskatt, f\u00f6r n\u00e4rvarande 25%.\u00a0Frakt tillkommer p\u00e5 alla priser om inte annat anges.\u00a0F\u00f6r att genomf\u00f6ra ett k\u00f6p p\u00e5 BamboPads Sweden Ab kr\u00e4vs det att du \u00e4r \u00f6ver 18 \u00e5r. \u00c4r du under 18 \u00e5r kr\u00e4vs enligt F\u00f6r\u00e4ldrabalken m\u00e5lsmans medgivande. Genom best\u00e4llning p\u00e5 Bambopads Sweden Ab godk\u00e4nner du de vid tiden [&hellip;]<\/p>\n","protected":false},"author":1,"featured_media":0,"parent":0,"menu_order":0,"comment_status":"closed","ping_status":"closed","template":"","meta":[],"_links":{"self":[{"href":"https:\/\/bambopads.com\/sv\/wp-json\/wp\/v2\/pages\/24315"}],"collection":[{"href":"https:\/\/bambopads.com\/sv\/wp-json\/wp\/v2\/pages"}],"about":[{"href":"https:\/\/bambopads.com\/sv\/wp-json\/wp\/v2\/types\/page"}],"author":[{"embeddable":true,"href":"https:\/\/bambopads.com\/sv\/wp-json\/wp\/v2\/users\/1"}],"replies":[{"embeddable":true,"href":"https:\/\/bambopads.com\/sv\/wp-json\/wp\/v2\/comments?post=24315"}],"version-history":[{"count":0,"href":"https:\/\/bambopads.com\/sv\/wp-json\/wp\/v2\/pages\/24315\/revisions"}],"wp:attachment":[{"href":"https:\/\/bambopads.com\/sv\/wp-json\/wp\/v2\/media?parent=24315"}],"curies":[{"name":"wp","href":"https:\/\/api.w.org\/{rel}","templated":true}]}}