{"id":25619,"date":"2020-04-12T09:17:32","date_gmt":"2020-04-12T09:17:32","guid":{"rendered":"https:\/\/bambopads.com\/product\/bambo-pads\/"},"modified":"2022-01-28T18:20:39","modified_gmt":"2022-01-28T18:20:39","slug":"bambo-pads","status":"publish","type":"product","link":"https:\/\/bambopads.com\/nl\/product\/bambo-pads\/","title":{"rendered":"Bambo Pads"},"content":{"rendered":"\t\t<div data-elementor-type=\"wp-post\" data-elementor-id=\"25619\" class=\"elementor elementor-25619\" data-elementor-settings=\"[]\">\n\t\t\t\t\t\t<div class=\"elementor-inner\">\n\t\t\t\t\t\t\t<div class=\"elementor-section-wrap\">\n\t\t\t\t\t\t\t<section class=\"elementor-section elementor-top-section elementor-element elementor-element-bfa41a6 elementor-section-stretched elementor-section-full_width elementor-section-height-default elementor-section-height-default\" data-id=\"bfa41a6\" data-element_type=\"section\" data-settings=\"{&quot;stretch_section&quot;:&quot;section-stretched&quot;}\">\n\t\t\t\t\t\t<div class=\"elementor-container elementor-column-gap-default\">\n\t\t\t\t\t\t\t<div class=\"elementor-row\">\n\t\t\t\t\t<div class=\"elementor-column elementor-col-100 elementor-top-column elementor-element elementor-element-b60c6c8\" data-id=\"b60c6c8\" data-element_type=\"column\">\n\t\t\t<div class=\"elementor-column-wrap elementor-element-populated\">\n\t\t\t\t\t\t\t<div class=\"elementor-widget-wrap\">\n\t\t\t\t\t\t<div class=\"elementor-element elementor-element-d133065 product-nav-type1 elementor-widget elementor-widget-dtshop-widget-product-single-summary-nav-bar\" data-id=\"d133065\" data-element_type=\"widget\" data-widget_type=\"dtshop-widget-product-single-summary-nav-bar.default\">\n\t\t\t\t<div class=\"elementor-widget-container\">\n\t\t\tPlease provide product id to display corresponding data!\t\t<\/div>\n\t\t\t\t<\/div>\n\t\t\t\t\t\t<\/div>\n\t\t\t\t\t<\/div>\n\t\t<\/div>\n\t\t\t\t\t\t\t\t<\/div>\n\t\t\t\t\t<\/div>\n\t\t<\/section>\n\t\t\t\t<section class=\"elementor-section elementor-top-section elementor-element elementor-element-5f5e3d22 elementor-section-stretched elementor-section-full_width elementor-section-height-default elementor-section-height-default\" data-id=\"5f5e3d22\" data-element_type=\"section\" data-settings=\"{&quot;stretch_section&quot;:&quot;section-stretched&quot;}\">\n\t\t\t\t\t\t<div class=\"elementor-container elementor-column-gap-default\">\n\t\t\t\t\t\t\t<div class=\"elementor-row\">\n\t\t\t\t\t<div class=\"elementor-column elementor-col-50 elementor-top-column elementor-element elementor-element-34ea6de6\" data-id=\"34ea6de6\" data-element_type=\"column\">\n\t\t\t<div class=\"elementor-column-wrap elementor-element-populated\">\n\t\t\t\t\t\t\t<div class=\"elementor-widget-wrap\">\n\t\t\t\t\t\t\t\t<\/div>\n\t\t\t\t\t<\/div>\n\t\t<\/div>\n\t\t\t\t<div class=\"elementor-column elementor-col-50 elementor-top-column elementor-element elementor-element-59b242b5\" data-id=\"59b242b5\" data-element_type=\"column\">\n\t\t\t<div class=\"elementor-column-wrap elementor-element-populated\">\n\t\t\t\t\t\t\t<div class=\"elementor-widget-wrap\">\n\t\t\t\t\t\t<div class=\"elementor-element elementor-element-52ba46a9 beaux-shop-summary elementor-widget elementor-widget-dtshop-widget-product-single-summary\" data-id=\"52ba46a9\" data-element_type=\"widget\" data-widget_type=\"dtshop-widget-product-single-summary.default\">\n\t\t\t\t<div class=\"elementor-widget-container\">\n\t\t\t<div class=\"dt-sc-product-summary summary entry-summary  \"><div class=\"dt-sc-single-product-title\"><h1 class=\"product_title entry-title\">Bambo Pads<\/h1><\/div><div class=\"dt-sc-single-product-price\"><p class=\"price\"><span class=\"woocs_price_code\" data-product-id=\"25619\"><span class=\"woocommerce-Price-amount amount\"><bdi>299&nbsp;<span class=\"woocommerce-Price-currencySymbol\">&#107;&#114;<\/span><\/bdi><\/span><\/span><\/p><\/div><div class=\"woocommerce-product-details__short-description\">\n\t<p>Wij maken milieuvriendelijke en natuurlijke alternatieven voor wegwerp-producten. Met de BamboPads, Bamb Hoofdband, BamboHanddoek en de BamboTas, bieden wij een volledige oplossing om jou huidverzorgingsroutine milieuvriendelijker \u00e9n vriendelijker voor je huid te maken. Onze wasbare Bambo Pads zijn een goed alternatief voor wegwerp pads. Door de herbruikbare Bambo pads te gebruiken, werk je niet alleen mee aan een beter milieu maar het is ook nog eens beter voor je portomonnee! Maar het meest belangrijke is dat je het beste gebruikt voor jou kwetsbare huid!<br \/>\nOnze Bambo pads zijn volledig gemaakt van bamboe en bevatten g\u00e9\u00e9n toegevoegde producten. W\u00e9l  zijn ze n\u00e9t zo goed voor het verwijderen van make-up en het verzorgen en schoonmaken van een gevoelige babyhuid.<br \/>\nAnderen gebruiken viscose, spandex, polyester en katoen; wij gebruiken 100% organisch en natuurlijk bamboe.\n<\/p>\n<p><strong>Specificaties<\/strong><\/p>\n<ul>\n<li>Maat: 10 x 10 cm<\/li>\n<li>Aantal: 10 stk<\/li>\n<li>Accessories: Wanneer je 1st 10-pack pads koopt (299) inclusief de BamboTas<\/li>\n<li>Kleur: wit<\/li>\n<li>Materiaal: 100% bamboe<\/li>\n<li>fabrikant: BAMBOPADS SWEDEN AB TM<\/li>\n<\/ul>\n<p><strong>Was instructies Bambopads<\/strong><\/p>\n<ul>\n<li>Was op 40\u00b0C\u2022 gebruik de BamboTas<\/li>\n<li>Bij dagelijks gebruik spoelen met lauwwarm stromend water<\/li>\n<li>Gebruik alle Babotassen alvorens ze te wassen in de wasmachine<br \/>\nLET OP: de pads mogen niet in de droger<\/li>\n<\/ul>\n<\/div>\n<div class=\"product-buttons-wrapper product-button product-button-cart style-simple  \"><div class=\"wc_inline_buttons\"><div class=\"wcwl_btn_wrapper wc_btn_inline\"><\/div><\/div><\/div><\/div>\t\t<\/div>\n\t\t\t\t<\/div>\n\t\t\t\t<div class=\"elementor-element elementor-element-a298bd2 elementor-widget elementor-widget-jet-images-layout\" data-id=\"a298bd2\" data-element_type=\"widget\" data-widget_type=\"jet-images-layout.default\">\n\t\t\t\t<div class=\"elementor-widget-container\">\n\t\t\t<div class=\"elementor-jet-images-layout jet-elements\">\n<div class=\"jet-images-layout layout-type-masonry\" data-settings='{\"layoutType\":\"masonry\",\"columns\":3,\"columnsTablet\":\"\",\"columnsMobile\":\"\",\"justifyHeight\":300}'>\n\t<div class=\"jet-images-layout__list column-desktop-3 column-tablet-2 column-mobile-1\" data-columns>\n<div class=\"jet-images-layout__item \">\n\t<div class=\"jet-images-layout__inner\">\n\t\t<div class=\"jet-images-layout__image-loader\"><span><\/span><\/div>\n\t\t<div class=\"jet-images-layout__link \">\n\t\t\t<div class=\"jet-images-layout__image\">\n\t\t\t\t<img decoding=\"async\" class=\"jet-images-layout__image-instance\" src=\"https:\/\/bambopads.com\/wp-content\/uploads\/2021\/09\/Klarna-Logo.wine_.png\" alt=\"Klarna-Logo.wine\" loading=\"lazy\">\t\t\t<\/div>\n\t\t\t<div class=\"jet-images-layout__content\"><\/div>\n\t\t<\/div>\n\t<\/div>\n<\/div>\n<div class=\"jet-images-layout__item \">\n\t<div class=\"jet-images-layout__inner\">\n\t\t<div class=\"jet-images-layout__image-loader\"><span><\/span><\/div>\n\t\t<div class=\"jet-images-layout__link \">\n\t\t\t<div class=\"jet-images-layout__image\">\n\t\t\t\t<img decoding=\"async\" class=\"jet-images-layout__image-instance\" src=\"https:\/\/bambopads.com\/wp-content\/uploads\/2021\/09\/Swish_payment-Logo.wine_.png\" alt=\"Swish_(payment)-Logo.wine\" loading=\"lazy\">\t\t\t<\/div>\n\t\t\t<div class=\"jet-images-layout__content\"><\/div>\n\t\t<\/div>\n\t<\/div>\n<\/div>\n<div class=\"jet-images-layout__item \">\n\t<div class=\"jet-images-layout__inner\">\n\t\t<div class=\"jet-images-layout__image-loader\"><span><\/span><\/div>\n\t\t<div class=\"jet-images-layout__link \">\n\t\t\t<div class=\"jet-images-layout__image\">\n\t\t\t\t<img decoding=\"async\" class=\"jet-images-layout__image-instance\" src=\"https:\/\/bambopads.com\/wp-content\/uploads\/2021\/09\/paypal_mb8k.png\" alt=\"paypal_mb8k\" loading=\"lazy\">\t\t\t<\/div>\n\t\t\t<div class=\"jet-images-layout__content\"><\/div>\n\t\t<\/div>\n\t<\/div>\n<\/div>\n<\/div><\/div>\n<\/div>\t\t<\/div>\n\t\t\t\t<\/div>\n\t\t\t\t\t\t<\/div>\n\t\t\t\t\t<\/div>\n\t\t<\/div>\n\t\t\t\t\t\t\t\t<\/div>\n\t\t\t\t\t<\/div>\n\t\t<\/section>\n\t\t\t\t<section class=\"elementor-section elementor-top-section elementor-element elementor-element-6744239 elementor-section-boxed elementor-section-height-default elementor-section-height-default\" data-id=\"6744239\" data-element_type=\"section\">\n\t\t\t\t\t\t<div class=\"elementor-container elementor-column-gap-default\">\n\t\t\t\t\t\t\t<div class=\"elementor-row\">\n\t\t\t\t\t<div class=\"elementor-column elementor-col-100 elementor-top-column elementor-element elementor-element-d8ba054\" data-id=\"d8ba054\" data-element_type=\"column\">\n\t\t\t<div class=\"elementor-column-wrap elementor-element-populated\">\n\t\t\t\t\t\t\t<div class=\"elementor-widget-wrap\">\n\t\t\t\t\t\t<div class=\"elementor-element elementor-element-c74c9c0 elementor-widget elementor-widget-text-editor\" data-id=\"c74c9c0\" data-element_type=\"widget\" data-widget_type=\"text-editor.default\">\n\t\t\t\t<div class=\"elementor-widget-container\">\n\t\t\t\t\t\t\t\t<div class=\"elementor-text-editor elementor-clearfix\">\n\t\t\t\t<p class=\"MsoNormal\"><b>Bamboe is duurzaam<\/b><\/p>\n<p class=\"MsoNormal\"><span lang=\"EN-US\">Waarschijnlijk is de grootste kwaliteit van bamboe de duurzaamheid. Een feit is dat bamboe &#8216;s werelds snelst groeiende plant is. Dit in combinatie met het mijden van kunstmatige methodes maakt de productie van bamboe praktisch duurzaam. N\u00f3g een bonus is dat bamboe niet geherplant hoeft te worden, omdat er nieuwe wortels uit de oude wortels groeien. Goed voor jou \u00e9n voor onze planeet.<\/span><\/p>\n<p>&nbsp;<\/p>\n<p class=\"MsoNormal\"><b>Bamboe gaat schimmel tegen<\/b><\/p>\n<p class=\"MsoNormal\"><span lang=\"EN-US\">Je zult je afvragen waarom bamboe goed materiaal is om textiel van te maken. Dit komt door de kleine vezels. De vezels van de bamboe plant hebben antibacteri\u00eble eigenschappen, wat betekend dat ze de groei van schimmels in het materiaal tegenhouden. Hierdoor kun je de Bambo Pads meerdere dagen achterelkaar gebruiken zonder ze te wassen <\/span><\/p>\n<p class=\"MsoNormal\"><span lang=\"EN-US\">Bambo Pads zijn extra zacht en glad!<\/span><\/p>\n<p>&nbsp;<\/p>\n<p class=\"MsoNormal\"><b>Bamboe<\/b><\/p>\n<p class=\"MsoNormal\"><span lang=\"EN-US\">Maar dat zijn niet de enige goeie eigenschappen van bamboe. Bamboe is vooral erg geschikt, omdat het vochtigheid beter absorbeert dan andere materialen.<br \/>\nEen andere bijzondere kwaliteit van bamboe is dat het warm aanvoelt wanneer het wordt gebruikt in textiel. De cellen in bamboe hebben een zijdezacht oppervlak waardoor de lucht er vrij in \u00e9n uit kan.<br \/>\n<\/span><\/p>\n<p class=\"MsoNormal\"><span lang=\"EN-US\">Simpel gezegd, het is een ware verwennerij voor je huid.<\/span><\/p>\n<p>&nbsp;<\/p>\n<p class=\"MsoNormal\"><b>Allergie en huidvriendelijk<\/b><\/p>\n<p class=\"MsoNormal\"><span lang=\"EN-US\">Wanneer jij net als vele andere in ons land een gevoelige huid hebt, zijn onze Bambo Pads een goede keuze! Gezien feit dat ze natuurlijk zacht zijn, hoef je de huid niet hard te scrubben. Iets wat vaak irritatie veroorzaakt en op de lange termijn een droge huid. Wanneer je gevoelig bent voor synthetisch materiaal, hoef je daar bij onze bambo producten niet bang voor te zijn.<\/span><\/p>\n\t\t\t\t\t<\/div>\n\t\t\t\t\t\t<\/div>\n\t\t\t\t<\/div>\n\t\t\t\t\t\t<\/div>\n\t\t\t\t\t<\/div>\n\t\t<\/div>\n\t\t\t\t\t\t\t\t<\/div>\n\t\t\t\t\t<\/div>\n\t\t<\/section>\n\t\t\t\t<section class=\"elementor-section elementor-top-section elementor-element elementor-element-173c6c68 elementor-section-boxed elementor-section-height-default elementor-section-height-default\" data-id=\"173c6c68\" data-element_type=\"section\">\n\t\t\t\t\t\t<div class=\"elementor-container elementor-column-gap-default\">\n\t\t\t\t\t\t\t<div class=\"elementor-row\">\n\t\t\t\t\t<div class=\"elementor-column elementor-col-100 elementor-top-column elementor-element elementor-element-4d156091\" data-id=\"4d156091\" data-element_type=\"column\">\n\t\t\t<div class=\"elementor-column-wrap elementor-element-populated\">\n\t\t\t\t\t\t\t<div class=\"elementor-widget-wrap\">\n\t\t\t\t\t\t<div class=\"elementor-element elementor-element-5afb020a elementor-widget elementor-widget-spacer\" data-id=\"5afb020a\" data-element_type=\"widget\" data-widget_type=\"spacer.default\">\n\t\t\t\t<div class=\"elementor-widget-container\">\n\t\t\t\t\t<div class=\"elementor-spacer\">\n\t\t\t<div class=\"elementor-spacer-inner\"><\/div>\n\t\t<\/div>\n\t\t\t\t<\/div>\n\t\t\t\t<\/div>\n\t\t\t\t\t\t<\/div>\n\t\t\t\t\t<\/div>\n\t\t<\/div>\n\t\t\t\t\t\t\t\t<\/div>\n\t\t\t\t\t<\/div>\n\t\t<\/section>\n\t\t\t\t<section class=\"elementor-section elementor-top-section elementor-element elementor-element-2beb2f2b elementor-section-boxed elementor-section-height-default elementor-section-height-default\" data-id=\"2beb2f2b\" data-element_type=\"section\">\n\t\t\t\t\t\t<div class=\"elementor-container elementor-column-gap-default\">\n\t\t\t\t\t\t\t<div class=\"elementor-row\">\n\t\t\t\t\t<div class=\"elementor-column elementor-col-100 elementor-top-column elementor-element elementor-element-3133a8fe\" data-id=\"3133a8fe\" data-element_type=\"column\">\n\t\t\t<div class=\"elementor-column-wrap elementor-element-populated\">\n\t\t\t\t\t\t\t<div class=\"elementor-widget-wrap\">\n\t\t\t\t\t\t<div class=\"elementor-element elementor-element-6fa0ba54 elementor-widget elementor-widget-heading\" data-id=\"6fa0ba54\" data-element_type=\"widget\" data-widget_type=\"heading.default\">\n\t\t\t\t<div class=\"elementor-widget-container\">\n\t\t\t<h6 class=\"elementor-heading-title elementor-size-default\">Dit vind je misschien ook leuk<\/h6>\t\t<\/div>\n\t\t\t\t<\/div>\n\t\t\t\t<div class=\"elementor-element elementor-element-5d1004b1 elementor-widget elementor-widget-spacer\" data-id=\"5d1004b1\" data-element_type=\"widget\" data-widget_type=\"spacer.default\">\n\t\t\t\t<div class=\"elementor-widget-container\">\n\t\t\t\t\t<div class=\"elementor-spacer\">\n\t\t\t<div class=\"elementor-spacer-inner\"><\/div>\n\t\t<\/div>\n\t\t\t\t<\/div>\n\t\t\t\t<\/div>\n\t\t\t\t<div class=\"elementor-element elementor-element-2e53c21c elementor-widget elementor-widget-dtshop-widget-related-products\" data-id=\"2e53c21c\" data-element_type=\"widget\" data-widget_type=\"dtshop-widget-related-products.default\">\n\t\t\t\t<div class=\"elementor-widget-container\">\n\t\t\tPlease provide product id to display corresponding data!\t\t<\/div>\n\t\t\t\t<\/div>\n\t\t\t\t\t\t<\/div>\n\t\t\t\t\t<\/div>\n\t\t<\/div>\n\t\t\t\t\t\t\t\t<\/div>\n\t\t\t\t\t<\/div>\n\t\t<\/section>\n\t\t\t\t\t\t<\/div>\n\t\t\t\t\t\t<\/div>\n\t\t\t\t\t<\/div>\n\t\t","protected":false},"excerpt":{"rendered":"<p>Wij maken milieuvriendelijke en natuurlijke alternatieven voor wegwerp-producten. Met de BamboPads, Bamb Hoofdband, BamboHanddoek en de BamboTas, bieden wij een volledige oplossing om jou huidverzorgingsroutine milieuvriendelijker \u00e9n vriendelijker voor je huid te maken. Onze wasbare Bambo Pads zijn een goed alternatief voor wegwerp pads. Door de herbruikbare Bambo pads te gebruiken, werk je niet alleen mee aan een beter milieu maar het is ook nog eens beter voor je portomonnee! Maar het meest belangrijke is dat je het beste gebruikt voor jou kwetsbare huid!<br \/>\nOnze Bambo pads zijn volledig gemaakt van bamboe en bevatten g\u00e9\u00e9n toegevoegde producten. W\u00e9l  zijn ze n\u00e9t zo goed voor het verwijderen van make-up en het verzorgen en schoonmaken van een gevoelige babyhuid.<br \/>\nAnderen gebruiken viscose, spandex, polyester en katoen; wij gebruiken 100% organisch en natuurlijk bamboe.\n<\/p>\n<p><strong>Specificaties<\/strong><\/p>\n<ul>\n<li>Maat: 10 x 10 cm<\/li>\n<li>Aantal: 10 stk<\/li>\n<li>Accessories: Wanneer je 1st 10-pack pads koopt (299) inclusief de BamboTas<\/li>\n<li>Kleur: wit<\/li>\n<li>Materiaal: 100% bamboe<\/li>\n<li>fabrikant: BAMBOPADS SWEDEN AB TM<\/li>\n<\/ul>\n<p><strong>Was instructies Bambopads<\/strong><\/p>\n<ul>\n<li>Was op 40\u00b0C\u2022 gebruik de BamboTas<\/li>\n<li>Bij dagelijks gebruik spoelen met lauwwarm stromend water<\/li>\n<li>Gebruik alle Babotassen alvorens ze te wassen in de wasmachine<br \/>\nLET OP: de pads mogen niet in de droger<\/li>\n<\/ul>\n","protected":false},"featured_media":25384,"comment_status":"open","ping_status":"closed","template":"","meta":[],"product_cat":[168],"product_tag":[170,171],"_links":{"self":[{"href":"https:\/\/bambopads.com\/nl\/wp-json\/wp\/v2\/product\/25619"}],"collection":[{"href":"https:\/\/bambopads.com\/nl\/wp-json\/wp\/v2\/product"}],"about":[{"href":"https:\/\/bambopads.com\/nl\/wp-json\/wp\/v2\/types\/product"}],"replies":[{"embeddable":true,"href":"https:\/\/bambopads.com\/nl\/wp-json\/wp\/v2\/comments?post=25619"}],"version-history":[{"count":3,"href":"https:\/\/bambopads.com\/nl\/wp-json\/wp\/v2\/product\/25619\/revisions"}],"predecessor-version":[{"id":25755,"href":"https:\/\/bambopads.com\/nl\/wp-json\/wp\/v2\/product\/25619\/revisions\/25755"}],"wp:featuredmedia":[{"embeddable":true,"href":"https:\/\/bambopads.com\/nl\/wp-json\/wp\/v2\/media\/25384"}],"wp:attachment":[{"href":"https:\/\/bambopads.com\/nl\/wp-json\/wp\/v2\/media?parent=25619"}],"wp:term":[{"taxonomy":"product_cat","embeddable":true,"href":"https:\/\/bambopads.com\/nl\/wp-json\/wp\/v2\/product_cat?post=25619"},{"taxonomy":"product_tag","embeddable":true,"href":"https:\/\/bambopads.com\/nl\/wp-json\/wp\/v2\/product_tag?post=25619"}],"curies":[{"name":"wp","href":"https:\/\/api.w.org\/{rel}","templated":true}]}}