{"id":25424,"date":"2021-10-29T07:31:02","date_gmt":"2021-10-29T07:31:02","guid":{"rendered":"https:\/\/bambopads.com\/product\/25424\/"},"modified":"2022-01-29T05:47:38","modified_gmt":"2022-01-29T05:47:38","slug":"bambo-pakketten","status":"publish","type":"product","link":"https:\/\/bambopads.com\/nl\/product\/bambo-pakketten\/","title":{"rendered":"Bambo Pakketten"},"content":{"rendered":"\t\t<div data-elementor-type=\"wp-post\" data-elementor-id=\"25424\" class=\"elementor elementor-25424\" data-elementor-settings=\"[]\">\n\t\t\t\t\t\t<div class=\"elementor-inner\">\n\t\t\t\t\t\t\t<div class=\"elementor-section-wrap\">\n\t\t\t\t\t\t\t<section class=\"elementor-section elementor-top-section elementor-element elementor-element-bfa41a6 elementor-section-stretched elementor-section-full_width elementor-section-height-default elementor-section-height-default\" data-id=\"bfa41a6\" data-element_type=\"section\" data-settings=\"{&quot;stretch_section&quot;:&quot;section-stretched&quot;}\">\n\t\t\t\t\t\t<div class=\"elementor-container elementor-column-gap-default\">\n\t\t\t\t\t\t\t<div class=\"elementor-row\">\n\t\t\t\t\t<div class=\"elementor-column elementor-col-100 elementor-top-column elementor-element elementor-element-b60c6c8\" data-id=\"b60c6c8\" data-element_type=\"column\">\n\t\t\t<div class=\"elementor-column-wrap elementor-element-populated\">\n\t\t\t\t\t\t\t<div class=\"elementor-widget-wrap\">\n\t\t\t\t\t\t<div class=\"elementor-element elementor-element-d133065 product-nav-type1 elementor-widget elementor-widget-dtshop-widget-product-single-summary-nav-bar\" data-id=\"d133065\" data-element_type=\"widget\" data-widget_type=\"dtshop-widget-product-single-summary-nav-bar.default\">\n\t\t\t\t<div class=\"elementor-widget-container\">\n\t\t\tPlease provide product id to display corresponding data!\t\t<\/div>\n\t\t\t\t<\/div>\n\t\t\t\t\t\t<\/div>\n\t\t\t\t\t<\/div>\n\t\t<\/div>\n\t\t\t\t\t\t\t\t<\/div>\n\t\t\t\t\t<\/div>\n\t\t<\/section>\n\t\t\t\t<section class=\"elementor-section elementor-top-section elementor-element elementor-element-5f5e3d22 elementor-section-stretched elementor-section-boxed elementor-section-height-default elementor-section-height-default\" data-id=\"5f5e3d22\" data-element_type=\"section\" data-settings=\"{&quot;stretch_section&quot;:&quot;section-stretched&quot;}\">\n\t\t\t\t\t\t<div class=\"elementor-container elementor-column-gap-default\">\n\t\t\t\t\t\t\t<div class=\"elementor-row\">\n\t\t\t\t\t<div class=\"elementor-column elementor-col-50 elementor-top-column elementor-element elementor-element-34ea6de6\" data-id=\"34ea6de6\" data-element_type=\"column\">\n\t\t\t<div class=\"elementor-column-wrap elementor-element-populated\">\n\t\t\t\t\t\t\t<div class=\"elementor-widget-wrap\">\n\t\t\t\t\t\t\t\t<\/div>\n\t\t\t\t\t<\/div>\n\t\t<\/div>\n\t\t\t\t<div class=\"elementor-column elementor-col-50 elementor-top-column elementor-element elementor-element-59b242b5\" data-id=\"59b242b5\" data-element_type=\"column\">\n\t\t\t<div class=\"elementor-column-wrap elementor-element-populated\">\n\t\t\t\t\t\t\t<div class=\"elementor-widget-wrap\">\n\t\t\t\t\t\t<div class=\"elementor-element elementor-element-52ba46a9 beaux-shop-summary elementor-widget elementor-widget-dtshop-widget-product-single-summary\" data-id=\"52ba46a9\" data-element_type=\"widget\" data-widget_type=\"dtshop-widget-product-single-summary.default\">\n\t\t\t\t<div class=\"elementor-widget-container\">\n\t\t\t<div class=\"dt-sc-product-summary summary entry-summary bambokitbtn \"><div class=\"dt-sc-single-product-title\"><h1 class=\"product_title entry-title\">Bambo Pakketten<\/h1><\/div><div class=\"dt-sc-single-product-price\"><p class=\"price\"><span class=\"woocs_price_code\" data-product-id=\"25424\"><span class=\"woocommerce-Price-amount amount\"><bdi>399&nbsp;<span class=\"woocommerce-Price-currencySymbol\">&#107;&#114;<\/span><\/bdi><\/span><\/span><\/p><\/div><div class=\"woocommerce-product-details__short-description\">\n\t<p>Wij maken milieuvriendelijke en natuurlijke alternatieven voor wegwerp-producten. Met de Bambo Pads, Bambo Hoofdband, Bambo handdoek en de Bambo Tas, bieden wij een volledige oplossing om jou huidverzorgingsroutine milieuvriendelijker \u00e9n vriendelijker voor je huid te maken. Onze wasbare Bambo Pads zijn een goed alternatief voor wegwerp pads. Door de herbruikbare Bambo pads te gebruiken, werk je niet alleen mee aan een beter milieu maar het is ook nog eens beter voor je portomonnee! Maar het meest belangrijke is dat je het beste gebruikt voor jou kwetsbare huid! <\/p>\n<p>Onze Bambo Pads zijn volledig gemaakt van bamboe en bevatten g\u00e9\u00e9n toegevoegde producten. W\u00e9l zijn ze n\u00e9t zo goed voor het verwijderen van make-up en het verzorgen en schoonmaken van een gevoelige babyhuid als producten die wel toegevoegde producten bevatten.<br \/>\nAnderen gebruiken viscose, spandex, polyester en katoen; wij gebruiken 100% organisch en natuurlijk bamboe.\n<\/p>\n<p><strong>SPECIFICATIES BAMBO PAKKET<\/strong><\/p>\n<ul>\n<li>10 st BamboPads 10 X 10cm<\/li>\n<li>1st BamboHoofddband One size<\/li>\n<li>1st BamboHanddoek 25X25cm<\/li>\n<li>1st BamboTas 18X15cm<\/li>\n<li>Hoeveelheid: 1 stuk per pakket<\/li>\n<li>Kleur: Wit<\/li>\n<li>Materiaal: 100% bamboe<\/li>\n<li>Fabrikant: Bambopads Sweden Ab TM<\/li>\n<\/ul>\n<\/div>\n<div class=\"product-buttons-wrapper product-button product-button-cart style-simple  align-inline\"><div class=\"wc_inline_buttons\"><div class=\"wcwl_btn_wrapper wc_btn_inline\"><\/div><\/div><\/div><\/div>\t\t<\/div>\n\t\t\t\t<\/div>\n\t\t\t\t<div class=\"elementor-element elementor-element-fda42dd elementor-widget elementor-widget-jet-images-layout\" data-id=\"fda42dd\" data-element_type=\"widget\" data-widget_type=\"jet-images-layout.default\">\n\t\t\t\t<div class=\"elementor-widget-container\">\n\t\t\t<div class=\"elementor-jet-images-layout jet-elements\">\n<div class=\"jet-images-layout layout-type-masonry\" data-settings='{\"layoutType\":\"masonry\",\"columns\":3,\"columnsTablet\":\"3\",\"columnsMobile\":\"2\",\"justifyHeight\":300}'>\n\t<div class=\"jet-images-layout__list column-desktop-3 column-tablet-3 column-mobile-2\" data-columns>\n<div class=\"jet-images-layout__item \">\n\t<div class=\"jet-images-layout__inner\">\n\t\t<div class=\"jet-images-layout__image-loader\"><span><\/span><\/div>\n\t\t<div class=\"jet-images-layout__link \">\n\t\t\t<div class=\"jet-images-layout__image\">\n\t\t\t\t<img decoding=\"async\" class=\"jet-images-layout__image-instance\" src=\"https:\/\/bambopads.com\/wp-content\/uploads\/2021\/09\/Klarna-Logo.wine_.png\" alt=\"Klarna-Logo.wine\" loading=\"lazy\">\t\t\t<\/div>\n\t\t\t<div class=\"jet-images-layout__content\"><\/div>\n\t\t<\/div>\n\t<\/div>\n<\/div>\n<div class=\"jet-images-layout__item \">\n\t<div class=\"jet-images-layout__inner\">\n\t\t<div class=\"jet-images-layout__image-loader\"><span><\/span><\/div>\n\t\t<div class=\"jet-images-layout__link \">\n\t\t\t<div class=\"jet-images-layout__image\">\n\t\t\t\t<img decoding=\"async\" class=\"jet-images-layout__image-instance\" src=\"https:\/\/bambopads.com\/wp-content\/uploads\/2021\/09\/Swish_payment-Logo.wine_.png\" alt=\"Swish_(payment)-Logo.wine\" loading=\"lazy\">\t\t\t<\/div>\n\t\t\t<div class=\"jet-images-layout__content\"><\/div>\n\t\t<\/div>\n\t<\/div>\n<\/div>\n<div class=\"jet-images-layout__item \">\n\t<div class=\"jet-images-layout__inner\">\n\t\t<div class=\"jet-images-layout__image-loader\"><span><\/span><\/div>\n\t\t<div class=\"jet-images-layout__link \">\n\t\t\t<div class=\"jet-images-layout__image\">\n\t\t\t\t<img decoding=\"async\" class=\"jet-images-layout__image-instance\" src=\"https:\/\/bambopads.com\/wp-content\/uploads\/2021\/09\/paypal_mb8k.png\" alt=\"paypal_mb8k\" loading=\"lazy\">\t\t\t<\/div>\n\t\t\t<div class=\"jet-images-layout__content\"><\/div>\n\t\t<\/div>\n\t<\/div>\n<\/div>\n<\/div><\/div>\n<\/div>\t\t<\/div>\n\t\t\t\t<\/div>\n\t\t\t\t\t\t<\/div>\n\t\t\t\t\t<\/div>\n\t\t<\/div>\n\t\t\t\t\t\t\t\t<\/div>\n\t\t\t\t\t<\/div>\n\t\t<\/section>\n\t\t\t\t<section class=\"elementor-section elementor-top-section elementor-element elementor-element-85319c5 elementor-section-full_width elementor-section-height-default elementor-section-height-default\" data-id=\"85319c5\" data-element_type=\"section\">\n\t\t\t\t\t\t<div class=\"elementor-container elementor-column-gap-default\">\n\t\t\t\t\t\t\t<div class=\"elementor-row\">\n\t\t\t\t\t<div class=\"elementor-column elementor-col-100 elementor-top-column elementor-element elementor-element-6fd1979\" data-id=\"6fd1979\" data-element_type=\"column\">\n\t\t\t<div class=\"elementor-column-wrap elementor-element-populated\">\n\t\t\t\t\t\t\t<div class=\"elementor-widget-wrap\">\n\t\t\t\t\t\t<div class=\"elementor-element elementor-element-32da49d elementor-widget elementor-widget-text-editor\" data-id=\"32da49d\" data-element_type=\"widget\" data-widget_type=\"text-editor.default\">\n\t\t\t\t<div class=\"elementor-widget-container\">\n\t\t\t\t\t\t\t\t<div class=\"elementor-text-editor elementor-clearfix\">\n\t\t\t\t<p><b>Bamboe is duurzaam<\/b><\/p>\n<p>Waarschijnlijk is de grootste kwailiteit van bamboe de duurzaamheid. Een feit is dat bamboe &#8216;s werelds snelst groeiende plant is. Dit in combinatie met het mijden van kunstmatige methode, maakt de productie van bambo praktisch en duurzaam. N\u00f3g een bonus is dat bamboe niet geherplant hoeft te worden, omdat er nieuwe wortels uit de oude wortels groeien. Goed voor jou \u00e9n voor onze planeet.<\/p>\n<\/p>\n<p><b>Bamboe gaat schimmel tegen<\/b><\/p>\n<p>Je zult je afvragen waarom bamboe zo goed in textiel past. Dit komt door de kleine vezels. De vezels van de bamboe plant hebben antibacteri\u00eble eigenschappen, wat betekend dat ze de groei van schimmels in het materiaal tegenhouden. Hierdoor kun je de Bambo Pads meerdere dagen achterelkaar gebruiken zonder ze te wassen <\/p>\n<p>Bambo Pads zijn extra zacht en glad!<\/p>\n<\/p>\n<p><b>Bamboe<\/b><\/p>\n<p>Maar dat zijn niet de enige goede eigenschappen van bamboe. Bamboe is vooral erg geschikt omdat het vochtigheid beter absorbeert dan andere materialen.&nbsp;<\/p>\n<p>Een andere bijzondere kwaliteit van bamboe is dat het warm aanvoelt wanneer het wordt gebruikt in textiel. De cellen in bamboe hebben een zijdezacht oppervlak waardoor de lucht er vrij in \u00e9n uit kan.<\/p>\n<p>Simpel gezegd, het is een ware verwennerij voor je huid.<\/p>\n<p><b>Allergie en huidvriendelijk<\/b><\/p>\n<p>Wanneer jij net als vele andere in ons land een gevoelige huid hebt, zijn onze Bambo Pads een goede keuze! Gezien feit dat ze natuurlijk-zacht zijn, hoef je de huid niet hard te scrubben. Iets wat vaak irritatie veroorzaakt en op de lange termijn een droge huid. Wanneer gevoelig bent voor synthetisch materiaal, hoef je daar bij bamboe niet bang voor te zijn.<\/p>\n<\/p>\n<p><b>Wasadvies BamboPakket<\/b><\/p>\n<p>\u2022 Wassen op 40 \u00b0 C<\/p>\n<p>\u2022 Luchtdrogen (Bambopads)<\/p>\n<p>\u2022 Droogtrommel (BamboHanddoek, BamboHoofdband)<\/p>\n<div><\/div>\n\t\t\t\t\t<\/div>\n\t\t\t\t\t\t<\/div>\n\t\t\t\t<\/div>\n\t\t\t\t\t\t<\/div>\n\t\t\t\t\t<\/div>\n\t\t<\/div>\n\t\t\t\t\t\t\t\t<\/div>\n\t\t\t\t\t<\/div>\n\t\t<\/section>\n\t\t\t\t<section class=\"elementor-section elementor-top-section elementor-element elementor-element-173c6c68 elementor-section-boxed elementor-section-height-default elementor-section-height-default\" data-id=\"173c6c68\" data-element_type=\"section\">\n\t\t\t\t\t\t<div class=\"elementor-container elementor-column-gap-default\">\n\t\t\t\t\t\t\t<div class=\"elementor-row\">\n\t\t\t\t\t<div class=\"elementor-column elementor-col-100 elementor-top-column elementor-element elementor-element-4d156091\" data-id=\"4d156091\" data-element_type=\"column\">\n\t\t\t<div class=\"elementor-column-wrap elementor-element-populated\">\n\t\t\t\t\t\t\t<div class=\"elementor-widget-wrap\">\n\t\t\t\t\t\t<div class=\"elementor-element elementor-element-5afb020a elementor-widget elementor-widget-spacer\" data-id=\"5afb020a\" data-element_type=\"widget\" data-widget_type=\"spacer.default\">\n\t\t\t\t<div class=\"elementor-widget-container\">\n\t\t\t\t\t<div class=\"elementor-spacer\">\n\t\t\t<div class=\"elementor-spacer-inner\"><\/div>\n\t\t<\/div>\n\t\t\t\t<\/div>\n\t\t\t\t<\/div>\n\t\t\t\t\t\t<\/div>\n\t\t\t\t\t<\/div>\n\t\t<\/div>\n\t\t\t\t\t\t\t\t<\/div>\n\t\t\t\t\t<\/div>\n\t\t<\/section>\n\t\t\t\t<section class=\"elementor-section elementor-top-section elementor-element elementor-element-2beb2f2b elementor-section-boxed elementor-section-height-default elementor-section-height-default\" data-id=\"2beb2f2b\" data-element_type=\"section\">\n\t\t\t\t\t\t<div class=\"elementor-container elementor-column-gap-default\">\n\t\t\t\t\t\t\t<div class=\"elementor-row\">\n\t\t\t\t\t<div class=\"elementor-column elementor-col-100 elementor-top-column elementor-element elementor-element-3133a8fe\" data-id=\"3133a8fe\" data-element_type=\"column\">\n\t\t\t<div class=\"elementor-column-wrap elementor-element-populated\">\n\t\t\t\t\t\t\t<div class=\"elementor-widget-wrap\">\n\t\t\t\t\t\t<div class=\"elementor-element elementor-element-6fa0ba54 elementor-widget elementor-widget-heading\" data-id=\"6fa0ba54\" data-element_type=\"widget\" data-widget_type=\"heading.default\">\n\t\t\t\t<div class=\"elementor-widget-container\">\n\t\t\t<h6 class=\"elementor-heading-title elementor-size-default\">Dit vind je misschien ook leuk<\/h6>\t\t<\/div>\n\t\t\t\t<\/div>\n\t\t\t\t<div class=\"elementor-element elementor-element-5d1004b1 elementor-widget elementor-widget-spacer\" data-id=\"5d1004b1\" data-element_type=\"widget\" data-widget_type=\"spacer.default\">\n\t\t\t\t<div class=\"elementor-widget-container\">\n\t\t\t\t\t<div class=\"elementor-spacer\">\n\t\t\t<div class=\"elementor-spacer-inner\"><\/div>\n\t\t<\/div>\n\t\t\t\t<\/div>\n\t\t\t\t<\/div>\n\t\t\t\t<div class=\"elementor-element elementor-element-2e53c21c elementor-widget elementor-widget-dtshop-widget-related-products\" data-id=\"2e53c21c\" data-element_type=\"widget\" data-widget_type=\"dtshop-widget-related-products.default\">\n\t\t\t\t<div class=\"elementor-widget-container\">\n\t\t\tPlease provide product id to display corresponding data!\t\t<\/div>\n\t\t\t\t<\/div>\n\t\t\t\t\t\t<\/div>\n\t\t\t\t\t<\/div>\n\t\t<\/div>\n\t\t\t\t\t\t\t\t<\/div>\n\t\t\t\t\t<\/div>\n\t\t<\/section>\n\t\t\t\t\t\t<\/div>\n\t\t\t\t\t\t<\/div>\n\t\t\t\t\t<\/div>\n\t\t","protected":false},"excerpt":{"rendered":"<p>Wij maken milieuvriendelijke en natuurlijke alternatieven voor wegwerp-producten. Met de Bambo Pads, Bambo Hoofdband, Bambo handdoek en de Bambo Tas, bieden wij een volledige oplossing om jou huidverzorgingsroutine milieuvriendelijker \u00e9n vriendelijker voor je huid te maken. Onze wasbare Bambo Pads zijn een goed alternatief voor wegwerp pads. Door de herbruikbare Bambo pads te gebruiken, werk je niet alleen mee aan een beter milieu maar het is ook nog eens beter voor je portomonnee! Maar het meest belangrijke is dat je het beste gebruikt voor jou kwetsbare huid! <\/p>\n<p>Onze Bambo Pads zijn volledig gemaakt van bamboe en bevatten g\u00e9\u00e9n toegevoegde producten. W\u00e9l zijn ze n\u00e9t zo goed voor het verwijderen van make-up en het verzorgen en schoonmaken van een gevoelige babyhuid als producten die wel toegevoegde producten bevatten.<br \/>\nAnderen gebruiken viscose, spandex, polyester en katoen; wij gebruiken 100% organisch en natuurlijk bamboe.\n<\/p>\n<p><strong>SPECIFICATIES BAMBO PAKKET<\/strong><\/p>\n<ul>\n<li>10 st BamboPads 10 X 10cm<\/li>\n<li>1st BamboHoofddband One size<\/li>\n<li>1st BamboHanddoek 25X25cm<\/li>\n<li>1st BamboTas 18X15cm<\/li>\n<li>Hoeveelheid: 1 stuk per pakket<\/li>\n<li>Kleur: Wit<\/li>\n<li>Materiaal: 100% bamboe<\/li>\n<li>Fabrikant: Bambopads Sweden Ab TM<\/li>\n<\/ul>\n","protected":false},"featured_media":25411,"comment_status":"open","ping_status":"closed","template":"","meta":[],"product_cat":[168],"product_tag":[170,171],"_links":{"self":[{"href":"https:\/\/bambopads.com\/nl\/wp-json\/wp\/v2\/product\/25424"}],"collection":[{"href":"https:\/\/bambopads.com\/nl\/wp-json\/wp\/v2\/product"}],"about":[{"href":"https:\/\/bambopads.com\/nl\/wp-json\/wp\/v2\/types\/product"}],"replies":[{"embeddable":true,"href":"https:\/\/bambopads.com\/nl\/wp-json\/wp\/v2\/comments?post=25424"}],"version-history":[{"count":3,"href":"https:\/\/bambopads.com\/nl\/wp-json\/wp\/v2\/product\/25424\/revisions"}],"predecessor-version":[{"id":25767,"href":"https:\/\/bambopads.com\/nl\/wp-json\/wp\/v2\/product\/25424\/revisions\/25767"}],"wp:featuredmedia":[{"embeddable":true,"href":"https:\/\/bambopads.com\/nl\/wp-json\/wp\/v2\/media\/25411"}],"wp:attachment":[{"href":"https:\/\/bambopads.com\/nl\/wp-json\/wp\/v2\/media?parent=25424"}],"wp:term":[{"taxonomy":"product_cat","embeddable":true,"href":"https:\/\/bambopads.com\/nl\/wp-json\/wp\/v2\/product_cat?post=25424"},{"taxonomy":"product_tag","embeddable":true,"href":"https:\/\/bambopads.com\/nl\/wp-json\/wp\/v2\/product_tag?post=25424"}],"curies":[{"name":"wp","href":"https:\/\/api.w.org\/{rel}","templated":true}]}}