{"id":25530,"date":"2022-01-14T11:18:41","date_gmt":"2022-01-14T11:18:41","guid":{"rendered":"https:\/\/bambopads.com\/teruggavebeleid\/"},"modified":"2022-01-29T06:21:12","modified_gmt":"2022-01-29T06:21:12","slug":"teruggavebeleid","status":"publish","type":"page","link":"https:\/\/bambopads.com\/nl\/teruggavebeleid\/","title":{"rendered":"Onze voorwaarden"},"content":{"rendered":"\t\t<div data-elementor-type=\"wp-page\" data-elementor-id=\"25530\" class=\"elementor elementor-25530\" data-elementor-settings=\"[]\">\n\t\t\t\t\t\t<div class=\"elementor-inner\">\n\t\t\t\t\t\t\t<div class=\"elementor-section-wrap\">\n\t\t\t\t\t\t\t<section class=\"elementor-section elementor-top-section elementor-element elementor-element-0647c1a elementor-section-boxed elementor-section-height-default elementor-section-height-default\" data-id=\"0647c1a\" data-element_type=\"section\">\n\t\t\t\t\t\t<div class=\"elementor-container elementor-column-gap-default\">\n\t\t\t\t\t\t\t<div class=\"elementor-row\">\n\t\t\t\t\t<div class=\"elementor-column elementor-col-100 elementor-top-column elementor-element elementor-element-ad2825d\" data-id=\"ad2825d\" data-element_type=\"column\">\n\t\t\t<div class=\"elementor-column-wrap elementor-element-populated\">\n\t\t\t\t\t\t\t<div class=\"elementor-widget-wrap\">\n\t\t\t\t\t\t<div class=\"elementor-element elementor-element-9e7a993 elementor-widget elementor-widget-text-editor\" data-id=\"9e7a993\" data-element_type=\"widget\" data-widget_type=\"text-editor.default\">\n\t\t\t\t<div class=\"elementor-widget-container\">\n\t\t\t\t\t\t\t\t<div class=\"elementor-text-editor elementor-clearfix\">\n\t\t\t\t<p><strong>Allm\u00e4nt<\/strong><br \/>\nSamtliga priser inclusief vid f\u00f6rs\u00e4ljningstillf\u00e4llet g\u00e4llande merv\u00e4rdesskatt, f\u00f6r n\u00e4rvarande 25%. Frakt tillkommer op alla priser om inte annat anges. Voor genomf\u00f6ra ett k\u00f6p op BamboPads Sweden Ab kr\u00e4vs det att du \u00e4r \u00f6ver 18 \u00e5r. r du under 18 \u00e5r kr\u00e4vs enligt F\u00f6r\u00e4ldrabalken m\u00e5lsmans medgivande. Genom best\u00e4llning p\u00e5 Bambopads Sweden Ab godk\u00e4nner du de vid tiden publicerade villkor som anges nedan och intygar att de uppgifter du l\u00e4mnar om dig sj\u00e4lv \u00e4r korrekta.<\/p>\n<p><strong>Leverans<\/strong><br \/>\nVra normala leveranstider \u00e4r 2-7 arbetsdagar beroende p\u00e5 valt fraktalternativ. Best\u00e4llningar lagda op helger skickas tidigast m\u00e5ndagen efter. Om f\u00f6rseningar i leveransen skulle uppst\u00e5 (utan att vi har meddelat dig om l\u00e4ngre leveranstid) ber vi dig kontakta v\u00e5r kundtj\u00e4nst.<\/p>\n<p><strong>\u00c5ngerr\u00e4tt<\/strong><\/p>\n<p>Hos BamboPads Sweden Ab har du alltid 30 dagen ngerr\u00e4tt. Fraktkostnaden zijn voor het zoeken naar producten voor producten in de toekomst en terug,<br \/>\nKosten kosten voor producten voor alle producten en terug producten\u00a0inte anv\u00e4nds innan en retur sker, f\u00f6rpackningen m\u00e5ste allts\u00e5 vara obruten.<\/p>\n<p>N\u00e4r din retur mottagits beh\u00f6ver den godk\u00e4nnas av BamboPads Sweden Ab , vid en ogiltig retur \u00e5terkopplar vi till dig via mail.<\/p>\n<p>Vid retur st\u00e5r du f\u00f6r f\u00f6r risken f\u00f6r varan och det \u00e4r d\u00e4rvikt\u00f6r mycket var var. returneras i en oskadad originalf\u00f6rpackning och att alla eventuella tillbeh\u00f6r och manualer ocks\u00e5 skickas med. Anv\u00e4nd g\u00e4rna originalkartongen din order kom ik som yttre emballage vid retur. Voor het terugsturen van een pakket met een paket sp\u00e5rbart. Det \u00e4r du sj\u00e4lv som ansvarar att den kommer fram till oss.<\/p>\n<p>M\u00e4rk returen tydligt med BamboPads, l\u00e4gg med en notering d\u00e4r dit namn och mailadres framg\u00e5r och skicka paketet till:<\/p>\n<p>BamboPads Sweden AB<br \/>\nKlostergatan 9<br \/>\n75321 Uppsala<\/p>\n<p>\u00c5terbetalning av mottagen och godk\u00e4nd retur sker inom 30 dagen.<\/p>\n<p>ALGEMEEN<\/p>\n<p>Alle prijzen zijn inclusief BTW geldend op het moment van de aankoop, momenteel 21%. Prijzen zijn exclusief verzendkosten. De verzendkosten worden toegevoegd tenzij anders vermeld. Om een aankoop\u00a0 te doen bij BamboPads Sweden moet je ouder zijn dan 18 jaar. Ben je jonger dan 18 jaar dan is toestemming van ouders of verzorgers vereist. Wanneer je besteld bij Bambopads Sweden, ga je akkoord met de voorwaarden die worden getoond bij het bevestigen van je aankoop. Daarnaast bevestig je dat de opgegeven persoonlijke informatie correct en naar waarheid is ingevuld.<\/p>\n<p>VERZENDING<\/p>\n<p>Onze normale leveringstijd is 2-7 werkdagen afhangend van de gekozen verzendingsmethode. Bestellingen die in het weekend worden geplaatst worden verzonden op de maandag. Wanneer er vertragingen zijn krijgt u hierover bericht. Wacht u al langer dan 7 werkdagen op uw pakket en heeft u geen bericht van ons gehad? Neem dan contact op met onze klantenservice.<\/p>\n<p>&nbsp;<\/p>\n<p>BEDENKTIJD &#8211; HERROEPINGSRECHT<\/p>\n<p>Bij BamboPads Sweden heb je altijd 30 dagen bedenktijd. Wanneer je er voor kiest de bestellingen te retourneren zijn de verzendkosten voor jezelf. Bij retourneren mag het product niet gebruikt zijn en de verpakking moet gesloten en intact zijn. Het terugzenden van uw pakket is valt geheel onder uw risico. Wij wijzen u er daarom nogmaals op dat het belangrijk is dat het pakket wordt terug gestuurd in een onbeschadigde en originele verpakking met daarbij alle eventuele meegeleverde accessoires en documenten. U kunt wanneer u wilt gebruik maken van de verpakking waarin u uw order heeft ontvangen om uw bestelling terug te sturen. Zorg er voor dat alles goed is ingepakt en verstuur het met een traceercode. Nogmaals het retoursturen is uw risico.<\/p>\n<p>Wanneer wij het pakket hebben ontvangen wordt de zending beoordeeld door BamboPadsAB. Wanneer er iets mis is zullen wij u hierover informeren via een email. Zorg ervoor dat u retourpakket uw gegevens bevat; Naam, emailadres en ordernummer.<\/p>\n<p>U kunt het pakket versturen naar:<\/p>\n<p>BamboPads Sweden AB<\/p>\n<p>Klostergatan 9 75321<\/p>\n<p>Uppsala<\/p>\n<p>&nbsp;<\/p>\n<p>Terugbetaling van een ontvangen en goedgekeurd pakket vind plaats binnen 30 dagen<\/p>\n\t\t\t\t\t<\/div>\n\t\t\t\t\t\t<\/div>\n\t\t\t\t<\/div>\n\t\t\t\t\t\t<\/div>\n\t\t\t\t\t<\/div>\n\t\t<\/div>\n\t\t\t\t\t\t\t\t<\/div>\n\t\t\t\t\t<\/div>\n\t\t<\/section>\n\t\t\t\t\t\t<\/div>\n\t\t\t\t\t\t<\/div>\n\t\t\t\t\t<\/div>\n\t\t","protected":false},"excerpt":{"rendered":"<p>Allm\u00e4nt Samtliga priser inclusief vid f\u00f6rs\u00e4ljningstillf\u00e4llet g\u00e4llande merv\u00e4rdesskatt, f\u00f6r n\u00e4rvarande 25%. Frakt tillkommer op alla priser om inte annat anges. Voor genomf\u00f6ra ett k\u00f6p op BamboPads Sweden Ab kr\u00e4vs det att du \u00e4r \u00f6ver 18 \u00e5r. r du under 18 \u00e5r kr\u00e4vs enligt F\u00f6r\u00e4ldrabalken m\u00e5lsmans medgivande. Genom best\u00e4llning p\u00e5 Bambopads Sweden Ab godk\u00e4nner du de [&hellip;]<\/p>\n","protected":false},"author":1,"featured_media":0,"parent":0,"menu_order":0,"comment_status":"closed","ping_status":"closed","template":"","meta":[],"_links":{"self":[{"href":"https:\/\/bambopads.com\/nl\/wp-json\/wp\/v2\/pages\/25530"}],"collection":[{"href":"https:\/\/bambopads.com\/nl\/wp-json\/wp\/v2\/pages"}],"about":[{"href":"https:\/\/bambopads.com\/nl\/wp-json\/wp\/v2\/types\/page"}],"author":[{"embeddable":true,"href":"https:\/\/bambopads.com\/nl\/wp-json\/wp\/v2\/users\/1"}],"replies":[{"embeddable":true,"href":"https:\/\/bambopads.com\/nl\/wp-json\/wp\/v2\/comments?post=25530"}],"version-history":[{"count":3,"href":"https:\/\/bambopads.com\/nl\/wp-json\/wp\/v2\/pages\/25530\/revisions"}],"predecessor-version":[{"id":25772,"href":"https:\/\/bambopads.com\/nl\/wp-json\/wp\/v2\/pages\/25530\/revisions\/25772"}],"wp:attachment":[{"href":"https:\/\/bambopads.com\/nl\/wp-json\/wp\/v2\/media?parent=25530"}],"curies":[{"name":"wp","href":"https:\/\/api.w.org\/{rel}","templated":true}]}}