{"id":25623,"date":"2020-04-12T09:17:32","date_gmt":"2020-04-12T09:17:32","guid":{"rendered":"https:\/\/bambopads.com\/product\/25623\/"},"modified":"2022-01-19T16:06:03","modified_gmt":"2022-01-19T16:06:03","slug":"bambopads-puhdistustyynyt","status":"publish","type":"product","link":"https:\/\/bambopads.com\/fi\/product\/bambopads-puhdistustyynyt\/","title":{"rendered":"BamboPads puhdistustyynyt"},"content":{"rendered":"\t\t<div data-elementor-type=\"wp-post\" data-elementor-id=\"25623\" class=\"elementor elementor-25623\" data-elementor-settings=\"[]\">\n\t\t\t\t\t\t<div class=\"elementor-inner\">\n\t\t\t\t\t\t\t<div class=\"elementor-section-wrap\">\n\t\t\t\t\t\t\t<section class=\"elementor-section elementor-top-section elementor-element elementor-element-bfa41a6 elementor-section-stretched elementor-section-full_width elementor-section-height-default elementor-section-height-default\" data-id=\"bfa41a6\" data-element_type=\"section\" data-settings=\"{&quot;stretch_section&quot;:&quot;section-stretched&quot;}\">\n\t\t\t\t\t\t<div class=\"elementor-container elementor-column-gap-default\">\n\t\t\t\t\t\t\t<div class=\"elementor-row\">\n\t\t\t\t\t<div class=\"elementor-column elementor-col-100 elementor-top-column elementor-element elementor-element-b60c6c8\" data-id=\"b60c6c8\" data-element_type=\"column\">\n\t\t\t<div class=\"elementor-column-wrap elementor-element-populated\">\n\t\t\t\t\t\t\t<div class=\"elementor-widget-wrap\">\n\t\t\t\t\t\t<div class=\"elementor-element elementor-element-d133065 product-nav-type1 elementor-widget elementor-widget-dtshop-widget-product-single-summary-nav-bar\" data-id=\"d133065\" data-element_type=\"widget\" data-widget_type=\"dtshop-widget-product-single-summary-nav-bar.default\">\n\t\t\t\t<div class=\"elementor-widget-container\">\n\t\t\tPlease provide product id to display corresponding data!\t\t<\/div>\n\t\t\t\t<\/div>\n\t\t\t\t\t\t<\/div>\n\t\t\t\t\t<\/div>\n\t\t<\/div>\n\t\t\t\t\t\t\t\t<\/div>\n\t\t\t\t\t<\/div>\n\t\t<\/section>\n\t\t\t\t<section class=\"elementor-section elementor-top-section elementor-element elementor-element-5f5e3d22 elementor-section-stretched elementor-section-full_width elementor-section-height-default elementor-section-height-default\" data-id=\"5f5e3d22\" data-element_type=\"section\" data-settings=\"{&quot;stretch_section&quot;:&quot;section-stretched&quot;}\">\n\t\t\t\t\t\t<div class=\"elementor-container elementor-column-gap-default\">\n\t\t\t\t\t\t\t<div class=\"elementor-row\">\n\t\t\t\t\t<div class=\"elementor-column elementor-col-50 elementor-top-column elementor-element elementor-element-34ea6de6\" data-id=\"34ea6de6\" data-element_type=\"column\">\n\t\t\t<div class=\"elementor-column-wrap elementor-element-populated\">\n\t\t\t\t\t\t\t<div class=\"elementor-widget-wrap\">\n\t\t\t\t\t\t\t\t<\/div>\n\t\t\t\t\t<\/div>\n\t\t<\/div>\n\t\t\t\t<div class=\"elementor-column elementor-col-50 elementor-top-column elementor-element elementor-element-59b242b5\" data-id=\"59b242b5\" data-element_type=\"column\">\n\t\t\t<div class=\"elementor-column-wrap elementor-element-populated\">\n\t\t\t\t\t\t\t<div class=\"elementor-widget-wrap\">\n\t\t\t\t\t\t<div class=\"elementor-element elementor-element-52ba46a9 beaux-shop-summary elementor-widget elementor-widget-dtshop-widget-product-single-summary\" data-id=\"52ba46a9\" data-element_type=\"widget\" data-widget_type=\"dtshop-widget-product-single-summary.default\">\n\t\t\t\t<div class=\"elementor-widget-container\">\n\t\t\t<div class=\"dt-sc-product-summary summary entry-summary  \"><div class=\"dt-sc-single-product-title\"><h1 class=\"product_title entry-title\">BamboPads puhdistustyynyt<\/h1><\/div><div class=\"dt-sc-single-product-price\"><p class=\"price\"><span class=\"woocs_price_code\" data-product-id=\"25623\"><span class=\"woocommerce-Price-amount amount\"><bdi>299&nbsp;<span class=\"woocommerce-Price-currencySymbol\">&#107;&#114;<\/span><\/bdi><\/span><\/span><\/p><\/div><div class=\"woocommerce-product-details__short-description\">\n\t<p>Tarjoamme ymp\u00e4rist\u00f6yst\u00e4v\u00e4llisi\u00e4 ja inhimillisi\u00e4 vaihtoehtoja kertak\u00e4ytt\u00f6tuotteille. Vaihda kertak\u00e4ytt\u00f6iset vanulappusi uudelleenk\u00e4ytett\u00e4viin bambu-puhdistustyynyihin. Et ole vain armollinen ymp\u00e4rist\u00f6\u00e4 ja lompakkoasi kohtaan k\u00e4ytt\u00e4m\u00e4ll\u00e4 uudelleenk\u00e4ytett\u00e4vi\u00e4 Bambo Pads puhdistustyynyj\u00e4, vaan olet my\u00f6s hyv\u00e4 t\u00e4rkeimm\u00e4lle asiallesi, herk\u00e4lle ihollesi! Puhdistustyynymme on valmistettu kokonaan bambusta eiv\u00e4tk\u00e4 sis\u00e4ll\u00e4 muita ainesosia. Ne ovat hyvi\u00e4 niin poistamaan meikki\u00e4 ja hoitamaan ihoa kuin puhdistamaan herkk\u00e4\u00e4 vauvan ihoa. Toiset k\u00e4ytt\u00e4v\u00e4t viskoosia, spandexia, polyesteri\u00e4 ja puuvillaa; Me k\u00e4yt\u00e4mme 100 % orgaanista ja luonnollista bambua.<\/p>\n<p><strong>Tuotetiedot<\/strong><\/p>\n<ul>\n<li>Koko: 10 x 10 cm<\/li>\n<li>Lukum\u00e4\u00e4r\u00e4: 10 kappaletta<\/li>\n<li>Lis\u00e4tuotteet: Kun ostat ensimm\u00e4iset 10 pakkauksen puhdistustyynyj\u00e4 (299kr), saat mukaan bambupussin<\/li>\n<li>V\u00e4rit: Valkoinen<\/li>\n<li>Materiaali: 100 % bambua<\/li>\n<li>Valmistaja: BAMBOPADS SWEDEN AB TM<\/li>\n<\/ul>\n<p><strong>Pesuohjeet BamboPad puhdistustyynyille<\/strong><\/p>\n<ul>\n<li>Pesu 40\u00b0C<\/li>\n<li>K\u00e4yt\u00e4 Bambo Bag bambupussia.<\/li>\n<li>P\u00e4ivitt\u00e4isess\u00e4 k\u00e4yt\u00f6ss\u00e4 huuhtele haalealla juoksevalla vedell\u00e4<\/li>\n<li>K\u00e4yt\u00e4 kaikki puhdistustyynyt ennen pesukoneessa pesemist\u00e4<\/li>\n<\/ul>\n<\/div>\n<div class=\"product-buttons-wrapper product-button product-button-cart style-simple  \"><div class=\"wc_inline_buttons\"><div class=\"wcwl_btn_wrapper wc_btn_inline\"><\/div><\/div><\/div><\/div>\t\t<\/div>\n\t\t\t\t<\/div>\n\t\t\t\t<div class=\"elementor-element elementor-element-a298bd2 elementor-widget elementor-widget-jet-images-layout\" data-id=\"a298bd2\" data-element_type=\"widget\" data-widget_type=\"jet-images-layout.default\">\n\t\t\t\t<div class=\"elementor-widget-container\">\n\t\t\t<div class=\"elementor-jet-images-layout jet-elements\">\n<div class=\"jet-images-layout layout-type-masonry\" data-settings='{\"layoutType\":\"masonry\",\"columns\":3,\"columnsTablet\":\"\",\"columnsMobile\":\"\",\"justifyHeight\":300}'>\n\t<div class=\"jet-images-layout__list column-desktop-3 column-tablet-2 column-mobile-1\" data-columns>\n<div class=\"jet-images-layout__item \">\n\t<div class=\"jet-images-layout__inner\">\n\t\t<div class=\"jet-images-layout__image-loader\"><span><\/span><\/div>\n\t\t<div class=\"jet-images-layout__link \">\n\t\t\t<div class=\"jet-images-layout__image\">\n\t\t\t\t<img decoding=\"async\" class=\"jet-images-layout__image-instance\" src=\"https:\/\/bambopads.com\/wp-content\/uploads\/2021\/09\/Klarna-Logo.wine_.png\" alt=\"Klarna-Logo.wine\" loading=\"lazy\">\t\t\t<\/div>\n\t\t\t<div class=\"jet-images-layout__content\"><\/div>\n\t\t<\/div>\n\t<\/div>\n<\/div>\n<div class=\"jet-images-layout__item \">\n\t<div class=\"jet-images-layout__inner\">\n\t\t<div class=\"jet-images-layout__image-loader\"><span><\/span><\/div>\n\t\t<div class=\"jet-images-layout__link \">\n\t\t\t<div class=\"jet-images-layout__image\">\n\t\t\t\t<img decoding=\"async\" class=\"jet-images-layout__image-instance\" src=\"https:\/\/bambopads.com\/wp-content\/uploads\/2021\/09\/Swish_payment-Logo.wine_.png\" alt=\"Swish_(payment)-Logo.wine\" loading=\"lazy\">\t\t\t<\/div>\n\t\t\t<div class=\"jet-images-layout__content\"><\/div>\n\t\t<\/div>\n\t<\/div>\n<\/div>\n<div class=\"jet-images-layout__item \">\n\t<div class=\"jet-images-layout__inner\">\n\t\t<div class=\"jet-images-layout__image-loader\"><span><\/span><\/div>\n\t\t<div class=\"jet-images-layout__link \">\n\t\t\t<div class=\"jet-images-layout__image\">\n\t\t\t\t<img decoding=\"async\" class=\"jet-images-layout__image-instance\" src=\"https:\/\/bambopads.com\/wp-content\/uploads\/2021\/09\/paypal_mb8k.png\" alt=\"paypal_mb8k\" loading=\"lazy\">\t\t\t<\/div>\n\t\t\t<div class=\"jet-images-layout__content\"><\/div>\n\t\t<\/div>\n\t<\/div>\n<\/div>\n<\/div><\/div>\n<\/div>\t\t<\/div>\n\t\t\t\t<\/div>\n\t\t\t\t\t\t<\/div>\n\t\t\t\t\t<\/div>\n\t\t<\/div>\n\t\t\t\t\t\t\t\t<\/div>\n\t\t\t\t\t<\/div>\n\t\t<\/section>\n\t\t\t\t<section class=\"elementor-section elementor-top-section elementor-element elementor-element-6744239 elementor-section-boxed elementor-section-height-default elementor-section-height-default\" data-id=\"6744239\" data-element_type=\"section\">\n\t\t\t\t\t\t<div class=\"elementor-container elementor-column-gap-default\">\n\t\t\t\t\t\t\t<div class=\"elementor-row\">\n\t\t\t\t\t<div class=\"elementor-column elementor-col-100 elementor-top-column elementor-element elementor-element-d8ba054\" data-id=\"d8ba054\" data-element_type=\"column\">\n\t\t\t<div class=\"elementor-column-wrap elementor-element-populated\">\n\t\t\t\t\t\t\t<div class=\"elementor-widget-wrap\">\n\t\t\t\t\t\t<div class=\"elementor-element elementor-element-c74c9c0 elementor-widget elementor-widget-text-editor\" data-id=\"c74c9c0\" data-element_type=\"widget\" data-widget_type=\"text-editor.default\">\n\t\t\t\t<div class=\"elementor-widget-container\">\n\t\t\t\t\t\t\t\t<div class=\"elementor-text-editor elementor-clearfix\">\n\t\t\t\t<p class=\"MsoNormal\"><b>Bambu on luonnonmukaista<o:p><\/o:p><\/b><\/p>\n<p class=\"MsoNormal\"><span lang=\"EN-US\">Ehk\u00e4 bambun vahvin ominaisuus on sen luonnonmukaisuus. Itse asiassa bambu on maailman nopeimmin kasvava kasvi. T\u00e4m\u00e4 yhdess\u00e4 keinotekoisten menetelmien v\u00e4ltt\u00e4misen kanssa tekee bambutuotannosta erityisen luonnonmukaista. Bonuksena bambukasvia ei my\u00f6sk\u00e4\u00e4n tarvitse istuttaa uudelleen, sill\u00e4 vanhoista versoista kasvaa uusia versoja. Hyv\u00e4ks sinulle ja todella hyv\u00e4ks planeetallemme.<\/p>\n<p><b><o:p><\/o:p><\/b><\/span><\/p>\n<p class=\"MsoNormal\"><b>Bambu torjuu sienikasvustoja<o:p><\/o:p><\/b><\/p>\n<p class=\"MsoNormal\"><span lang=\"EN-US\">Saatat ehk\u00e4 ihmetell\u00e4 miksi bambu sopii niin hyvin tekstiileihin. Vastaus l\u00f6ytyy pienist\u00e4 kuiduista. Bambu-kasvin kuiduilla on antibakteerisia ominaisuuksia, mik\u00e4 tarkoittaa, ett\u00e4 ne est\u00e4v\u00e4t sienten kasvua materiaalin sis\u00e4ll\u00e4. N\u00e4in voit k\u00e4ytt\u00e4\u00e4 BamboPads puhdistustyynyj\u00e4si useita p\u00e4ivi\u00e4 per\u00e4kk\u00e4in ilman, ett\u00e4 sinun tarvitsee pest\u00e4 niit\u00e4.<o:p><\/o:p><\/span><\/p>\n<p class=\"MsoNormal\"><span lang=\"EN-US\">BamboPads puhdistustyynyt ovat erityisen pehmeit\u00e4 ja sileit\u00e4!<\/p>\n<p><o:p><\/o:p><\/span><\/p>\n<p class=\"MsoNormal\"><b>Bambu<o:p><\/o:p><\/b><\/p>\n<p class=\"MsoNormal\"><span lang=\"EN-US\">Bambun hienot ominaisuudet eiv\u00e4t kuitenkaan lopu t\u00e4h\u00e4n. Bambu on erityisen hy\u00f6dyllinen, koska se imee kosteutta paljon paremmin kuin muut materiaalit.<o:p><\/o:p><\/span><\/p>\n<p class=\"MsoNormal\"><span lang=\"EN-US\">Toinen bambun houkutteleva ominaisuus on, kuinka l\u00e4mpim\u00e4lt\u00e4 se tuntuu tekstiileiss\u00e4 k\u00e4ytettyn\u00e4. Bambussa olevalla selluloosalla on silkkisen sile\u00e4 pinta, jonka ansiosta ilma p\u00e4\u00e4see virtaamaan vapaasti sis\u00e4\u00e4n ja ulos. Yksinkertaisesti sanottuna se on puhdasta hoitoa ihollesi!<\/p>\n<p><o:p><\/o:p><\/span><\/p>\n<p class=\"MsoNormal\"><b>Allergia- ja ihoyst\u00e4v\u00e4llinen<o:p><\/o:p><\/b><\/p>\n<\/p>\n<p class=\"MsoNormal\"><span lang=\"EN-US\">Jos sinulla, kuten monella muulla t\u00e4\u00e4ll\u00e4 pohjoisessa, on herkk\u00e4 iho, BamboPads puhdistustyynyt ovat viisas valinta. Koska ne ovat luonnostaan pehmeit\u00e4, sinun ei tarvitse kuoria ihoa niin voimakkaasti, mik\u00e4 aiheuttaa \u00e4rsytyst\u00e4 ja pitk\u00e4ll\u00e4 aikav\u00e4lill\u00e4 kuivaa ihoa. Jos olet herkk\u00e4 synteettisille materiaaleille, sinun ei tarvitse huolehtia k\u00e4ytt\u00e4ess\u00e4si bambutuotteita.<o:p><\/o:p><\/span><\/p>\n\t\t\t\t\t<\/div>\n\t\t\t\t\t\t<\/div>\n\t\t\t\t<\/div>\n\t\t\t\t\t\t<\/div>\n\t\t\t\t\t<\/div>\n\t\t<\/div>\n\t\t\t\t\t\t\t\t<\/div>\n\t\t\t\t\t<\/div>\n\t\t<\/section>\n\t\t\t\t<section class=\"elementor-section elementor-top-section elementor-element elementor-element-173c6c68 elementor-section-boxed elementor-section-height-default elementor-section-height-default\" data-id=\"173c6c68\" data-element_type=\"section\">\n\t\t\t\t\t\t<div class=\"elementor-container elementor-column-gap-default\">\n\t\t\t\t\t\t\t<div class=\"elementor-row\">\n\t\t\t\t\t<div class=\"elementor-column elementor-col-100 elementor-top-column elementor-element elementor-element-4d156091\" data-id=\"4d156091\" data-element_type=\"column\">\n\t\t\t<div class=\"elementor-column-wrap elementor-element-populated\">\n\t\t\t\t\t\t\t<div class=\"elementor-widget-wrap\">\n\t\t\t\t\t\t<div class=\"elementor-element elementor-element-5afb020a elementor-widget elementor-widget-spacer\" data-id=\"5afb020a\" data-element_type=\"widget\" data-widget_type=\"spacer.default\">\n\t\t\t\t<div class=\"elementor-widget-container\">\n\t\t\t\t\t<div class=\"elementor-spacer\">\n\t\t\t<div class=\"elementor-spacer-inner\"><\/div>\n\t\t<\/div>\n\t\t\t\t<\/div>\n\t\t\t\t<\/div>\n\t\t\t\t\t\t<\/div>\n\t\t\t\t\t<\/div>\n\t\t<\/div>\n\t\t\t\t\t\t\t\t<\/div>\n\t\t\t\t\t<\/div>\n\t\t<\/section>\n\t\t\t\t<section class=\"elementor-section elementor-top-section elementor-element elementor-element-2beb2f2b elementor-section-boxed elementor-section-height-default elementor-section-height-default\" data-id=\"2beb2f2b\" data-element_type=\"section\">\n\t\t\t\t\t\t<div class=\"elementor-container elementor-column-gap-default\">\n\t\t\t\t\t\t\t<div class=\"elementor-row\">\n\t\t\t\t\t<div class=\"elementor-column elementor-col-100 elementor-top-column elementor-element elementor-element-3133a8fe\" data-id=\"3133a8fe\" data-element_type=\"column\">\n\t\t\t<div class=\"elementor-column-wrap elementor-element-populated\">\n\t\t\t\t\t\t\t<div class=\"elementor-widget-wrap\">\n\t\t\t\t\t\t<div class=\"elementor-element elementor-element-6fa0ba54 elementor-widget elementor-widget-heading\" data-id=\"6fa0ba54\" data-element_type=\"widget\" data-widget_type=\"heading.default\">\n\t\t\t\t<div class=\"elementor-widget-container\">\n\t\t\t<h6 class=\"elementor-heading-title elementor-size-default\">saatat pit\u00e4\u00e4 my\u00f6s<\/h6>\t\t<\/div>\n\t\t\t\t<\/div>\n\t\t\t\t<div class=\"elementor-element elementor-element-5d1004b1 elementor-widget elementor-widget-spacer\" data-id=\"5d1004b1\" data-element_type=\"widget\" data-widget_type=\"spacer.default\">\n\t\t\t\t<div class=\"elementor-widget-container\">\n\t\t\t\t\t<div class=\"elementor-spacer\">\n\t\t\t<div class=\"elementor-spacer-inner\"><\/div>\n\t\t<\/div>\n\t\t\t\t<\/div>\n\t\t\t\t<\/div>\n\t\t\t\t<div class=\"elementor-element elementor-element-2e53c21c elementor-widget elementor-widget-dtshop-widget-related-products\" data-id=\"2e53c21c\" data-element_type=\"widget\" data-widget_type=\"dtshop-widget-related-products.default\">\n\t\t\t\t<div class=\"elementor-widget-container\">\n\t\t\tPlease provide product id to display corresponding data!\t\t<\/div>\n\t\t\t\t<\/div>\n\t\t\t\t\t\t<\/div>\n\t\t\t\t\t<\/div>\n\t\t<\/div>\n\t\t\t\t\t\t\t\t<\/div>\n\t\t\t\t\t<\/div>\n\t\t<\/section>\n\t\t\t\t\t\t<\/div>\n\t\t\t\t\t\t<\/div>\n\t\t\t\t\t<\/div>\n\t\t","protected":false},"excerpt":{"rendered":"<p>Tarjoamme ymp\u00e4rist\u00f6yst\u00e4v\u00e4llisi\u00e4 ja inhimillisi\u00e4 vaihtoehtoja kertak\u00e4ytt\u00f6tuotteille. Vaihda kertak\u00e4ytt\u00f6iset vanulappusi uudelleenk\u00e4ytett\u00e4viin bambu-puhdistustyynyihin. Et ole vain armollinen ymp\u00e4rist\u00f6\u00e4 ja lompakkoasi kohtaan k\u00e4ytt\u00e4m\u00e4ll\u00e4 uudelleenk\u00e4ytett\u00e4vi\u00e4 Bambo Pads puhdistustyynyj\u00e4, vaan olet my\u00f6s hyv\u00e4 t\u00e4rkeimm\u00e4lle asiallesi, herk\u00e4lle ihollesi! Puhdistustyynymme on valmistettu kokonaan bambusta eiv\u00e4tk\u00e4 sis\u00e4ll\u00e4 muita ainesosia. Ne ovat hyvi\u00e4 niin poistamaan meikki\u00e4 ja hoitamaan ihoa kuin puhdistamaan herkk\u00e4\u00e4 vauvan ihoa. Toiset k\u00e4ytt\u00e4v\u00e4t viskoosia, spandexia, polyesteri\u00e4 ja puuvillaa; Me k\u00e4yt\u00e4mme 100 % orgaanista ja luonnollista bambua.<\/p>\n<p><strong>Tuotetiedot<\/strong><\/p>\n<ul>\n<li>Koko: 10 x 10 cm<\/li>\n<li>Lukum\u00e4\u00e4r\u00e4: 10 kappaletta<\/li>\n<li>Lis\u00e4tuotteet: Kun ostat ensimm\u00e4iset 10 pakkauksen puhdistustyynyj\u00e4 (299kr), saat mukaan bambupussin<\/li>\n<li>V\u00e4rit: Valkoinen<\/li>\n<li>Materiaali: 100 % bambua<\/li>\n<li>Valmistaja: BAMBOPADS SWEDEN AB TM<\/li>\n<\/ul>\n<p><strong>Pesuohjeet BamboPad puhdistustyynyille<\/strong><\/p>\n<ul>\n<li>Pesu 40\u00b0C<\/li>\n<li>K\u00e4yt\u00e4 Bambo Bag bambupussia.<\/li>\n<li>P\u00e4ivitt\u00e4isess\u00e4 k\u00e4yt\u00f6ss\u00e4 huuhtele haalealla juoksevalla vedell\u00e4<\/li>\n<li>K\u00e4yt\u00e4 kaikki puhdistustyynyt ennen pesukoneessa pesemist\u00e4<\/li>\n<\/ul>\n","protected":false},"featured_media":25385,"comment_status":"open","ping_status":"closed","template":"","meta":[],"product_cat":[180],"product_tag":[182,183],"_links":{"self":[{"href":"https:\/\/bambopads.com\/fi\/wp-json\/wp\/v2\/product\/25623"}],"collection":[{"href":"https:\/\/bambopads.com\/fi\/wp-json\/wp\/v2\/product"}],"about":[{"href":"https:\/\/bambopads.com\/fi\/wp-json\/wp\/v2\/types\/product"}],"replies":[{"embeddable":true,"href":"https:\/\/bambopads.com\/fi\/wp-json\/wp\/v2\/comments?post=25623"}],"version-history":[{"count":3,"href":"https:\/\/bambopads.com\/fi\/wp-json\/wp\/v2\/product\/25623\/revisions"}],"predecessor-version":[{"id":25654,"href":"https:\/\/bambopads.com\/fi\/wp-json\/wp\/v2\/product\/25623\/revisions\/25654"}],"wp:featuredmedia":[{"embeddable":true,"href":"https:\/\/bambopads.com\/fi\/wp-json\/wp\/v2\/media\/25385"}],"wp:attachment":[{"href":"https:\/\/bambopads.com\/fi\/wp-json\/wp\/v2\/media?parent=25623"}],"wp:term":[{"taxonomy":"product_cat","embeddable":true,"href":"https:\/\/bambopads.com\/fi\/wp-json\/wp\/v2\/product_cat?post=25623"},{"taxonomy":"product_tag","embeddable":true,"href":"https:\/\/bambopads.com\/fi\/wp-json\/wp\/v2\/product_tag?post=25623"}],"curies":[{"name":"wp","href":"https:\/\/api.w.org\/{rel}","templated":true}]}}