{"id":25443,"date":"2021-10-26T11:02:26","date_gmt":"2021-10-26T11:02:26","guid":{"rendered":"https:\/\/bambopads.com\/product\/bambo-pyyhe\/"},"modified":"2022-02-01T01:43:38","modified_gmt":"2022-02-01T01:43:38","slug":"bambo-towel-bambupyyhe","status":"publish","type":"product","link":"https:\/\/bambopads.com\/fi\/product\/bambo-towel-bambupyyhe\/","title":{"rendered":"Bambo Towel Bambupyyhe"},"content":{"rendered":"\t\t<div data-elementor-type=\"wp-post\" data-elementor-id=\"25443\" class=\"elementor elementor-25443\" data-elementor-settings=\"[]\">\n\t\t\t\t\t\t<div class=\"elementor-inner\">\n\t\t\t\t\t\t\t<div class=\"elementor-section-wrap\">\n\t\t\t\t\t\t\t<section class=\"elementor-section elementor-top-section elementor-element elementor-element-bfa41a6 elementor-section-stretched elementor-section-full_width elementor-section-height-default elementor-section-height-default\" data-id=\"bfa41a6\" data-element_type=\"section\" data-settings=\"{&quot;stretch_section&quot;:&quot;section-stretched&quot;}\">\n\t\t\t\t\t\t<div class=\"elementor-container elementor-column-gap-default\">\n\t\t\t\t\t\t\t<div class=\"elementor-row\">\n\t\t\t\t\t<div class=\"elementor-column elementor-col-100 elementor-top-column elementor-element elementor-element-b60c6c8\" data-id=\"b60c6c8\" data-element_type=\"column\">\n\t\t\t<div class=\"elementor-column-wrap elementor-element-populated\">\n\t\t\t\t\t\t\t<div class=\"elementor-widget-wrap\">\n\t\t\t\t\t\t<div class=\"elementor-element elementor-element-d133065 product-nav-type1 elementor-widget elementor-widget-dtshop-widget-product-single-summary-nav-bar\" data-id=\"d133065\" data-element_type=\"widget\" data-widget_type=\"dtshop-widget-product-single-summary-nav-bar.default\">\n\t\t\t\t<div class=\"elementor-widget-container\">\n\t\t\tPlease provide product id to display corresponding data!\t\t<\/div>\n\t\t\t\t<\/div>\n\t\t\t\t\t\t<\/div>\n\t\t\t\t\t<\/div>\n\t\t<\/div>\n\t\t\t\t\t\t\t\t<\/div>\n\t\t\t\t\t<\/div>\n\t\t<\/section>\n\t\t\t\t<section class=\"elementor-section elementor-top-section elementor-element elementor-element-5f5e3d22 elementor-section-stretched elementor-section-full_width elementor-section-height-default elementor-section-height-default\" data-id=\"5f5e3d22\" data-element_type=\"section\" data-settings=\"{&quot;stretch_section&quot;:&quot;section-stretched&quot;}\">\n\t\t\t\t\t\t<div class=\"elementor-container elementor-column-gap-default\">\n\t\t\t\t\t\t\t<div class=\"elementor-row\">\n\t\t\t\t\t<div class=\"elementor-column elementor-col-50 elementor-top-column elementor-element elementor-element-34ea6de6\" data-id=\"34ea6de6\" data-element_type=\"column\">\n\t\t\t<div class=\"elementor-column-wrap elementor-element-populated\">\n\t\t\t\t\t\t\t<div class=\"elementor-widget-wrap\">\n\t\t\t\t\t\t\t\t<\/div>\n\t\t\t\t\t<\/div>\n\t\t<\/div>\n\t\t\t\t<div class=\"elementor-column elementor-col-50 elementor-top-column elementor-element elementor-element-59b242b5\" data-id=\"59b242b5\" data-element_type=\"column\">\n\t\t\t<div class=\"elementor-column-wrap elementor-element-populated\">\n\t\t\t\t\t\t\t<div class=\"elementor-widget-wrap\">\n\t\t\t\t\t\t<div class=\"elementor-element elementor-element-52ba46a9 beaux-shop-summary elementor-widget elementor-widget-dtshop-widget-product-single-summary\" data-id=\"52ba46a9\" data-element_type=\"widget\" data-widget_type=\"dtshop-widget-product-single-summary.default\">\n\t\t\t\t<div class=\"elementor-widget-container\">\n\t\t\t<div class=\"dt-sc-product-summary summary entry-summary  \"><div class=\"dt-sc-single-product-title\"><h1 class=\"product_title entry-title\">Bambo Towel Bambupyyhe<\/h1><\/div><div class=\"dt-sc-single-product-price\"><p class=\"price\"><span class=\"woocs_price_code\" data-product-id=\"25443\"><span class=\"woocommerce-Price-amount amount\"><bdi>79&nbsp;<span class=\"woocommerce-Price-currencySymbol\">&#107;&#114;<\/span><\/bdi><\/span><\/span><\/p><\/div><div class=\"woocommerce-product-details__short-description\">\n\t<p>Onko sinulla viel\u00e4 puuvillaisia pyyhkeit\u00e4 kotonasi kylpyhuoneessa? On yh\u00e4 t\u00e4rke\u00e4mp\u00e4\u00e4 ajatella innovatiivisesti, kun on entist\u00e4 t\u00e4rke\u00e4mp\u00e4\u00e4 el\u00e4\u00e4 kest\u00e4v\u00e4ll\u00e4 el\u00e4m\u00e4ntavalla. Kun ostat tekstiilej\u00e4, t\u00e4ss\u00e4 on muutamia syit\u00e4, miksi sinun kannattaa valita bambupyyhkeemme puuvillasta, viskoosista, spandexista tai polyesterist\u00e4 valmistetun pyyhkeen sijaan.<\/p>\n<p><strong>Tuotetiedot<\/strong><\/p>\n<ul>\n<li>Koko: 25 x 25 cm kasvoille<\/li>\n<li>V\u00e4rit: Valkoinen<\/li>\n<li>Materiaali: 100 % bambua<\/li>\n<li>Valmistaja: BAMBOPADS SWEDEN AB TM<\/li>\n<\/ul>\n<p><strong>Pesuohjeet Bambo Towel Bambupyyhe:<\/strong><\/p>\n<ul>\n<li>Pesu 40\u00b0C<\/li>\n<li>Pese ennen ensimm\u00e4ist\u00e4 k\u00e4ytt\u00f6\u00e4<\/li>\n<li>Rumpukuivaus matalalla teholla<\/li>\n<\/ul>\n<\/div>\n<div class=\"product-buttons-wrapper product-button product-button-cart style-simple  \"><div class=\"wc_inline_buttons\"><div class=\"wcwl_btn_wrapper wc_btn_inline\"><\/div><\/div><\/div><\/div>\t\t<\/div>\n\t\t\t\t<\/div>\n\t\t\t\t<div class=\"elementor-element elementor-element-f97f6cf elementor-widget elementor-widget-jet-images-layout\" data-id=\"f97f6cf\" data-element_type=\"widget\" data-widget_type=\"jet-images-layout.default\">\n\t\t\t\t<div class=\"elementor-widget-container\">\n\t\t\t<div class=\"elementor-jet-images-layout jet-elements\">\n<div class=\"jet-images-layout layout-type-masonry\" data-settings='{\"layoutType\":\"masonry\",\"columns\":3,\"columnsTablet\":\"3\",\"columnsMobile\":\"2\",\"justifyHeight\":300}'>\n\t<div class=\"jet-images-layout__list column-desktop-3 column-tablet-3 column-mobile-2\" data-columns>\n<div class=\"jet-images-layout__item \">\n\t<div class=\"jet-images-layout__inner\">\n\t\t<div class=\"jet-images-layout__image-loader\"><span><\/span><\/div>\n\t\t<div class=\"jet-images-layout__link \">\n\t\t\t<div class=\"jet-images-layout__image\">\n\t\t\t\t<img decoding=\"async\" class=\"jet-images-layout__image-instance\" src=\"https:\/\/bambopads.com\/wp-content\/uploads\/2021\/09\/Klarna-Logo.wine_.png\" alt=\"Klarna-Logo.wine\" loading=\"lazy\">\t\t\t<\/div>\n\t\t\t<div class=\"jet-images-layout__content\"><\/div>\n\t\t<\/div>\n\t<\/div>\n<\/div>\n<div class=\"jet-images-layout__item \">\n\t<div class=\"jet-images-layout__inner\">\n\t\t<div class=\"jet-images-layout__image-loader\"><span><\/span><\/div>\n\t\t<div class=\"jet-images-layout__link \">\n\t\t\t<div class=\"jet-images-layout__image\">\n\t\t\t\t<img decoding=\"async\" class=\"jet-images-layout__image-instance\" src=\"https:\/\/bambopads.com\/wp-content\/uploads\/2021\/09\/Swish_payment-Logo.wine_.png\" alt=\"Swish_(payment)-Logo.wine\" loading=\"lazy\">\t\t\t<\/div>\n\t\t\t<div class=\"jet-images-layout__content\"><\/div>\n\t\t<\/div>\n\t<\/div>\n<\/div>\n<div class=\"jet-images-layout__item \">\n\t<div class=\"jet-images-layout__inner\">\n\t\t<div class=\"jet-images-layout__image-loader\"><span><\/span><\/div>\n\t\t<div class=\"jet-images-layout__link \">\n\t\t\t<div class=\"jet-images-layout__image\">\n\t\t\t\t<img decoding=\"async\" class=\"jet-images-layout__image-instance\" src=\"https:\/\/bambopads.com\/wp-content\/uploads\/2021\/09\/paypal_mb8k.png\" alt=\"paypal_mb8k\" loading=\"lazy\">\t\t\t<\/div>\n\t\t\t<div class=\"jet-images-layout__content\"><\/div>\n\t\t<\/div>\n\t<\/div>\n<\/div>\n<\/div><\/div>\n<\/div>\t\t<\/div>\n\t\t\t\t<\/div>\n\t\t\t\t\t\t<\/div>\n\t\t\t\t\t<\/div>\n\t\t<\/div>\n\t\t\t\t\t\t\t\t<\/div>\n\t\t\t\t\t<\/div>\n\t\t<\/section>\n\t\t\t\t<section class=\"elementor-section elementor-top-section elementor-element elementor-element-3a2fe47 elementor-section-boxed elementor-section-height-default elementor-section-height-default\" data-id=\"3a2fe47\" data-element_type=\"section\">\n\t\t\t\t\t\t<div class=\"elementor-container elementor-column-gap-default\">\n\t\t\t\t\t\t\t<div class=\"elementor-row\">\n\t\t\t\t\t<div class=\"elementor-column elementor-col-100 elementor-top-column elementor-element elementor-element-707ac30\" data-id=\"707ac30\" data-element_type=\"column\">\n\t\t\t<div class=\"elementor-column-wrap elementor-element-populated\">\n\t\t\t\t\t\t\t<div class=\"elementor-widget-wrap\">\n\t\t\t\t\t\t<div class=\"elementor-element elementor-element-5c1eeba elementor-widget elementor-widget-text-editor\" data-id=\"5c1eeba\" data-element_type=\"widget\" data-widget_type=\"text-editor.default\">\n\t\t\t\t<div class=\"elementor-widget-container\">\n\t\t\t\t\t\t\t\t<div class=\"elementor-text-editor elementor-clearfix\">\n\t\t\t\t<p class=\"MsoNormal\"><b>Bambu on kest\u00e4v\u00e4\u00e4<o:p><\/o:p><\/b><\/p>\n<p class=\"MsoNormal\"><span lang=\"EN-US\">Kest\u00e4vyys on ep\u00e4ilem\u00e4tt\u00e4 bambun t\u00e4rkein ominaisuus. Itse asiassa bambu on nopeimmin kasvava kasvi planeetalla. T\u00e4m\u00e4 yhdess\u00e4 keinotekoisten prosessien v\u00e4ltt\u00e4misen kanssa tekee bambupyyhkeiden tuotannosta eritt\u00e4in kest\u00e4v\u00e4n. Plussana on se, ett\u00e4 bambukasvia ei tarvitse istuttaa uudelleen, koska vanhoista versoista nousee uusia versoja. Se on hyv\u00e4 sinulle ja se on viel\u00e4 parempi ymp\u00e4rist\u00f6lle.<\/p>\n<p><o:p><\/o:p><\/span><\/p>\n<p class=\"MsoNormal\"><b>Bambu torjuu sienikasvustoja<o:p><\/o:p><\/b><\/p>\n<p class=\"MsoNormal\"><span lang=\"EN-US\">Saatat ihmetell\u00e4, miksi bambu toimii niin hyvin tekstiileiss\u00e4. Vastaus l\u00f6ytyy pienist\u00e4 kuiduista. Bambukasvin kuiduilla on antibakteerisia ominaisuuksia, mik\u00e4 tarkoittaa, ett\u00e4 ne est\u00e4v\u00e4t sient\u00e4 kasvamasta kankaan sis\u00e4ll\u00e4. N\u00e4in voit k\u00e4ytt\u00e4\u00e4 bambupyyhkett\u00e4si useita p\u00e4ivi\u00e4 ilman, ett\u00e4 sinun tarvitsee pest\u00e4 sit\u00e4 yht\u00e4 usein kuin tavallisia pyyhkeit\u00e4. Se on win-win-tilanne sek\u00e4 sinulle ett\u00e4 ymp\u00e4rist\u00f6lle.<\/p>\n<p><b><o:p><\/o:p><\/b><\/span><\/p>\n<p class=\"MsoNormal\"><b>Bambupyyhkeet kuivuvat nopeammin<o:p><\/o:p><\/b><\/p>\n<p class=\"MsoNormal\"><span lang=\"EN-US\">Bambun edut eiv\u00e4t kuitenkaan lopu t\u00e4h\u00e4n. Etenkin bambu ylitt\u00e4\u00e4 kosteuden imeytymisen puuvillaan n\u00e4hden. Sinun ei tarvitse huolehtia siit\u00e4, ett\u00e4 bambupyyhe haisisi kamalalta muutaman tunnin kuluttua, koska se kuivuu niin nopeasti.<\/p>\n<p><o:p><\/o:p><\/span><\/p>\n<p class=\"MsoNormal\"><b>Pehme\u00e4mpi kuin tavalliset pyyhkeet<o:p><\/o:p><\/b><\/p>\n<p class=\"MsoNormal\"><span lang=\"EN-US\">Toinen bambun houkutteleva ominaisuus on, kuinka pehme\u00e4 ja ihoa hyv\u00e4ilev\u00e4 siit\u00e4 tulee, kun sit\u00e4 k\u00e4ytet\u00e4\u00e4n tekstiileiss\u00e4. Bambussa olevan selluloosan sile\u00e4 pinta p\u00e4\u00e4st\u00e4\u00e4 ilman kulkemaan helposti sen l\u00e4pi. Yksinkertaisesti sanottuna se on puhdasta luksusta ihollesi. Pehmeyden ansiosta se soveltuu kudottavaksi erilaisiin kankaisiin, kuten lasten vaatteisiin tai vuodevaatteisiin. Jotta niist\u00e4 tulisi mahdollisimman pehme\u00e4t, monet ekologiset bambupyyhkeet on valmistettu bambun ja puuvillan yhdistelm\u00e4st\u00e4.<\/p>\n<p><o:p><\/o:p><\/span><\/p>\n<p class=\"MsoNormal\"><b>Allergia- ja ihoyst\u00e4v\u00e4llinen<o:p><\/o:p><\/b><\/p>\n<\/p>\n<p class=\"MsoNormal\"><span lang=\"EN-US\">Jos sinulla, kuten monella muulla t\u00e4\u00e4ll\u00e4 pohjoisessa, on herkk\u00e4 iho, Bambo Towel bambupyyhe on viisas valinta. Koska pyyhkeet luonnostaan pehmeit\u00e4, sinun ei tarvitse hangata ihoa niin kovaa, mik\u00e4 aiheuttaisi \u00e4rsytyst\u00e4 ja pitk\u00e4ll\u00e4 aikav\u00e4lill\u00e4 kuivaa ihoa. Jos olet herkk\u00e4 my\u00f6s synteettisille materiaaleille, sinun ei tarvitse huolehtia k\u00e4ytt\u00e4ess\u00e4si bambutuotteita.<o:p><\/o:p><\/span><\/p>\n\t\t\t\t\t<\/div>\n\t\t\t\t\t\t<\/div>\n\t\t\t\t<\/div>\n\t\t\t\t\t\t<\/div>\n\t\t\t\t\t<\/div>\n\t\t<\/div>\n\t\t\t\t\t\t\t\t<\/div>\n\t\t\t\t\t<\/div>\n\t\t<\/section>\n\t\t\t\t<section class=\"elementor-section elementor-top-section elementor-element elementor-element-173c6c68 elementor-section-boxed elementor-section-height-default elementor-section-height-default\" data-id=\"173c6c68\" data-element_type=\"section\">\n\t\t\t\t\t\t<div class=\"elementor-container elementor-column-gap-default\">\n\t\t\t\t\t\t\t<div class=\"elementor-row\">\n\t\t\t\t\t<div class=\"elementor-column elementor-col-100 elementor-top-column elementor-element elementor-element-4d156091\" data-id=\"4d156091\" data-element_type=\"column\">\n\t\t\t<div class=\"elementor-column-wrap elementor-element-populated\">\n\t\t\t\t\t\t\t<div class=\"elementor-widget-wrap\">\n\t\t\t\t\t\t<div class=\"elementor-element elementor-element-5afb020a elementor-widget elementor-widget-spacer\" data-id=\"5afb020a\" data-element_type=\"widget\" data-widget_type=\"spacer.default\">\n\t\t\t\t<div class=\"elementor-widget-container\">\n\t\t\t\t\t<div class=\"elementor-spacer\">\n\t\t\t<div class=\"elementor-spacer-inner\"><\/div>\n\t\t<\/div>\n\t\t\t\t<\/div>\n\t\t\t\t<\/div>\n\t\t\t\t\t\t<\/div>\n\t\t\t\t\t<\/div>\n\t\t<\/div>\n\t\t\t\t\t\t\t\t<\/div>\n\t\t\t\t\t<\/div>\n\t\t<\/section>\n\t\t\t\t<section class=\"elementor-section elementor-top-section elementor-element elementor-element-2beb2f2b elementor-section-boxed elementor-section-height-default elementor-section-height-default\" data-id=\"2beb2f2b\" data-element_type=\"section\">\n\t\t\t\t\t\t<div class=\"elementor-container elementor-column-gap-default\">\n\t\t\t\t\t\t\t<div class=\"elementor-row\">\n\t\t\t\t\t<div class=\"elementor-column elementor-col-100 elementor-top-column elementor-element elementor-element-3133a8fe\" data-id=\"3133a8fe\" data-element_type=\"column\">\n\t\t\t<div class=\"elementor-column-wrap elementor-element-populated\">\n\t\t\t\t\t\t\t<div class=\"elementor-widget-wrap\">\n\t\t\t\t\t\t<div class=\"elementor-element elementor-element-6fa0ba54 elementor-widget elementor-widget-heading\" data-id=\"6fa0ba54\" data-element_type=\"widget\" data-widget_type=\"heading.default\">\n\t\t\t\t<div class=\"elementor-widget-container\">\n\t\t\t<h6 class=\"elementor-heading-title elementor-size-default\">Saattaisit pit\u00e4\u00e4 my\u00f6s<\/h6>\t\t<\/div>\n\t\t\t\t<\/div>\n\t\t\t\t<div class=\"elementor-element elementor-element-5d1004b1 elementor-widget elementor-widget-spacer\" data-id=\"5d1004b1\" data-element_type=\"widget\" data-widget_type=\"spacer.default\">\n\t\t\t\t<div class=\"elementor-widget-container\">\n\t\t\t\t\t<div class=\"elementor-spacer\">\n\t\t\t<div class=\"elementor-spacer-inner\"><\/div>\n\t\t<\/div>\n\t\t\t\t<\/div>\n\t\t\t\t<\/div>\n\t\t\t\t<div class=\"elementor-element elementor-element-2e53c21c elementor-widget elementor-widget-dtshop-widget-related-products\" data-id=\"2e53c21c\" data-element_type=\"widget\" data-widget_type=\"dtshop-widget-related-products.default\">\n\t\t\t\t<div class=\"elementor-widget-container\">\n\t\t\tPlease provide product id to display corresponding data!\t\t<\/div>\n\t\t\t\t<\/div>\n\t\t\t\t\t\t<\/div>\n\t\t\t\t\t<\/div>\n\t\t<\/div>\n\t\t\t\t\t\t\t\t<\/div>\n\t\t\t\t\t<\/div>\n\t\t<\/section>\n\t\t\t\t\t\t<\/div>\n\t\t\t\t\t\t<\/div>\n\t\t\t\t\t<\/div>\n\t\t","protected":false},"excerpt":{"rendered":"<p>Onko sinulla viel\u00e4 puuvillaisia pyyhkeit\u00e4 kotonasi kylpyhuoneessa? On yh\u00e4 t\u00e4rke\u00e4mp\u00e4\u00e4 ajatella innovatiivisesti, kun on entist\u00e4 t\u00e4rke\u00e4mp\u00e4\u00e4 el\u00e4\u00e4 kest\u00e4v\u00e4ll\u00e4 el\u00e4m\u00e4ntavalla. Kun ostat tekstiilej\u00e4, t\u00e4ss\u00e4 on muutamia syit\u00e4, miksi sinun kannattaa valita bambupyyhkeemme puuvillasta, viskoosista, spandexista tai polyesterist\u00e4 valmistetun pyyhkeen sijaan.<\/p>\n<p><strong>Tuotetiedot<\/strong><\/p>\n<ul>\n<li>Koko: 25 x 25 cm kasvoille<\/li>\n<li>V\u00e4rit: Valkoinen<\/li>\n<li>Materiaali: 100 % bambua<\/li>\n<li>Valmistaja: BAMBOPADS SWEDEN AB TM<\/li>\n<\/ul>\n<p><strong>Pesuohjeet Bambo Towel Bambupyyhe:<\/strong><\/p>\n<ul>\n<li>Pesu 40\u00b0C<\/li>\n<li>Pese ennen ensimm\u00e4ist\u00e4 k\u00e4ytt\u00f6\u00e4<\/li>\n<li>Rumpukuivaus matalalla teholla<\/li>\n<\/ul>\n","protected":false},"featured_media":25379,"comment_status":"open","ping_status":"closed","template":"","meta":[],"product_cat":[180],"product_tag":[182,183],"_links":{"self":[{"href":"https:\/\/bambopads.com\/fi\/wp-json\/wp\/v2\/product\/25443"}],"collection":[{"href":"https:\/\/bambopads.com\/fi\/wp-json\/wp\/v2\/product"}],"about":[{"href":"https:\/\/bambopads.com\/fi\/wp-json\/wp\/v2\/types\/product"}],"replies":[{"embeddable":true,"href":"https:\/\/bambopads.com\/fi\/wp-json\/wp\/v2\/comments?post=25443"}],"version-history":[{"count":2,"href":"https:\/\/bambopads.com\/fi\/wp-json\/wp\/v2\/product\/25443\/revisions"}],"predecessor-version":[{"id":25770,"href":"https:\/\/bambopads.com\/fi\/wp-json\/wp\/v2\/product\/25443\/revisions\/25770"}],"wp:featuredmedia":[{"embeddable":true,"href":"https:\/\/bambopads.com\/fi\/wp-json\/wp\/v2\/media\/25379"}],"wp:attachment":[{"href":"https:\/\/bambopads.com\/fi\/wp-json\/wp\/v2\/media?parent=25443"}],"wp:term":[{"taxonomy":"product_cat","embeddable":true,"href":"https:\/\/bambopads.com\/fi\/wp-json\/wp\/v2\/product_cat?post=25443"},{"taxonomy":"product_tag","embeddable":true,"href":"https:\/\/bambopads.com\/fi\/wp-json\/wp\/v2\/product_tag?post=25443"}],"curies":[{"name":"wp","href":"https:\/\/api.w.org\/{rel}","templated":true}]}}