{"id":25440,"date":"2021-10-26T11:13:06","date_gmt":"2021-10-26T11:13:06","guid":{"rendered":"https:\/\/bambopads.com\/product\/bambo-otsapanta\/"},"modified":"2022-02-01T01:43:10","modified_gmt":"2022-02-01T01:43:10","slug":"bambo-headband-otsapanta","status":"publish","type":"product","link":"https:\/\/bambopads.com\/fi\/product\/bambo-headband-otsapanta\/","title":{"rendered":"Bambo Headband Otsapanta"},"content":{"rendered":"\t\t<div data-elementor-type=\"wp-post\" data-elementor-id=\"25440\" class=\"elementor elementor-25440\" data-elementor-settings=\"[]\">\n\t\t\t\t\t\t<div class=\"elementor-inner\">\n\t\t\t\t\t\t\t<div class=\"elementor-section-wrap\">\n\t\t\t\t\t\t\t<section class=\"elementor-section elementor-top-section elementor-element elementor-element-bfa41a6 elementor-section-stretched elementor-section-full_width elementor-section-height-default elementor-section-height-default\" data-id=\"bfa41a6\" data-element_type=\"section\" data-settings=\"{&quot;stretch_section&quot;:&quot;section-stretched&quot;}\">\n\t\t\t\t\t\t<div class=\"elementor-container elementor-column-gap-default\">\n\t\t\t\t\t\t\t<div class=\"elementor-row\">\n\t\t\t\t\t<div class=\"elementor-column elementor-col-100 elementor-top-column elementor-element elementor-element-b60c6c8\" data-id=\"b60c6c8\" data-element_type=\"column\">\n\t\t\t<div class=\"elementor-column-wrap elementor-element-populated\">\n\t\t\t\t\t\t\t<div class=\"elementor-widget-wrap\">\n\t\t\t\t\t\t<div class=\"elementor-element elementor-element-d133065 product-nav-type1 elementor-widget elementor-widget-dtshop-widget-product-single-summary-nav-bar\" data-id=\"d133065\" data-element_type=\"widget\" data-widget_type=\"dtshop-widget-product-single-summary-nav-bar.default\">\n\t\t\t\t<div class=\"elementor-widget-container\">\n\t\t\tPlease provide product id to display corresponding data!\t\t<\/div>\n\t\t\t\t<\/div>\n\t\t\t\t\t\t<\/div>\n\t\t\t\t\t<\/div>\n\t\t<\/div>\n\t\t\t\t\t\t\t\t<\/div>\n\t\t\t\t\t<\/div>\n\t\t<\/section>\n\t\t\t\t<section class=\"elementor-section elementor-top-section elementor-element elementor-element-5f5e3d22 elementor-section-stretched elementor-section-full_width elementor-section-height-default elementor-section-height-default\" data-id=\"5f5e3d22\" data-element_type=\"section\" data-settings=\"{&quot;stretch_section&quot;:&quot;section-stretched&quot;}\">\n\t\t\t\t\t\t<div class=\"elementor-container elementor-column-gap-default\">\n\t\t\t\t\t\t\t<div class=\"elementor-row\">\n\t\t\t\t\t<div class=\"elementor-column elementor-col-50 elementor-top-column elementor-element elementor-element-34ea6de6\" data-id=\"34ea6de6\" data-element_type=\"column\">\n\t\t\t<div class=\"elementor-column-wrap elementor-element-populated\">\n\t\t\t\t\t\t\t<div class=\"elementor-widget-wrap\">\n\t\t\t\t\t\t\t\t<\/div>\n\t\t\t\t\t<\/div>\n\t\t<\/div>\n\t\t\t\t<div class=\"elementor-column elementor-col-50 elementor-top-column elementor-element elementor-element-59b242b5\" data-id=\"59b242b5\" data-element_type=\"column\">\n\t\t\t<div class=\"elementor-column-wrap elementor-element-populated\">\n\t\t\t\t\t\t\t<div class=\"elementor-widget-wrap\">\n\t\t\t\t\t\t<div class=\"elementor-element elementor-element-52ba46a9 beaux-shop-summary elementor-widget elementor-widget-dtshop-widget-product-single-summary\" data-id=\"52ba46a9\" data-element_type=\"widget\" data-widget_type=\"dtshop-widget-product-single-summary.default\">\n\t\t\t\t<div class=\"elementor-widget-container\">\n\t\t\t<div class=\"dt-sc-product-summary summary entry-summary  \"><div class=\"dt-sc-single-product-title\"><h1 class=\"product_title entry-title\">Bambo Headband Otsapanta<\/h1><\/div><div class=\"dt-sc-single-product-price\"><p class=\"price\"><span class=\"woocs_price_code\" data-product-id=\"25440\"><span class=\"woocommerce-Price-amount amount\"><bdi>109&nbsp;<span class=\"woocommerce-Price-currencySymbol\">&#107;&#114;<\/span><\/bdi><\/span><\/span><\/p><\/div><div class=\"woocommerce-product-details__short-description\">\n\t<p>Vaikka ihon hoito olisi sinulle uutta, ymm\u00e4rr\u00e4t todenn\u00e4k\u00f6isesti jo kuinka t\u00e4rke\u00e4\u00e4 on pest\u00e4 kasvosi ja noudattaa hyv\u00e4\u00e4 ihonhoitorutiinia. Vaikka et ehk\u00e4 pit\u00e4isik\u00e4\u00e4n n\u00e4it\u00e4 pieni\u00e4 askareita mukavina, s\u00f6p\u00f6 ja ymp\u00e4rist\u00f6yst\u00e4v\u00e4llinen Bambo Headband otsapanta voi tehd\u00e4 kokemuksesta paljon nautinnollisemman. Kun levit\u00e4t tuotteita ja puhdistat ihoasi, bambu-otsapanta tarjoaa parhaan mukavuuden ja tuen suojaamaan hiusrajaasi ja pit\u00e4m\u00e4\u00e4n hiukset poissa kasvoiltasi.<\/br><br \/>\nLis\u00e4ksi Bambo Headband otsapannat on valmistettu kokonaan bambusta ja ne ovat eritt\u00e4in pehmeit\u00e4, joustavia ja konepest\u00e4vi\u00e4.<\/p>\n<p><strong>Tuotetiedot<\/strong><\/p>\n<ul>\n<li>Koko: Yksi koko<\/li>\n<li>M\u00e4\u00e4r\u00e4: 1 kpl<\/li>\n<li>V\u00e4rit: Valkoinen<\/li>\n<li>Materiaali: 100 % bambua<\/li>\n<li>Valmistaja: BamboPads Sweden Ab\u2122<\/li>\n<\/ul>\n<p><strong>Bambo Headband otsapannan pesuohjeet:<\/strong><\/p>\n<ul>\n<li>Pesu 40\u00b0C<\/li>\n<li>Rumpukuivaus matalalla teholla<\/li>\n<\/ul>\n<\/div>\n<div class=\"product-buttons-wrapper product-button product-button-cart style-simple  \"><div class=\"wc_inline_buttons\"><div class=\"wcwl_btn_wrapper wc_btn_inline\"><\/div><\/div><\/div><\/div>\t\t<\/div>\n\t\t\t\t<\/div>\n\t\t\t\t<div class=\"elementor-element elementor-element-bfaf6cf elementor-widget elementor-widget-jet-images-layout\" data-id=\"bfaf6cf\" data-element_type=\"widget\" data-widget_type=\"jet-images-layout.default\">\n\t\t\t\t<div class=\"elementor-widget-container\">\n\t\t\t<div class=\"elementor-jet-images-layout jet-elements\">\n<div class=\"jet-images-layout layout-type-masonry\" data-settings='{\"layoutType\":\"masonry\",\"columns\":3,\"columnsTablet\":\"3\",\"columnsMobile\":\"2\",\"justifyHeight\":300}'>\n\t<div class=\"jet-images-layout__list column-desktop-3 column-tablet-3 column-mobile-2\" data-columns>\n<div class=\"jet-images-layout__item \">\n\t<div class=\"jet-images-layout__inner\">\n\t\t<div class=\"jet-images-layout__image-loader\"><span><\/span><\/div>\n\t\t<div class=\"jet-images-layout__link \">\n\t\t\t<div class=\"jet-images-layout__image\">\n\t\t\t\t<img decoding=\"async\" class=\"jet-images-layout__image-instance\" src=\"https:\/\/bambopads.com\/wp-content\/uploads\/2021\/09\/Klarna-Logo.wine_.png\" alt=\"Klarna-Logo.wine\" loading=\"lazy\">\t\t\t<\/div>\n\t\t\t<div class=\"jet-images-layout__content\"><\/div>\n\t\t<\/div>\n\t<\/div>\n<\/div>\n<div class=\"jet-images-layout__item \">\n\t<div class=\"jet-images-layout__inner\">\n\t\t<div class=\"jet-images-layout__image-loader\"><span><\/span><\/div>\n\t\t<div class=\"jet-images-layout__link \">\n\t\t\t<div class=\"jet-images-layout__image\">\n\t\t\t\t<img decoding=\"async\" class=\"jet-images-layout__image-instance\" src=\"https:\/\/bambopads.com\/wp-content\/uploads\/2021\/09\/Swish_payment-Logo.wine_.png\" alt=\"Swish_(payment)-Logo.wine\" loading=\"lazy\">\t\t\t<\/div>\n\t\t\t<div class=\"jet-images-layout__content\"><\/div>\n\t\t<\/div>\n\t<\/div>\n<\/div>\n<div class=\"jet-images-layout__item \">\n\t<div class=\"jet-images-layout__inner\">\n\t\t<div class=\"jet-images-layout__image-loader\"><span><\/span><\/div>\n\t\t<div class=\"jet-images-layout__link \">\n\t\t\t<div class=\"jet-images-layout__image\">\n\t\t\t\t<img decoding=\"async\" class=\"jet-images-layout__image-instance\" src=\"https:\/\/bambopads.com\/wp-content\/uploads\/2021\/09\/paypal_mb8k.png\" alt=\"paypal_mb8k\" loading=\"lazy\">\t\t\t<\/div>\n\t\t\t<div class=\"jet-images-layout__content\"><\/div>\n\t\t<\/div>\n\t<\/div>\n<\/div>\n<\/div><\/div>\n<\/div>\t\t<\/div>\n\t\t\t\t<\/div>\n\t\t\t\t\t\t<\/div>\n\t\t\t\t\t<\/div>\n\t\t<\/div>\n\t\t\t\t\t\t\t\t<\/div>\n\t\t\t\t\t<\/div>\n\t\t<\/section>\n\t\t\t\t<section class=\"elementor-section elementor-top-section elementor-element elementor-element-173c6c68 elementor-section-boxed elementor-section-height-default elementor-section-height-default\" data-id=\"173c6c68\" data-element_type=\"section\">\n\t\t\t\t\t\t<div class=\"elementor-container elementor-column-gap-default\">\n\t\t\t\t\t\t\t<div class=\"elementor-row\">\n\t\t\t\t\t<div class=\"elementor-column elementor-col-100 elementor-top-column elementor-element elementor-element-4d156091\" data-id=\"4d156091\" data-element_type=\"column\">\n\t\t\t<div class=\"elementor-column-wrap elementor-element-populated\">\n\t\t\t\t\t\t\t<div class=\"elementor-widget-wrap\">\n\t\t\t\t\t\t<div class=\"elementor-element elementor-element-5afb020a elementor-widget elementor-widget-spacer\" data-id=\"5afb020a\" data-element_type=\"widget\" data-widget_type=\"spacer.default\">\n\t\t\t\t<div class=\"elementor-widget-container\">\n\t\t\t\t\t<div class=\"elementor-spacer\">\n\t\t\t<div class=\"elementor-spacer-inner\"><\/div>\n\t\t<\/div>\n\t\t\t\t<\/div>\n\t\t\t\t<\/div>\n\t\t\t\t\t\t<\/div>\n\t\t\t\t\t<\/div>\n\t\t<\/div>\n\t\t\t\t\t\t\t\t<\/div>\n\t\t\t\t\t<\/div>\n\t\t<\/section>\n\t\t\t\t<section class=\"elementor-section elementor-top-section elementor-element elementor-element-2beb2f2b elementor-section-boxed elementor-section-height-default elementor-section-height-default\" data-id=\"2beb2f2b\" data-element_type=\"section\">\n\t\t\t\t\t\t<div class=\"elementor-container elementor-column-gap-default\">\n\t\t\t\t\t\t\t<div class=\"elementor-row\">\n\t\t\t\t\t<div class=\"elementor-column elementor-col-100 elementor-top-column elementor-element elementor-element-3133a8fe\" data-id=\"3133a8fe\" data-element_type=\"column\">\n\t\t\t<div class=\"elementor-column-wrap elementor-element-populated\">\n\t\t\t\t\t\t\t<div class=\"elementor-widget-wrap\">\n\t\t\t\t\t\t<div class=\"elementor-element elementor-element-6fa0ba54 elementor-widget elementor-widget-heading\" data-id=\"6fa0ba54\" data-element_type=\"widget\" data-widget_type=\"heading.default\">\n\t\t\t\t<div class=\"elementor-widget-container\">\n\t\t\t<h6 class=\"elementor-heading-title elementor-size-default\">Saattaisit pit\u00e4\u00e4 my\u00f6s<\/h6>\t\t<\/div>\n\t\t\t\t<\/div>\n\t\t\t\t<div class=\"elementor-element elementor-element-5d1004b1 elementor-widget elementor-widget-spacer\" data-id=\"5d1004b1\" data-element_type=\"widget\" data-widget_type=\"spacer.default\">\n\t\t\t\t<div class=\"elementor-widget-container\">\n\t\t\t\t\t<div class=\"elementor-spacer\">\n\t\t\t<div class=\"elementor-spacer-inner\"><\/div>\n\t\t<\/div>\n\t\t\t\t<\/div>\n\t\t\t\t<\/div>\n\t\t\t\t<div class=\"elementor-element elementor-element-2e53c21c elementor-widget elementor-widget-dtshop-widget-related-products\" data-id=\"2e53c21c\" data-element_type=\"widget\" data-widget_type=\"dtshop-widget-related-products.default\">\n\t\t\t\t<div class=\"elementor-widget-container\">\n\t\t\tPlease provide product id to display corresponding data!\t\t<\/div>\n\t\t\t\t<\/div>\n\t\t\t\t\t\t<\/div>\n\t\t\t\t\t<\/div>\n\t\t<\/div>\n\t\t\t\t\t\t\t\t<\/div>\n\t\t\t\t\t<\/div>\n\t\t<\/section>\n\t\t\t\t\t\t<\/div>\n\t\t\t\t\t\t<\/div>\n\t\t\t\t\t<\/div>\n\t\t","protected":false},"excerpt":{"rendered":"<p>Vaikka ihon hoito olisi sinulle uutta, ymm\u00e4rr\u00e4t todenn\u00e4k\u00f6isesti jo kuinka t\u00e4rke\u00e4\u00e4 on pest\u00e4 kasvosi ja noudattaa hyv\u00e4\u00e4 ihonhoitorutiinia. Vaikka et ehk\u00e4 pit\u00e4isik\u00e4\u00e4n n\u00e4it\u00e4 pieni\u00e4 askareita mukavina, s\u00f6p\u00f6 ja ymp\u00e4rist\u00f6yst\u00e4v\u00e4llinen Bambo Headband otsapanta voi tehd\u00e4 kokemuksesta paljon nautinnollisemman. Kun levit\u00e4t tuotteita ja puhdistat ihoasi, bambu-otsapanta tarjoaa parhaan mukavuuden ja tuen suojaamaan hiusrajaasi ja pit\u00e4m\u00e4\u00e4n hiukset poissa kasvoiltasi.<\/br><br \/>\nLis\u00e4ksi Bambo Headband otsapannat on valmistettu kokonaan bambusta ja ne ovat eritt\u00e4in pehmeit\u00e4, joustavia ja konepest\u00e4vi\u00e4.<\/p>\n<p><strong>Tuotetiedot<\/strong><\/p>\n<ul>\n<li>Koko: Yksi koko<\/li>\n<li>M\u00e4\u00e4r\u00e4: 1 kpl<\/li>\n<li>V\u00e4rit: Valkoinen<\/li>\n<li>Materiaali: 100 % bambua<\/li>\n<li>Valmistaja: BamboPads Sweden Ab\u2122<\/li>\n<\/ul>\n<p><strong>Bambo Headband otsapannan pesuohjeet:<\/strong><\/p>\n<ul>\n<li>Pesu 40\u00b0C<\/li>\n<li>Rumpukuivaus matalalla teholla<\/li>\n<\/ul>\n","protected":false},"featured_media":25367,"comment_status":"open","ping_status":"closed","template":"","meta":[],"product_cat":[180],"product_tag":[182,183],"_links":{"self":[{"href":"https:\/\/bambopads.com\/fi\/wp-json\/wp\/v2\/product\/25440"}],"collection":[{"href":"https:\/\/bambopads.com\/fi\/wp-json\/wp\/v2\/product"}],"about":[{"href":"https:\/\/bambopads.com\/fi\/wp-json\/wp\/v2\/types\/product"}],"replies":[{"embeddable":true,"href":"https:\/\/bambopads.com\/fi\/wp-json\/wp\/v2\/comments?post=25440"}],"version-history":[{"count":3,"href":"https:\/\/bambopads.com\/fi\/wp-json\/wp\/v2\/product\/25440\/revisions"}],"predecessor-version":[{"id":25766,"href":"https:\/\/bambopads.com\/fi\/wp-json\/wp\/v2\/product\/25440\/revisions\/25766"}],"wp:featuredmedia":[{"embeddable":true,"href":"https:\/\/bambopads.com\/fi\/wp-json\/wp\/v2\/media\/25367"}],"wp:attachment":[{"href":"https:\/\/bambopads.com\/fi\/wp-json\/wp\/v2\/media?parent=25440"}],"wp:term":[{"taxonomy":"product_cat","embeddable":true,"href":"https:\/\/bambopads.com\/fi\/wp-json\/wp\/v2\/product_cat?post=25440"},{"taxonomy":"product_tag","embeddable":true,"href":"https:\/\/bambopads.com\/fi\/wp-json\/wp\/v2\/product_tag?post=25440"}],"curies":[{"name":"wp","href":"https:\/\/api.w.org\/{rel}","templated":true}]}}