{"id":25436,"date":"2021-10-29T07:31:02","date_gmt":"2021-10-29T07:31:02","guid":{"rendered":"https:\/\/bambopads.com\/product\/bambo-sarjat\/"},"modified":"2022-02-01T01:41:28","modified_gmt":"2022-02-01T01:41:28","slug":"bambokit-pakkaukset","status":"publish","type":"product","link":"https:\/\/bambopads.com\/fi\/product\/bambokit-pakkaukset\/","title":{"rendered":"BamboKit -pakkaukset"},"content":{"rendered":"\t\t<div data-elementor-type=\"wp-post\" data-elementor-id=\"25436\" class=\"elementor elementor-25436\" data-elementor-settings=\"[]\">\n\t\t\t\t\t\t<div class=\"elementor-inner\">\n\t\t\t\t\t\t\t<div class=\"elementor-section-wrap\">\n\t\t\t\t\t\t\t<section class=\"elementor-section elementor-top-section elementor-element elementor-element-bfa41a6 elementor-section-stretched elementor-section-full_width elementor-section-height-default elementor-section-height-default\" data-id=\"bfa41a6\" data-element_type=\"section\" data-settings=\"{&quot;stretch_section&quot;:&quot;section-stretched&quot;}\">\n\t\t\t\t\t\t<div class=\"elementor-container elementor-column-gap-default\">\n\t\t\t\t\t\t\t<div class=\"elementor-row\">\n\t\t\t\t\t<div class=\"elementor-column elementor-col-100 elementor-top-column elementor-element elementor-element-b60c6c8\" data-id=\"b60c6c8\" data-element_type=\"column\">\n\t\t\t<div class=\"elementor-column-wrap elementor-element-populated\">\n\t\t\t\t\t\t\t<div class=\"elementor-widget-wrap\">\n\t\t\t\t\t\t<div class=\"elementor-element elementor-element-d133065 product-nav-type1 elementor-widget elementor-widget-dtshop-widget-product-single-summary-nav-bar\" data-id=\"d133065\" data-element_type=\"widget\" data-widget_type=\"dtshop-widget-product-single-summary-nav-bar.default\">\n\t\t\t\t<div class=\"elementor-widget-container\">\n\t\t\tPlease provide product id to display corresponding data!\t\t<\/div>\n\t\t\t\t<\/div>\n\t\t\t\t\t\t<\/div>\n\t\t\t\t\t<\/div>\n\t\t<\/div>\n\t\t\t\t\t\t\t\t<\/div>\n\t\t\t\t\t<\/div>\n\t\t<\/section>\n\t\t\t\t<section class=\"elementor-section elementor-top-section elementor-element elementor-element-5f5e3d22 elementor-section-stretched elementor-section-boxed elementor-section-height-default elementor-section-height-default\" data-id=\"5f5e3d22\" data-element_type=\"section\" data-settings=\"{&quot;stretch_section&quot;:&quot;section-stretched&quot;}\">\n\t\t\t\t\t\t<div class=\"elementor-container elementor-column-gap-default\">\n\t\t\t\t\t\t\t<div class=\"elementor-row\">\n\t\t\t\t\t<div class=\"elementor-column elementor-col-50 elementor-top-column elementor-element elementor-element-34ea6de6\" data-id=\"34ea6de6\" data-element_type=\"column\">\n\t\t\t<div class=\"elementor-column-wrap elementor-element-populated\">\n\t\t\t\t\t\t\t<div class=\"elementor-widget-wrap\">\n\t\t\t\t\t\t\t\t<\/div>\n\t\t\t\t\t<\/div>\n\t\t<\/div>\n\t\t\t\t<div class=\"elementor-column elementor-col-50 elementor-top-column elementor-element elementor-element-59b242b5\" data-id=\"59b242b5\" data-element_type=\"column\">\n\t\t\t<div class=\"elementor-column-wrap elementor-element-populated\">\n\t\t\t\t\t\t\t<div class=\"elementor-widget-wrap\">\n\t\t\t\t\t\t<div class=\"elementor-element elementor-element-52ba46a9 beaux-shop-summary elementor-widget elementor-widget-dtshop-widget-product-single-summary\" data-id=\"52ba46a9\" data-element_type=\"widget\" data-widget_type=\"dtshop-widget-product-single-summary.default\">\n\t\t\t\t<div class=\"elementor-widget-container\">\n\t\t\t<div class=\"dt-sc-product-summary summary entry-summary bambokitbtn \"><div class=\"dt-sc-single-product-title\"><h1 class=\"product_title entry-title\">BamboKit -pakkaukset<\/h1><\/div><div class=\"dt-sc-single-product-price\"><p class=\"price\"><span class=\"woocs_price_code\" data-product-id=\"25436\"><span class=\"woocommerce-Price-amount amount\"><bdi>399&nbsp;<span class=\"woocommerce-Price-currencySymbol\">&#107;&#114;<\/span><\/bdi><\/span><\/span><\/p><\/div><div class=\"woocommerce-product-details__short-description\">\n\t<p>Tarjoamme ymp\u00e4rist\u00f6yst\u00e4v\u00e4llisi\u00e4 ja inhimillisi\u00e4 vaihtoehtoja kertak\u00e4ytt\u00f6tuotteille. BamboPads puhdistustyynyjen, Bambo Headband Otsapannan Bambo Towel Bambupyyhkeen ja Bambo Bag Bambupussin avulla tarjoamme t\u00e4ydellisen ratkaisun, joka tekee ihonhoitorutiineistasi ymp\u00e4rist\u00f6yst\u00e4v\u00e4llisempi\u00e4 ja hell\u00e4varaisemman ihollesi. Pest\u00e4v\u00e4t BamboPads puhdistustyynyt ovat loistava vaihtoehto kertak\u00e4ytt\u00f6isille vanulapuille. Et ole vain armollinen ymp\u00e4rist\u00f6\u00e4 ja lompakkoasi kohtaan k\u00e4ytt\u00e4m\u00e4ll\u00e4 uudelleenk\u00e4ytett\u00e4vi\u00e4 bambu-puhdistustyynyj\u00e4, vaan olet my\u00f6s hyv\u00e4 t\u00e4rkeimm\u00e4lle asiallesi, herk\u00e4lle ihollesi! BamboPads puhdistustyynymme on valmistettu kokonaan bambusta eiv\u00e4tk\u00e4 sis\u00e4ll\u00e4 muita ainesosia. Ne ovat yht\u00e4 hyvi\u00e4 poistamaan meikki\u00e4 ja hoitamaan ihoa kuin puhdistamaan herkk\u00e4\u00e4 vauvan ihoa. Toiset k\u00e4ytt\u00e4v\u00e4t viskoosia, spandexia, polyesteri\u00e4 ja puuvillaa; K\u00e4yt\u00e4mme 100 % orgaanista ja luonnollista bambua.<\/p>\n<p><strong>Tuotetiedot BamboKit -pakkaus:<\/strong><\/p>\n<ul>\n<li>10 kpl BamboPad puhdistustyynyj\u00e4 10 x 10cm<\/li>\n<li>1. Bambo Headband Otsapanta Yksi koko<\/li>\n<li>1. Bambo Towel Bambupyyhe 25 x 25 cm<\/li>\n<li>1. BamboBag Bambupussi 18 x 15cm<\/li>\n<li>M\u00e4\u00e4r\u00e4: 1 kpl\/sarja<\/li>\n<li>V\u00e4rit: Valkoinen<\/li>\n<li>Materiaali: 100 % bambua<\/li>\n<li>Valmistaja: Bambopads Sweden Ab TM<\/li>\n<\/ul>\n<\/div>\n<div class=\"product-buttons-wrapper product-button product-button-cart style-simple  align-inline\"><div class=\"wc_inline_buttons\"><div class=\"wcwl_btn_wrapper wc_btn_inline\"><\/div><\/div><\/div><\/div>\t\t<\/div>\n\t\t\t\t<\/div>\n\t\t\t\t<div class=\"elementor-element elementor-element-fda42dd elementor-widget elementor-widget-jet-images-layout\" data-id=\"fda42dd\" data-element_type=\"widget\" data-widget_type=\"jet-images-layout.default\">\n\t\t\t\t<div class=\"elementor-widget-container\">\n\t\t\t<div class=\"elementor-jet-images-layout jet-elements\">\n<div class=\"jet-images-layout layout-type-masonry\" data-settings='{\"layoutType\":\"masonry\",\"columns\":3,\"columnsTablet\":\"3\",\"columnsMobile\":\"2\",\"justifyHeight\":300}'>\n\t<div class=\"jet-images-layout__list column-desktop-3 column-tablet-3 column-mobile-2\" data-columns>\n<div class=\"jet-images-layout__item \">\n\t<div class=\"jet-images-layout__inner\">\n\t\t<div class=\"jet-images-layout__image-loader\"><span><\/span><\/div>\n\t\t<div class=\"jet-images-layout__link \">\n\t\t\t<div class=\"jet-images-layout__image\">\n\t\t\t\t<img decoding=\"async\" class=\"jet-images-layout__image-instance\" src=\"https:\/\/bambopads.com\/wp-content\/uploads\/2021\/09\/Klarna-Logo.wine_.png\" alt=\"Klarna-Logo.wine\" loading=\"lazy\">\t\t\t<\/div>\n\t\t\t<div class=\"jet-images-layout__content\"><\/div>\n\t\t<\/div>\n\t<\/div>\n<\/div>\n<div class=\"jet-images-layout__item \">\n\t<div class=\"jet-images-layout__inner\">\n\t\t<div class=\"jet-images-layout__image-loader\"><span><\/span><\/div>\n\t\t<div class=\"jet-images-layout__link \">\n\t\t\t<div class=\"jet-images-layout__image\">\n\t\t\t\t<img decoding=\"async\" class=\"jet-images-layout__image-instance\" src=\"https:\/\/bambopads.com\/wp-content\/uploads\/2021\/09\/Swish_payment-Logo.wine_.png\" alt=\"Swish_(payment)-Logo.wine\" loading=\"lazy\">\t\t\t<\/div>\n\t\t\t<div class=\"jet-images-layout__content\"><\/div>\n\t\t<\/div>\n\t<\/div>\n<\/div>\n<div class=\"jet-images-layout__item \">\n\t<div class=\"jet-images-layout__inner\">\n\t\t<div class=\"jet-images-layout__image-loader\"><span><\/span><\/div>\n\t\t<div class=\"jet-images-layout__link \">\n\t\t\t<div class=\"jet-images-layout__image\">\n\t\t\t\t<img decoding=\"async\" class=\"jet-images-layout__image-instance\" src=\"https:\/\/bambopads.com\/wp-content\/uploads\/2021\/09\/paypal_mb8k.png\" alt=\"paypal_mb8k\" loading=\"lazy\">\t\t\t<\/div>\n\t\t\t<div class=\"jet-images-layout__content\"><\/div>\n\t\t<\/div>\n\t<\/div>\n<\/div>\n<\/div><\/div>\n<\/div>\t\t<\/div>\n\t\t\t\t<\/div>\n\t\t\t\t\t\t<\/div>\n\t\t\t\t\t<\/div>\n\t\t<\/div>\n\t\t\t\t\t\t\t\t<\/div>\n\t\t\t\t\t<\/div>\n\t\t<\/section>\n\t\t\t\t<section class=\"elementor-section elementor-top-section elementor-element elementor-element-85319c5 elementor-section-full_width elementor-section-height-default elementor-section-height-default\" data-id=\"85319c5\" data-element_type=\"section\">\n\t\t\t\t\t\t<div class=\"elementor-container elementor-column-gap-default\">\n\t\t\t\t\t\t\t<div class=\"elementor-row\">\n\t\t\t\t\t<div class=\"elementor-column elementor-col-100 elementor-top-column elementor-element elementor-element-6fd1979\" data-id=\"6fd1979\" data-element_type=\"column\">\n\t\t\t<div class=\"elementor-column-wrap elementor-element-populated\">\n\t\t\t\t\t\t\t<div class=\"elementor-widget-wrap\">\n\t\t\t\t\t\t<div class=\"elementor-element elementor-element-32da49d elementor-widget elementor-widget-text-editor\" data-id=\"32da49d\" data-element_type=\"widget\" data-widget_type=\"text-editor.default\">\n\t\t\t\t<div class=\"elementor-widget-container\">\n\t\t\t\t\t\t\t\t<div class=\"elementor-text-editor elementor-clearfix\">\n\t\t\t\t<p><b>Bambu on luonnonmukaista<\/b><\/p>\n<p>Bambun ehk\u00e4p\u00e4 vahvin ominaisuus on sen luonnonmukaisuus. Itse asiassa bambu on maailman nopeimmin kasvava kasvi. T\u00e4m\u00e4 yhdess\u00e4 keinotekoisten menetelmien v\u00e4ltt\u00e4misen kanssa tekee bambutuotannosta erityisen luonnonmukaista. Bonuksena bambukasvia ei my\u00f6sk\u00e4\u00e4n tarvitse istuttaa uudelleen, sill\u00e4 vanhoista versoista kasvaa uusia versoja. Hyv\u00e4ksi sinulle ja todella hyv\u00e4ksi planeetallemme.<\/p>\n<\/p>\n<p><b>Bambu torjuu sienikasvustoja<\/b><\/p>\n<p>Saatat ehk\u00e4 ihmetell\u00e4 miksi bambu sopii niin hyvin tekstiileihin. Vastaus l\u00f6ytyy pienist\u00e4 kuiduista. Bambu-kasvin kuiduilla on antibakteerisia ominaisuuksia, mik\u00e4 tarkoittaa, ett\u00e4 ne est\u00e4v\u00e4t sienten kasvua materiaalin sis\u00e4ll\u00e4. N\u00e4in voit k\u00e4ytt\u00e4\u00e4 BamboPads puhdistustyynyj\u00e4si useita p\u00e4ivi\u00e4 per\u00e4kk\u00e4in ilman, ett\u00e4 sinun tarvitsee pest\u00e4 niit\u00e4.<br \/>\n.<\/p>\n<p>BamboPads puhdistustyynyt ovat erityisen pehmeit\u00e4 ja sileit\u00e4!<\/p>\n<\/p>\n<p><b>Bambu<\/b><\/p>\n<p>Bambun hienot ominaisuudet eiv\u00e4t kuitenkaan lopu t\u00e4h\u00e4n. Bambu on erityisen hy\u00f6dyllinen, koska se imee kosteutta paljon paremmin kuin muut materiaalit.&nbsp;<\/p>\n<p>Toinen bambun houkutteleva ominaisuus on, kuinka l\u00e4mpim\u00e4lt\u00e4 se tuntuu tekstiileiss\u00e4 k\u00e4ytettyn\u00e4. Bambussa olevalla selluloosalla on silkkisen sile\u00e4 pinta, jonka ansiosta ilma p\u00e4\u00e4see virtaamaan vapaasti sis\u00e4\u00e4n ja ulos. Yksinkertaisesti sanottuna se on puhdasta hoitoa ihollesi!<\/p>\n<\/p>\n<p><b>Allergia- ja ihoyst\u00e4v\u00e4llinen<\/b><\/p>\n<p>Jos sinulla, kuten monella muulla t\u00e4\u00e4ll\u00e4 pohjoisessa, on herkk\u00e4 iho, BamboPads puhdistustyynyt ovat viisas valinta. Koska ne ovat luonnostaan pehmeit\u00e4, sinun ei tarvitse kuoria ihoa niin voimakkaasti, mik\u00e4 aiheuttaa \u00e4rsytyst\u00e4 ja pitk\u00e4ll\u00e4 aikav\u00e4lill\u00e4 kuivaa ihoa. Jos olet herkk\u00e4 synteettisille materiaaleille, sinun ei tarvitse huolehtia k\u00e4ytt\u00e4ess\u00e4si bambutuotteita.<\/p>\n<\/p>\n<p><b>Pesuohjeet BamboKit -pakkaus:<\/b><\/p>\n<p>Pesu 40 \u00b0C:ssa<\/p>\n<p>Narukuivaus (BamboPads puhdistustyynyt)<\/p>\n<p>Rumpukuivaus matalalla teholla (Bambo Towel Bambupyyhe, Bambo Headband Otsapanta)<\/p>\n<div><\/div>\n\t\t\t\t\t<\/div>\n\t\t\t\t\t\t<\/div>\n\t\t\t\t<\/div>\n\t\t\t\t\t\t<\/div>\n\t\t\t\t\t<\/div>\n\t\t<\/div>\n\t\t\t\t\t\t\t\t<\/div>\n\t\t\t\t\t<\/div>\n\t\t<\/section>\n\t\t\t\t<section class=\"elementor-section elementor-top-section elementor-element elementor-element-173c6c68 elementor-section-boxed elementor-section-height-default elementor-section-height-default\" data-id=\"173c6c68\" data-element_type=\"section\">\n\t\t\t\t\t\t<div class=\"elementor-container elementor-column-gap-default\">\n\t\t\t\t\t\t\t<div class=\"elementor-row\">\n\t\t\t\t\t<div class=\"elementor-column elementor-col-100 elementor-top-column elementor-element elementor-element-4d156091\" data-id=\"4d156091\" data-element_type=\"column\">\n\t\t\t<div class=\"elementor-column-wrap elementor-element-populated\">\n\t\t\t\t\t\t\t<div class=\"elementor-widget-wrap\">\n\t\t\t\t\t\t<div class=\"elementor-element elementor-element-5afb020a elementor-widget elementor-widget-spacer\" data-id=\"5afb020a\" data-element_type=\"widget\" data-widget_type=\"spacer.default\">\n\t\t\t\t<div class=\"elementor-widget-container\">\n\t\t\t\t\t<div class=\"elementor-spacer\">\n\t\t\t<div class=\"elementor-spacer-inner\"><\/div>\n\t\t<\/div>\n\t\t\t\t<\/div>\n\t\t\t\t<\/div>\n\t\t\t\t\t\t<\/div>\n\t\t\t\t\t<\/div>\n\t\t<\/div>\n\t\t\t\t\t\t\t\t<\/div>\n\t\t\t\t\t<\/div>\n\t\t<\/section>\n\t\t\t\t<section class=\"elementor-section elementor-top-section elementor-element elementor-element-2beb2f2b elementor-section-boxed elementor-section-height-default elementor-section-height-default\" data-id=\"2beb2f2b\" data-element_type=\"section\">\n\t\t\t\t\t\t<div class=\"elementor-container elementor-column-gap-default\">\n\t\t\t\t\t\t\t<div class=\"elementor-row\">\n\t\t\t\t\t<div class=\"elementor-column elementor-col-100 elementor-top-column elementor-element elementor-element-3133a8fe\" data-id=\"3133a8fe\" data-element_type=\"column\">\n\t\t\t<div class=\"elementor-column-wrap elementor-element-populated\">\n\t\t\t\t\t\t\t<div class=\"elementor-widget-wrap\">\n\t\t\t\t\t\t<div class=\"elementor-element elementor-element-6fa0ba54 elementor-widget elementor-widget-heading\" data-id=\"6fa0ba54\" data-element_type=\"widget\" data-widget_type=\"heading.default\">\n\t\t\t\t<div class=\"elementor-widget-container\">\n\t\t\t<h6 class=\"elementor-heading-title elementor-size-default\">Saattaisit pit\u00e4\u00e4 my\u00f6s<\/h6>\t\t<\/div>\n\t\t\t\t<\/div>\n\t\t\t\t<div class=\"elementor-element elementor-element-5d1004b1 elementor-widget elementor-widget-spacer\" data-id=\"5d1004b1\" data-element_type=\"widget\" data-widget_type=\"spacer.default\">\n\t\t\t\t<div class=\"elementor-widget-container\">\n\t\t\t\t\t<div class=\"elementor-spacer\">\n\t\t\t<div class=\"elementor-spacer-inner\"><\/div>\n\t\t<\/div>\n\t\t\t\t<\/div>\n\t\t\t\t<\/div>\n\t\t\t\t<div class=\"elementor-element elementor-element-2e53c21c elementor-widget elementor-widget-dtshop-widget-related-products\" data-id=\"2e53c21c\" data-element_type=\"widget\" data-widget_type=\"dtshop-widget-related-products.default\">\n\t\t\t\t<div class=\"elementor-widget-container\">\n\t\t\tPlease provide product id to display corresponding data!\t\t<\/div>\n\t\t\t\t<\/div>\n\t\t\t\t\t\t<\/div>\n\t\t\t\t\t<\/div>\n\t\t<\/div>\n\t\t\t\t\t\t\t\t<\/div>\n\t\t\t\t\t<\/div>\n\t\t<\/section>\n\t\t\t\t\t\t<\/div>\n\t\t\t\t\t\t<\/div>\n\t\t\t\t\t<\/div>\n\t\t","protected":false},"excerpt":{"rendered":"<p>Tarjoamme ymp\u00e4rist\u00f6yst\u00e4v\u00e4llisi\u00e4 ja inhimillisi\u00e4 vaihtoehtoja kertak\u00e4ytt\u00f6tuotteille. BamboPads puhdistustyynyjen, Bambo Headband Otsapannan Bambo Towel Bambupyyhkeen ja Bambo Bag Bambupussin avulla tarjoamme t\u00e4ydellisen ratkaisun, joka tekee ihonhoitorutiineistasi ymp\u00e4rist\u00f6yst\u00e4v\u00e4llisempi\u00e4 ja hell\u00e4varaisemman ihollesi. Pest\u00e4v\u00e4t BamboPads puhdistustyynyt ovat loistava vaihtoehto kertak\u00e4ytt\u00f6isille vanulapuille. Et ole vain armollinen ymp\u00e4rist\u00f6\u00e4 ja lompakkoasi kohtaan k\u00e4ytt\u00e4m\u00e4ll\u00e4 uudelleenk\u00e4ytett\u00e4vi\u00e4 bambu-puhdistustyynyj\u00e4, vaan olet my\u00f6s hyv\u00e4 t\u00e4rkeimm\u00e4lle asiallesi, herk\u00e4lle ihollesi! BamboPads puhdistustyynymme on valmistettu kokonaan bambusta eiv\u00e4tk\u00e4 sis\u00e4ll\u00e4 muita ainesosia. Ne ovat yht\u00e4 hyvi\u00e4 poistamaan meikki\u00e4 ja hoitamaan ihoa kuin puhdistamaan herkk\u00e4\u00e4 vauvan ihoa. Toiset k\u00e4ytt\u00e4v\u00e4t viskoosia, spandexia, polyesteri\u00e4 ja puuvillaa; K\u00e4yt\u00e4mme 100 % orgaanista ja luonnollista bambua.<\/p>\n<p><strong>Tuotetiedot BamboKit -pakkaus:<\/strong><\/p>\n<ul>\n<li>10 kpl BamboPad puhdistustyynyj\u00e4 10 x 10cm<\/li>\n<li>1. Bambo Headband Otsapanta Yksi koko<\/li>\n<li>1. Bambo Towel Bambupyyhe 25 x 25 cm<\/li>\n<li>1. BamboBag Bambupussi 18 x 15cm<\/li>\n<li>M\u00e4\u00e4r\u00e4: 1 kpl\/sarja<\/li>\n<li>V\u00e4rit: Valkoinen<\/li>\n<li>Materiaali: 100 % bambua<\/li>\n<li>Valmistaja: Bambopads Sweden Ab TM<\/li>\n<\/ul>\n","protected":false},"featured_media":25412,"comment_status":"open","ping_status":"closed","template":"","meta":[],"product_cat":[180],"product_tag":[182,183],"_links":{"self":[{"href":"https:\/\/bambopads.com\/fi\/wp-json\/wp\/v2\/product\/25436"}],"collection":[{"href":"https:\/\/bambopads.com\/fi\/wp-json\/wp\/v2\/product"}],"about":[{"href":"https:\/\/bambopads.com\/fi\/wp-json\/wp\/v2\/types\/product"}],"replies":[{"embeddable":true,"href":"https:\/\/bambopads.com\/fi\/wp-json\/wp\/v2\/comments?post=25436"}],"version-history":[{"count":3,"href":"https:\/\/bambopads.com\/fi\/wp-json\/wp\/v2\/product\/25436\/revisions"}],"predecessor-version":[{"id":25768,"href":"https:\/\/bambopads.com\/fi\/wp-json\/wp\/v2\/product\/25436\/revisions\/25768"}],"wp:featuredmedia":[{"embeddable":true,"href":"https:\/\/bambopads.com\/fi\/wp-json\/wp\/v2\/media\/25412"}],"wp:attachment":[{"href":"https:\/\/bambopads.com\/fi\/wp-json\/wp\/v2\/media?parent=25436"}],"wp:term":[{"taxonomy":"product_cat","embeddable":true,"href":"https:\/\/bambopads.com\/fi\/wp-json\/wp\/v2\/product_cat?post=25436"},{"taxonomy":"product_tag","embeddable":true,"href":"https:\/\/bambopads.com\/fi\/wp-json\/wp\/v2\/product_tag?post=25436"}],"curies":[{"name":"wp","href":"https:\/\/api.w.org\/{rel}","templated":true}]}}