{"id":25534,"date":"2022-01-14T11:20:40","date_gmt":"2022-01-14T11:20:40","guid":{"rendered":"https:\/\/bambopads.com\/palautusoikeus\/"},"modified":"2022-01-29T06:23:20","modified_gmt":"2022-01-29T06:23:20","slug":"palautusoikeus","status":"publish","type":"page","link":"https:\/\/bambopads.com\/fi\/palautusoikeus\/","title":{"rendered":"Palautusehdot"},"content":{"rendered":"\t\t<div data-elementor-type=\"wp-page\" data-elementor-id=\"25534\" class=\"elementor elementor-25534\" data-elementor-settings=\"[]\">\n\t\t\t\t\t\t<div class=\"elementor-inner\">\n\t\t\t\t\t\t\t<div class=\"elementor-section-wrap\">\n\t\t\t\t\t\t\t<section class=\"elementor-section elementor-top-section elementor-element elementor-element-0647c1a elementor-section-boxed elementor-section-height-default elementor-section-height-default\" data-id=\"0647c1a\" data-element_type=\"section\">\n\t\t\t\t\t\t<div class=\"elementor-container elementor-column-gap-default\">\n\t\t\t\t\t\t\t<div class=\"elementor-row\">\n\t\t\t\t\t<div class=\"elementor-column elementor-col-100 elementor-top-column elementor-element elementor-element-ad2825d\" data-id=\"ad2825d\" data-element_type=\"column\">\n\t\t\t<div class=\"elementor-column-wrap elementor-element-populated\">\n\t\t\t\t\t\t\t<div class=\"elementor-widget-wrap\">\n\t\t\t\t\t\t<div class=\"elementor-element elementor-element-9e7a993 elementor-widget elementor-widget-text-editor\" data-id=\"9e7a993\" data-element_type=\"widget\" data-widget_type=\"text-editor.default\">\n\t\t\t\t<div class=\"elementor-widget-container\">\n\t\t\t\t\t\t\t\t<div class=\"elementor-text-editor elementor-clearfix\">\n\t\t\t\t<p><strong>Allm\u00e4nt<\/strong><br \/>Samtliga priser inkluderar vid f\u00f6rs\u00e4ljningstillf\u00e4llet g\u00e4llande merv\u00e4rdesskatt, f\u00f6r n\u00e4rvarande 25%.\u00a0Frakt tillkommer p\u00e5 alla priser om inte annat anges.\u00a0F\u00f6r att genomf\u00f6ra ett k\u00f6p p\u00e5 BamboPads Sweden Ab kr\u00e4vs det att du \u00e4r \u00f6ver 18 \u00e5r. \u00c4r du under 18 \u00e5r kr\u00e4vs enligt F\u00f6r\u00e4ldrabalken m\u00e5lsmans medgivande. Genom best\u00e4llning p\u00e5 Bambopads Sweden Ab godk\u00e4nner du de vid tiden publicerade villkor som anges nedan och intygar att de uppgifter du l\u00e4mnar om dig sj\u00e4lv \u00e4r korrekta.<\/p>\n<p><strong>Leverans<\/strong><br \/>V\u00e5ra normala leveranstider \u00e4r 2-7 arbetsdagar beroende p\u00e5 valt fraktalternativ. Best\u00e4llningar lagda p\u00e5 helger skickas tidigast m\u00e5ndagen efter. Om f\u00f6rseningar i leveransen skulle uppst\u00e5 (utan att vi har meddelat dig om l\u00e4ngre leveranstid) ber vi dig kontakta v\u00e5r kundtj\u00e4nst.<\/p>\n<p><strong>\u00c5ngerr\u00e4tt<\/strong><\/p>\n<p>Hos BamboPads Sweden Ab har du alltid 30 dagars \u00e5ngerr\u00e4tt. Fraktkostnaden st\u00e5r du sj\u00e4lv f\u00f6r och det \u00e4r viktigt att produkten inte anv\u00e4nds innan en retur sker,<br \/>Frakt kostnaden st\u00e5r du sj\u00e4lv f\u00f6r och det \u00e4r viktigt att produkten inte anv\u00e4nds innan en retur sker, f\u00f6rpackningen m\u00e5ste allts\u00e5 vara obruten.<\/p>\n<p>N\u00e4r din retur mottagits beh\u00f6ver den godk\u00e4nnas av BamboPads Sweden Ab , vid en ogiltig retur \u00e5terkopplar vi till dig via mail.<\/p>\n<p>Vid retur st\u00e5r du f\u00f6r risken f\u00f6r varan och det \u00e4r d\u00e4rf\u00f6r mycket viktigt att varan returneras i en oskadad originalf\u00f6rpackning och att alla eventuella tillbeh\u00f6r och manualer ocks\u00e5 skickas med. Anv\u00e4nd g\u00e4rna originalkartongen din order kom i som yttre emballage vid retur. F\u00f6rpacka din retur v\u00e4l och skicka ditt paket sp\u00e5rbart. Det \u00e4r du sj\u00e4lv som ansvarar att den kommer fram till oss.<\/p>\n<p>M\u00e4rk returen tydligt med BamboPads, l\u00e4gg med en notering d\u00e4r ditt namn och mailadress framg\u00e5r och skicka paketet till:<\/p>\n<p>BamboPads Sweden AB<br \/>Klostergatan 9<br \/>75321 Uppsala<\/p>\n<p>\u00c5terbetalning av mottagen och godk\u00e4nd retur sker inom 30 dagar.<\/p>\n<p><strong><span class=\"VIiyi\" lang=\"en\"><span class=\"JLqJ4b\" data-language-for-alternatives=\"en\" data-language-to-translate-into=\"sv\" data-phrase-index=\"0\" data-number-of-phrases=\"1\">Yleisesti <\/span><\/span><\/strong><\/p>\n<p><span class=\"VIiyi\" lang=\"en\"><span class=\"JLqJ4b\" data-language-for-alternatives=\"en\" data-language-to-translate-into=\"sv\" data-phrase-index=\"0\" data-number-of-phrases=\"1\">Kaikki hinnat sis\u00e4lt\u00e4v\u00e4t myyntihetkell\u00e4 voimassa olevan ALV:n, t\u00e4ll\u00e4 hetkell\u00e4 25%. Kaikkiin hintoihin lis\u00e4t\u00e4\u00e4n toimituskulut, ellei toisin mainita. Jotta voit tehd\u00e4 ostoksen BamboPads Sweden Ab:sta, sinun on oltava yli 18-vuotias. Jos olet alle 18-vuotias, tarvitset lainmukaisen huoltajan suostumuksen. Tilaamalla BamboPads Sweden Ab:lta hyv\u00e4ksyt alla mainittuna ajankohtana julkaistut ehdot ja vakuutat, ett\u00e4 itsest\u00e4si antamasi tiedot ovat oikein.<\/span><\/span><\/p>\n<p><strong><span class=\"VIiyi\" lang=\"en\"><span class=\"JLqJ4b\" data-language-for-alternatives=\"en\" data-language-to-translate-into=\"sv\" data-phrase-index=\"0\" data-number-of-phrases=\"1\">Toimitus <\/span><\/span><\/strong><\/p>\n<p><span class=\"VIiyi\" lang=\"en\"><span class=\"JLqJ4b\" data-language-for-alternatives=\"en\" data-language-to-translate-into=\"sv\" data-phrase-index=\"0\" data-number-of-phrases=\"1\">Normaali toimitusaikamme on 2-7 arkip\u00e4iv\u00e4\u00e4 valitusta toimitustavasta riippuen. Viikonloppuisin tehdyt tilaukset l\u00e4hetet\u00e4\u00e4n viimeist\u00e4\u00e4n seuraavana maanantaina. Mik\u00e4li toimituksessa ilmenee viiv\u00e4styksi\u00e4 (ilman ett\u00e4 ilmoitamme sinulle pidemm\u00e4st\u00e4 toimitusajasta), ota yhteytt\u00e4 asiakaspalveluumme.<\/span><\/span><\/p>\n<p><span class=\"VIiyi\" lang=\"en\"><span class=\"JLqJ4b\" data-language-for-alternatives=\"en\" data-language-to-translate-into=\"sv\" data-phrase-index=\"0\" data-number-of-phrases=\"1\"><strong>Peruuttamisoikeus<\/strong> <\/span><\/span><\/p>\n<p><span class=\"VIiyi\" lang=\"en\"><span class=\"JLqJ4b\" data-language-for-alternatives=\"en\" data-language-to-translate-into=\"sv\" data-phrase-index=\"0\" data-number-of-phrases=\"1\">BamboPads Sweden Ab:lla sinulla on aina 30 p\u00e4iv\u00e4n peruuttamisoikeus. Ostaja maksaa toimituskulut. Tuotteen tulee palauttaessa olla k\u00e4ytt\u00e4m\u00e4t\u00f6n ja pakkauksen ehj\u00e4.<\/span><\/span><\/p>\n<p><span class=\"VIiyi\" lang=\"en\"><span class=\"JLqJ4b\" data-language-for-alternatives=\"en\" data-language-to-translate-into=\"sv\" data-phrase-index=\"0\" data-number-of-phrases=\"1\">Kun palautuksesi on vastaanotettu, sen on saatava BamboPads Sweden Ab:n hyv\u00e4ksynt\u00e4. Jos palautus on virheellinen, otamme sinuun yhteytt\u00e4 s\u00e4hk\u00f6postitse.<\/span><\/span><\/p>\n<p><span class=\"VIiyi\" lang=\"en\"><span class=\"JLqJ4b\" data-language-for-alternatives=\"en\" data-language-to-translate-into=\"sv\" data-phrase-index=\"0\" data-number-of-phrases=\"1\">Palautuksen yhteydess\u00e4 olet vastuussa siit\u00e4, ett\u00e4 tuote palautetaan vahingoittumattomassa alkuper\u00e4ispakkauksessa ja ett\u00e4 mukana toimitetaan my\u00f6s kaikki mahdolliset lis\u00e4varusteet ja k\u00e4ytt\u00f6ohjeet. Voit k\u00e4ytt\u00e4\u00e4 tilauksesi alkuper\u00e4ist\u00e4 laatikkoa pakkauksena palautusta tehdess\u00e4si. Pakkaa palautuksesi hyvin ja l\u00e4het\u00e4 pakettisi seurantatunnuksellisena. Olet vastuussa pakkauksen toimittamisesta meille.<\/span><\/span><\/p>\n<p><span class=\"VIiyi\" lang=\"en\"><span class=\"JLqJ4b\" data-language-for-alternatives=\"en\" data-language-to-translate-into=\"sv\" data-phrase-index=\"0\" data-number-of-phrases=\"1\">Merkitse palautus selke\u00e4sti BamboPadsille, lis\u00e4\u00e4 nimesi ja s\u00e4hk\u00f6postiosoitteesi mukaan ja l\u00e4het\u00e4 paketti osoitteeseen:<\/span><\/span><\/p>\n<p><span class=\"VIiyi\" lang=\"en\"><span class=\"JLqJ4b\" data-language-for-alternatives=\"en\" data-language-to-translate-into=\"sv\" data-phrase-index=\"0\" data-number-of-phrases=\"1\">BamboPads Sweden AB<\/span><\/span><\/p>\n<p><span class=\"VIiyi\" lang=\"en\"><span class=\"JLqJ4b\" data-language-for-alternatives=\"en\" data-language-to-translate-into=\"sv\" data-phrase-index=\"0\" data-number-of-phrases=\"1\">Klostergatan 9 <\/span><\/span><span class=\"VIiyi\" lang=\"en\"><span class=\"JLqJ4b\" data-language-for-alternatives=\"en\" data-language-to-translate-into=\"sv\" data-phrase-index=\"0\" data-number-of-phrases=\"1\">75321 <\/span><\/span><\/p>\n<p><span class=\"VIiyi\" lang=\"en\"><span class=\"JLqJ4b\" data-language-for-alternatives=\"en\" data-language-to-translate-into=\"sv\" data-phrase-index=\"0\" data-number-of-phrases=\"1\">Uppsala <\/span><\/span><\/p>\n<p><span class=\"VIiyi\" lang=\"en\"><span class=\"JLqJ4b\" data-language-for-alternatives=\"en\" data-language-to-translate-into=\"sv\" data-phrase-index=\"0\" data-number-of-phrases=\"1\">Vastaanotetun ja hyv\u00e4ksytyn palautuksen palautus tapahtuu 30 p\u00e4iv\u00e4n kuluessa.<\/span><\/span><\/p>\n\t\t\t\t\t<\/div>\n\t\t\t\t\t\t<\/div>\n\t\t\t\t<\/div>\n\t\t\t\t\t\t<\/div>\n\t\t\t\t\t<\/div>\n\t\t<\/div>\n\t\t\t\t\t\t\t\t<\/div>\n\t\t\t\t\t<\/div>\n\t\t<\/section>\n\t\t\t\t\t\t<\/div>\n\t\t\t\t\t\t<\/div>\n\t\t\t\t\t<\/div>\n\t\t","protected":false},"excerpt":{"rendered":"<p>Allm\u00e4ntSamtliga priser inkluderar vid f\u00f6rs\u00e4ljningstillf\u00e4llet g\u00e4llande merv\u00e4rdesskatt, f\u00f6r n\u00e4rvarande 25%.\u00a0Frakt tillkommer p\u00e5 alla priser om inte annat anges.\u00a0F\u00f6r att genomf\u00f6ra ett k\u00f6p p\u00e5 BamboPads Sweden Ab kr\u00e4vs det att du \u00e4r \u00f6ver 18 \u00e5r. \u00c4r du under 18 \u00e5r kr\u00e4vs enligt F\u00f6r\u00e4ldrabalken m\u00e5lsmans medgivande. Genom best\u00e4llning p\u00e5 Bambopads Sweden Ab godk\u00e4nner du de vid tiden [&hellip;]<\/p>\n","protected":false},"author":1,"featured_media":0,"parent":0,"menu_order":0,"comment_status":"closed","ping_status":"closed","template":"","meta":[],"_links":{"self":[{"href":"https:\/\/bambopads.com\/fi\/wp-json\/wp\/v2\/pages\/25534"}],"collection":[{"href":"https:\/\/bambopads.com\/fi\/wp-json\/wp\/v2\/pages"}],"about":[{"href":"https:\/\/bambopads.com\/fi\/wp-json\/wp\/v2\/types\/page"}],"author":[{"embeddable":true,"href":"https:\/\/bambopads.com\/fi\/wp-json\/wp\/v2\/users\/1"}],"replies":[{"embeddable":true,"href":"https:\/\/bambopads.com\/fi\/wp-json\/wp\/v2\/comments?post=25534"}],"version-history":[{"count":5,"href":"https:\/\/bambopads.com\/fi\/wp-json\/wp\/v2\/pages\/25534\/revisions"}],"predecessor-version":[{"id":25774,"href":"https:\/\/bambopads.com\/fi\/wp-json\/wp\/v2\/pages\/25534\/revisions\/25774"}],"wp:attachment":[{"href":"https:\/\/bambopads.com\/fi\/wp-json\/wp\/v2\/media?parent=25534"}],"curies":[{"name":"wp","href":"https:\/\/api.w.org\/{rel}","templated":true}]}}