{"id":25473,"date":"2022-01-14T09:34:46","date_gmt":"2022-01-14T09:34:46","guid":{"rendered":"https:\/\/bambopads.com\/noin\/"},"modified":"2022-01-28T17:55:28","modified_gmt":"2022-01-28T17:55:28","slug":"noin","status":"publish","type":"page","link":"https:\/\/bambopads.com\/fi\/noin\/","title":{"rendered":"Meist\u00e4"},"content":{"rendered":"\t\t<div data-elementor-type=\"wp-page\" data-elementor-id=\"25473\" class=\"elementor elementor-25473\" data-elementor-settings=\"[]\">\n\t\t\t\t\t\t<div class=\"elementor-inner\">\n\t\t\t\t\t\t\t<div class=\"elementor-section-wrap\">\n\t\t\t\t\t\t\t<section class=\"elementor-section elementor-top-section elementor-element elementor-element-933bb65 aligncenter elementor-section-boxed elementor-section-height-default elementor-section-height-default\" data-id=\"933bb65\" data-element_type=\"section\">\n\t\t\t\t\t\t<div class=\"elementor-container elementor-column-gap-default\">\n\t\t\t\t\t\t\t<div class=\"elementor-row\">\n\t\t\t\t\t<div class=\"elementor-column elementor-col-100 elementor-top-column elementor-element elementor-element-c5045f9\" data-id=\"c5045f9\" data-element_type=\"column\">\n\t\t\t<div class=\"elementor-column-wrap elementor-element-populated\">\n\t\t\t\t\t\t\t<div class=\"elementor-widget-wrap\">\n\t\t\t\t\t\t<div class=\"elementor-element elementor-element-06860d2 elementor-widget elementor-widget-spacer\" data-id=\"06860d2\" data-element_type=\"widget\" data-widget_type=\"spacer.default\">\n\t\t\t\t<div class=\"elementor-widget-container\">\n\t\t\t\t\t<div class=\"elementor-spacer\">\n\t\t\t<div class=\"elementor-spacer-inner\"><\/div>\n\t\t<\/div>\n\t\t\t\t<\/div>\n\t\t\t\t<\/div>\n\t\t\t\t<div class=\"elementor-element elementor-element-1817b79 title-overlap elementor-widget elementor-widget-heading\" data-id=\"1817b79\" data-element_type=\"widget\" data-widget_type=\"heading.default\">\n\t\t\t\t<div class=\"elementor-widget-container\">\n\t\t\t<h5 class=\"elementor-heading-title elementor-size-default\">KEIT\u00c4 ME OLEMME?<\/h5>\t\t<\/div>\n\t\t\t\t<\/div>\n\t\t\t\t<div class=\"elementor-element elementor-element-ac19fb3 curly-title elementor-widget elementor-widget-heading\" data-id=\"ac19fb3\" data-element_type=\"widget\" data-widget_type=\"heading.default\">\n\t\t\t\t<div class=\"elementor-widget-container\">\n\t\t\t<h2 class=\"elementor-heading-title elementor-size-default\">Muutoksen luominen<\/h2>\t\t<\/div>\n\t\t\t\t<\/div>\n\t\t\t\t<div class=\"elementor-element elementor-element-62cff13 elementor-widget elementor-widget-spacer\" data-id=\"62cff13\" data-element_type=\"widget\" data-widget_type=\"spacer.default\">\n\t\t\t\t<div class=\"elementor-widget-container\">\n\t\t\t\t\t<div class=\"elementor-spacer\">\n\t\t\t<div class=\"elementor-spacer-inner\"><\/div>\n\t\t<\/div>\n\t\t\t\t<\/div>\n\t\t\t\t<\/div>\n\t\t\t\t\t\t<\/div>\n\t\t\t\t\t<\/div>\n\t\t<\/div>\n\t\t\t\t\t\t\t\t<\/div>\n\t\t\t\t\t<\/div>\n\t\t<\/section>\n\t\t\t\t<section class=\"elementor-section elementor-top-section elementor-element elementor-element-f74aa6d elementor-section-boxed elementor-section-height-default elementor-section-height-default\" data-id=\"f74aa6d\" data-element_type=\"section\">\n\t\t\t\t\t\t<div class=\"elementor-container elementor-column-gap-default\">\n\t\t\t\t\t\t\t<div class=\"elementor-row\">\n\t\t\t\t\t<div class=\"elementor-column elementor-col-100 elementor-top-column elementor-element elementor-element-a25784c\" data-id=\"a25784c\" data-element_type=\"column\">\n\t\t\t<div class=\"elementor-column-wrap elementor-element-populated\">\n\t\t\t\t\t\t\t<div class=\"elementor-widget-wrap\">\n\t\t\t\t\t\t<div class=\"elementor-element elementor-element-2da3522 elementor-widget elementor-widget-spacer\" data-id=\"2da3522\" data-element_type=\"widget\" data-widget_type=\"spacer.default\">\n\t\t\t\t<div class=\"elementor-widget-container\">\n\t\t\t\t\t<div class=\"elementor-spacer\">\n\t\t\t<div class=\"elementor-spacer-inner\"><\/div>\n\t\t<\/div>\n\t\t\t\t<\/div>\n\t\t\t\t<\/div>\n\t\t\t\t\t\t<\/div>\n\t\t\t\t\t<\/div>\n\t\t<\/div>\n\t\t\t\t\t\t\t\t<\/div>\n\t\t\t\t\t<\/div>\n\t\t<\/section>\n\t\t\t\t<section class=\"elementor-section elementor-top-section elementor-element elementor-element-751f5de elementor-section-boxed elementor-section-height-default elementor-section-height-default\" data-id=\"751f5de\" data-element_type=\"section\">\n\t\t\t\t\t\t<div class=\"elementor-container elementor-column-gap-default\">\n\t\t\t\t\t\t\t<div class=\"elementor-row\">\n\t\t\t\t\t<div class=\"elementor-column elementor-col-50 elementor-top-column elementor-element elementor-element-0fe4a88\" data-id=\"0fe4a88\" data-element_type=\"column\">\n\t\t\t<div class=\"elementor-column-wrap elementor-element-populated\">\n\t\t\t\t\t\t\t<div class=\"elementor-widget-wrap\">\n\t\t\t\t\t\t<div class=\"elementor-element elementor-element-dd33a3d elementor-widget elementor-widget-image\" data-id=\"dd33a3d\" data-element_type=\"widget\" data-widget_type=\"image.default\">\n\t\t\t\t<div class=\"elementor-widget-container\">\n\t\t\t\t\t\t\t\t<div class=\"elementor-image\">\n\t\t\t\t\t\t\t\t\t\t\t\t<img decoding=\"async\" width=\"746\" height=\"770\" src=\"https:\/\/bambopads.com\/wp-content\/uploads\/2021\/11\/Skype_Picture_2021_11_12T06_59_21_332Z-746x770.jpeg\" class=\"attachment-beaux-event-single-type5 size-beaux-event-single-type5\" alt=\"\" loading=\"lazy\" \/>\t\t\t\t\t\t\t\t\t\t\t\t\t\t<\/div>\n\t\t\t\t\t\t<\/div>\n\t\t\t\t<\/div>\n\t\t\t\t\t\t<\/div>\n\t\t\t\t\t<\/div>\n\t\t<\/div>\n\t\t\t\t<div class=\"elementor-column elementor-col-50 elementor-top-column elementor-element elementor-element-a1c712a\" data-id=\"a1c712a\" data-element_type=\"column\">\n\t\t\t<div class=\"elementor-column-wrap elementor-element-populated\">\n\t\t\t\t\t\t\t<div class=\"elementor-widget-wrap\">\n\t\t\t\t\t\t<div class=\"elementor-element elementor-element-68e7dc1 elementor-widget elementor-widget-spacer\" data-id=\"68e7dc1\" data-element_type=\"widget\" data-widget_type=\"spacer.default\">\n\t\t\t\t<div class=\"elementor-widget-container\">\n\t\t\t\t\t<div class=\"elementor-spacer\">\n\t\t\t<div class=\"elementor-spacer-inner\"><\/div>\n\t\t<\/div>\n\t\t\t\t<\/div>\n\t\t\t\t<\/div>\n\t\t\t\t<div class=\"elementor-element elementor-element-af2a5e8 elementor-widget elementor-widget-text-editor\" data-id=\"af2a5e8\" data-element_type=\"widget\" data-widget_type=\"text-editor.default\">\n\t\t\t\t<div class=\"elementor-widget-container\">\n\t\t\t\t\t\t\t\t<div class=\"elementor-text-editor elementor-clearfix\">\n\t\t\t\t<p><span lang=\"en-US\">Julia ja Sava ovat BamboPads Sweden:in perustajia.<\/span><\/p>\n<p><span lang=\"en-US\">Julia on tuore \u00e4iti, joka on ty\u00f6skennellyt muoti- ja kauneusalalla sek\u00e4 Ruotsissa ett\u00e4 Lontoossa. Sava on insin\u00f6\u00f6ri, joka on intohimoinen kest\u00e4v\u00e4\u00e4 kehityst\u00e4 sek\u00e4 innovaatioita kohtaan.<\/span><\/p>\n<p><span lang=\"en-US\">Kehitimme yhdess\u00e4 tapoja tehd\u00e4ksemme naisten p\u00e4ivitt\u00e4in tarvitsemasta tuotteesta kest\u00e4v\u00e4mm\u00e4n yhdist\u00e4m\u00e4ll\u00e4 kiinnostuksen kohteemme ja tietomme.<\/span><\/p>\n<p><span lang=\"en-US\">Haluamme tarjota sinulle parasta ihollesi ja ymp\u00e4rist\u00f6llesi rohkaisematta liialliseen kulutukseen. Uudelleenk\u00e4ytett\u00e4vi\u00e4 puhdistustyynyj\u00e4mme voidaan k\u00e4ytt\u00e4\u00e4 meikin poistamiseen tai ihon puhdistamiseen. <\/span><\/p>\n<p><span lang=\"en-US\">Kest\u00e4v\u00e4 kehitys ei kata vain tuotetta itse\u00e4\u00e4n, vaan my\u00f6s k\u00e4ytetyt materiaalit, valmistusprosessin, kuljetuksen ja henkil\u00f6st\u00f6n. T\u00e4m\u00e4 on asia, jonka otimme huomioon my\u00f6s liiketoimintamalliamme kehitett\u00e4ess\u00e4.<\/span><\/p>\n<p><span lang=\"en-US\">Ajatuksesi ja mielipiteesi ovat meille arvokkaita. Jos sinulla on kysytt\u00e4v\u00e4\u00e4, haluat tehd\u00e4 yhteisty\u00f6t\u00e4 tai haluat antaa palautetta, l\u00e4het\u00e4 meille s\u00e4hk\u00f6postia. Terveisin Julia ja Sava, -BamboPads Swedenin perustajat.<\/span><\/p>\n\t\t\t\t\t<\/div>\n\t\t\t\t\t\t<\/div>\n\t\t\t\t<\/div>\n\t\t\t\t\t\t<\/div>\n\t\t\t\t\t<\/div>\n\t\t<\/div>\n\t\t\t\t\t\t\t\t<\/div>\n\t\t\t\t\t<\/div>\n\t\t<\/section>\n\t\t\t\t<section class=\"elementor-section elementor-top-section elementor-element elementor-element-18eb8dd elementor-section-boxed elementor-section-height-default elementor-section-height-default\" data-id=\"18eb8dd\" data-element_type=\"section\">\n\t\t\t\t\t\t<div class=\"elementor-container elementor-column-gap-default\">\n\t\t\t\t\t\t\t<div class=\"elementor-row\">\n\t\t\t\t\t<div class=\"elementor-column elementor-col-100 elementor-top-column elementor-element elementor-element-38948dc\" data-id=\"38948dc\" data-element_type=\"column\">\n\t\t\t<div class=\"elementor-column-wrap elementor-element-populated\">\n\t\t\t\t\t\t\t<div class=\"elementor-widget-wrap\">\n\t\t\t\t\t\t<div class=\"elementor-element elementor-element-0187b2d elementor-widget elementor-widget-spacer\" data-id=\"0187b2d\" data-element_type=\"widget\" data-widget_type=\"spacer.default\">\n\t\t\t\t<div class=\"elementor-widget-container\">\n\t\t\t\t\t<div class=\"elementor-spacer\">\n\t\t\t<div class=\"elementor-spacer-inner\"><\/div>\n\t\t<\/div>\n\t\t\t\t<\/div>\n\t\t\t\t<\/div>\n\t\t\t\t\t\t<\/div>\n\t\t\t\t\t<\/div>\n\t\t<\/div>\n\t\t\t\t\t\t\t\t<\/div>\n\t\t\t\t\t<\/div>\n\t\t<\/section>\n\t\t\t\t<section class=\"elementor-section elementor-top-section elementor-element elementor-element-79f4671 elementor-section-boxed elementor-section-height-default elementor-section-height-default\" data-id=\"79f4671\" data-element_type=\"section\">\n\t\t\t\t\t\t<div class=\"elementor-container elementor-column-gap-default\">\n\t\t\t\t\t\t\t<div class=\"elementor-row\">\n\t\t\t\t\t<div class=\"elementor-column elementor-col-100 elementor-top-column elementor-element elementor-element-82fdd2b\" data-id=\"82fdd2b\" data-element_type=\"column\">\n\t\t\t<div class=\"elementor-column-wrap elementor-element-populated\">\n\t\t\t\t\t\t\t<div class=\"elementor-widget-wrap\">\n\t\t\t\t\t\t<div class=\"elementor-element elementor-element-7c13dd1 elementor-widget elementor-widget-spacer\" data-id=\"7c13dd1\" data-element_type=\"widget\" data-widget_type=\"spacer.default\">\n\t\t\t\t<div class=\"elementor-widget-container\">\n\t\t\t\t\t<div class=\"elementor-spacer\">\n\t\t\t<div class=\"elementor-spacer-inner\"><\/div>\n\t\t<\/div>\n\t\t\t\t<\/div>\n\t\t\t\t<\/div>\n\t\t\t\t\t\t<\/div>\n\t\t\t\t\t<\/div>\n\t\t<\/div>\n\t\t\t\t\t\t\t\t<\/div>\n\t\t\t\t\t<\/div>\n\t\t<\/section>\n\t\t\t\t<section class=\"elementor-section elementor-top-section elementor-element elementor-element-8455efa elementor-section-boxed elementor-section-height-default elementor-section-height-default\" data-id=\"8455efa\" data-element_type=\"section\">\n\t\t\t\t\t\t<div class=\"elementor-container elementor-column-gap-default\">\n\t\t\t\t\t\t\t<div class=\"elementor-row\">\n\t\t\t\t\t<div class=\"elementor-column elementor-col-50 elementor-top-column elementor-element elementor-element-034037c\" data-id=\"034037c\" data-element_type=\"column\">\n\t\t\t<div class=\"elementor-column-wrap elementor-element-populated\">\n\t\t\t\t\t\t\t<div class=\"elementor-widget-wrap\">\n\t\t\t\t\t\t<div class=\"elementor-element elementor-element-e465698 elementor-widget elementor-widget-text-editor\" data-id=\"e465698\" data-element_type=\"widget\" data-widget_type=\"text-editor.default\">\n\t\t\t\t<div class=\"elementor-widget-container\">\n\t\t\t\t\t\t\t\t<div class=\"elementor-text-editor elementor-clearfix\">\n\t\t\t\t<p><span style=\"color: #000000;\"><span lang=\"en-US\">Bambu on nopeasti kasvava, uusiutuva materiaali, joka kasvatetaan ilman kemikaaleja tai torjunta-aineita.<\/span><\/span><\/p>\n\t\t\t\t\t<\/div>\n\t\t\t\t\t\t<\/div>\n\t\t\t\t<\/div>\n\t\t\t\t<div class=\"elementor-element elementor-element-77518de elementor-widget elementor-widget-spacer\" data-id=\"77518de\" data-element_type=\"widget\" data-widget_type=\"spacer.default\">\n\t\t\t\t<div class=\"elementor-widget-container\">\n\t\t\t\t\t<div class=\"elementor-spacer\">\n\t\t\t<div class=\"elementor-spacer-inner\"><\/div>\n\t\t<\/div>\n\t\t\t\t<\/div>\n\t\t\t\t<\/div>\n\t\t\t\t<div class=\"elementor-element elementor-element-7ea3d32 hover-overlay-effect elementor-invisible elementor-widget elementor-widget-dt-lightbox\" data-id=\"7ea3d32\" data-element_type=\"widget\" data-settings=\"{&quot;_animation&quot;:&quot;fadeIn&quot;}\" data-widget_type=\"dt-lightbox.default\">\n\t\t\t\t<div class=\"elementor-widget-container\">\n\t\t\t<a href=\"https:\/\/bambopads.com\/wp-content\/uploads\/2021\/09\/safe-cream-1.jpg\" title=\"\"><img width=\"960\" height=\"505\" src=\"https:\/\/bambopads.com\/wp-content\/uploads\/2021\/09\/safe-cream-1.jpg\" class=\"alignnone attachment-full size-full\" alt=\"\" decoding=\"async\" loading=\"lazy\" srcset=\"https:\/\/bambopads.com\/wp-content\/uploads\/2021\/09\/safe-cream-1.jpg 960w, https:\/\/bambopads.com\/wp-content\/uploads\/2021\/09\/safe-cream-1-300x158.jpg 300w, https:\/\/bambopads.com\/wp-content\/uploads\/2021\/09\/safe-cream-1-768x404.jpg 768w, https:\/\/bambopads.com\/wp-content\/uploads\/2021\/09\/safe-cream-1-750x395.jpg 750w, https:\/\/bambopads.com\/wp-content\/uploads\/2021\/09\/safe-cream-1-540x284.jpg 540w\" sizes=\"(max-width: 960px) 100vw, 960px\" \/><\/a>\t\t<\/div>\n\t\t\t\t<\/div>\n\t\t\t\t\t\t<\/div>\n\t\t\t\t\t<\/div>\n\t\t<\/div>\n\t\t\t\t<div class=\"elementor-column elementor-col-50 elementor-top-column elementor-element elementor-element-db0d06e\" data-id=\"db0d06e\" data-element_type=\"column\">\n\t\t\t<div class=\"elementor-column-wrap elementor-element-populated\">\n\t\t\t\t\t\t\t<div class=\"elementor-widget-wrap\">\n\t\t\t\t\t\t<div class=\"elementor-element elementor-element-abe6a2f hover-overlay-effect elementor-invisible elementor-widget elementor-widget-dt-lightbox\" data-id=\"abe6a2f\" data-element_type=\"widget\" data-settings=\"{&quot;_animation&quot;:&quot;fadeIn&quot;}\" data-widget_type=\"dt-lightbox.default\">\n\t\t\t\t<div class=\"elementor-widget-container\">\n\t\t\t<a href=\"https:\/\/bambopads.com\/wp-content\/uploads\/2021\/09\/blog-2.jpg\" title=\"\"><img width=\"960\" height=\"567\" src=\"https:\/\/bambopads.com\/wp-content\/uploads\/2021\/09\/blog-2.jpg\" class=\"alignnone attachment-full size-full\" alt=\"\" decoding=\"async\" loading=\"lazy\" srcset=\"https:\/\/bambopads.com\/wp-content\/uploads\/2021\/09\/blog-2.jpg 960w, https:\/\/bambopads.com\/wp-content\/uploads\/2021\/09\/blog-2-300x177.jpg 300w, https:\/\/bambopads.com\/wp-content\/uploads\/2021\/09\/blog-2-768x454.jpg 768w, https:\/\/bambopads.com\/wp-content\/uploads\/2021\/09\/blog-2-750x443.jpg 750w, https:\/\/bambopads.com\/wp-content\/uploads\/2021\/09\/blog-2-540x319.jpg 540w\" sizes=\"(max-width: 960px) 100vw, 960px\" \/><\/a>\t\t<\/div>\n\t\t\t\t<\/div>\n\t\t\t\t<div class=\"elementor-element elementor-element-5216ffe elementor-widget elementor-widget-text-editor\" data-id=\"5216ffe\" data-element_type=\"widget\" data-widget_type=\"text-editor.default\">\n\t\t\t\t<div class=\"elementor-widget-container\">\n\t\t\t\t\t\t\t\t<div class=\"elementor-text-editor elementor-clearfix\">\n\t\t\t\t<p><span style=\"color: #000000;\"><span lang=\"en-US\">Olemme huolissamme ihonhoidosta, muodista ja ymp\u00e4rist\u00f6st\u00e4. Siksi tarjoamme kest\u00e4vi\u00e4 vaihtoehtoja kaikista kodeista l\u00f6ytyville kertak\u00e4ytt\u00f6tuotteille. Seisomme myymiemme tuotteiden takana, koska ne ovat uudelleenk\u00e4ytett\u00e4vi\u00e4 ja biohajoavia, mik\u00e4 tekee niist\u00e4 turvallisia sek\u00e4 sinulle, ett\u00e4 ymp\u00e4rist\u00f6lle.<\/span><\/span><\/p>\n<p><span style=\"color: #000000;\"><span lang=\"en-US\">Tarjoamme yksinkertaisia ratkaisuja muovin k\u00e4yt\u00f6n v\u00e4hent\u00e4miseen jokap\u00e4iv\u00e4isess\u00e4 el\u00e4m\u00e4ss\u00e4. K\u00e4yt\u00e4 pest\u00e4vi\u00e4 bambu-puhdistustyynyj\u00e4mme kertak\u00e4ytt\u00f6isten vanulappujen sijaan! Ne ovat yht\u00e4 tehokkaita niin meikin poistoon ja ihonhoitoon kuin herk\u00e4n vauvan ihon puhdistamiseenkin.<\/span><\/span><span class=\"VIiyi\" lang=\"en\"><span class=\"JLqJ4b ChMk0b\" data-language-for-alternatives=\"en\" data-language-to-translate-into=\"sv\" data-phrase-index=\"11\" data-number-of-phrases=\"14\">\u00a0<\/span><\/span><\/p>\n\t\t\t\t\t<\/div>\n\t\t\t\t\t\t<\/div>\n\t\t\t\t<\/div>\n\t\t\t\t\t\t<\/div>\n\t\t\t\t\t<\/div>\n\t\t<\/div>\n\t\t\t\t\t\t\t\t<\/div>\n\t\t\t\t\t<\/div>\n\t\t<\/section>\n\t\t\t\t<section class=\"elementor-section elementor-top-section elementor-element elementor-element-56e390c elementor-section-boxed elementor-section-height-default elementor-section-height-default\" data-id=\"56e390c\" data-element_type=\"section\">\n\t\t\t\t\t\t<div class=\"elementor-container elementor-column-gap-default\">\n\t\t\t\t\t\t\t<div class=\"elementor-row\">\n\t\t\t\t\t<div class=\"elementor-column elementor-col-100 elementor-top-column elementor-element elementor-element-82fbc34\" data-id=\"82fbc34\" data-element_type=\"column\">\n\t\t\t<div class=\"elementor-column-wrap elementor-element-populated\">\n\t\t\t\t\t\t\t<div class=\"elementor-widget-wrap\">\n\t\t\t\t\t\t<div class=\"elementor-element elementor-element-9b1a720 elementor-widget elementor-widget-spacer\" data-id=\"9b1a720\" data-element_type=\"widget\" data-widget_type=\"spacer.default\">\n\t\t\t\t<div class=\"elementor-widget-container\">\n\t\t\t\t\t<div class=\"elementor-spacer\">\n\t\t\t<div class=\"elementor-spacer-inner\"><\/div>\n\t\t<\/div>\n\t\t\t\t<\/div>\n\t\t\t\t<\/div>\n\t\t\t\t\t\t<\/div>\n\t\t\t\t\t<\/div>\n\t\t<\/div>\n\t\t\t\t\t\t\t\t<\/div>\n\t\t\t\t\t<\/div>\n\t\t<\/section>\n\t\t\t\t<section class=\"elementor-section elementor-top-section elementor-element elementor-element-f369bc0 elementor-section-boxed elementor-section-height-default elementor-section-height-default\" data-id=\"f369bc0\" data-element_type=\"section\">\n\t\t\t\t\t\t<div class=\"elementor-container elementor-column-gap-default\">\n\t\t\t\t\t\t\t<div class=\"elementor-row\">\n\t\t\t\t\t<div class=\"elementor-column elementor-col-100 elementor-top-column elementor-element elementor-element-8ecf565\" data-id=\"8ecf565\" data-element_type=\"column\">\n\t\t\t<div class=\"elementor-column-wrap elementor-element-populated\">\n\t\t\t\t\t\t\t<div class=\"elementor-widget-wrap\">\n\t\t\t\t\t\t<div class=\"elementor-element elementor-element-ab0653f elementor-widget elementor-widget-spacer\" data-id=\"ab0653f\" data-element_type=\"widget\" data-widget_type=\"spacer.default\">\n\t\t\t\t<div class=\"elementor-widget-container\">\n\t\t\t\t\t<div class=\"elementor-spacer\">\n\t\t\t<div class=\"elementor-spacer-inner\"><\/div>\n\t\t<\/div>\n\t\t\t\t<\/div>\n\t\t\t\t<\/div>\n\t\t\t\t\t\t<\/div>\n\t\t\t\t\t<\/div>\n\t\t<\/div>\n\t\t\t\t\t\t\t\t<\/div>\n\t\t\t\t\t<\/div>\n\t\t<\/section>\n\t\t\t\t<section class=\"elementor-section elementor-top-section elementor-element elementor-element-2f955c8 elementor-section-boxed elementor-section-height-default elementor-section-height-default\" data-id=\"2f955c8\" data-element_type=\"section\">\n\t\t\t\t\t\t<div class=\"elementor-container elementor-column-gap-default\">\n\t\t\t\t\t\t\t<div class=\"elementor-row\">\n\t\t\t\t\t<div class=\"elementor-column elementor-col-100 elementor-top-column elementor-element elementor-element-a9043c9\" data-id=\"a9043c9\" data-element_type=\"column\">\n\t\t\t<div class=\"elementor-column-wrap elementor-element-populated\">\n\t\t\t\t\t\t\t<div class=\"elementor-widget-wrap\">\n\t\t\t\t\t\t<div class=\"elementor-element elementor-element-e6956f0 elementor-widget elementor-widget-spacer\" data-id=\"e6956f0\" data-element_type=\"widget\" data-widget_type=\"spacer.default\">\n\t\t\t\t<div class=\"elementor-widget-container\">\n\t\t\t\t\t<div class=\"elementor-spacer\">\n\t\t\t<div class=\"elementor-spacer-inner\"><\/div>\n\t\t<\/div>\n\t\t\t\t<\/div>\n\t\t\t\t<\/div>\n\t\t\t\t\t\t<\/div>\n\t\t\t\t\t<\/div>\n\t\t<\/div>\n\t\t\t\t\t\t\t\t<\/div>\n\t\t\t\t\t<\/div>\n\t\t<\/section>\n\t\t\t\t<section class=\"elementor-section elementor-top-section elementor-element elementor-element-64e3043 elementor-section-stretched dt-skin-tertiary-bg elementor-section-boxed elementor-section-height-default elementor-section-height-default\" data-id=\"64e3043\" data-element_type=\"section\" data-settings=\"{&quot;stretch_section&quot;:&quot;section-stretched&quot;,&quot;background_background&quot;:&quot;classic&quot;}\">\n\t\t\t\t\t\t<div class=\"elementor-container elementor-column-gap-default\">\n\t\t\t\t\t\t\t<div class=\"elementor-row\">\n\t\t\t\t\t<div class=\"elementor-column elementor-col-50 elementor-top-column elementor-element elementor-element-20b5077\" data-id=\"20b5077\" data-element_type=\"column\">\n\t\t\t<div class=\"elementor-column-wrap elementor-element-populated\">\n\t\t\t\t\t\t\t<div class=\"elementor-widget-wrap\">\n\t\t\t\t\t\t<div class=\"elementor-element elementor-element-dc7cd45 curly-title-2 bigger elementor-widget elementor-widget-jet-animated-text\" data-id=\"dc7cd45\" data-element_type=\"widget\" data-widget_type=\"jet-animated-text.default\">\n\t\t\t\t<div class=\"elementor-widget-container\">\n\t\t\t<div class=\"elementor-jet-animated-text jet-elements\">\n<div class=\"jet-animated-text jet-animated-text--effect-fx1\" data-settings='{\"effect\":\"fx1\",\"delay\":3000}'>\n\t\t<div class=\"jet-animated-text__animated-text\">\n<div class=\"jet-animated-text__animated-text-item active visible\" dir=\"ltr\">\n\t<span>1<\/span><span>0<\/span><span>0<\/span><span>%<\/span><span>&nbsp;<\/span><span>O<\/span><span>r<\/span><span>g<\/span><span>a<\/span><span>n<\/span><span>i<\/span><span>c<\/span><\/div>\n<div class=\"jet-animated-text__animated-text-item\" dir=\"ltr\">\n\t<span>1<\/span><span>0<\/span><span>0<\/span><span>%<\/span><span>&nbsp;<\/span><span>O<\/span><span>r<\/span><span>g<\/span><span>a<\/span><span>n<\/span><span>i<\/span><span>c<\/span><\/div>\n<\/div>\t<\/div><\/div>\t\t<\/div>\n\t\t\t\t<\/div>\n\t\t\t\t\t\t<\/div>\n\t\t\t\t\t<\/div>\n\t\t<\/div>\n\t\t\t\t<div class=\"elementor-column elementor-col-50 elementor-top-column elementor-element elementor-element-79f8a4d\" data-id=\"79f8a4d\" data-element_type=\"column\">\n\t\t\t<div class=\"elementor-column-wrap elementor-element-populated\">\n\t\t\t\t\t\t\t<div class=\"elementor-widget-wrap\">\n\t\t\t\t\t\t<div class=\"elementor-element elementor-element-cd9976d link-hover bigger elementor-widget elementor-widget-button\" data-id=\"cd9976d\" data-element_type=\"widget\" data-widget_type=\"button.default\">\n\t\t\t\t<div class=\"elementor-widget-container\">\n\t\t\t\t\t<div class=\"elementor-button-wrapper\">\n\t\t\t<a href=\"http:\/\/bambopads.com\/myym\u00e4l\u00e4\" class=\"elementor-button-link elementor-button elementor-size-xl\" role=\"button\">\n\t\t\t\t\t\t<span class=\"elementor-button-content-wrapper\">\n\t\t\t\t\t\t<span class=\"elementor-button-text\">Osta nyt<\/span>\n\t\t<\/span>\n\t\t\t\t\t<\/a>\n\t\t<\/div>\n\t\t\t\t<\/div>\n\t\t\t\t<\/div>\n\t\t\t\t\t\t<\/div>\n\t\t\t\t\t<\/div>\n\t\t<\/div>\n\t\t\t\t\t\t\t\t<\/div>\n\t\t\t\t\t<\/div>\n\t\t<\/section>\n\t\t\t\t\t\t<\/div>\n\t\t\t\t\t\t<\/div>\n\t\t\t\t\t<\/div>\n\t\t","protected":false},"excerpt":{"rendered":"<p>KEIT\u00c4 ME OLEMME? Muutoksen luominen Julia ja Sava ovat BamboPads Sweden:in perustajia. Julia on tuore \u00e4iti, joka on ty\u00f6skennellyt muoti- ja kauneusalalla sek\u00e4 Ruotsissa ett\u00e4 Lontoossa. Sava on insin\u00f6\u00f6ri, joka on intohimoinen kest\u00e4v\u00e4\u00e4 kehityst\u00e4 sek\u00e4 innovaatioita kohtaan. Kehitimme yhdess\u00e4 tapoja tehd\u00e4ksemme naisten p\u00e4ivitt\u00e4in tarvitsemasta tuotteesta kest\u00e4v\u00e4mm\u00e4n yhdist\u00e4m\u00e4ll\u00e4 kiinnostuksen kohteemme ja tietomme. Haluamme tarjota sinulle parasta [&hellip;]<\/p>\n","protected":false},"author":2,"featured_media":0,"parent":0,"menu_order":0,"comment_status":"closed","ping_status":"closed","template":"","meta":[],"_links":{"self":[{"href":"https:\/\/bambopads.com\/fi\/wp-json\/wp\/v2\/pages\/25473"}],"collection":[{"href":"https:\/\/bambopads.com\/fi\/wp-json\/wp\/v2\/pages"}],"about":[{"href":"https:\/\/bambopads.com\/fi\/wp-json\/wp\/v2\/types\/page"}],"author":[{"embeddable":true,"href":"https:\/\/bambopads.com\/fi\/wp-json\/wp\/v2\/users\/2"}],"replies":[{"embeddable":true,"href":"https:\/\/bambopads.com\/fi\/wp-json\/wp\/v2\/comments?post=25473"}],"version-history":[{"count":7,"href":"https:\/\/bambopads.com\/fi\/wp-json\/wp\/v2\/pages\/25473\/revisions"}],"predecessor-version":[{"id":25748,"href":"https:\/\/bambopads.com\/fi\/wp-json\/wp\/v2\/pages\/25473\/revisions\/25748"}],"wp:attachment":[{"href":"https:\/\/bambopads.com\/fi\/wp-json\/wp\/v2\/media?parent=25473"}],"curies":[{"name":"wp","href":"https:\/\/api.w.org\/{rel}","templated":true}]}}