{"id":25628,"date":"2020-04-12T09:17:32","date_gmt":"2020-04-12T09:17:32","guid":{"rendered":"https:\/\/bambopads.com\/product\/25628\/"},"modified":"2022-01-28T18:15:28","modified_gmt":"2022-01-28T18:15:28","slug":"almohadillas-de-bambu","status":"publish","type":"product","link":"https:\/\/bambopads.com\/es\/product\/almohadillas-de-bambu\/","title":{"rendered":"Almohadillas de bambu"},"content":{"rendered":"\t\t<div data-elementor-type=\"wp-post\" data-elementor-id=\"25628\" class=\"elementor elementor-25628\" data-elementor-settings=\"[]\">\n\t\t\t\t\t\t<div class=\"elementor-inner\">\n\t\t\t\t\t\t\t<div class=\"elementor-section-wrap\">\n\t\t\t\t\t\t\t<section class=\"elementor-section elementor-top-section elementor-element elementor-element-bfa41a6 elementor-section-stretched elementor-section-full_width elementor-section-height-default elementor-section-height-default\" data-id=\"bfa41a6\" data-element_type=\"section\" data-settings=\"{&quot;stretch_section&quot;:&quot;section-stretched&quot;}\">\n\t\t\t\t\t\t<div class=\"elementor-container elementor-column-gap-default\">\n\t\t\t\t\t\t\t<div class=\"elementor-row\">\n\t\t\t\t\t<div class=\"elementor-column elementor-col-100 elementor-top-column elementor-element elementor-element-b60c6c8\" data-id=\"b60c6c8\" data-element_type=\"column\">\n\t\t\t<div class=\"elementor-column-wrap elementor-element-populated\">\n\t\t\t\t\t\t\t<div class=\"elementor-widget-wrap\">\n\t\t\t\t\t\t<div class=\"elementor-element elementor-element-d133065 product-nav-type1 elementor-widget elementor-widget-dtshop-widget-product-single-summary-nav-bar\" data-id=\"d133065\" data-element_type=\"widget\" data-widget_type=\"dtshop-widget-product-single-summary-nav-bar.default\">\n\t\t\t\t<div class=\"elementor-widget-container\">\n\t\t\tPlease provide product id to display corresponding data!\t\t<\/div>\n\t\t\t\t<\/div>\n\t\t\t\t\t\t<\/div>\n\t\t\t\t\t<\/div>\n\t\t<\/div>\n\t\t\t\t\t\t\t\t<\/div>\n\t\t\t\t\t<\/div>\n\t\t<\/section>\n\t\t\t\t<section class=\"elementor-section elementor-top-section elementor-element elementor-element-5f5e3d22 elementor-section-stretched elementor-section-full_width elementor-section-height-default elementor-section-height-default\" data-id=\"5f5e3d22\" data-element_type=\"section\" data-settings=\"{&quot;stretch_section&quot;:&quot;section-stretched&quot;}\">\n\t\t\t\t\t\t<div class=\"elementor-container elementor-column-gap-default\">\n\t\t\t\t\t\t\t<div class=\"elementor-row\">\n\t\t\t\t\t<div class=\"elementor-column elementor-col-50 elementor-top-column elementor-element elementor-element-34ea6de6\" data-id=\"34ea6de6\" data-element_type=\"column\">\n\t\t\t<div class=\"elementor-column-wrap elementor-element-populated\">\n\t\t\t\t\t\t\t<div class=\"elementor-widget-wrap\">\n\t\t\t\t\t\t\t\t<\/div>\n\t\t\t\t\t<\/div>\n\t\t<\/div>\n\t\t\t\t<div class=\"elementor-column elementor-col-50 elementor-top-column elementor-element elementor-element-59b242b5\" data-id=\"59b242b5\" data-element_type=\"column\">\n\t\t\t<div class=\"elementor-column-wrap elementor-element-populated\">\n\t\t\t\t\t\t\t<div class=\"elementor-widget-wrap\">\n\t\t\t\t\t\t<div class=\"elementor-element elementor-element-52ba46a9 beaux-shop-summary elementor-widget elementor-widget-dtshop-widget-product-single-summary\" data-id=\"52ba46a9\" data-element_type=\"widget\" data-widget_type=\"dtshop-widget-product-single-summary.default\">\n\t\t\t\t<div class=\"elementor-widget-container\">\n\t\t\t<div class=\"dt-sc-product-summary summary entry-summary  \"><div class=\"dt-sc-single-product-title\"><h1 class=\"product_title entry-title\">Almohadillas de bambu<\/h1><\/div><div class=\"dt-sc-single-product-price\"><p class=\"price\"><span class=\"woocs_price_code\" data-product-id=\"25628\"><span class=\"woocommerce-Price-amount amount\"><bdi>299&nbsp;<span class=\"woocommerce-Price-currencySymbol\">&#107;&#114;<\/span><\/bdi><\/span><\/span><\/p><\/div><div class=\"woocommerce-product-details__short-description\">\n\t<p>Ofrecemos alternativas ecol\u00f3gicas y humanas a<br \/>\nlos art\u00edculos desechables. Cambia tus<br \/>\nalmohadillas de algod\u00f3n de un solo uso por<br \/>\nnuestras almohadillas de bamb\u00fa reutilizables.<br \/>\nNo solo est\u00e1 siendo amable con el medio<br \/>\nambiente y su billetera al usar nuestras<br \/>\nalmohadillas de bamb\u00fa reutilizables, sino que<br \/>\ntambi\u00e9n est\u00e1 siendo bueno con lo m\u00e1s esencial,<br \/>\n\u00a1su delicada piel! Nuestras almohadillas de<br \/>\nbamb\u00fa est\u00e1n hechas completamente de bamb\u00fa<br \/>\ny no contienen otros componentes. Son tan<br \/>\nbuenos para desmaquillar y cuidar la piel como<br \/>\npara limpiar la piel sensible de los beb\u00e9s. Otros<br \/>\nusan Viscosa, Spandex, Poli\u00e9ster y algod\u00f3n;<br \/>\nutilizamos bamb\u00fa 100% org\u00e1nico y natural.\n<\/p>\n<p><strong>Especificaci\u00f3n<\/strong><\/p>\n<ul>\n<li>Tama\u00f1o: 10 x 10 cm<\/li>\n<li>N\u00famero: 10 unidades<\/li>\n<li>Accesorios: En la compra del 1er paquete de<br \/>\n10 compresas (299) se incluye una bolsa de<br \/>\nbamb\u00fa\n<\/li>\n<li>Color: blanco<\/li>\n<li>Material: 100 % bamb\u00fa<\/li>\n<li>Fabricante: BAMBOPADS SUECIA AB TM<\/li>\n<\/ul>\n<p><strong>Instrucciones de lavado Bambopads<\/strong><\/p>\n<ul>\n<li>Lavar a 40\u00b0C<\/li>\n<li>Utilice la bolsa de bamb\u00fa.<\/li>\n<li>En uso diario enjuagar con agua corriente tibia<\/li>\n<li>Use todas las bolsas de bamb\u00fa antes de<br \/>\nlavarlas en la lavadora<\/li>\n<\/ul>\n<\/div>\n<div class=\"product-buttons-wrapper product-button product-button-cart style-simple  \"><div class=\"wc_inline_buttons\"><div class=\"wcwl_btn_wrapper wc_btn_inline\"><\/div><\/div><\/div><\/div>\t\t<\/div>\n\t\t\t\t<\/div>\n\t\t\t\t<div class=\"elementor-element elementor-element-a298bd2 elementor-widget elementor-widget-jet-images-layout\" data-id=\"a298bd2\" data-element_type=\"widget\" data-widget_type=\"jet-images-layout.default\">\n\t\t\t\t<div class=\"elementor-widget-container\">\n\t\t\t<div class=\"elementor-jet-images-layout jet-elements\">\n<div class=\"jet-images-layout layout-type-masonry\" data-settings='{\"layoutType\":\"masonry\",\"columns\":3,\"columnsTablet\":\"\",\"columnsMobile\":\"\",\"justifyHeight\":300}'>\n\t<div class=\"jet-images-layout__list column-desktop-3 column-tablet-2 column-mobile-1\" data-columns>\n<div class=\"jet-images-layout__item \">\n\t<div class=\"jet-images-layout__inner\">\n\t\t<div class=\"jet-images-layout__image-loader\"><span><\/span><\/div>\n\t\t<div class=\"jet-images-layout__link \">\n\t\t\t<div class=\"jet-images-layout__image\">\n\t\t\t\t<img decoding=\"async\" class=\"jet-images-layout__image-instance\" src=\"https:\/\/bambopads.com\/wp-content\/uploads\/2021\/09\/Klarna-Logo.wine_.png\" alt=\"Klarna-Logo.wine\" loading=\"lazy\">\t\t\t<\/div>\n\t\t\t<div class=\"jet-images-layout__content\"><\/div>\n\t\t<\/div>\n\t<\/div>\n<\/div>\n<div class=\"jet-images-layout__item \">\n\t<div class=\"jet-images-layout__inner\">\n\t\t<div class=\"jet-images-layout__image-loader\"><span><\/span><\/div>\n\t\t<div class=\"jet-images-layout__link \">\n\t\t\t<div class=\"jet-images-layout__image\">\n\t\t\t\t<img decoding=\"async\" class=\"jet-images-layout__image-instance\" src=\"https:\/\/bambopads.com\/wp-content\/uploads\/2021\/09\/Swish_payment-Logo.wine_.png\" alt=\"Swish_(payment)-Logo.wine\" loading=\"lazy\">\t\t\t<\/div>\n\t\t\t<div class=\"jet-images-layout__content\"><\/div>\n\t\t<\/div>\n\t<\/div>\n<\/div>\n<div class=\"jet-images-layout__item \">\n\t<div class=\"jet-images-layout__inner\">\n\t\t<div class=\"jet-images-layout__image-loader\"><span><\/span><\/div>\n\t\t<div class=\"jet-images-layout__link \">\n\t\t\t<div class=\"jet-images-layout__image\">\n\t\t\t\t<img decoding=\"async\" class=\"jet-images-layout__image-instance\" src=\"https:\/\/bambopads.com\/wp-content\/uploads\/2021\/09\/paypal_mb8k.png\" alt=\"paypal_mb8k\" loading=\"lazy\">\t\t\t<\/div>\n\t\t\t<div class=\"jet-images-layout__content\"><\/div>\n\t\t<\/div>\n\t<\/div>\n<\/div>\n<\/div><\/div>\n<\/div>\t\t<\/div>\n\t\t\t\t<\/div>\n\t\t\t\t\t\t<\/div>\n\t\t\t\t\t<\/div>\n\t\t<\/div>\n\t\t\t\t\t\t\t\t<\/div>\n\t\t\t\t\t<\/div>\n\t\t<\/section>\n\t\t\t\t<section class=\"elementor-section elementor-top-section elementor-element elementor-element-6744239 elementor-section-boxed elementor-section-height-default elementor-section-height-default\" data-id=\"6744239\" data-element_type=\"section\">\n\t\t\t\t\t\t<div class=\"elementor-container elementor-column-gap-default\">\n\t\t\t\t\t\t\t<div class=\"elementor-row\">\n\t\t\t\t\t<div class=\"elementor-column elementor-col-100 elementor-top-column elementor-element elementor-element-d8ba054\" data-id=\"d8ba054\" data-element_type=\"column\">\n\t\t\t<div class=\"elementor-column-wrap elementor-element-populated\">\n\t\t\t\t\t\t\t<div class=\"elementor-widget-wrap\">\n\t\t\t\t\t\t<div class=\"elementor-element elementor-element-c74c9c0 elementor-widget elementor-widget-text-editor\" data-id=\"c74c9c0\" data-element_type=\"widget\" data-widget_type=\"text-editor.default\">\n\t\t\t\t<div class=\"elementor-widget-container\">\n\t\t\t\t\t\t\t\t<div class=\"elementor-text-editor elementor-clearfix\">\n\t\t\t\t<p class=\"MsoNormal\"><b>El bamb\u00fa es duradero<\/b><\/p>\n<p class=\"MsoNormal\"><span lang=\"EN-US\">Quiz\u00e1s la propiedad m\u00e1s fuerte del bamb\u00fa es su durabilidad. De hecho, el bamb\u00fa es la planta de m\u00e1s r\u00e1pido crecimiento en el mundo. Esto, en combinaci\u00f3n con la evitaci\u00f3n de m\u00e9todos<br \/>\nartificiales, hace que la producci\u00f3n de bamb\u00fa sea particularmente sostenible. Como beneficio adicional, la planta de bamb\u00fa tampoco necesita ser replantada ya que los brotes nuevos crecen a partir de los brotes viejos. Bueno para ti y realmente bueno para nuestro planeta. <\/span><\/p>\n<p>&nbsp;<\/p>\n<p class=\"MsoNormal\"><b>El bamb\u00fa contrarresta los hongos<\/b><\/p>\n<p class=\"MsoNormal\"><span lang=\"EN-US\">Pero quiz\u00e1s te preguntes, \u00bfpor qu\u00e9 el bamb\u00fa encaja tan bien en los textiles? La respuesta se puede encontrar en peque\u00f1as fibras. Las fibras de la planta de bamb\u00fa tienen cualidades<br \/>\nantibacterianas, lo que significa que inhiben el crecimiento de hongos dentro del material. Esto le permite usar sus Bambo Pads durante varios d\u00edas seguidos sin tener que lavarlos.<br \/>\n<\/span><\/p>\n<p class=\"MsoNormal\"><span lang=\"EN-US\">\u00a1Las almohadillas de bamb\u00fa son extra suaves y lisas!<\/span><\/p>\n<p>&nbsp;<\/p>\n<p class=\"MsoNormal\"><b>Bamb\u00fa<\/b><\/p>\n<p class=\"MsoNormal\"><span lang=\"EN-US\">Pero las geniales caracter\u00edsticas del bamb\u00fa no terminan ah\u00ed. El bamb\u00fa es particularmente \u00fatil ya que absorbe la humedad mucho mejor que otros materiales.<\/span><\/p>\n<p class=\"MsoNormal\"><span lang=\"EN-US\">Otra cualidad atractiva del bamb\u00fa es lo c\u00e1lido que se siente cuando se usa en textiles. La celulosa del bamb\u00fa tiene una superficie suave como la seda que permite que el aire fluya<br \/>\nlibremente hacia adentro y hacia afuera. En pocas palabras, es un puro placer para tu piel. <\/span><\/p>\n<p>&nbsp;<\/p>\n<p class=\"MsoNormal\"><b>Amigable con la piel y las alergias<\/b><\/p>\n<p class=\"MsoNormal\"><span lang=\"EN-US\">Si usted, como tantos otros en nuestro fr\u00edo pa\u00eds, tiene la piel sensible, nuestras almohadillas de bamb\u00fa son una sabia elecci\u00f3n. Debido a que son naturalmente suaves, no es necesario frotar la piel con tanta fuerza, algo que tiende a crear irritaci\u00f3n y, a la larga, piel seca. Si adem\u00e1s eres<br \/>\nsensible al material sint\u00e9tico, no tienes que preocuparte por el bamb\u00fa.<br \/>\n<\/span><\/p>\n\t\t\t\t\t<\/div>\n\t\t\t\t\t\t<\/div>\n\t\t\t\t<\/div>\n\t\t\t\t\t\t<\/div>\n\t\t\t\t\t<\/div>\n\t\t<\/div>\n\t\t\t\t\t\t\t\t<\/div>\n\t\t\t\t\t<\/div>\n\t\t<\/section>\n\t\t\t\t<section class=\"elementor-section elementor-top-section elementor-element elementor-element-173c6c68 elementor-section-boxed elementor-section-height-default elementor-section-height-default\" data-id=\"173c6c68\" data-element_type=\"section\">\n\t\t\t\t\t\t<div class=\"elementor-container elementor-column-gap-default\">\n\t\t\t\t\t\t\t<div class=\"elementor-row\">\n\t\t\t\t\t<div class=\"elementor-column elementor-col-100 elementor-top-column elementor-element elementor-element-4d156091\" data-id=\"4d156091\" data-element_type=\"column\">\n\t\t\t<div class=\"elementor-column-wrap elementor-element-populated\">\n\t\t\t\t\t\t\t<div class=\"elementor-widget-wrap\">\n\t\t\t\t\t\t<div class=\"elementor-element elementor-element-5afb020a elementor-widget elementor-widget-spacer\" data-id=\"5afb020a\" data-element_type=\"widget\" data-widget_type=\"spacer.default\">\n\t\t\t\t<div class=\"elementor-widget-container\">\n\t\t\t\t\t<div class=\"elementor-spacer\">\n\t\t\t<div class=\"elementor-spacer-inner\"><\/div>\n\t\t<\/div>\n\t\t\t\t<\/div>\n\t\t\t\t<\/div>\n\t\t\t\t\t\t<\/div>\n\t\t\t\t\t<\/div>\n\t\t<\/div>\n\t\t\t\t\t\t\t\t<\/div>\n\t\t\t\t\t<\/div>\n\t\t<\/section>\n\t\t\t\t<section class=\"elementor-section elementor-top-section elementor-element elementor-element-2beb2f2b elementor-section-boxed elementor-section-height-default elementor-section-height-default\" data-id=\"2beb2f2b\" data-element_type=\"section\">\n\t\t\t\t\t\t<div class=\"elementor-container elementor-column-gap-default\">\n\t\t\t\t\t\t\t<div class=\"elementor-row\">\n\t\t\t\t\t<div class=\"elementor-column elementor-col-100 elementor-top-column elementor-element elementor-element-3133a8fe\" data-id=\"3133a8fe\" data-element_type=\"column\">\n\t\t\t<div class=\"elementor-column-wrap elementor-element-populated\">\n\t\t\t\t\t\t\t<div class=\"elementor-widget-wrap\">\n\t\t\t\t\t\t<div class=\"elementor-element elementor-element-6fa0ba54 elementor-widget elementor-widget-heading\" data-id=\"6fa0ba54\" data-element_type=\"widget\" data-widget_type=\"heading.default\">\n\t\t\t\t<div class=\"elementor-widget-container\">\n\t\t\t<h6 class=\"elementor-heading-title elementor-size-default\">Tambi\u00e9n te puede interesar<\/h6>\t\t<\/div>\n\t\t\t\t<\/div>\n\t\t\t\t<div class=\"elementor-element elementor-element-5d1004b1 elementor-widget elementor-widget-spacer\" data-id=\"5d1004b1\" data-element_type=\"widget\" data-widget_type=\"spacer.default\">\n\t\t\t\t<div class=\"elementor-widget-container\">\n\t\t\t\t\t<div class=\"elementor-spacer\">\n\t\t\t<div class=\"elementor-spacer-inner\"><\/div>\n\t\t<\/div>\n\t\t\t\t<\/div>\n\t\t\t\t<\/div>\n\t\t\t\t<div class=\"elementor-element elementor-element-2e53c21c elementor-widget elementor-widget-dtshop-widget-related-products\" data-id=\"2e53c21c\" data-element_type=\"widget\" data-widget_type=\"dtshop-widget-related-products.default\">\n\t\t\t\t<div class=\"elementor-widget-container\">\n\t\t\tPlease provide product id to display corresponding data!\t\t<\/div>\n\t\t\t\t<\/div>\n\t\t\t\t\t\t<\/div>\n\t\t\t\t\t<\/div>\n\t\t<\/div>\n\t\t\t\t\t\t\t\t<\/div>\n\t\t\t\t\t<\/div>\n\t\t<\/section>\n\t\t\t\t\t\t<\/div>\n\t\t\t\t\t\t<\/div>\n\t\t\t\t\t<\/div>\n\t\t","protected":false},"excerpt":{"rendered":"<p>Ofrecemos alternativas ecol\u00f3gicas y humanas a<br \/>\nlos art\u00edculos desechables. Cambia tus<br \/>\nalmohadillas de algod\u00f3n de un solo uso por<br \/>\nnuestras almohadillas de bamb\u00fa reutilizables.<br \/>\nNo solo est\u00e1 siendo amable con el medio<br \/>\nambiente y su billetera al usar nuestras<br \/>\nalmohadillas de bamb\u00fa reutilizables, sino que<br \/>\ntambi\u00e9n est\u00e1 siendo bueno con lo m\u00e1s esencial,<br \/>\n\u00a1su delicada piel! Nuestras almohadillas de<br \/>\nbamb\u00fa est\u00e1n hechas completamente de bamb\u00fa<br \/>\ny no contienen otros componentes. Son tan<br \/>\nbuenos para desmaquillar y cuidar la piel como<br \/>\npara limpiar la piel sensible de los beb\u00e9s. Otros<br \/>\nusan Viscosa, Spandex, Poli\u00e9ster y algod\u00f3n;<br \/>\nutilizamos bamb\u00fa 100% org\u00e1nico y natural.\n<\/p>\n<p><strong>Especificaci\u00f3n<\/strong><\/p>\n<ul>\n<li>Tama\u00f1o: 10 x 10 cm<\/li>\n<li>N\u00famero: 10 unidades<\/li>\n<li>Accesorios: En la compra del 1er paquete de<br \/>\n10 compresas (299) se incluye una bolsa de<br \/>\nbamb\u00fa\n<\/li>\n<li>Color: blanco<\/li>\n<li>Material: 100 % bamb\u00fa<\/li>\n<li>Fabricante: BAMBOPADS SUECIA AB TM<\/li>\n<\/ul>\n<p><strong>Instrucciones de lavado Bambopads<\/strong><\/p>\n<ul>\n<li>Lavar a 40\u00b0C<\/li>\n<li>Utilice la bolsa de bamb\u00fa.<\/li>\n<li>En uso diario enjuagar con agua corriente tibia<\/li>\n<li>Use todas las bolsas de bamb\u00fa antes de<br \/>\nlavarlas en la lavadora<\/li>\n<\/ul>\n","protected":false},"featured_media":25386,"comment_status":"open","ping_status":"closed","template":"","meta":[],"product_cat":[198],"product_tag":[192,191],"_links":{"self":[{"href":"https:\/\/bambopads.com\/es\/wp-json\/wp\/v2\/product\/25628"}],"collection":[{"href":"https:\/\/bambopads.com\/es\/wp-json\/wp\/v2\/product"}],"about":[{"href":"https:\/\/bambopads.com\/es\/wp-json\/wp\/v2\/types\/product"}],"replies":[{"embeddable":true,"href":"https:\/\/bambopads.com\/es\/wp-json\/wp\/v2\/comments?post=25628"}],"version-history":[{"count":4,"href":"https:\/\/bambopads.com\/es\/wp-json\/wp\/v2\/product\/25628\/revisions"}],"predecessor-version":[{"id":25754,"href":"https:\/\/bambopads.com\/es\/wp-json\/wp\/v2\/product\/25628\/revisions\/25754"}],"wp:featuredmedia":[{"embeddable":true,"href":"https:\/\/bambopads.com\/es\/wp-json\/wp\/v2\/media\/25386"}],"wp:attachment":[{"href":"https:\/\/bambopads.com\/es\/wp-json\/wp\/v2\/media?parent=25628"}],"wp:term":[{"taxonomy":"product_cat","embeddable":true,"href":"https:\/\/bambopads.com\/es\/wp-json\/wp\/v2\/product_cat?post=25628"},{"taxonomy":"product_tag","embeddable":true,"href":"https:\/\/bambopads.com\/es\/wp-json\/wp\/v2\/product_tag?post=25628"}],"curies":[{"name":"wp","href":"https:\/\/api.w.org\/{rel}","templated":true}]}}