{"id":25454,"date":"2021-10-29T07:31:02","date_gmt":"2021-10-29T07:31:02","guid":{"rendered":"https:\/\/bambopads.com\/product\/kits-de-bambu\/"},"modified":"2022-01-29T05:57:35","modified_gmt":"2022-01-29T05:57:35","slug":"kit-de-bambu","status":"publish","type":"product","link":"https:\/\/bambopads.com\/es\/product\/kit-de-bambu\/","title":{"rendered":"Kit de Bamb\u00fa"},"content":{"rendered":"\t\t<div data-elementor-type=\"wp-post\" data-elementor-id=\"25454\" class=\"elementor elementor-25454\" data-elementor-settings=\"[]\">\n\t\t\t\t\t\t<div class=\"elementor-inner\">\n\t\t\t\t\t\t\t<div class=\"elementor-section-wrap\">\n\t\t\t\t\t\t\t<section class=\"elementor-section elementor-top-section elementor-element elementor-element-bfa41a6 elementor-section-stretched elementor-section-full_width elementor-section-height-default elementor-section-height-default\" data-id=\"bfa41a6\" data-element_type=\"section\" data-settings=\"{&quot;stretch_section&quot;:&quot;section-stretched&quot;}\">\n\t\t\t\t\t\t<div class=\"elementor-container elementor-column-gap-default\">\n\t\t\t\t\t\t\t<div class=\"elementor-row\">\n\t\t\t\t\t<div class=\"elementor-column elementor-col-100 elementor-top-column elementor-element elementor-element-b60c6c8\" data-id=\"b60c6c8\" data-element_type=\"column\">\n\t\t\t<div class=\"elementor-column-wrap elementor-element-populated\">\n\t\t\t\t\t\t\t<div class=\"elementor-widget-wrap\">\n\t\t\t\t\t\t<div class=\"elementor-element elementor-element-d133065 product-nav-type1 elementor-widget elementor-widget-dtshop-widget-product-single-summary-nav-bar\" data-id=\"d133065\" data-element_type=\"widget\" data-widget_type=\"dtshop-widget-product-single-summary-nav-bar.default\">\n\t\t\t\t<div class=\"elementor-widget-container\">\n\t\t\tPlease provide product id to display corresponding data!\t\t<\/div>\n\t\t\t\t<\/div>\n\t\t\t\t\t\t<\/div>\n\t\t\t\t\t<\/div>\n\t\t<\/div>\n\t\t\t\t\t\t\t\t<\/div>\n\t\t\t\t\t<\/div>\n\t\t<\/section>\n\t\t\t\t<section class=\"elementor-section elementor-top-section elementor-element elementor-element-5f5e3d22 elementor-section-stretched elementor-section-boxed elementor-section-height-default elementor-section-height-default\" data-id=\"5f5e3d22\" data-element_type=\"section\" data-settings=\"{&quot;stretch_section&quot;:&quot;section-stretched&quot;}\">\n\t\t\t\t\t\t<div class=\"elementor-container elementor-column-gap-default\">\n\t\t\t\t\t\t\t<div class=\"elementor-row\">\n\t\t\t\t\t<div class=\"elementor-column elementor-col-50 elementor-top-column elementor-element elementor-element-34ea6de6\" data-id=\"34ea6de6\" data-element_type=\"column\">\n\t\t\t<div class=\"elementor-column-wrap elementor-element-populated\">\n\t\t\t\t\t\t\t<div class=\"elementor-widget-wrap\">\n\t\t\t\t\t\t\t\t<\/div>\n\t\t\t\t\t<\/div>\n\t\t<\/div>\n\t\t\t\t<div class=\"elementor-column elementor-col-50 elementor-top-column elementor-element elementor-element-59b242b5\" data-id=\"59b242b5\" data-element_type=\"column\">\n\t\t\t<div class=\"elementor-column-wrap elementor-element-populated\">\n\t\t\t\t\t\t\t<div class=\"elementor-widget-wrap\">\n\t\t\t\t\t\t<div class=\"elementor-element elementor-element-52ba46a9 beaux-shop-summary elementor-widget elementor-widget-dtshop-widget-product-single-summary\" data-id=\"52ba46a9\" data-element_type=\"widget\" data-widget_type=\"dtshop-widget-product-single-summary.default\">\n\t\t\t\t<div class=\"elementor-widget-container\">\n\t\t\t<div class=\"dt-sc-product-summary summary entry-summary bambokitbtn \"><div class=\"dt-sc-single-product-title\"><h1 class=\"product_title entry-title\">Kit de Bamb\u00fa<\/h1><\/div><div class=\"dt-sc-single-product-price\"><p class=\"price\"><span class=\"woocs_price_code\" data-product-id=\"25454\"><span class=\"woocommerce-Price-amount amount\"><bdi>399&nbsp;<span class=\"woocommerce-Price-currencySymbol\">&#107;&#114;<\/span><\/bdi><\/span><\/span><\/p><\/div><div class=\"woocommerce-product-details__short-description\">\n\t<p>Ofrecemos alternativas ecol\u00f3gicas y humanas a<br \/>\nlos art\u00edculos desechables. Con Bambo Pads,<br \/>\nBambo Headband, Bambo Towel y Bambo Bag,<br \/>\nbrindamos una soluci\u00f3n completa para que su<br \/>\nrutina de cuidado de la piel sea m\u00e1s respetuosa<br \/>\ncon el medio ambiente y m\u00e1s suave con su piel.<br \/>\nNuestras almohadillas de bamb\u00fa lavables son<br \/>\nuna excelente alternativa a las almohadillas<br \/>\ndesechables. No solo est\u00e1 siendo amable con<br \/>\nel medio ambiente y su billetera al usar nuestras almohadillas de bamb\u00fa reutilizables, sino que tambi\u00e9n est\u00e1 siendo bueno con lo m\u00e1s esencial, \u00a1su delicada piel! Nuestras almohadillas de bamb\u00fa est\u00e1n hechas completamente de bamb\u00fa y no contienen otros componentes. Son tan buenos para desmaquillar y cuidar la piel como para limpiar la piel sensible de los beb\u00e9s. Otros usan Viscosa, Spandex, Poli\u00e9ster y algod\u00f3n; utilizamos bamb\u00fa 100% org\u00e1nico y natural.<\/p>\n<p><strong>Especificaciones kit de Bambu<\/strong><\/p>\n<ul>\n<li>10 almohadillas de bamb\u00fa de 10 x 10 cm<\/li>\n<li>1\u00aa Diadema Bambu Talla \u00fanica<\/li>\n<li>1\u00aa Toalla Bamb\u00fa 25X25cm<\/li>\n<li>1 Bolsa Bambu 18X15cm<\/li>\n<li>Cantidad: 1 juego de piezas<\/li>\n<li>Color: Blanco<\/li>\n<li>Material: 100 % bambu<\/li>\n<li>Fabricante: Bambopads Suecia Ab TM<\/li>\n<\/ul>\n<\/div>\n<div class=\"product-buttons-wrapper product-button product-button-cart style-simple  align-inline\"><div class=\"wc_inline_buttons\"><div class=\"wcwl_btn_wrapper wc_btn_inline\"><\/div><\/div><\/div><\/div>\t\t<\/div>\n\t\t\t\t<\/div>\n\t\t\t\t<div class=\"elementor-element elementor-element-fda42dd elementor-widget elementor-widget-jet-images-layout\" data-id=\"fda42dd\" data-element_type=\"widget\" data-widget_type=\"jet-images-layout.default\">\n\t\t\t\t<div class=\"elementor-widget-container\">\n\t\t\t<div class=\"elementor-jet-images-layout jet-elements\">\n<div class=\"jet-images-layout layout-type-masonry\" data-settings='{\"layoutType\":\"masonry\",\"columns\":3,\"columnsTablet\":\"3\",\"columnsMobile\":\"2\",\"justifyHeight\":300}'>\n\t<div class=\"jet-images-layout__list column-desktop-3 column-tablet-3 column-mobile-2\" data-columns>\n<div class=\"jet-images-layout__item \">\n\t<div class=\"jet-images-layout__inner\">\n\t\t<div class=\"jet-images-layout__image-loader\"><span><\/span><\/div>\n\t\t<div class=\"jet-images-layout__link \">\n\t\t\t<div class=\"jet-images-layout__image\">\n\t\t\t\t<img decoding=\"async\" class=\"jet-images-layout__image-instance\" src=\"https:\/\/bambopads.com\/wp-content\/uploads\/2021\/09\/Klarna-Logo.wine_.png\" alt=\"Klarna-Logo.wine\" loading=\"lazy\">\t\t\t<\/div>\n\t\t\t<div class=\"jet-images-layout__content\"><\/div>\n\t\t<\/div>\n\t<\/div>\n<\/div>\n<div class=\"jet-images-layout__item \">\n\t<div class=\"jet-images-layout__inner\">\n\t\t<div class=\"jet-images-layout__image-loader\"><span><\/span><\/div>\n\t\t<div class=\"jet-images-layout__link \">\n\t\t\t<div class=\"jet-images-layout__image\">\n\t\t\t\t<img decoding=\"async\" class=\"jet-images-layout__image-instance\" src=\"https:\/\/bambopads.com\/wp-content\/uploads\/2021\/09\/Swish_payment-Logo.wine_.png\" alt=\"Swish_(payment)-Logo.wine\" loading=\"lazy\">\t\t\t<\/div>\n\t\t\t<div class=\"jet-images-layout__content\"><\/div>\n\t\t<\/div>\n\t<\/div>\n<\/div>\n<div class=\"jet-images-layout__item \">\n\t<div class=\"jet-images-layout__inner\">\n\t\t<div class=\"jet-images-layout__image-loader\"><span><\/span><\/div>\n\t\t<div class=\"jet-images-layout__link \">\n\t\t\t<div class=\"jet-images-layout__image\">\n\t\t\t\t<img decoding=\"async\" class=\"jet-images-layout__image-instance\" src=\"https:\/\/bambopads.com\/wp-content\/uploads\/2021\/09\/paypal_mb8k.png\" alt=\"paypal_mb8k\" loading=\"lazy\">\t\t\t<\/div>\n\t\t\t<div class=\"jet-images-layout__content\"><\/div>\n\t\t<\/div>\n\t<\/div>\n<\/div>\n<\/div><\/div>\n<\/div>\t\t<\/div>\n\t\t\t\t<\/div>\n\t\t\t\t\t\t<\/div>\n\t\t\t\t\t<\/div>\n\t\t<\/div>\n\t\t\t\t\t\t\t\t<\/div>\n\t\t\t\t\t<\/div>\n\t\t<\/section>\n\t\t\t\t<section class=\"elementor-section elementor-top-section elementor-element elementor-element-85319c5 elementor-section-full_width elementor-section-height-default elementor-section-height-default\" data-id=\"85319c5\" data-element_type=\"section\">\n\t\t\t\t\t\t<div class=\"elementor-container elementor-column-gap-default\">\n\t\t\t\t\t\t\t<div class=\"elementor-row\">\n\t\t\t\t\t<div class=\"elementor-column elementor-col-100 elementor-top-column elementor-element elementor-element-6fd1979\" data-id=\"6fd1979\" data-element_type=\"column\">\n\t\t\t<div class=\"elementor-column-wrap elementor-element-populated\">\n\t\t\t\t\t\t\t<div class=\"elementor-widget-wrap\">\n\t\t\t\t\t\t<div class=\"elementor-element elementor-element-32da49d elementor-widget elementor-widget-text-editor\" data-id=\"32da49d\" data-element_type=\"widget\" data-widget_type=\"text-editor.default\">\n\t\t\t\t<div class=\"elementor-widget-container\">\n\t\t\t\t\t\t\t\t<div class=\"elementor-text-editor elementor-clearfix\">\n\t\t\t\t<p><b>El bamb\u00fa es duradero.<\/b><\/p>\n<p>Quiz\u00e1s la propiedad m\u00e1s fuerte del bamb\u00fa es su durabilidad. De hecho, el bamb\u00fa es la planta de m\u00e1s r\u00e1pido crecimiento en el mundo. Esto, en combinaci\u00f3n con la evitaci\u00f3n de m\u00e9todos artificiales, hace que la producci\u00f3n de bamb\u00fa sea particularmente sostenible. Como beneficio adicional, la planta de bamb\u00fa tampoco necesita ser replantada ya que los brotes nuevos crecen a partir de los brotes viejos. Bueno para ti y realmente bueno para nuestro planeta.<\/p>\n<p><b>El bamb\u00fa contrarresta los hongos<\/b><\/p>\n<p>Pero quiz\u00e1s te preguntes, \u00bfpor qu\u00e9 el bamb\u00fa encaja tan bien en los textiles? La respuesta se puede encontrar en peque\u00f1as fibras. Las fibras de la planta de bamb\u00fa tienen cualidades<br \/>\nantibacterianas, lo que significa que inhiben el crecimiento de hongos dentro del material. Esto le permite usar sus Bambo Pads durante varios d\u00edas seguidos sin tener que lavarlos.<\/p>\n<p>\u00a1Las almohadillas de bamb\u00fa son extra suaves y lisas!<\/p>\n<p><b>Bamb\u00fa<\/b><\/p>\n<p>Pero las geniales caracter\u00edsticas del bamb\u00fa no terminan ah\u00ed. El bamb\u00fa es particularmente \u00fatil ya que absorbe la humedad mucho mejor que otros materiales.<\/p>\n<p>Otra cualidad atractiva del bamb\u00fa es lo c\u00e1lido que se siente cuando se usa en textiles. La celulosa del bamb\u00fa tiene una superficie suave como la seda que permite que el aire fluya<br \/>\nlibremente hacia adentro y hacia afuera. En pocas palabras, es un puro placer para tu piel.<\/p>\n<p><b>Amigable con la piel y las alergias<\/b><\/p>\n<p>Si usted, como tantos otros en nuestro fr\u00edo pa\u00eds, tiene la piel sensible, nuestras almohadillas de bamb\u00fa son una sabia elecci\u00f3n. Debido a que son naturalmente suaves, no es necesario frotar la piel con tanta fuerza, algo que tiende a crear irritaci\u00f3n y, a la larga, piel seca. Si adem\u00e1s eres<br \/>\nsensible al material sint\u00e9tico, no tienes que preocuparte por el bamb\u00fa.<\/p>\n<p><b>Consejos de lavado BamboKit<\/b><\/p>\n<p>Lavado a 40\u00b0C<\/p>\n<p>Secador de aire (Almohadillas de Bambu)<\/p>\n<p>Secar en secadora a baja temperatura (Toalla Bambu, Diadema Bambu)<\/p>\n<div><\/div>\n\t\t\t\t\t<\/div>\n\t\t\t\t\t\t<\/div>\n\t\t\t\t<\/div>\n\t\t\t\t\t\t<\/div>\n\t\t\t\t\t<\/div>\n\t\t<\/div>\n\t\t\t\t\t\t\t\t<\/div>\n\t\t\t\t\t<\/div>\n\t\t<\/section>\n\t\t\t\t<section class=\"elementor-section elementor-top-section elementor-element elementor-element-173c6c68 elementor-section-boxed elementor-section-height-default elementor-section-height-default\" data-id=\"173c6c68\" data-element_type=\"section\">\n\t\t\t\t\t\t<div class=\"elementor-container elementor-column-gap-default\">\n\t\t\t\t\t\t\t<div class=\"elementor-row\">\n\t\t\t\t\t<div class=\"elementor-column elementor-col-100 elementor-top-column elementor-element elementor-element-4d156091\" data-id=\"4d156091\" data-element_type=\"column\">\n\t\t\t<div class=\"elementor-column-wrap elementor-element-populated\">\n\t\t\t\t\t\t\t<div class=\"elementor-widget-wrap\">\n\t\t\t\t\t\t<div class=\"elementor-element elementor-element-5afb020a elementor-widget elementor-widget-spacer\" data-id=\"5afb020a\" data-element_type=\"widget\" data-widget_type=\"spacer.default\">\n\t\t\t\t<div class=\"elementor-widget-container\">\n\t\t\t\t\t<div class=\"elementor-spacer\">\n\t\t\t<div class=\"elementor-spacer-inner\"><\/div>\n\t\t<\/div>\n\t\t\t\t<\/div>\n\t\t\t\t<\/div>\n\t\t\t\t\t\t<\/div>\n\t\t\t\t\t<\/div>\n\t\t<\/div>\n\t\t\t\t\t\t\t\t<\/div>\n\t\t\t\t\t<\/div>\n\t\t<\/section>\n\t\t\t\t<section class=\"elementor-section elementor-top-section elementor-element elementor-element-2beb2f2b elementor-section-boxed elementor-section-height-default elementor-section-height-default\" data-id=\"2beb2f2b\" data-element_type=\"section\">\n\t\t\t\t\t\t<div class=\"elementor-container elementor-column-gap-default\">\n\t\t\t\t\t\t\t<div class=\"elementor-row\">\n\t\t\t\t\t<div class=\"elementor-column elementor-col-100 elementor-top-column elementor-element elementor-element-3133a8fe\" data-id=\"3133a8fe\" data-element_type=\"column\">\n\t\t\t<div class=\"elementor-column-wrap elementor-element-populated\">\n\t\t\t\t\t\t\t<div class=\"elementor-widget-wrap\">\n\t\t\t\t\t\t<div class=\"elementor-element elementor-element-6fa0ba54 elementor-widget elementor-widget-heading\" data-id=\"6fa0ba54\" data-element_type=\"widget\" data-widget_type=\"heading.default\">\n\t\t\t\t<div class=\"elementor-widget-container\">\n\t\t\t<h6 class=\"elementor-heading-title elementor-size-default\">Tambi\u00e9n te puede interesar<\/h6>\t\t<\/div>\n\t\t\t\t<\/div>\n\t\t\t\t<div class=\"elementor-element elementor-element-5d1004b1 elementor-widget elementor-widget-spacer\" data-id=\"5d1004b1\" data-element_type=\"widget\" data-widget_type=\"spacer.default\">\n\t\t\t\t<div class=\"elementor-widget-container\">\n\t\t\t\t\t<div class=\"elementor-spacer\">\n\t\t\t<div class=\"elementor-spacer-inner\"><\/div>\n\t\t<\/div>\n\t\t\t\t<\/div>\n\t\t\t\t<\/div>\n\t\t\t\t<div class=\"elementor-element elementor-element-2e53c21c elementor-widget elementor-widget-dtshop-widget-related-products\" data-id=\"2e53c21c\" data-element_type=\"widget\" data-widget_type=\"dtshop-widget-related-products.default\">\n\t\t\t\t<div class=\"elementor-widget-container\">\n\t\t\tPlease provide product id to display corresponding data!\t\t<\/div>\n\t\t\t\t<\/div>\n\t\t\t\t\t\t<\/div>\n\t\t\t\t\t<\/div>\n\t\t<\/div>\n\t\t\t\t\t\t\t\t<\/div>\n\t\t\t\t\t<\/div>\n\t\t<\/section>\n\t\t\t\t\t\t<\/div>\n\t\t\t\t\t\t<\/div>\n\t\t\t\t\t<\/div>\n\t\t","protected":false},"excerpt":{"rendered":"<p>Ofrecemos alternativas ecol\u00f3gicas y humanas a<br \/>\nlos art\u00edculos desechables. Con Bambo Pads,<br \/>\nBambo Headband, Bambo Towel y Bambo Bag,<br \/>\nbrindamos una soluci\u00f3n completa para que su<br \/>\nrutina de cuidado de la piel sea m\u00e1s respetuosa<br \/>\ncon el medio ambiente y m\u00e1s suave con su piel.<br \/>\nNuestras almohadillas de bamb\u00fa lavables son<br \/>\nuna excelente alternativa a las almohadillas<br \/>\ndesechables. No solo est\u00e1 siendo amable con<br \/>\nel medio ambiente y su billetera al usar nuestras almohadillas de bamb\u00fa reutilizables, sino que tambi\u00e9n est\u00e1 siendo bueno con lo m\u00e1s esencial, \u00a1su delicada piel! Nuestras almohadillas de bamb\u00fa est\u00e1n hechas completamente de bamb\u00fa y no contienen otros componentes. Son tan buenos para desmaquillar y cuidar la piel como para limpiar la piel sensible de los beb\u00e9s. Otros usan Viscosa, Spandex, Poli\u00e9ster y algod\u00f3n; utilizamos bamb\u00fa 100% org\u00e1nico y natural.<\/p>\n<p><strong>Especificaciones kit de Bambu<\/strong><\/p>\n<ul>\n<li>10 almohadillas de bamb\u00fa de 10 x 10 cm<\/li>\n<li>1\u00aa Diadema Bambu Talla \u00fanica<\/li>\n<li>1\u00aa Toalla Bamb\u00fa 25X25cm<\/li>\n<li>1 Bolsa Bambu 18X15cm<\/li>\n<li>Cantidad: 1 juego de piezas<\/li>\n<li>Color: Blanco<\/li>\n<li>Material: 100 % bambu<\/li>\n<li>Fabricante: Bambopads Suecia Ab TM<\/li>\n<\/ul>\n","protected":false},"featured_media":25413,"comment_status":"open","ping_status":"closed","template":"","meta":[],"product_cat":[198],"product_tag":[192,191],"_links":{"self":[{"href":"https:\/\/bambopads.com\/es\/wp-json\/wp\/v2\/product\/25454"}],"collection":[{"href":"https:\/\/bambopads.com\/es\/wp-json\/wp\/v2\/product"}],"about":[{"href":"https:\/\/bambopads.com\/es\/wp-json\/wp\/v2\/types\/product"}],"replies":[{"embeddable":true,"href":"https:\/\/bambopads.com\/es\/wp-json\/wp\/v2\/comments?post=25454"}],"version-history":[{"count":2,"href":"https:\/\/bambopads.com\/es\/wp-json\/wp\/v2\/product\/25454\/revisions"}],"predecessor-version":[{"id":25769,"href":"https:\/\/bambopads.com\/es\/wp-json\/wp\/v2\/product\/25454\/revisions\/25769"}],"wp:featuredmedia":[{"embeddable":true,"href":"https:\/\/bambopads.com\/es\/wp-json\/wp\/v2\/media\/25413"}],"wp:attachment":[{"href":"https:\/\/bambopads.com\/es\/wp-json\/wp\/v2\/media?parent=25454"}],"wp:term":[{"taxonomy":"product_cat","embeddable":true,"href":"https:\/\/bambopads.com\/es\/wp-json\/wp\/v2\/product_cat?post=25454"},{"taxonomy":"product_tag","embeddable":true,"href":"https:\/\/bambopads.com\/es\/wp-json\/wp\/v2\/product_tag?post=25454"}],"curies":[{"name":"wp","href":"https:\/\/api.w.org\/{rel}","templated":true}]}}