{"id":25450,"date":"2021-10-26T11:02:26","date_gmt":"2021-10-26T11:02:26","guid":{"rendered":"https:\/\/bambopads.com\/product\/toalla-de-bambu\/"},"modified":"2022-01-18T03:09:03","modified_gmt":"2022-01-18T03:09:03","slug":"toalla-bambu","status":"publish","type":"product","link":"https:\/\/bambopads.com\/es\/product\/toalla-bambu\/","title":{"rendered":"Toalla Bambu"},"content":{"rendered":"\t\t<div data-elementor-type=\"wp-post\" data-elementor-id=\"25450\" class=\"elementor elementor-25450\" data-elementor-settings=\"[]\">\n\t\t\t\t\t\t<div class=\"elementor-inner\">\n\t\t\t\t\t\t\t<div class=\"elementor-section-wrap\">\n\t\t\t\t\t\t\t<section class=\"elementor-section elementor-top-section elementor-element elementor-element-bfa41a6 elementor-section-stretched elementor-section-full_width elementor-section-height-default elementor-section-height-default\" data-id=\"bfa41a6\" data-element_type=\"section\" data-settings=\"{&quot;stretch_section&quot;:&quot;section-stretched&quot;}\">\n\t\t\t\t\t\t<div class=\"elementor-container elementor-column-gap-default\">\n\t\t\t\t\t\t\t<div class=\"elementor-row\">\n\t\t\t\t\t<div class=\"elementor-column elementor-col-100 elementor-top-column elementor-element elementor-element-b60c6c8\" data-id=\"b60c6c8\" data-element_type=\"column\">\n\t\t\t<div class=\"elementor-column-wrap elementor-element-populated\">\n\t\t\t\t\t\t\t<div class=\"elementor-widget-wrap\">\n\t\t\t\t\t\t<div class=\"elementor-element elementor-element-d133065 product-nav-type1 elementor-widget elementor-widget-dtshop-widget-product-single-summary-nav-bar\" data-id=\"d133065\" data-element_type=\"widget\" data-widget_type=\"dtshop-widget-product-single-summary-nav-bar.default\">\n\t\t\t\t<div class=\"elementor-widget-container\">\n\t\t\tPlease provide product id to display corresponding data!\t\t<\/div>\n\t\t\t\t<\/div>\n\t\t\t\t\t\t<\/div>\n\t\t\t\t\t<\/div>\n\t\t<\/div>\n\t\t\t\t\t\t\t\t<\/div>\n\t\t\t\t\t<\/div>\n\t\t<\/section>\n\t\t\t\t<section class=\"elementor-section elementor-top-section elementor-element elementor-element-5f5e3d22 elementor-section-stretched elementor-section-full_width elementor-section-height-default elementor-section-height-default\" data-id=\"5f5e3d22\" data-element_type=\"section\" data-settings=\"{&quot;stretch_section&quot;:&quot;section-stretched&quot;}\">\n\t\t\t\t\t\t<div class=\"elementor-container elementor-column-gap-default\">\n\t\t\t\t\t\t\t<div class=\"elementor-row\">\n\t\t\t\t\t<div class=\"elementor-column elementor-col-50 elementor-top-column elementor-element elementor-element-34ea6de6\" data-id=\"34ea6de6\" data-element_type=\"column\">\n\t\t\t<div class=\"elementor-column-wrap elementor-element-populated\">\n\t\t\t\t\t\t\t<div class=\"elementor-widget-wrap\">\n\t\t\t\t\t\t\t\t<\/div>\n\t\t\t\t\t<\/div>\n\t\t<\/div>\n\t\t\t\t<div class=\"elementor-column elementor-col-50 elementor-top-column elementor-element elementor-element-59b242b5\" data-id=\"59b242b5\" data-element_type=\"column\">\n\t\t\t<div class=\"elementor-column-wrap elementor-element-populated\">\n\t\t\t\t\t\t\t<div class=\"elementor-widget-wrap\">\n\t\t\t\t\t\t<div class=\"elementor-element elementor-element-52ba46a9 beaux-shop-summary elementor-widget elementor-widget-dtshop-widget-product-single-summary\" data-id=\"52ba46a9\" data-element_type=\"widget\" data-widget_type=\"dtshop-widget-product-single-summary.default\">\n\t\t\t\t<div class=\"elementor-widget-container\">\n\t\t\t<div class=\"dt-sc-product-summary summary entry-summary  \"><div class=\"dt-sc-single-product-title\"><h1 class=\"product_title entry-title\">Toalla Bambu<\/h1><\/div><div class=\"dt-sc-single-product-price\"><p class=\"price\"><span class=\"woocs_price_code\" data-product-id=\"25450\"><span class=\"woocommerce-Price-amount amount\"><bdi>79&nbsp;<span class=\"woocommerce-Price-currencySymbol\">&#107;&#114;<\/span><\/bdi><\/span><\/span><\/p><\/div><div class=\"woocommerce-product-details__short-description\">\n\t<p>\u00bfTodav\u00eda tienes toallas de algod\u00f3n en el ba\u00f1o de tu casa? Cada vez es m\u00e1s vital pensar en innovaci\u00f3n a medida que se vuelve m\u00e1s importante vivir un estilo de vida sostenible. Cuando estas comprar textiles, aqu\u00ed hay algunas razones por las que deber\u00eda elegir nuestra toalla de bambu en lugar de uno hecho de algod\u00f3n, viscosa, spandex o poli\u00e9ster.<\/p>\n<p><strong>Especificaci\u00f3n<\/strong><\/p>\n<ul>\n<li>Tama\u00f1o: 25 x 25 cm para la cara<\/li>\n<li>Colores: blanco<\/li>\n<li>Material: 100% bamb\u00fa,<\/li>\n<li>Fabricante: BAMBOPADS SWEDEN AB TM<\/li>\n<\/ul>\n<p><strong>Instrucciones de lavado de toalla de Bambo<\/strong><\/p>\n<ul>\n<li>Lavar en 40\u00b0C<\/li>\n<li>Lavar antes del primer uso<\/li>\n<li>Tumble seco bajo <\/li>\n<\/ul>\n<\/div>\n<div class=\"product-buttons-wrapper product-button product-button-cart style-simple  \"><div class=\"wc_inline_buttons\"><div class=\"wcwl_btn_wrapper wc_btn_inline\"><\/div><\/div><\/div><\/div>\t\t<\/div>\n\t\t\t\t<\/div>\n\t\t\t\t<div class=\"elementor-element elementor-element-f97f6cf elementor-widget elementor-widget-jet-images-layout\" data-id=\"f97f6cf\" data-element_type=\"widget\" data-widget_type=\"jet-images-layout.default\">\n\t\t\t\t<div class=\"elementor-widget-container\">\n\t\t\t<div class=\"elementor-jet-images-layout jet-elements\">\n<div class=\"jet-images-layout layout-type-masonry\" data-settings='{\"layoutType\":\"masonry\",\"columns\":3,\"columnsTablet\":\"3\",\"columnsMobile\":\"2\",\"justifyHeight\":300}'>\n\t<div class=\"jet-images-layout__list column-desktop-3 column-tablet-3 column-mobile-2\" data-columns>\n<div class=\"jet-images-layout__item \">\n\t<div class=\"jet-images-layout__inner\">\n\t\t<div class=\"jet-images-layout__image-loader\"><span><\/span><\/div>\n\t\t<div class=\"jet-images-layout__link \">\n\t\t\t<div class=\"jet-images-layout__image\">\n\t\t\t\t<img decoding=\"async\" class=\"jet-images-layout__image-instance\" src=\"https:\/\/bambopads.com\/wp-content\/uploads\/2021\/09\/Klarna-Logo.wine_.png\" alt=\"Klarna-Logo.wine\" loading=\"lazy\">\t\t\t<\/div>\n\t\t\t<div class=\"jet-images-layout__content\"><\/div>\n\t\t<\/div>\n\t<\/div>\n<\/div>\n<div class=\"jet-images-layout__item \">\n\t<div class=\"jet-images-layout__inner\">\n\t\t<div class=\"jet-images-layout__image-loader\"><span><\/span><\/div>\n\t\t<div class=\"jet-images-layout__link \">\n\t\t\t<div class=\"jet-images-layout__image\">\n\t\t\t\t<img decoding=\"async\" class=\"jet-images-layout__image-instance\" src=\"https:\/\/bambopads.com\/wp-content\/uploads\/2021\/09\/Swish_payment-Logo.wine_.png\" alt=\"Swish_(payment)-Logo.wine\" loading=\"lazy\">\t\t\t<\/div>\n\t\t\t<div class=\"jet-images-layout__content\"><\/div>\n\t\t<\/div>\n\t<\/div>\n<\/div>\n<div class=\"jet-images-layout__item \">\n\t<div class=\"jet-images-layout__inner\">\n\t\t<div class=\"jet-images-layout__image-loader\"><span><\/span><\/div>\n\t\t<div class=\"jet-images-layout__link \">\n\t\t\t<div class=\"jet-images-layout__image\">\n\t\t\t\t<img decoding=\"async\" class=\"jet-images-layout__image-instance\" src=\"https:\/\/bambopads.com\/wp-content\/uploads\/2021\/09\/paypal_mb8k.png\" alt=\"paypal_mb8k\" loading=\"lazy\">\t\t\t<\/div>\n\t\t\t<div class=\"jet-images-layout__content\"><\/div>\n\t\t<\/div>\n\t<\/div>\n<\/div>\n<\/div><\/div>\n<\/div>\t\t<\/div>\n\t\t\t\t<\/div>\n\t\t\t\t\t\t<\/div>\n\t\t\t\t\t<\/div>\n\t\t<\/div>\n\t\t\t\t\t\t\t\t<\/div>\n\t\t\t\t\t<\/div>\n\t\t<\/section>\n\t\t\t\t<section class=\"elementor-section elementor-top-section elementor-element elementor-element-3a2fe47 elementor-section-boxed elementor-section-height-default elementor-section-height-default\" data-id=\"3a2fe47\" data-element_type=\"section\">\n\t\t\t\t\t\t<div class=\"elementor-container elementor-column-gap-default\">\n\t\t\t\t\t\t\t<div class=\"elementor-row\">\n\t\t\t\t\t<div class=\"elementor-column elementor-col-100 elementor-top-column elementor-element elementor-element-707ac30\" data-id=\"707ac30\" data-element_type=\"column\">\n\t\t\t<div class=\"elementor-column-wrap elementor-element-populated\">\n\t\t\t\t\t\t\t<div class=\"elementor-widget-wrap\">\n\t\t\t\t\t\t<div class=\"elementor-element elementor-element-5c1eeba elementor-widget elementor-widget-text-editor\" data-id=\"5c1eeba\" data-element_type=\"widget\" data-widget_type=\"text-editor.default\">\n\t\t\t\t<div class=\"elementor-widget-container\">\n\t\t\t\t\t\t\t\t<div class=\"elementor-text-editor elementor-clearfix\">\n\t\t\t\t<p class=\"MsoNormal\"><b>El bamb\u00fa es sostenible<o:p><\/o:p><\/b><\/p>\n<p class=\"MsoNormal\"><span lang=\"EN-US\">La durabilidad es sin duda la caracter\u00edstica m\u00e1s importante del Bambu. De hecho, el bambu es la planta de m\u00e1s r\u00e1pido crecimiento en el planeta. Esto, junto con la evitaci\u00f3n de procesos artificiales, hace producci\u00f3n de toallas de bambu altamente sostenible. Como ventaja a\u00f1adida, la planta de bamb\u00fa no necesita ser replantada porque brotan nuevos brotes de los viejos. Es bueno para usted y es a\u00fan mejor para el medio ambiente.<\/p>\n<p><o:p><\/o:p><\/span><\/p>\n<p class=\"MsoNormal\"><b>El bamb\u00fa contrarresta los hongos<o:p><\/o:p><\/b><\/p>\n<p class=\"MsoNormal\"><span lang=\"EN-US\">Sin embargo, uno puede preguntarse por qu\u00e9 el bambu funciona tan bien en los textiles. La respuesta se puede encontrar en fibras min\u00fasculas. Las fibras de la planta de bamb\u00fa tienen cualidades antibacterianas, lo que significa que evitan que crezcan hongos dentro de la tela. Esto le permite usar su toalla de bamb\u00fa durante varios d\u00edas sin tener que lavarla con tanta frecuencia como las toallas normales. Es una situaci\u00f3n en la que todos ganan, tanto para usted como para el medio ambiente.<\/p>\n<p><b><o:p><\/o:p><\/b><\/span><\/p>\n<p class=\"MsoNormal\"><b>Las toallas de bamb\u00fa se secan m\u00e1s r\u00e1pido <o:p><\/o:p><\/b><\/p>\n<p class=\"MsoNormal\"><span lang=\"EN-US\">Pero los beneficios del bamb\u00fa no terminan ah\u00ed. El bamb\u00fa, en particular, es superior al algod\u00f3n en t\u00e9rminos de absorci\u00f3n de humedad. No tienes que preocuparte de que una toalla de bamb\u00fa huela fatal despu\u00e9s de unas horas porque se seca muy r\u00e1pido.<\/p>\n<p><o:p><\/o:p><\/span><\/p>\n<p class=\"MsoNormal\"><b>M\u00e1s suaves que las toallas regulares. <o:p><\/o:p><\/b><\/p>\n<p class=\"MsoNormal\"><span lang=\"EN-US\">Otra caracter\u00edstica atractiva del bamb\u00fa es lo suave y tierno que se vuelve cuando se usa en<br \/>\ntextiles. La celulosa del bamb\u00fa tiene una superficie lisa que permite que el aire viaje f\u00e1cilmente a trav\u00e9s y adentro. En pocas palabras, es un puro placer para tu piel. Por su suavidad, es adecuado para tejer en diferentes tipos de telas, como ropa de ni\u00f1os o ropa de cama. Para hacer para que sean lo m\u00e1s suaves posible, muchas toallas de bamb\u00fa ecol\u00f3gico se crean a partir de una combinaci\u00f3n de bamb\u00fa y algod\u00f3n.\n<\/p>\n<p><o:p><\/o:p><\/span><\/p>\n<p class=\"MsoNormal\"><b>Amigable con la piel y las alergias<o:p><\/o:p><\/b><\/p>\n<\/p>\n<p class=\"MsoNormal\"><span lang=\"EN-US\">Si t\u00fa, como tantos otros en nuestro fr\u00edo pa\u00eds, tienes la piel sensible, nuestras Almohadillas de Bamb\u00fa son una sabia elecci\u00f3n. Debido al hecho de que son naturalmente suaves, no es necesario frotar la piel con tanta fuerza, algo que tiende a crear irritaci\u00f3n y a la larga seca la piel. Si tambi\u00e9n eres sensible al material sint\u00e9tico, no tienes que preocuparte por el bamb\u00fa.<o:p><\/o:p><\/span><\/p>\n\t\t\t\t\t<\/div>\n\t\t\t\t\t\t<\/div>\n\t\t\t\t<\/div>\n\t\t\t\t\t\t<\/div>\n\t\t\t\t\t<\/div>\n\t\t<\/div>\n\t\t\t\t\t\t\t\t<\/div>\n\t\t\t\t\t<\/div>\n\t\t<\/section>\n\t\t\t\t<section class=\"elementor-section elementor-top-section elementor-element elementor-element-173c6c68 elementor-section-boxed elementor-section-height-default elementor-section-height-default\" data-id=\"173c6c68\" data-element_type=\"section\">\n\t\t\t\t\t\t<div class=\"elementor-container elementor-column-gap-default\">\n\t\t\t\t\t\t\t<div class=\"elementor-row\">\n\t\t\t\t\t<div class=\"elementor-column elementor-col-100 elementor-top-column elementor-element elementor-element-4d156091\" data-id=\"4d156091\" data-element_type=\"column\">\n\t\t\t<div class=\"elementor-column-wrap elementor-element-populated\">\n\t\t\t\t\t\t\t<div class=\"elementor-widget-wrap\">\n\t\t\t\t\t\t<div class=\"elementor-element elementor-element-5afb020a elementor-widget elementor-widget-spacer\" data-id=\"5afb020a\" data-element_type=\"widget\" data-widget_type=\"spacer.default\">\n\t\t\t\t<div class=\"elementor-widget-container\">\n\t\t\t\t\t<div class=\"elementor-spacer\">\n\t\t\t<div class=\"elementor-spacer-inner\"><\/div>\n\t\t<\/div>\n\t\t\t\t<\/div>\n\t\t\t\t<\/div>\n\t\t\t\t\t\t<\/div>\n\t\t\t\t\t<\/div>\n\t\t<\/div>\n\t\t\t\t\t\t\t\t<\/div>\n\t\t\t\t\t<\/div>\n\t\t<\/section>\n\t\t\t\t<section class=\"elementor-section elementor-top-section elementor-element elementor-element-2beb2f2b elementor-section-boxed elementor-section-height-default elementor-section-height-default\" data-id=\"2beb2f2b\" data-element_type=\"section\">\n\t\t\t\t\t\t<div class=\"elementor-container elementor-column-gap-default\">\n\t\t\t\t\t\t\t<div class=\"elementor-row\">\n\t\t\t\t\t<div class=\"elementor-column elementor-col-100 elementor-top-column elementor-element elementor-element-3133a8fe\" data-id=\"3133a8fe\" data-element_type=\"column\">\n\t\t\t<div class=\"elementor-column-wrap elementor-element-populated\">\n\t\t\t\t\t\t\t<div class=\"elementor-widget-wrap\">\n\t\t\t\t\t\t<div class=\"elementor-element elementor-element-6fa0ba54 elementor-widget elementor-widget-heading\" data-id=\"6fa0ba54\" data-element_type=\"widget\" data-widget_type=\"heading.default\">\n\t\t\t\t<div class=\"elementor-widget-container\">\n\t\t\t<h6 class=\"elementor-heading-title elementor-size-default\">Tambi\u00e9n te puede interesar<\/h6>\t\t<\/div>\n\t\t\t\t<\/div>\n\t\t\t\t<div class=\"elementor-element elementor-element-5d1004b1 elementor-widget elementor-widget-spacer\" data-id=\"5d1004b1\" data-element_type=\"widget\" data-widget_type=\"spacer.default\">\n\t\t\t\t<div class=\"elementor-widget-container\">\n\t\t\t\t\t<div class=\"elementor-spacer\">\n\t\t\t<div class=\"elementor-spacer-inner\"><\/div>\n\t\t<\/div>\n\t\t\t\t<\/div>\n\t\t\t\t<\/div>\n\t\t\t\t<div class=\"elementor-element elementor-element-2e53c21c elementor-widget elementor-widget-dtshop-widget-related-products\" data-id=\"2e53c21c\" data-element_type=\"widget\" data-widget_type=\"dtshop-widget-related-products.default\">\n\t\t\t\t<div class=\"elementor-widget-container\">\n\t\t\tPlease provide product id to display corresponding data!\t\t<\/div>\n\t\t\t\t<\/div>\n\t\t\t\t\t\t<\/div>\n\t\t\t\t\t<\/div>\n\t\t<\/div>\n\t\t\t\t\t\t\t\t<\/div>\n\t\t\t\t\t<\/div>\n\t\t<\/section>\n\t\t\t\t\t\t<\/div>\n\t\t\t\t\t\t<\/div>\n\t\t\t\t\t<\/div>\n\t\t","protected":false},"excerpt":{"rendered":"<p>\u00bfTodav\u00eda tienes toallas de algod\u00f3n en el ba\u00f1o de tu casa? Cada vez es m\u00e1s vital pensar en innovaci\u00f3n a medida que se vuelve m\u00e1s importante vivir un estilo de vida sostenible. Cuando estas comprar textiles, aqu\u00ed hay algunas razones por las que deber\u00eda elegir nuestra toalla de bambu en lugar de uno hecho de algod\u00f3n, viscosa, spandex o poli\u00e9ster.<\/p>\n<p><strong>Especificaci\u00f3n<\/strong><\/p>\n<ul>\n<li>Tama\u00f1o: 25 x 25 cm para la cara<\/li>\n<li>Colores: blanco<\/li>\n<li>Material: 100% bamb\u00fa,<\/li>\n<li>Fabricante: BAMBOPADS SWEDEN AB TM<\/li>\n<\/ul>\n<p><strong>Instrucciones de lavado de toalla de Bambo<\/strong><\/p>\n<ul>\n<li>Lavar en 40\u00b0C<\/li>\n<li>Lavar antes del primer uso<\/li>\n<li>Tumble seco bajo <\/li>\n<\/ul>\n","protected":false},"featured_media":25380,"comment_status":"open","ping_status":"closed","template":"","meta":[],"product_cat":[198],"product_tag":[192,191],"_links":{"self":[{"href":"https:\/\/bambopads.com\/es\/wp-json\/wp\/v2\/product\/25450"}],"collection":[{"href":"https:\/\/bambopads.com\/es\/wp-json\/wp\/v2\/product"}],"about":[{"href":"https:\/\/bambopads.com\/es\/wp-json\/wp\/v2\/types\/product"}],"replies":[{"embeddable":true,"href":"https:\/\/bambopads.com\/es\/wp-json\/wp\/v2\/comments?post=25450"}],"version-history":[{"count":2,"href":"https:\/\/bambopads.com\/es\/wp-json\/wp\/v2\/product\/25450\/revisions"}],"predecessor-version":[{"id":25604,"href":"https:\/\/bambopads.com\/es\/wp-json\/wp\/v2\/product\/25450\/revisions\/25604"}],"wp:featuredmedia":[{"embeddable":true,"href":"https:\/\/bambopads.com\/es\/wp-json\/wp\/v2\/media\/25380"}],"wp:attachment":[{"href":"https:\/\/bambopads.com\/es\/wp-json\/wp\/v2\/media?parent=25450"}],"wp:term":[{"taxonomy":"product_cat","embeddable":true,"href":"https:\/\/bambopads.com\/es\/wp-json\/wp\/v2\/product_cat?post=25450"},{"taxonomy":"product_tag","embeddable":true,"href":"https:\/\/bambopads.com\/es\/wp-json\/wp\/v2\/product_tag?post=25450"}],"curies":[{"name":"wp","href":"https:\/\/api.w.org\/{rel}","templated":true}]}}