{"id":25532,"date":"2022-01-14T11:20:24","date_gmt":"2022-01-14T11:20:24","guid":{"rendered":"https:\/\/bambopads.com\/politica-de-reembolso\/"},"modified":"2022-01-29T06:27:25","modified_gmt":"2022-01-29T06:27:25","slug":"politica-de-reembolso","status":"publish","type":"page","link":"https:\/\/bambopads.com\/es\/politica-de-reembolso\/","title":{"rendered":"Politica de reembolso"},"content":{"rendered":"\t\t<div data-elementor-type=\"wp-page\" data-elementor-id=\"25532\" class=\"elementor elementor-25532\" data-elementor-settings=\"[]\">\n\t\t\t\t\t\t<div class=\"elementor-inner\">\n\t\t\t\t\t\t\t<div class=\"elementor-section-wrap\">\n\t\t\t\t\t\t\t<section class=\"elementor-section elementor-top-section elementor-element elementor-element-0647c1a elementor-section-boxed elementor-section-height-default elementor-section-height-default\" data-id=\"0647c1a\" data-element_type=\"section\">\n\t\t\t\t\t\t<div class=\"elementor-container elementor-column-gap-default\">\n\t\t\t\t\t\t\t<div class=\"elementor-row\">\n\t\t\t\t\t<div class=\"elementor-column elementor-col-100 elementor-top-column elementor-element elementor-element-ad2825d\" data-id=\"ad2825d\" data-element_type=\"column\">\n\t\t\t<div class=\"elementor-column-wrap elementor-element-populated\">\n\t\t\t\t\t\t\t<div class=\"elementor-widget-wrap\">\n\t\t\t\t\t\t<div class=\"elementor-element elementor-element-9e7a993 elementor-widget elementor-widget-text-editor\" data-id=\"9e7a993\" data-element_type=\"widget\" data-widget_type=\"text-editor.default\">\n\t\t\t\t<div class=\"elementor-widget-container\">\n\t\t\t\t\t\t\t\t<div class=\"elementor-text-editor elementor-clearfix\">\n\t\t\t\t<p><strong>Allm\u00e4nt<\/strong><br \/>\nSamtliga priser inkluderar vid f\u00f6rs\u00e4ljningstillf\u00e4llet g\u00e4llande merv\u00e4rdesskatt, f\u00f6r n\u00e4rvarande 25%. Frakt tillkommer p\u00e5 alla priser om inte annat anges. Para att genomf\u00f6ra ett k\u00f6p p\u00e5 BamboPads Suecia Ab kr\u00e4vs det att du \u00e4r \u00f6ver 18 \u00e5r. \u00c4r du under 18 \u00e5r kr\u00e4vs enligt F\u00f6r\u00e4ldrabalken m\u00e5lsmans medgivande. Genom best\u00e4llning p\u00e5 Bambopads Suecia Ab godk\u00e4nner du de vid tiden publicerade villkor som anges nedan och intygar att de uppgifter du l\u00e4mnar om dig sj\u00e4lv \u00e4r korrekta.<\/p>\n<p><strong>Leverans<\/strong><br \/>\nV\u00e5ra normala palancanstider \u00e4r 2-7 arbetsdagar beroende p\u00e5 valt fraktalternativ. Best\u00e4llningar lagda p\u00e5 helger skickas tidigast m\u00e5ndagen efter. Om f\u00f6rseningar i palancansen skulle uppst\u00e5 (utan att vi har meddelat dig om l\u00e4ngre leveranstid) ber vi dig kontakta v\u00e5r kundtj\u00e4nst.<\/p>\n<p><strong>\u00c5ngerr\u00e4tt<\/strong><\/p>\n<p>Hos BamboPads Sweden Ab Har du alltid 30 dagars \u00e5ngerr\u00e4tt. Fraktkostnaden st\u00e5r du sj\u00e4lv f\u00f6r och det \u00e4r viktigt att produkten inte anv\u00e4nds innan en retur sker,<br \/>\nFrakt kostnaden st\u00e5r du sj\u00e4lv f\u00f6r och det \u00e4r viktigt att produkten inte anv\u00e4nds inte anv\u00e4nds innan en retur sker, f\u00f6rpackningen m\u00e5ste allts &gt;<\/p>\n<p>N\u00e4r din retur mottagits beh\u00f6ver den godk\u00e4nnas av BamboPads Sweden Ab , vid en ogiltig retur \u00e5terkopplar vi till dig via mail.<\/p>\n<p>Vid retur st\u00e5r du f\u00f6r risken f\u00f6r varan och det \u00e4r d\u00e4rf\u00f6r mycket viktigt att varan returneras i en oskadad originalf\u00f6rpackning och att alla eventuella tillbeh\u00f6r och manualer ocks\u00e5 skickas med. Anv\u00e4nd g\u00e4rna originalkartongen din order kom i som yttre emballage vid retur. F\u00f6rpacka din retur v\u00e4l och skicka ditt paket sp\u00e5rbart. Det \u00e4r du sj\u00e4lv som ansvarar att den kommer fram till oss.<\/p>\n<p>M\u00e4rk returen tydligt med BamboPads, l\u00e4gg med en notering d\u00e4r ditt namn och mailadress framg\u00e5r och skicka paketet till:<\/p>\n<p>BamboPads Suecia AB<br \/>\nKlostergatan 9<br \/>\n75321 Uppsala<\/p>\n<p>\u00c5terbetalning av mottagen och godk\u00e4nd retur sker inom 30 dagar.<\/p>\n<p>General<\/p>\n<p><span class=\"VIiyi\" lang=\"en\"><span class=\"JLqJ4b\" data-language-=\"\" data-language-to-translate-into=\"sv\" data-phrase-index=\"0\" data-number-of-phrases=\"1\">Todos los precios incluyen el IVA aplicable en el momento de venta, actualmente 25%. El env\u00edo se agregar\u00e1 a todos los precios a menos que se indique lo contrario. Para realizar una compra en BamboPads Sweden Ab, debe ser mayor de 18 a\u00f1os. Si eres menor de 18 a\u00f1os, seg\u00fan el C\u00f3digo de Paternidad, se requiere el consentimiento del tutor. Al realizar un pedido a Bambopads Sweden Ab, acepta los t\u00e9rminos y condiciones publicados en el momento indicado a continuaci\u00f3n y certifica que la informaci\u00f3n que proporciona sobre usted es correcta.<\/span><\/span><\/p>\n<p><strong><span class=\"JLqJ4b\" data-language-for-alternatives=\"en\" data-language-to-translate-into=\"sv\" data-phrase-index=\" 0\" data-number-of-phrases=\"1\">Entrega <\/span><\/strong><\/p>\n<p><span class=\"VIiyi\" lang=\"en\"><span class=\"JLqJ4b\" data-language-for-alternatives=\"en\" data-language-to-translate-into=\"sv\" data-phrase-index=\"0\" data-number-of-phrases=\"1\">Nuestro Los tiempos de entrega normales son de 2 a 7 d\u00edas h\u00e1biles, seg\u00fan la opci\u00f3n de env\u00edo elegida. Los pedidos realizados los fines de semana se env\u00edan a m\u00e1s tardar el lunes siguiente. Si se producen retrasos en la entrega (sin que le notifiquemos un tiempo de entrega m\u00e1s largo), comun\u00edquese con nuestro servicio de atenci\u00f3n al cliente.<\/span><\/span><\/p>\n<p>Derecho de retirada(devolucion?)<\/p>\n<p><span class=\"VIiyi\" lang=\"en\"><span class=\"JLqJ4b\" data-=\"\" data-language-to-translate-into=\"sv\" data-phrase-index=\"0\" data-number-of-phrases=\"1\">En BamboPads Sweden Ab, siempre tiene un derecho de desistimiento de 30 d\u00edas. Usted mismo corre con los gastos de env\u00edo y es importante que el producto no se utilice antes de que se realice una devoluci\u00f3n. Usted mismo corre con los gastos de env\u00edo y es importante que el producto no se utilice antes de que se produzca una devoluci\u00f3n, por lo que el embalaje debe estar intacto. .<\/span><\/span><\/p>\n<p><span class=\"VIiyi\" lang=\"en\"><span class=\"JLqJ4b\" data-language-for-alternatives=\"en\" data-language=\"\" data-phrase-index=\"0\" data-number-of-phrases=\"1\">Cuando se haya recibido su devoluci\u00f3n, debe ser aprobada por BamboPads Sweden Ab, en el caso de una devoluci\u00f3n no v\u00e1lida, nos pondremos en contacto con usted por correo electr\u00f3nico.<\/span><\/span><\/p>\n<p><span class=\"VIiyi\" lang=\"en\"><span class=\"JLqJ4b\" data-language-for-alternatives=\"en\" data-language-to-translate-into=\"sv\" data-phrase-index=\"0\" data-number-of-phrases=\"1\">A su regreso, usted es responsable del riesgo del producto y, por lo tanto, es muy importante que el producto se devuelva en un embalaje original sin da\u00f1os y que se tomen todas las medidas posibles. Los accesorios y manuales tambi\u00e9n se env\u00edan con. Si\u00e9ntase libre de usar la caja original en la que vino su pedido como embalaje exterior al devolverlo. Embale bien su devoluci\u00f3n y env\u00ede su paquete rastreable. Usted es responsable de hac\u00e9rnoslo llegar.<\/span><\/span><\/p>\n<p><span class=\"VIiyi\" lang=\"en\"><span class=\"JLqJ4b\" data-language-for-=\"\" data-language-to-translate-into=\"sv\" data-phrase-index=\"0\" data-number-of-phrases=\"1\">Marque la devoluci\u00f3n claramente con BamboPads, agregue una nota donde aparecer\u00e1 su nombre y direcci\u00f3n de correo electr\u00f3nico y env\u00ede el paquete a:<\/span><\/span><\/p>\n<p>BamboPads Suecia AB<\/p>\n<p>Klostergatan 9, 753 21<\/p>\n<p>Uppsala, Suecia<\/p>\n<p>La restituci\u00f3n de la devoluci\u00f3n recibida y aprobada se realiza en un plazo de 30 d\u00edas.<\/p>\n\t\t\t\t\t<\/div>\n\t\t\t\t\t\t<\/div>\n\t\t\t\t<\/div>\n\t\t\t\t\t\t<\/div>\n\t\t\t\t\t<\/div>\n\t\t<\/div>\n\t\t\t\t\t\t\t\t<\/div>\n\t\t\t\t\t<\/div>\n\t\t<\/section>\n\t\t\t\t\t\t<\/div>\n\t\t\t\t\t\t<\/div>\n\t\t\t\t\t<\/div>\n\t\t","protected":false},"excerpt":{"rendered":"<p>Allm\u00e4nt Samtliga priser inkluderar vid f\u00f6rs\u00e4ljningstillf\u00e4llet g\u00e4llande merv\u00e4rdesskatt, f\u00f6r n\u00e4rvarande 25%. Frakt tillkommer p\u00e5 alla priser om inte annat anges. Para att genomf\u00f6ra ett k\u00f6p p\u00e5 BamboPads Suecia Ab kr\u00e4vs det att du \u00e4r \u00f6ver 18 \u00e5r. \u00c4r du under 18 \u00e5r kr\u00e4vs enligt F\u00f6r\u00e4ldrabalken m\u00e5lsmans medgivande. Genom best\u00e4llning p\u00e5 Bambopads Suecia Ab godk\u00e4nner du [&hellip;]<\/p>\n","protected":false},"author":1,"featured_media":0,"parent":0,"menu_order":0,"comment_status":"closed","ping_status":"closed","template":"","meta":[],"_links":{"self":[{"href":"https:\/\/bambopads.com\/es\/wp-json\/wp\/v2\/pages\/25532"}],"collection":[{"href":"https:\/\/bambopads.com\/es\/wp-json\/wp\/v2\/pages"}],"about":[{"href":"https:\/\/bambopads.com\/es\/wp-json\/wp\/v2\/types\/page"}],"author":[{"embeddable":true,"href":"https:\/\/bambopads.com\/es\/wp-json\/wp\/v2\/users\/1"}],"replies":[{"embeddable":true,"href":"https:\/\/bambopads.com\/es\/wp-json\/wp\/v2\/comments?post=25532"}],"version-history":[{"count":3,"href":"https:\/\/bambopads.com\/es\/wp-json\/wp\/v2\/pages\/25532\/revisions"}],"predecessor-version":[{"id":25777,"href":"https:\/\/bambopads.com\/es\/wp-json\/wp\/v2\/pages\/25532\/revisions\/25777"}],"wp:attachment":[{"href":"https:\/\/bambopads.com\/es\/wp-json\/wp\/v2\/media?parent=25532"}],"curies":[{"name":"wp","href":"https:\/\/api.w.org\/{rel}","templated":true}]}}