{"id":25512,"date":"2022-01-14T11:04:08","date_gmt":"2022-01-14T11:04:08","guid":{"rendered":"https:\/\/bambopads.com\/faq\/"},"modified":"2022-01-28T16:22:46","modified_gmt":"2022-01-28T16:22:46","slug":"faq","status":"publish","type":"page","link":"https:\/\/bambopads.com\/es\/faq\/","title":{"rendered":"FAQ"},"content":{"rendered":"\t\t<div data-elementor-type=\"wp-page\" data-elementor-id=\"25512\" class=\"elementor elementor-25512\" data-elementor-settings=\"[]\">\n\t\t\t\t\t\t<div class=\"elementor-inner\">\n\t\t\t\t\t\t\t<div class=\"elementor-section-wrap\">\n\t\t\t\t\t\t\t<section class=\"elementor-section elementor-top-section elementor-element elementor-element-370daad elementor-section-boxed elementor-section-height-default elementor-section-height-default\" data-id=\"370daad\" data-element_type=\"section\">\n\t\t\t\t\t\t<div class=\"elementor-container elementor-column-gap-default\">\n\t\t\t\t\t\t\t<div class=\"elementor-row\">\n\t\t\t\t\t<div class=\"elementor-column elementor-col-100 elementor-top-column elementor-element elementor-element-e6e4e12\" data-id=\"e6e4e12\" data-element_type=\"column\">\n\t\t\t<div class=\"elementor-column-wrap elementor-element-populated\">\n\t\t\t\t\t\t\t<div class=\"elementor-widget-wrap\">\n\t\t\t\t\t\t<div class=\"elementor-element elementor-element-ee9af37 elementor-widget elementor-widget-spacer\" data-id=\"ee9af37\" data-element_type=\"widget\" data-widget_type=\"spacer.default\">\n\t\t\t\t<div class=\"elementor-widget-container\">\n\t\t\t\t\t<div class=\"elementor-spacer\">\n\t\t\t<div class=\"elementor-spacer-inner\"><\/div>\n\t\t<\/div>\n\t\t\t\t<\/div>\n\t\t\t\t<\/div>\n\t\t\t\t<div class=\"elementor-element elementor-element-08fdd04 title-overlap elementor-widget elementor-widget-heading\" data-id=\"08fdd04\" data-element_type=\"widget\" data-widget_type=\"heading.default\">\n\t\t\t\t<div class=\"elementor-widget-container\">\n\t\t\t<h5 class=\"elementor-heading-title elementor-size-default\">FAQ<\/h5>\t\t<\/div>\n\t\t\t\t<\/div>\n\t\t\t\t<div class=\"elementor-element elementor-element-400daf3 curly-title elementor-widget elementor-widget-heading\" data-id=\"400daf3\" data-element_type=\"widget\" data-widget_type=\"heading.default\">\n\t\t\t\t<div class=\"elementor-widget-container\">\n\t\t\t<h2 class=\"elementor-heading-title elementor-size-default\">Exclusivo<\/h2>\t\t<\/div>\n\t\t\t\t<\/div>\n\t\t\t\t\t\t<\/div>\n\t\t\t\t\t<\/div>\n\t\t<\/div>\n\t\t\t\t\t\t\t\t<\/div>\n\t\t\t\t\t<\/div>\n\t\t<\/section>\n\t\t\t\t<section class=\"elementor-section elementor-top-section elementor-element elementor-element-6c695ae elementor-section-stretched elementor-section-boxed elementor-section-height-default elementor-section-height-default\" data-id=\"6c695ae\" data-element_type=\"section\" data-settings=\"{&quot;stretch_section&quot;:&quot;section-stretched&quot;,&quot;background_background&quot;:&quot;classic&quot;}\">\n\t\t\t\t\t\t<div class=\"elementor-container elementor-column-gap-default\">\n\t\t\t\t\t\t\t<div class=\"elementor-row\">\n\t\t\t\t\t<div class=\"elementor-column elementor-col-100 elementor-top-column elementor-element elementor-element-598e9bd\" data-id=\"598e9bd\" data-element_type=\"column\">\n\t\t\t<div class=\"elementor-column-wrap elementor-element-populated\">\n\t\t\t\t\t\t\t<div class=\"elementor-widget-wrap\">\n\t\t\t\t\t\t<div class=\"elementor-element elementor-element-6baa2a2 elementor-widget elementor-widget-spacer\" data-id=\"6baa2a2\" data-element_type=\"widget\" data-widget_type=\"spacer.default\">\n\t\t\t\t<div class=\"elementor-widget-container\">\n\t\t\t\t\t<div class=\"elementor-spacer\">\n\t\t\t<div class=\"elementor-spacer-inner\"><\/div>\n\t\t<\/div>\n\t\t\t\t<\/div>\n\t\t\t\t<\/div>\n\t\t\t\t<div class=\"elementor-element elementor-element-e00159e elementor-widget elementor-widget-jet-accordion\" data-id=\"e00159e\" data-element_type=\"widget\" data-widget_type=\"jet-accordion.default\">\n\t\t\t\t<div class=\"elementor-widget-container\">\n\t\t\t\t\t<div class=\"jet-accordion\" data-settings=\"{&quot;collapsible&quot;:true,&quot;ajaxTemplate&quot;:false}\" role=\"tablist\">\n\t\t\t<div class=\"jet-accordion__inner\">\n\t\t\t\t<div class=\"jet-accordion__item jet-toggle jet-toggle-move-up-effect active-toggle\">\n\t\t\t\t\t\t\t<div id=\"jet-toggle-control-2341\" class=\"jet-toggle__control elementor-menu-anchor\" data-toggle=\"1\" role=\"tab\" aria-controls=\"jet-toggle-content-2341\" aria-expanded=\"true\" data-template-id=\"false\">\n\t\t\t\t\t\t\t\t<div class=\"jet-toggle__label-icon jet-toggle-icon-position-left\"><span class=\"jet-toggle__icon icon-normal jet-tabs-icon\"><i aria-hidden=\"true\" class=\"fas fa-plus\"><\/i><\/span><span class=\"jet-toggle__icon icon-active jet-tabs-icon\"><i aria-hidden=\"true\" class=\"fas fa-minus\"><\/i><\/span><\/div><div class=\"jet-toggle__label-text\">\u00bfDe qu\u00e9 materiales est\u00e1n hechos sus almohadillas?<\/div>\t\t\t\t\t\t\t<\/div>\n\t\t\t\t\t\t\t<div id=\"jet-toggle-content-2341\" class=\"jet-toggle__content\" data-toggle=\"1\" role=\"tabpanel\" aria-hidden=\"false\" data-template-id=\"false\">\n\t\t\t\t\t\t\t\t<div class=\"jet-toggle__content-inner\"><p>Nuestras almohadillas de bambu est\u00e1n hechas de bamb\u00fa org\u00e1nico y respetuoso con el medio ambiente. No usamos ninguna (Viscosa, Polyester, Cotton, o spandex en nuestras almohadillas).<\/p><\/div>\n\t\t\t\t\t\t\t<\/div>\n\t\t\t\t\t\t<\/div><div class=\"jet-accordion__item jet-toggle jet-toggle-move-up-effect \">\n\t\t\t\t\t\t\t<div id=\"jet-toggle-control-2342\" class=\"jet-toggle__control elementor-menu-anchor\" data-toggle=\"2\" role=\"tab\" aria-controls=\"jet-toggle-content-2342\" aria-expanded=\"false\" data-template-id=\"false\">\n\t\t\t\t\t\t\t\t<div class=\"jet-toggle__label-icon jet-toggle-icon-position-left\"><span class=\"jet-toggle__icon icon-normal jet-tabs-icon\"><i aria-hidden=\"true\" class=\"fas fa-plus\"><\/i><\/span><span class=\"jet-toggle__icon icon-active jet-tabs-icon\"><i aria-hidden=\"true\" class=\"fas fa-minus\"><\/i><\/span><\/div><div class=\"jet-toggle__label-text\">\u00bfQu\u00e9 incluye en el kit de bambu?<\/div>\t\t\t\t\t\t\t<\/div>\n\t\t\t\t\t\t\t<div id=\"jet-toggle-content-2342\" class=\"jet-toggle__content\" data-toggle=\"2\" role=\"tabpanel\" aria-hidden=\"true\" data-template-id=\"false\">\n\t\t\t\t\t\t\t\t<div class=\"jet-toggle__content-inner\"><p>Nuestro kit de bamb\u00fa incluye 10 almohadillas de bambu, 1 diadema de bambu, 1 toalla de bambu y 1 bolsa de bambu.<\/p><\/div>\n\t\t\t\t\t\t\t<\/div>\n\t\t\t\t\t\t<\/div><div class=\"jet-accordion__item jet-toggle jet-toggle-move-up-effect \">\n\t\t\t\t\t\t\t<div id=\"jet-toggle-control-2343\" class=\"jet-toggle__control elementor-menu-anchor\" data-toggle=\"3\" role=\"tab\" aria-controls=\"jet-toggle-content-2343\" aria-expanded=\"false\" data-template-id=\"false\">\n\t\t\t\t\t\t\t\t<div class=\"jet-toggle__label-icon jet-toggle-icon-position-left\"><span class=\"jet-toggle__icon icon-normal jet-tabs-icon\"><i aria-hidden=\"true\" class=\"fas fa-plus\"><\/i><\/span><span class=\"jet-toggle__icon icon-active jet-tabs-icon\"><i aria-hidden=\"true\" class=\"fas fa-minus\"><\/i><\/span><\/div><div class=\"jet-toggle__label-text\">\u00bfEs posible comprar solamente almohadillas?<\/div>\t\t\t\t\t\t\t<\/div>\n\t\t\t\t\t\t\t<div id=\"jet-toggle-content-2343\" class=\"jet-toggle__content\" data-toggle=\"3\" role=\"tabpanel\" aria-hidden=\"true\" data-template-id=\"false\">\n\t\t\t\t\t\t\t\t<div class=\"jet-toggle__content-inner\"><p>Por supuesto, las almohadillas vienen en un paquete de diez.<\/p><\/div>\n\t\t\t\t\t\t\t<\/div>\n\t\t\t\t\t\t<\/div><div class=\"jet-accordion__item jet-toggle jet-toggle-move-up-effect \">\n\t\t\t\t\t\t\t<div id=\"jet-toggle-control-2344\" class=\"jet-toggle__control elementor-menu-anchor\" data-toggle=\"4\" role=\"tab\" aria-controls=\"jet-toggle-content-2344\" aria-expanded=\"false\" data-template-id=\"false\">\n\t\t\t\t\t\t\t\t<div class=\"jet-toggle__label-icon jet-toggle-icon-position-left\"><span class=\"jet-toggle__icon icon-normal jet-tabs-icon\"><i aria-hidden=\"true\" class=\"fas fa-plus\"><\/i><\/span><span class=\"jet-toggle__icon icon-active jet-tabs-icon\"><i aria-hidden=\"true\" class=\"fas fa-minus\"><\/i><\/span><\/div><div class=\"jet-toggle__label-text\">\u00bfCu\u00e1nto dura un conjunto?<\/div>\t\t\t\t\t\t\t<\/div>\n\t\t\t\t\t\t\t<div id=\"jet-toggle-content-2344\" class=\"jet-toggle__content\" data-toggle=\"4\" role=\"tabpanel\" aria-hidden=\"true\" data-template-id=\"false\">\n\t\t\t\t\t\t\t\t<div class=\"jet-toggle__content-inner\"><p>Un conjunto puede ser usado hasta 750 veces.<\/p><p>Puede perder alguna calidad despu\u00e9s de eso,<\/p><p>pero seguir\u00e1 cumpliendo su prop\u00f3sito.<\/p><\/div>\n\t\t\t\t\t\t\t<\/div>\n\t\t\t\t\t\t<\/div><div class=\"jet-accordion__item jet-toggle jet-toggle-move-up-effect \">\n\t\t\t\t\t\t\t<div id=\"jet-toggle-control-2345\" class=\"jet-toggle__control elementor-menu-anchor\" data-toggle=\"5\" role=\"tab\" aria-controls=\"jet-toggle-content-2345\" aria-expanded=\"false\" data-template-id=\"false\">\n\t\t\t\t\t\t\t\t<div class=\"jet-toggle__label-icon jet-toggle-icon-position-left\"><span class=\"jet-toggle__icon icon-normal jet-tabs-icon\"><i aria-hidden=\"true\" class=\"fas fa-plus\"><\/i><\/span><span class=\"jet-toggle__icon icon-active jet-tabs-icon\"><i aria-hidden=\"true\" class=\"fas fa-minus\"><\/i><\/span><\/div><div class=\"jet-toggle__label-text\">\u00bfC\u00f3mo debo limpiar mis almohadillas?<\/div>\t\t\t\t\t\t\t<\/div>\n\t\t\t\t\t\t\t<div id=\"jet-toggle-content-2345\" class=\"jet-toggle__content\" data-toggle=\"5\" role=\"tabpanel\" aria-hidden=\"true\" data-template-id=\"false\">\n\t\t\t\t\t\t\t\t<div class=\"jet-toggle__content-inner\"><p><span lang=\"en-US\">1.<\/span>Sum\u00e9rgete el almohadilla en agua corriente fr\u00eda o caliente durante unos minutos antes de drenarlo suavemente. Para limpiar tu cara, todo lo que necesitas es agua.<\/p><p><span lang=\"en-US\">2.<\/span>Limpie suavemente su cara con la almohadilla unas cuantas veces para obtener mejores resultados. La textura es muy suave, y <span lang=\"en-US\">disfrutar\u00e1 de c\u00f3mo se siente en su piel.<\/span><\/p><p><span lang=\"en-US\">3.<\/span>Aplique una crema para remover maquillaje directamente a los ojos cerrados si usa m\u00e1scara impermeable. Le recomendamos que utilice productos ORGANIC para eliminarlo <span lang=\"en-US\">completamente.<\/span><\/p><p><span lang=\"en-US\">4.<\/span>Despu\u00e9s de usar la almohadilla, lavarla amano con jab\u00f3n suave, enjuagarla y secarla al aire. Alternativamente, utilice una lavadora a bajo calor y NO METER EN LA SECADORA.<\/p><\/div>\n\t\t\t\t\t\t\t<\/div>\n\t\t\t\t\t\t<\/div>\t\t\t<\/div>\n\t\t<\/div>\n\t\t\t\t<\/div>\n\t\t\t\t<\/div>\n\t\t\t\t\t\t<\/div>\n\t\t\t\t\t<\/div>\n\t\t<\/div>\n\t\t\t\t\t\t\t\t<\/div>\n\t\t\t\t\t<\/div>\n\t\t<\/section>\n\t\t\t\t\t\t<\/div>\n\t\t\t\t\t\t<\/div>\n\t\t\t\t\t<\/div>\n\t\t","protected":false},"excerpt":{"rendered":"<p>FAQ Exclusivo \u00bfDe qu\u00e9 materiales est\u00e1n hechos sus almohadillas? Nuestras almohadillas de bambu est\u00e1n hechas de bamb\u00fa org\u00e1nico y respetuoso con el medio ambiente. No usamos ninguna (Viscosa, Polyester, Cotton, o spandex en nuestras almohadillas). \u00bfQu\u00e9 incluye en el kit de bambu? Nuestro kit de bamb\u00fa incluye 10 almohadillas de bambu, 1 diadema de bambu, [&hellip;]<\/p>\n","protected":false},"author":1,"featured_media":0,"parent":0,"menu_order":0,"comment_status":"closed","ping_status":"closed","template":"","meta":[],"_links":{"self":[{"href":"https:\/\/bambopads.com\/es\/wp-json\/wp\/v2\/pages\/25512"}],"collection":[{"href":"https:\/\/bambopads.com\/es\/wp-json\/wp\/v2\/pages"}],"about":[{"href":"https:\/\/bambopads.com\/es\/wp-json\/wp\/v2\/types\/page"}],"author":[{"embeddable":true,"href":"https:\/\/bambopads.com\/es\/wp-json\/wp\/v2\/users\/1"}],"replies":[{"embeddable":true,"href":"https:\/\/bambopads.com\/es\/wp-json\/wp\/v2\/comments?post=25512"}],"version-history":[{"count":4,"href":"https:\/\/bambopads.com\/es\/wp-json\/wp\/v2\/pages\/25512\/revisions"}],"predecessor-version":[{"id":25729,"href":"https:\/\/bambopads.com\/es\/wp-json\/wp\/v2\/pages\/25512\/revisions\/25729"}],"wp:attachment":[{"href":"https:\/\/bambopads.com\/es\/wp-json\/wp\/v2\/media?parent=25512"}],"curies":[{"name":"wp","href":"https:\/\/api.w.org\/{rel}","templated":true}]}}