{"id":25475,"date":"2022-01-14T09:38:04","date_gmt":"2022-01-14T09:38:04","guid":{"rendered":"https:\/\/bambopads.com\/acerca-de\/"},"modified":"2022-01-28T17:59:05","modified_gmt":"2022-01-28T17:59:05","slug":"acerca-de","status":"publish","type":"page","link":"https:\/\/bambopads.com\/es\/acerca-de\/","title":{"rendered":"Sobre nosotros"},"content":{"rendered":"\t\t<div data-elementor-type=\"wp-page\" data-elementor-id=\"25475\" class=\"elementor elementor-25475\" data-elementor-settings=\"[]\">\n\t\t\t\t\t\t<div class=\"elementor-inner\">\n\t\t\t\t\t\t\t<div class=\"elementor-section-wrap\">\n\t\t\t\t\t\t\t<section class=\"elementor-section elementor-top-section elementor-element elementor-element-933bb65 aligncenter elementor-section-boxed elementor-section-height-default elementor-section-height-default\" data-id=\"933bb65\" data-element_type=\"section\">\n\t\t\t\t\t\t<div class=\"elementor-container elementor-column-gap-default\">\n\t\t\t\t\t\t\t<div class=\"elementor-row\">\n\t\t\t\t\t<div class=\"elementor-column elementor-col-100 elementor-top-column elementor-element elementor-element-c5045f9\" data-id=\"c5045f9\" data-element_type=\"column\">\n\t\t\t<div class=\"elementor-column-wrap elementor-element-populated\">\n\t\t\t\t\t\t\t<div class=\"elementor-widget-wrap\">\n\t\t\t\t\t\t<div class=\"elementor-element elementor-element-06860d2 elementor-widget elementor-widget-spacer\" data-id=\"06860d2\" data-element_type=\"widget\" data-widget_type=\"spacer.default\">\n\t\t\t\t<div class=\"elementor-widget-container\">\n\t\t\t\t\t<div class=\"elementor-spacer\">\n\t\t\t<div class=\"elementor-spacer-inner\"><\/div>\n\t\t<\/div>\n\t\t\t\t<\/div>\n\t\t\t\t<\/div>\n\t\t\t\t<div class=\"elementor-element elementor-element-1817b79 title-overlap elementor-widget elementor-widget-heading\" data-id=\"1817b79\" data-element_type=\"widget\" data-widget_type=\"heading.default\">\n\t\t\t\t<div class=\"elementor-widget-container\">\n\t\t\t<h5 class=\"elementor-heading-title elementor-size-default\">\u00bfQui\u00e9nes somos? <\/h5>\t\t<\/div>\n\t\t\t\t<\/div>\n\t\t\t\t<div class=\"elementor-element elementor-element-ac19fb3 curly-title elementor-widget elementor-widget-heading\" data-id=\"ac19fb3\" data-element_type=\"widget\" data-widget_type=\"heading.default\">\n\t\t\t\t<div class=\"elementor-widget-container\">\n\t\t\t<h2 class=\"elementor-heading-title elementor-size-default\">Creando el cambio<\/h2>\t\t<\/div>\n\t\t\t\t<\/div>\n\t\t\t\t<div class=\"elementor-element elementor-element-62cff13 elementor-widget elementor-widget-spacer\" data-id=\"62cff13\" data-element_type=\"widget\" data-widget_type=\"spacer.default\">\n\t\t\t\t<div class=\"elementor-widget-container\">\n\t\t\t\t\t<div class=\"elementor-spacer\">\n\t\t\t<div class=\"elementor-spacer-inner\"><\/div>\n\t\t<\/div>\n\t\t\t\t<\/div>\n\t\t\t\t<\/div>\n\t\t\t\t\t\t<\/div>\n\t\t\t\t\t<\/div>\n\t\t<\/div>\n\t\t\t\t\t\t\t\t<\/div>\n\t\t\t\t\t<\/div>\n\t\t<\/section>\n\t\t\t\t<section class=\"elementor-section elementor-top-section elementor-element elementor-element-f74aa6d elementor-section-boxed elementor-section-height-default elementor-section-height-default\" data-id=\"f74aa6d\" data-element_type=\"section\">\n\t\t\t\t\t\t<div class=\"elementor-container elementor-column-gap-default\">\n\t\t\t\t\t\t\t<div class=\"elementor-row\">\n\t\t\t\t\t<div class=\"elementor-column elementor-col-100 elementor-top-column elementor-element elementor-element-a25784c\" data-id=\"a25784c\" data-element_type=\"column\">\n\t\t\t<div class=\"elementor-column-wrap elementor-element-populated\">\n\t\t\t\t\t\t\t<div class=\"elementor-widget-wrap\">\n\t\t\t\t\t\t<div class=\"elementor-element elementor-element-2da3522 elementor-widget elementor-widget-spacer\" data-id=\"2da3522\" data-element_type=\"widget\" data-widget_type=\"spacer.default\">\n\t\t\t\t<div class=\"elementor-widget-container\">\n\t\t\t\t\t<div class=\"elementor-spacer\">\n\t\t\t<div class=\"elementor-spacer-inner\"><\/div>\n\t\t<\/div>\n\t\t\t\t<\/div>\n\t\t\t\t<\/div>\n\t\t\t\t\t\t<\/div>\n\t\t\t\t\t<\/div>\n\t\t<\/div>\n\t\t\t\t\t\t\t\t<\/div>\n\t\t\t\t\t<\/div>\n\t\t<\/section>\n\t\t\t\t<section class=\"elementor-section elementor-top-section elementor-element elementor-element-751f5de elementor-section-boxed elementor-section-height-default elementor-section-height-default\" data-id=\"751f5de\" data-element_type=\"section\">\n\t\t\t\t\t\t<div class=\"elementor-container elementor-column-gap-default\">\n\t\t\t\t\t\t\t<div class=\"elementor-row\">\n\t\t\t\t\t<div class=\"elementor-column elementor-col-50 elementor-top-column elementor-element elementor-element-0fe4a88\" data-id=\"0fe4a88\" data-element_type=\"column\">\n\t\t\t<div class=\"elementor-column-wrap elementor-element-populated\">\n\t\t\t\t\t\t\t<div class=\"elementor-widget-wrap\">\n\t\t\t\t\t\t<div class=\"elementor-element elementor-element-dd33a3d elementor-widget elementor-widget-image\" data-id=\"dd33a3d\" data-element_type=\"widget\" data-widget_type=\"image.default\">\n\t\t\t\t<div class=\"elementor-widget-container\">\n\t\t\t\t\t\t\t\t<div class=\"elementor-image\">\n\t\t\t\t\t\t\t\t\t\t\t\t<img decoding=\"async\" width=\"746\" height=\"770\" src=\"https:\/\/bambopads.com\/wp-content\/uploads\/2021\/11\/Skype_Picture_2021_11_12T06_59_21_332Z-746x770.jpeg\" class=\"attachment-beaux-event-single-type5 size-beaux-event-single-type5\" alt=\"\" loading=\"lazy\" \/>\t\t\t\t\t\t\t\t\t\t\t\t\t\t<\/div>\n\t\t\t\t\t\t<\/div>\n\t\t\t\t<\/div>\n\t\t\t\t\t\t<\/div>\n\t\t\t\t\t<\/div>\n\t\t<\/div>\n\t\t\t\t<div class=\"elementor-column elementor-col-50 elementor-top-column elementor-element elementor-element-a1c712a\" data-id=\"a1c712a\" data-element_type=\"column\">\n\t\t\t<div class=\"elementor-column-wrap elementor-element-populated\">\n\t\t\t\t\t\t\t<div class=\"elementor-widget-wrap\">\n\t\t\t\t\t\t<div class=\"elementor-element elementor-element-68e7dc1 elementor-widget elementor-widget-spacer\" data-id=\"68e7dc1\" data-element_type=\"widget\" data-widget_type=\"spacer.default\">\n\t\t\t\t<div class=\"elementor-widget-container\">\n\t\t\t\t\t<div class=\"elementor-spacer\">\n\t\t\t<div class=\"elementor-spacer-inner\"><\/div>\n\t\t<\/div>\n\t\t\t\t<\/div>\n\t\t\t\t<\/div>\n\t\t\t\t<div class=\"elementor-element elementor-element-af2a5e8 elementor-widget elementor-widget-text-editor\" data-id=\"af2a5e8\" data-element_type=\"widget\" data-widget_type=\"text-editor.default\">\n\t\t\t\t<div class=\"elementor-widget-container\">\n\t\t\t\t\t\t\t\t<div class=\"elementor-text-editor elementor-clearfix\">\n\t\t\t\t<p><span lang=\"en-US\">Julia y Sava son las fundadoras de Bambopads Suecia.<\/span><\/p>\n<p><span lang=\"en-US\">Julia es una nueva madre que ha trabajado en la industria de la moda y la belleza tanto en Suecia como en Londres. Sava es una ingeniera apasionada por la sostenibilidad y la innovaci\u00f3n. <\/span><\/p>\n<p><span lang=\"en-US\">Colaboramos formas de hacer un producto que las mujeres requieren diariamente m\u00e1s sostenible combinando nuestros intereses y conocimiento. <\/span><\/p>\n<p><span lang=\"en-US\">Queremos darte lo mejor para tu piel y el medio ambiente sin fomentar una excesivo consumo.Nuestros cojines de bamb\u00fa reutilizables se puede utilizar para desmaquillar o limpiar tu piel. <\/span><\/p>\n<p><span lang=\"en-US\">La sostenibilidad abarca no s\u00f3lo el producto en s\u00ed, sino tambi\u00e9n los materiales utilizados, el proceso de fabricaci\u00f3n, transporte y personas. Esto es algo que tambi\u00e9n consideramos a la hora de desarrollar nuestro modelo de negocio. <\/span><\/p>\n<p><span lang=\"en-US\">Tus ideas y opiniones son valiosas para nosotros. Si usted tiene alguna pregunta, le gustar\u00eda colaborar, o le gustar\u00eda proporcionar comentarios, Por favor env\u00edanos un email. Saludos, Julia y Sava, fundadoras de Bambopads Suecia.<\/span><\/p>\n\t\t\t\t\t<\/div>\n\t\t\t\t\t\t<\/div>\n\t\t\t\t<\/div>\n\t\t\t\t\t\t<\/div>\n\t\t\t\t\t<\/div>\n\t\t<\/div>\n\t\t\t\t\t\t\t\t<\/div>\n\t\t\t\t\t<\/div>\n\t\t<\/section>\n\t\t\t\t<section class=\"elementor-section elementor-top-section elementor-element elementor-element-18eb8dd elementor-section-boxed elementor-section-height-default elementor-section-height-default\" data-id=\"18eb8dd\" data-element_type=\"section\">\n\t\t\t\t\t\t<div class=\"elementor-container elementor-column-gap-default\">\n\t\t\t\t\t\t\t<div class=\"elementor-row\">\n\t\t\t\t\t<div class=\"elementor-column elementor-col-100 elementor-top-column elementor-element elementor-element-38948dc\" data-id=\"38948dc\" data-element_type=\"column\">\n\t\t\t<div class=\"elementor-column-wrap elementor-element-populated\">\n\t\t\t\t\t\t\t<div class=\"elementor-widget-wrap\">\n\t\t\t\t\t\t<div class=\"elementor-element elementor-element-0187b2d elementor-widget elementor-widget-spacer\" data-id=\"0187b2d\" data-element_type=\"widget\" data-widget_type=\"spacer.default\">\n\t\t\t\t<div class=\"elementor-widget-container\">\n\t\t\t\t\t<div class=\"elementor-spacer\">\n\t\t\t<div class=\"elementor-spacer-inner\"><\/div>\n\t\t<\/div>\n\t\t\t\t<\/div>\n\t\t\t\t<\/div>\n\t\t\t\t\t\t<\/div>\n\t\t\t\t\t<\/div>\n\t\t<\/div>\n\t\t\t\t\t\t\t\t<\/div>\n\t\t\t\t\t<\/div>\n\t\t<\/section>\n\t\t\t\t<section class=\"elementor-section elementor-top-section elementor-element elementor-element-79f4671 elementor-section-boxed elementor-section-height-default elementor-section-height-default\" data-id=\"79f4671\" data-element_type=\"section\">\n\t\t\t\t\t\t<div class=\"elementor-container elementor-column-gap-default\">\n\t\t\t\t\t\t\t<div class=\"elementor-row\">\n\t\t\t\t\t<div class=\"elementor-column elementor-col-100 elementor-top-column elementor-element elementor-element-82fdd2b\" data-id=\"82fdd2b\" data-element_type=\"column\">\n\t\t\t<div class=\"elementor-column-wrap elementor-element-populated\">\n\t\t\t\t\t\t\t<div class=\"elementor-widget-wrap\">\n\t\t\t\t\t\t<div class=\"elementor-element elementor-element-7c13dd1 elementor-widget elementor-widget-spacer\" data-id=\"7c13dd1\" data-element_type=\"widget\" data-widget_type=\"spacer.default\">\n\t\t\t\t<div class=\"elementor-widget-container\">\n\t\t\t\t\t<div class=\"elementor-spacer\">\n\t\t\t<div class=\"elementor-spacer-inner\"><\/div>\n\t\t<\/div>\n\t\t\t\t<\/div>\n\t\t\t\t<\/div>\n\t\t\t\t\t\t<\/div>\n\t\t\t\t\t<\/div>\n\t\t<\/div>\n\t\t\t\t\t\t\t\t<\/div>\n\t\t\t\t\t<\/div>\n\t\t<\/section>\n\t\t\t\t<section class=\"elementor-section elementor-top-section elementor-element elementor-element-8455efa elementor-section-boxed elementor-section-height-default elementor-section-height-default\" data-id=\"8455efa\" data-element_type=\"section\">\n\t\t\t\t\t\t<div class=\"elementor-container elementor-column-gap-default\">\n\t\t\t\t\t\t\t<div class=\"elementor-row\">\n\t\t\t\t\t<div class=\"elementor-column elementor-col-50 elementor-top-column elementor-element elementor-element-034037c\" data-id=\"034037c\" data-element_type=\"column\">\n\t\t\t<div class=\"elementor-column-wrap elementor-element-populated\">\n\t\t\t\t\t\t\t<div class=\"elementor-widget-wrap\">\n\t\t\t\t\t\t<div class=\"elementor-element elementor-element-e465698 elementor-widget elementor-widget-text-editor\" data-id=\"e465698\" data-element_type=\"widget\" data-widget_type=\"text-editor.default\">\n\t\t\t\t<div class=\"elementor-widget-container\">\n\t\t\t\t\t\t\t\t<div class=\"elementor-text-editor elementor-clearfix\">\n\t\t\t\t<p><span style=\"color: #000000;\"><span lang=\"en-US\">El bamb\u00fa es un material renovable de r\u00e1pido crecimiento que se cultiva sin el uso de productos qu\u00edmicos o pesticidas.<\/span><\/span><\/p>\n\t\t\t\t\t<\/div>\n\t\t\t\t\t\t<\/div>\n\t\t\t\t<\/div>\n\t\t\t\t<div class=\"elementor-element elementor-element-77518de elementor-widget elementor-widget-spacer\" data-id=\"77518de\" data-element_type=\"widget\" data-widget_type=\"spacer.default\">\n\t\t\t\t<div class=\"elementor-widget-container\">\n\t\t\t\t\t<div class=\"elementor-spacer\">\n\t\t\t<div class=\"elementor-spacer-inner\"><\/div>\n\t\t<\/div>\n\t\t\t\t<\/div>\n\t\t\t\t<\/div>\n\t\t\t\t<div class=\"elementor-element elementor-element-7ea3d32 hover-overlay-effect elementor-invisible elementor-widget elementor-widget-dt-lightbox\" data-id=\"7ea3d32\" data-element_type=\"widget\" data-settings=\"{&quot;_animation&quot;:&quot;fadeIn&quot;}\" data-widget_type=\"dt-lightbox.default\">\n\t\t\t\t<div class=\"elementor-widget-container\">\n\t\t\t<a href=\"https:\/\/bambopads.com\/wp-content\/uploads\/2021\/09\/safe-cream-1.jpg\" title=\"\"><img width=\"960\" height=\"505\" src=\"https:\/\/bambopads.com\/wp-content\/uploads\/2021\/09\/safe-cream-1.jpg\" class=\"alignnone attachment-full size-full\" alt=\"\" decoding=\"async\" loading=\"lazy\" srcset=\"https:\/\/bambopads.com\/wp-content\/uploads\/2021\/09\/safe-cream-1.jpg 960w, https:\/\/bambopads.com\/wp-content\/uploads\/2021\/09\/safe-cream-1-300x158.jpg 300w, https:\/\/bambopads.com\/wp-content\/uploads\/2021\/09\/safe-cream-1-768x404.jpg 768w, https:\/\/bambopads.com\/wp-content\/uploads\/2021\/09\/safe-cream-1-750x395.jpg 750w, https:\/\/bambopads.com\/wp-content\/uploads\/2021\/09\/safe-cream-1-540x284.jpg 540w\" sizes=\"(max-width: 960px) 100vw, 960px\" \/><\/a>\t\t<\/div>\n\t\t\t\t<\/div>\n\t\t\t\t\t\t<\/div>\n\t\t\t\t\t<\/div>\n\t\t<\/div>\n\t\t\t\t<div class=\"elementor-column elementor-col-50 elementor-top-column elementor-element elementor-element-db0d06e\" data-id=\"db0d06e\" data-element_type=\"column\">\n\t\t\t<div class=\"elementor-column-wrap elementor-element-populated\">\n\t\t\t\t\t\t\t<div class=\"elementor-widget-wrap\">\n\t\t\t\t\t\t<div class=\"elementor-element elementor-element-abe6a2f hover-overlay-effect elementor-invisible elementor-widget elementor-widget-dt-lightbox\" data-id=\"abe6a2f\" data-element_type=\"widget\" data-settings=\"{&quot;_animation&quot;:&quot;fadeIn&quot;}\" data-widget_type=\"dt-lightbox.default\">\n\t\t\t\t<div class=\"elementor-widget-container\">\n\t\t\t<a href=\"https:\/\/bambopads.com\/wp-content\/uploads\/2021\/09\/blog-2.jpg\" title=\"\"><img width=\"960\" height=\"567\" src=\"https:\/\/bambopads.com\/wp-content\/uploads\/2021\/09\/blog-2.jpg\" class=\"alignnone attachment-full size-full\" alt=\"\" decoding=\"async\" loading=\"lazy\" srcset=\"https:\/\/bambopads.com\/wp-content\/uploads\/2021\/09\/blog-2.jpg 960w, https:\/\/bambopads.com\/wp-content\/uploads\/2021\/09\/blog-2-300x177.jpg 300w, https:\/\/bambopads.com\/wp-content\/uploads\/2021\/09\/blog-2-768x454.jpg 768w, https:\/\/bambopads.com\/wp-content\/uploads\/2021\/09\/blog-2-750x443.jpg 750w, https:\/\/bambopads.com\/wp-content\/uploads\/2021\/09\/blog-2-540x319.jpg 540w\" sizes=\"(max-width: 960px) 100vw, 960px\" \/><\/a>\t\t<\/div>\n\t\t\t\t<\/div>\n\t\t\t\t<div class=\"elementor-element elementor-element-5216ffe elementor-widget elementor-widget-text-editor\" data-id=\"5216ffe\" data-element_type=\"widget\" data-widget_type=\"text-editor.default\">\n\t\t\t\t<div class=\"elementor-widget-container\">\n\t\t\t\t\t\t\t\t<div class=\"elementor-text-editor elementor-clearfix\">\n\t\t\t\t<p><span style=\"color: #000000;\"><span lang=\"en-US\">Nos preocupamos por el cuidado de la piel, la moda y el entorno. Es por eso que proporcionamos alternativas sostenibles a los productos desechables que se encuentran en todos los hogares. Estamos detr\u00e1s de los productos que vendemos porque son reutilizables y biodegradables, haci\u00e9ndolos seguros tanto para usted y el medio ambiente.<\/span><\/span><\/p>\n<p><span style=\"color: #000000;\"><span lang=\"en-US\">Brindamos soluciones simples para reducir el uso de pl\u00e1stico en la vida diaria. \u00a1Use nuestros cojines de bamb\u00fa lavables en lugar de almohadillas desechables! Son igualmente efectivos para desmaquillar y el cuidado de la piel como para la limpieza de la piel sensible del beb\u00e9.<br \/>\n<\/span><\/span><\/p>\n\t\t\t\t\t<\/div>\n\t\t\t\t\t\t<\/div>\n\t\t\t\t<\/div>\n\t\t\t\t\t\t<\/div>\n\t\t\t\t\t<\/div>\n\t\t<\/div>\n\t\t\t\t\t\t\t\t<\/div>\n\t\t\t\t\t<\/div>\n\t\t<\/section>\n\t\t\t\t<section class=\"elementor-section elementor-top-section elementor-element elementor-element-56e390c elementor-section-boxed elementor-section-height-default elementor-section-height-default\" data-id=\"56e390c\" data-element_type=\"section\">\n\t\t\t\t\t\t<div class=\"elementor-container elementor-column-gap-default\">\n\t\t\t\t\t\t\t<div class=\"elementor-row\">\n\t\t\t\t\t<div class=\"elementor-column elementor-col-100 elementor-top-column elementor-element elementor-element-82fbc34\" data-id=\"82fbc34\" data-element_type=\"column\">\n\t\t\t<div class=\"elementor-column-wrap elementor-element-populated\">\n\t\t\t\t\t\t\t<div class=\"elementor-widget-wrap\">\n\t\t\t\t\t\t<div class=\"elementor-element elementor-element-9b1a720 elementor-widget elementor-widget-spacer\" data-id=\"9b1a720\" data-element_type=\"widget\" data-widget_type=\"spacer.default\">\n\t\t\t\t<div class=\"elementor-widget-container\">\n\t\t\t\t\t<div class=\"elementor-spacer\">\n\t\t\t<div class=\"elementor-spacer-inner\"><\/div>\n\t\t<\/div>\n\t\t\t\t<\/div>\n\t\t\t\t<\/div>\n\t\t\t\t\t\t<\/div>\n\t\t\t\t\t<\/div>\n\t\t<\/div>\n\t\t\t\t\t\t\t\t<\/div>\n\t\t\t\t\t<\/div>\n\t\t<\/section>\n\t\t\t\t<section class=\"elementor-section elementor-top-section elementor-element elementor-element-f369bc0 elementor-section-boxed elementor-section-height-default elementor-section-height-default\" data-id=\"f369bc0\" data-element_type=\"section\">\n\t\t\t\t\t\t<div class=\"elementor-container elementor-column-gap-default\">\n\t\t\t\t\t\t\t<div class=\"elementor-row\">\n\t\t\t\t\t<div class=\"elementor-column elementor-col-100 elementor-top-column elementor-element elementor-element-8ecf565\" data-id=\"8ecf565\" data-element_type=\"column\">\n\t\t\t<div class=\"elementor-column-wrap elementor-element-populated\">\n\t\t\t\t\t\t\t<div class=\"elementor-widget-wrap\">\n\t\t\t\t\t\t<div class=\"elementor-element elementor-element-ab0653f elementor-widget elementor-widget-spacer\" data-id=\"ab0653f\" data-element_type=\"widget\" data-widget_type=\"spacer.default\">\n\t\t\t\t<div class=\"elementor-widget-container\">\n\t\t\t\t\t<div class=\"elementor-spacer\">\n\t\t\t<div class=\"elementor-spacer-inner\"><\/div>\n\t\t<\/div>\n\t\t\t\t<\/div>\n\t\t\t\t<\/div>\n\t\t\t\t\t\t<\/div>\n\t\t\t\t\t<\/div>\n\t\t<\/div>\n\t\t\t\t\t\t\t\t<\/div>\n\t\t\t\t\t<\/div>\n\t\t<\/section>\n\t\t\t\t<section class=\"elementor-section elementor-top-section elementor-element elementor-element-2f955c8 elementor-section-boxed elementor-section-height-default elementor-section-height-default\" data-id=\"2f955c8\" data-element_type=\"section\">\n\t\t\t\t\t\t<div class=\"elementor-container elementor-column-gap-default\">\n\t\t\t\t\t\t\t<div class=\"elementor-row\">\n\t\t\t\t\t<div class=\"elementor-column elementor-col-100 elementor-top-column elementor-element elementor-element-a9043c9\" data-id=\"a9043c9\" data-element_type=\"column\">\n\t\t\t<div class=\"elementor-column-wrap elementor-element-populated\">\n\t\t\t\t\t\t\t<div class=\"elementor-widget-wrap\">\n\t\t\t\t\t\t<div class=\"elementor-element elementor-element-e6956f0 elementor-widget elementor-widget-spacer\" data-id=\"e6956f0\" data-element_type=\"widget\" data-widget_type=\"spacer.default\">\n\t\t\t\t<div class=\"elementor-widget-container\">\n\t\t\t\t\t<div class=\"elementor-spacer\">\n\t\t\t<div class=\"elementor-spacer-inner\"><\/div>\n\t\t<\/div>\n\t\t\t\t<\/div>\n\t\t\t\t<\/div>\n\t\t\t\t\t\t<\/div>\n\t\t\t\t\t<\/div>\n\t\t<\/div>\n\t\t\t\t\t\t\t\t<\/div>\n\t\t\t\t\t<\/div>\n\t\t<\/section>\n\t\t\t\t<section class=\"elementor-section elementor-top-section elementor-element elementor-element-64e3043 elementor-section-stretched dt-skin-tertiary-bg elementor-section-boxed elementor-section-height-default elementor-section-height-default\" data-id=\"64e3043\" data-element_type=\"section\" data-settings=\"{&quot;stretch_section&quot;:&quot;section-stretched&quot;,&quot;background_background&quot;:&quot;classic&quot;}\">\n\t\t\t\t\t\t<div class=\"elementor-container elementor-column-gap-default\">\n\t\t\t\t\t\t\t<div class=\"elementor-row\">\n\t\t\t\t\t<div class=\"elementor-column elementor-col-50 elementor-top-column elementor-element elementor-element-20b5077\" data-id=\"20b5077\" data-element_type=\"column\">\n\t\t\t<div class=\"elementor-column-wrap elementor-element-populated\">\n\t\t\t\t\t\t\t<div class=\"elementor-widget-wrap\">\n\t\t\t\t\t\t<div class=\"elementor-element elementor-element-dc7cd45 curly-title-2 bigger elementor-widget elementor-widget-jet-animated-text\" data-id=\"dc7cd45\" data-element_type=\"widget\" data-widget_type=\"jet-animated-text.default\">\n\t\t\t\t<div class=\"elementor-widget-container\">\n\t\t\t<div class=\"elementor-jet-animated-text jet-elements\">\n<div class=\"jet-animated-text jet-animated-text--effect-fx1\" data-settings='{\"effect\":\"fx1\",\"delay\":3000}'>\n\t\t<div class=\"jet-animated-text__animated-text\">\n<div class=\"jet-animated-text__animated-text-item active visible\" dir=\"ltr\">\n\t<span>1<\/span><span>0<\/span><span>0<\/span><span>%<\/span><span>&nbsp;<\/span><span>O<\/span><span>r<\/span><span>g<\/span><span>a<\/span><span>n<\/span><span>i<\/span><span>c<\/span><\/div>\n<div class=\"jet-animated-text__animated-text-item\" dir=\"ltr\">\n\t<span>1<\/span><span>0<\/span><span>0<\/span><span>%<\/span><span>&nbsp;<\/span><span>O<\/span><span>r<\/span><span>g<\/span><span>a<\/span><span>n<\/span><span>i<\/span><span>c<\/span><\/div>\n<\/div>\t<\/div><\/div>\t\t<\/div>\n\t\t\t\t<\/div>\n\t\t\t\t\t\t<\/div>\n\t\t\t\t\t<\/div>\n\t\t<\/div>\n\t\t\t\t<div class=\"elementor-column elementor-col-50 elementor-top-column elementor-element elementor-element-79f8a4d\" data-id=\"79f8a4d\" data-element_type=\"column\">\n\t\t\t<div class=\"elementor-column-wrap elementor-element-populated\">\n\t\t\t\t\t\t\t<div class=\"elementor-widget-wrap\">\n\t\t\t\t\t\t<div class=\"elementor-element elementor-element-cd9976d link-hover bigger elementor-widget elementor-widget-button\" data-id=\"cd9976d\" data-element_type=\"widget\" data-widget_type=\"button.default\">\n\t\t\t\t<div class=\"elementor-widget-container\">\n\t\t\t\t\t<div class=\"elementor-button-wrapper\">\n\t\t\t<a href=\"http:\/\/bambopads.com\/tienda\" class=\"elementor-button-link elementor-button elementor-size-xl\" role=\"button\">\n\t\t\t\t\t\t<span class=\"elementor-button-content-wrapper\">\n\t\t\t\t\t\t<span class=\"elementor-button-text\">Compra ahora<\/span>\n\t\t<\/span>\n\t\t\t\t\t<\/a>\n\t\t<\/div>\n\t\t\t\t<\/div>\n\t\t\t\t<\/div>\n\t\t\t\t\t\t<\/div>\n\t\t\t\t\t<\/div>\n\t\t<\/div>\n\t\t\t\t\t\t\t\t<\/div>\n\t\t\t\t\t<\/div>\n\t\t<\/section>\n\t\t\t\t\t\t<\/div>\n\t\t\t\t\t\t<\/div>\n\t\t\t\t\t<\/div>\n\t\t","protected":false},"excerpt":{"rendered":"<p>\u00bfQui\u00e9nes somos? Creando el cambio Julia y Sava son las fundadoras de Bambopads Suecia. Julia es una nueva madre que ha trabajado en la industria de la moda y la belleza tanto en Suecia como en Londres. Sava es una ingeniera apasionada por la sostenibilidad y la innovaci\u00f3n. Colaboramos formas de hacer un producto que [&hellip;]<\/p>\n","protected":false},"author":2,"featured_media":0,"parent":0,"menu_order":0,"comment_status":"closed","ping_status":"closed","template":"","meta":[],"_links":{"self":[{"href":"https:\/\/bambopads.com\/es\/wp-json\/wp\/v2\/pages\/25475"}],"collection":[{"href":"https:\/\/bambopads.com\/es\/wp-json\/wp\/v2\/pages"}],"about":[{"href":"https:\/\/bambopads.com\/es\/wp-json\/wp\/v2\/types\/page"}],"author":[{"embeddable":true,"href":"https:\/\/bambopads.com\/es\/wp-json\/wp\/v2\/users\/2"}],"replies":[{"embeddable":true,"href":"https:\/\/bambopads.com\/es\/wp-json\/wp\/v2\/comments?post=25475"}],"version-history":[{"count":6,"href":"https:\/\/bambopads.com\/es\/wp-json\/wp\/v2\/pages\/25475\/revisions"}],"predecessor-version":[{"id":25751,"href":"https:\/\/bambopads.com\/es\/wp-json\/wp\/v2\/pages\/25475\/revisions\/25751"}],"wp:attachment":[{"href":"https:\/\/bambopads.com\/es\/wp-json\/wp\/v2\/media?parent=25475"}],"curies":[{"name":"wp","href":"https:\/\/api.w.org\/{rel}","templated":true}]}}